{"id":5542,"date":"2022-11-23T09:31:33","date_gmt":"2022-11-23T08:31:33","guid":{"rendered":"https:\/\/kiaranaturals.com\/ch\/?post_type=product&#038;p=5542"},"modified":"2024-03-08T18:02:25","modified_gmt":"2024-03-08T17:02:25","slug":"reines-cbd-ol-3x","status":"publish","type":"product","link":"http:\/\/kiaranaturals.com\/ch\/buy\/cbd-for-everyday-wellness\/reines-cbd-ol-10x3\/","title":{"rendered":"3x Reines CBD \u00d6l 10%"},"excerpt":{"rendered":"<p><span style=\"font-weight: 400;\">Reines CBD, THC frei. Unser reines CBD-\u00d6l enth\u00e4lt die h\u00f6chste Konzentration an transparentem, geruchlosen und isoliertem CBD \u2013 und die minimale Menge an F\u00fcll\u00f6l.<\/span><\/p>\n","protected":false},"featured_media":5530,"template":"","meta":[],"product_cat":[22,43,21,20,18],"product_tag":[],"class_list":["post-5542","product","type-product","status-publish","has-post-thumbnail","hentry","type-kit","product_cat-cbd-for-everyday-wellness","product_cat-cbd-oils","product_cat-cbd-for-recovery","product_cat-cbd-for-skin-care","product_cat-cbd-for-anxiety"],"acf":[],"yoast_head":"<!-- This site is optimized with the Yoast SEO plugin v19.1 - https:\/\/yoast.com\/wordpress\/plugins\/seo\/ -->\n<title>Buy Pure CBD Oil - Kiara Naturals<\/title>\n<meta name=\"robots\" content=\"index, follow, max-snippet:-1, max-image-preview:large, max-video-preview:-1\" \/>\n<link rel=\"canonical\" href=\"http:\/\/kiaranaturals.com\/ch\/buy\/cbd-for-everyday-wellness\/reines-cbd-ol-10x3\/\" \/>\n<meta property=\"og:locale\" content=\"de_DE\" \/>\n<meta property=\"og:type\" content=\"article\" \/>\n<meta property=\"og:title\" content=\"Buy Pure CBD Oil - Kiara Naturals\" \/>\n<meta property=\"og:description\" content=\"Reines CBD, THC frei. Unser reines CBD-\u00d6l enth\u00e4lt die h\u00f6chste Konzentration an transparentem, geruchlosen und isoliertem CBD \u2013 und die minimale Menge an F\u00fcll\u00f6l.\" \/>\n<meta property=\"og:url\" content=\"http:\/\/kiaranaturals.com\/ch\/buy\/cbd-for-everyday-wellness\/reines-cbd-ol-10x3\/\" \/>\n<meta property=\"og:site_name\" content=\"Kiara Naturals - CH\" \/>\n<meta property=\"article:modified_time\" content=\"2024-03-08T17:02:25+00:00\" \/>\n<meta property=\"og:image\" content=\"http:\/\/kiaranaturals.com\/wp-content\/uploads\/sites\/5\/2022\/11\/Website_Kitpics_3xpacks_1400x140018.png\" \/>\n\t<meta property=\"og:image:width\" content=\"1400\" \/>\n\t<meta property=\"og:image:height\" content=\"1400\" \/>\n\t<meta property=\"og:image:type\" content=\"image\/png\" \/>\n<meta name=\"twitter:card\" content=\"summary_large_image\" \/>\n<script type=\"application\/ld+json\" class=\"yoast-schema-graph\">{\"@context\":\"https:\/\/schema.org\",\"@graph\":[{\"@type\":\"WebSite\",\"@id\":\"https:\/\/kiaranaturals.com\/ch\/#website\",\"url\":\"https:\/\/kiaranaturals.com\/ch\/\",\"name\":\"Kiara Naturals - CH\",\"description\":\"CBD-Rezepturen in pharmazeutischer Qualit\u00e4t verbunden mit nat\u00fcrlichen Heilmitteln, die im Herzen der Schweizer Alpen angebaut, extrahiert und hergestellt werden\",\"potentialAction\":[{\"@type\":\"SearchAction\",\"target\":{\"@type\":\"EntryPoint\",\"urlTemplate\":\"https:\/\/kiaranaturals.com\/ch\/?s={search_term_string}\"},\"query-input\":\"required name=search_term_string\"}],\"inLanguage\":\"de-DE\"},{\"@type\":\"ImageObject\",\"inLanguage\":\"de-DE\",\"@id\":\"http:\/\/kiaranaturals.com\/ch\/buy\/cbd-for-everyday-wellness\/reines-cbd-ol-10x3\/#primaryimage\",\"url\":\"https:\/\/kiaranaturals.com\/wp-content\/uploads\/sites\/5\/2022\/11\/Website_Kitpics_3xpacks_1400x140018.png\",\"contentUrl\":\"https:\/\/kiaranaturals.com\/wp-content\/uploads\/sites\/5\/2022\/11\/Website_Kitpics_3xpacks_1400x140018.png\",\"width\":1400,\"height\":1400},{\"@type\":\"WebPage\",\"@id\":\"http:\/\/kiaranaturals.com\/ch\/buy\/cbd-for-everyday-wellness\/reines-cbd-ol-10x3\/#webpage\",\"url\":\"http:\/\/kiaranaturals.com\/ch\/buy\/cbd-for-everyday-wellness\/reines-cbd-ol-10x3\/\",\"name\":\"Buy Pure CBD Oil - Kiara Naturals\",\"isPartOf\":{\"@id\":\"https:\/\/kiaranaturals.com\/ch\/#website\"},\"primaryImageOfPage\":{\"@id\":\"http:\/\/kiaranaturals.com\/ch\/buy\/cbd-for-everyday-wellness\/reines-cbd-ol-10x3\/#primaryimage\"},\"datePublished\":\"2022-11-23T08:31:33+00:00\",\"dateModified\":\"2024-03-08T17:02:25+00:00\",\"breadcrumb\":{\"@id\":\"http:\/\/kiaranaturals.com\/ch\/buy\/cbd-for-everyday-wellness\/reines-cbd-ol-10x3\/#breadcrumb\"},\"inLanguage\":\"de-DE\",\"potentialAction\":[{\"@type\":\"ReadAction\",\"target\":[\"http:\/\/kiaranaturals.com\/ch\/buy\/cbd-for-everyday-wellness\/reines-cbd-ol-10x3\/\"]}]},{\"@type\":\"BreadcrumbList\",\"@id\":\"http:\/\/kiaranaturals.com\/ch\/buy\/cbd-for-everyday-wellness\/reines-cbd-ol-10x3\/#breadcrumb\",\"itemListElement\":[{\"@type\":\"ListItem\",\"position\":1,\"name\":\"Home\",\"item\":\"https:\/\/kiaranaturals.com\/ch\/\"},{\"@type\":\"ListItem\",\"position\":2,\"name\":\"Shop\",\"item\":\"http:\/\/kiaranaturals.com\/ch\/buy\/\"},{\"@type\":\"ListItem\",\"position\":3,\"name\":\"Allt\u00e4glich\",\"item\":\"http:\/\/kiaranaturals.com\/ch\/buy\/cbd-for-everyday-wellness\/\"},{\"@type\":\"ListItem\",\"position\":4,\"name\":\"3x Reines CBD \u00d6l 10%\"}]}]}<\/script>\n<!-- \/ Yoast SEO plugin. -->","yoast_head_json":{"title":"Buy Pure CBD Oil - Kiara Naturals","robots":{"index":"index","follow":"follow","max-snippet":"max-snippet:-1","max-image-preview":"max-image-preview:large","max-video-preview":"max-video-preview:-1"},"canonical":"http:\/\/kiaranaturals.com\/ch\/buy\/cbd-for-everyday-wellness\/reines-cbd-ol-10x3\/","og_locale":"de_DE","og_type":"article","og_title":"Buy Pure CBD Oil - Kiara Naturals","og_description":"Reines CBD, THC frei. Unser reines CBD-\u00d6l enth\u00e4lt die h\u00f6chste Konzentration an transparentem, geruchlosen und isoliertem CBD \u2013 und die minimale Menge an F\u00fcll\u00f6l.","og_url":"http:\/\/kiaranaturals.com\/ch\/buy\/cbd-for-everyday-wellness\/reines-cbd-ol-10x3\/","og_site_name":"Kiara Naturals - CH","article_modified_time":"2024-03-08T17:02:25+00:00","og_image":[{"width":1400,"height":1400,"url":"http:\/\/kiaranaturals.com\/wp-content\/uploads\/sites\/5\/2022\/11\/Website_Kitpics_3xpacks_1400x140018.png","type":"image\/png"}],"twitter_card":"summary_large_image","schema":{"@context":"https:\/\/schema.org","@graph":[{"@type":"WebSite","@id":"https:\/\/kiaranaturals.com\/ch\/#website","url":"https:\/\/kiaranaturals.com\/ch\/","name":"Kiara Naturals - CH","description":"CBD-Rezepturen in pharmazeutischer Qualit\u00e4t verbunden mit nat\u00fcrlichen Heilmitteln, die im Herzen der Schweizer Alpen angebaut, extrahiert und hergestellt werden","potentialAction":[{"@type":"SearchAction","target":{"@type":"EntryPoint","urlTemplate":"https:\/\/kiaranaturals.com\/ch\/?s={search_term_string}"},"query-input":"required name=search_term_string"}],"inLanguage":"de-DE"},{"@type":"ImageObject","inLanguage":"de-DE","@id":"http:\/\/kiaranaturals.com\/ch\/buy\/cbd-for-everyday-wellness\/reines-cbd-ol-10x3\/#primaryimage","url":"https:\/\/kiaranaturals.com\/wp-content\/uploads\/sites\/5\/2022\/11\/Website_Kitpics_3xpacks_1400x140018.png","contentUrl":"https:\/\/kiaranaturals.com\/wp-content\/uploads\/sites\/5\/2022\/11\/Website_Kitpics_3xpacks_1400x140018.png","width":1400,"height":1400},{"@type":"WebPage","@id":"http:\/\/kiaranaturals.com\/ch\/buy\/cbd-for-everyday-wellness\/reines-cbd-ol-10x3\/#webpage","url":"http:\/\/kiaranaturals.com\/ch\/buy\/cbd-for-everyday-wellness\/reines-cbd-ol-10x3\/","name":"Buy Pure CBD Oil - Kiara Naturals","isPartOf":{"@id":"https:\/\/kiaranaturals.com\/ch\/#website"},"primaryImageOfPage":{"@id":"http:\/\/kiaranaturals.com\/ch\/buy\/cbd-for-everyday-wellness\/reines-cbd-ol-10x3\/#primaryimage"},"datePublished":"2022-11-23T08:31:33+00:00","dateModified":"2024-03-08T17:02:25+00:00","breadcrumb":{"@id":"http:\/\/kiaranaturals.com\/ch\/buy\/cbd-for-everyday-wellness\/reines-cbd-ol-10x3\/#breadcrumb"},"inLanguage":"de-DE","potentialAction":[{"@type":"ReadAction","target":["http:\/\/kiaranaturals.com\/ch\/buy\/cbd-for-everyday-wellness\/reines-cbd-ol-10x3\/"]}]},{"@type":"BreadcrumbList","@id":"http:\/\/kiaranaturals.com\/ch\/buy\/cbd-for-everyday-wellness\/reines-cbd-ol-10x3\/#breadcrumb","itemListElement":[{"@type":"ListItem","position":1,"name":"Home","item":"https:\/\/kiaranaturals.com\/ch\/"},{"@type":"ListItem","position":2,"name":"Shop","item":"http:\/\/kiaranaturals.com\/ch\/buy\/"},{"@type":"ListItem","position":3,"name":"Allt\u00e4glich","item":"http:\/\/kiaranaturals.com\/ch\/buy\/cbd-for-everyday-wellness\/"},{"@type":"ListItem","position":4,"name":"3x Reines CBD \u00d6l 10%"}]}]}},"_links":{"self":[{"href":"https:\/\/kiaranaturals.com\/ch\/wp-json\/wp\/v2\/product\/5542","targetHints":{"allow":["GET"]}}],"collection":[{"href":"https:\/\/kiaranaturals.com\/ch\/wp-json\/wp\/v2\/product"}],"about":[{"href":"https:\/\/kiaranaturals.com\/ch\/wp-json\/wp\/v2\/types\/product"}],"wp:featuredmedia":[{"embeddable":true,"href":"https:\/\/kiaranaturals.com\/ch\/wp-json\/wp\/v2\/media\/5530"}],"wp:attachment":[{"href":"https:\/\/kiaranaturals.com\/ch\/wp-json\/wp\/v2\/media?parent=5542"}],"wp:term":[{"taxonomy":"product_cat","embeddable":true,"href":"https:\/\/kiaranaturals.com\/ch\/wp-json\/wp\/v2\/product_cat?post=5542"},{"taxonomy":"product_tag","embeddable":true,"href":"https:\/\/kiaranaturals.com\/ch\/wp-json\/wp\/v2\/product_tag?post=5542"}],"curies":[{"name":"wp","href":"https:\/\/api.w.org\/{rel}","templated":true}]}}