{"id":680,"date":"2020-10-10T06:48:30","date_gmt":"2020-10-10T06:48:30","guid":{"rendered":"https:\/\/kiaramain.wpengine.com\/ch\/shop\/uncategorized\/cbd-psoriasis-and-eczema-cream\/"},"modified":"2024-10-10T09:05:03","modified_gmt":"2024-10-10T07:05:03","slug":"derma-cure-creme","status":"publish","type":"product","link":"http:\/\/kiaranaturals.com\/ch\/buy\/cbd-creams-and-salves\/psoriasis-and-eczema\/","title":{"rendered":"DermaCare Creme"},"excerpt":{"rendered":"<div class=\"lmt__source_textarea_overlay lmt__textarea_base_style\" lang=\"de-DE\">\n<div class=\"desc m-t-24\">\n<p>Die einzigartige Kombination aus 100% organischen Inhaltsstoffen. Erlebe die Kraft der Natur und verw\u00f6hne deine gestresste Haut. Finde dein ganz pers\u00f6nliches Pflegeritual mit unserer speziellen und wohlriechenden Kr\u00e4utercreme.<\/p>\n<\/div>\n<div class=\"feature-list m-t-24\">\n<div class=\"\">\n<div><\/div>\n<\/div>\n<\/div>\n<\/div>\n","protected":false},"featured_media":2206,"template":"","meta":[],"product_cat":[22,38,20],"product_tag":[],"class_list":["post-680","product","type-product","status-publish","has-post-thumbnail","hentry","type-topicales","product_cat-cbd-for-everyday-wellness","product_cat-cbd-creams-and-salves","product_cat-cbd-for-skin-care"],"acf":[],"yoast_head":"<!-- This site is optimized with the Yoast SEO plugin v19.1 - https:\/\/yoast.com\/wordpress\/plugins\/seo\/ -->\n<title>Buy CBD Creams and Salves for psoriasis and eczema - Kiara Naturals<\/title>\n<meta name=\"robots\" content=\"index, follow, max-snippet:-1, max-image-preview:large, max-video-preview:-1\" \/>\n<link rel=\"canonical\" href=\"http:\/\/kiaranaturals.com\/ch\/buy\/cbd-creams-and-salves\/psoriasis-and-eczema\/\" \/>\n<meta property=\"og:locale\" content=\"de_DE\" \/>\n<meta property=\"og:type\" content=\"article\" \/>\n<meta property=\"og:title\" content=\"Buy CBD Creams and Salves for psoriasis and eczema - Kiara Naturals\" \/>\n<meta property=\"og:description\" content=\"Die einzigartige Kombination aus 100% organischen Inhaltsstoffen. Erlebe die Kraft der Natur und verw\u00f6hne deine gestresste Haut. Finde dein ganz pers\u00f6nliches Pflegeritual mit unserer speziellen und wohlriechenden Kr\u00e4utercreme.\" \/>\n<meta property=\"og:url\" content=\"http:\/\/kiaranaturals.com\/ch\/buy\/cbd-creams-and-salves\/psoriasis-and-eczema\/\" \/>\n<meta property=\"og:site_name\" content=\"Kiara Naturals - CH\" \/>\n<meta property=\"article:modified_time\" content=\"2024-10-10T07:05:03+00:00\" \/>\n<meta property=\"og:image\" content=\"http:\/\/kiaranaturals.com\/wp-content\/uploads\/sites\/5\/2020\/10\/CBD-Muscle-and-Joint-Salve.png\" \/>\n\t<meta property=\"og:image:width\" content=\"1400\" \/>\n\t<meta property=\"og:image:height\" content=\"1400\" \/>\n\t<meta property=\"og:image:type\" content=\"image\/png\" \/>\n<meta name=\"twitter:card\" content=\"summary_large_image\" \/>\n<script type=\"application\/ld+json\" class=\"yoast-schema-graph\">{\"@context\":\"https:\/\/schema.org\",\"@graph\":[{\"@type\":\"WebSite\",\"@id\":\"https:\/\/kiaranaturals.com\/ch\/#website\",\"url\":\"https:\/\/kiaranaturals.com\/ch\/\",\"name\":\"Kiara Naturals - CH\",\"description\":\"CBD-Rezepturen in pharmazeutischer Qualit\u00e4t verbunden mit nat\u00fcrlichen Heilmitteln, die im Herzen der Schweizer Alpen angebaut, extrahiert und hergestellt werden\",\"potentialAction\":[{\"@type\":\"SearchAction\",\"target\":{\"@type\":\"EntryPoint\",\"urlTemplate\":\"https:\/\/kiaranaturals.com\/ch\/?s={search_term_string}\"},\"query-input\":\"required name=search_term_string\"}],\"inLanguage\":\"de-DE\"},{\"@type\":\"ImageObject\",\"inLanguage\":\"de-DE\",\"@id\":\"http:\/\/kiaranaturals.com\/ch\/buy\/cbd-creams-and-salves\/psoriasis-and-eczema\/#primaryimage\",\"url\":\"https:\/\/kiaranaturals.com\/wp-content\/uploads\/sites\/5\/2020\/10\/CBD-Muscle-and-Joint-Salve.png\",\"contentUrl\":\"https:\/\/kiaranaturals.com\/wp-content\/uploads\/sites\/5\/2020\/10\/CBD-Muscle-and-Joint-Salve.png\",\"width\":1400,\"height\":1400},{\"@type\":\"WebPage\",\"@id\":\"http:\/\/kiaranaturals.com\/ch\/buy\/cbd-creams-and-salves\/psoriasis-and-eczema\/#webpage\",\"url\":\"http:\/\/kiaranaturals.com\/ch\/buy\/cbd-creams-and-salves\/psoriasis-and-eczema\/\",\"name\":\"Buy CBD Creams and Salves for psoriasis and eczema - Kiara Naturals\",\"isPartOf\":{\"@id\":\"https:\/\/kiaranaturals.com\/ch\/#website\"},\"primaryImageOfPage\":{\"@id\":\"http:\/\/kiaranaturals.com\/ch\/buy\/cbd-creams-and-salves\/psoriasis-and-eczema\/#primaryimage\"},\"datePublished\":\"2020-10-10T06:48:30+00:00\",\"dateModified\":\"2024-10-10T07:05:03+00:00\",\"breadcrumb\":{\"@id\":\"http:\/\/kiaranaturals.com\/ch\/buy\/cbd-creams-and-salves\/psoriasis-and-eczema\/#breadcrumb\"},\"inLanguage\":\"de-DE\",\"potentialAction\":[{\"@type\":\"ReadAction\",\"target\":[\"http:\/\/kiaranaturals.com\/ch\/buy\/cbd-creams-and-salves\/psoriasis-and-eczema\/\"]}]},{\"@type\":\"BreadcrumbList\",\"@id\":\"http:\/\/kiaranaturals.com\/ch\/buy\/cbd-creams-and-salves\/psoriasis-and-eczema\/#breadcrumb\",\"itemListElement\":[{\"@type\":\"ListItem\",\"position\":1,\"name\":\"Home\",\"item\":\"https:\/\/kiaranaturals.com\/ch\/\"},{\"@type\":\"ListItem\",\"position\":2,\"name\":\"Shop\",\"item\":\"http:\/\/kiaranaturals.com\/ch\/buy\/\"},{\"@type\":\"ListItem\",\"position\":3,\"name\":\"CBD creams and salves\",\"item\":\"http:\/\/kiaranaturals.com\/ch\/buy\/cbd-creams-and-salves\/\"},{\"@type\":\"ListItem\",\"position\":4,\"name\":\"DermaCare Creme\"}]}]}<\/script>\n<!-- \/ Yoast SEO plugin. -->","yoast_head_json":{"title":"Buy CBD Creams and Salves for psoriasis and eczema - Kiara Naturals","robots":{"index":"index","follow":"follow","max-snippet":"max-snippet:-1","max-image-preview":"max-image-preview:large","max-video-preview":"max-video-preview:-1"},"canonical":"http:\/\/kiaranaturals.com\/ch\/buy\/cbd-creams-and-salves\/psoriasis-and-eczema\/","og_locale":"de_DE","og_type":"article","og_title":"Buy CBD Creams and Salves for psoriasis and eczema - Kiara Naturals","og_description":"Die einzigartige Kombination aus 100% organischen Inhaltsstoffen. Erlebe die Kraft der Natur und verw\u00f6hne deine gestresste Haut. Finde dein ganz pers\u00f6nliches Pflegeritual mit unserer speziellen und wohlriechenden Kr\u00e4utercreme.","og_url":"http:\/\/kiaranaturals.com\/ch\/buy\/cbd-creams-and-salves\/psoriasis-and-eczema\/","og_site_name":"Kiara Naturals - CH","article_modified_time":"2024-10-10T07:05:03+00:00","og_image":[{"width":1400,"height":1400,"url":"http:\/\/kiaranaturals.com\/wp-content\/uploads\/sites\/5\/2020\/10\/CBD-Muscle-and-Joint-Salve.png","type":"image\/png"}],"twitter_card":"summary_large_image","schema":{"@context":"https:\/\/schema.org","@graph":[{"@type":"WebSite","@id":"https:\/\/kiaranaturals.com\/ch\/#website","url":"https:\/\/kiaranaturals.com\/ch\/","name":"Kiara Naturals - CH","description":"CBD-Rezepturen in pharmazeutischer Qualit\u00e4t verbunden mit nat\u00fcrlichen Heilmitteln, die im Herzen der Schweizer Alpen angebaut, extrahiert und hergestellt werden","potentialAction":[{"@type":"SearchAction","target":{"@type":"EntryPoint","urlTemplate":"https:\/\/kiaranaturals.com\/ch\/?s={search_term_string}"},"query-input":"required name=search_term_string"}],"inLanguage":"de-DE"},{"@type":"ImageObject","inLanguage":"de-DE","@id":"http:\/\/kiaranaturals.com\/ch\/buy\/cbd-creams-and-salves\/psoriasis-and-eczema\/#primaryimage","url":"https:\/\/kiaranaturals.com\/wp-content\/uploads\/sites\/5\/2020\/10\/CBD-Muscle-and-Joint-Salve.png","contentUrl":"https:\/\/kiaranaturals.com\/wp-content\/uploads\/sites\/5\/2020\/10\/CBD-Muscle-and-Joint-Salve.png","width":1400,"height":1400},{"@type":"WebPage","@id":"http:\/\/kiaranaturals.com\/ch\/buy\/cbd-creams-and-salves\/psoriasis-and-eczema\/#webpage","url":"http:\/\/kiaranaturals.com\/ch\/buy\/cbd-creams-and-salves\/psoriasis-and-eczema\/","name":"Buy CBD Creams and Salves for psoriasis and eczema - Kiara Naturals","isPartOf":{"@id":"https:\/\/kiaranaturals.com\/ch\/#website"},"primaryImageOfPage":{"@id":"http:\/\/kiaranaturals.com\/ch\/buy\/cbd-creams-and-salves\/psoriasis-and-eczema\/#primaryimage"},"datePublished":"2020-10-10T06:48:30+00:00","dateModified":"2024-10-10T07:05:03+00:00","breadcrumb":{"@id":"http:\/\/kiaranaturals.com\/ch\/buy\/cbd-creams-and-salves\/psoriasis-and-eczema\/#breadcrumb"},"inLanguage":"de-DE","potentialAction":[{"@type":"ReadAction","target":["http:\/\/kiaranaturals.com\/ch\/buy\/cbd-creams-and-salves\/psoriasis-and-eczema\/"]}]},{"@type":"BreadcrumbList","@id":"http:\/\/kiaranaturals.com\/ch\/buy\/cbd-creams-and-salves\/psoriasis-and-eczema\/#breadcrumb","itemListElement":[{"@type":"ListItem","position":1,"name":"Home","item":"https:\/\/kiaranaturals.com\/ch\/"},{"@type":"ListItem","position":2,"name":"Shop","item":"http:\/\/kiaranaturals.com\/ch\/buy\/"},{"@type":"ListItem","position":3,"name":"CBD creams and salves","item":"http:\/\/kiaranaturals.com\/ch\/buy\/cbd-creams-and-salves\/"},{"@type":"ListItem","position":4,"name":"DermaCare Creme"}]}]}},"_links":{"self":[{"href":"https:\/\/kiaranaturals.com\/ch\/wp-json\/wp\/v2\/product\/680","targetHints":{"allow":["GET"]}}],"collection":[{"href":"https:\/\/kiaranaturals.com\/ch\/wp-json\/wp\/v2\/product"}],"about":[{"href":"https:\/\/kiaranaturals.com\/ch\/wp-json\/wp\/v2\/types\/product"}],"wp:featuredmedia":[{"embeddable":true,"href":"https:\/\/kiaranaturals.com\/ch\/wp-json\/wp\/v2\/media\/2206"}],"wp:attachment":[{"href":"https:\/\/kiaranaturals.com\/ch\/wp-json\/wp\/v2\/media?parent=680"}],"wp:term":[{"taxonomy":"product_cat","embeddable":true,"href":"https:\/\/kiaranaturals.com\/ch\/wp-json\/wp\/v2\/product_cat?post=680"},{"taxonomy":"product_tag","embeddable":true,"href":"https:\/\/kiaranaturals.com\/ch\/wp-json\/wp\/v2\/product_tag?post=680"}],"curies":[{"name":"wp","href":"https:\/\/api.w.org\/{rel}","templated":true}]}}