{"id":750,"date":"2021-02-15T17:17:17","date_gmt":"2021-02-15T17:17:17","guid":{"rendered":"http:\/\/kiaranaturals.com\/de\/?page_id=750"},"modified":"2022-07-18T20:01:37","modified_gmt":"2022-07-18T20:01:37","slug":"shipping","status":"publish","type":"page","link":"http:\/\/kiaranaturals.com\/de\/pages\/shipping\/","title":{"rendered":"Versandinformationen"},"content":{"rendered":"<div><strong>Versandoptionen\u00a0und Lieferzeiten<\/strong><\/div>\n<div><\/div>\n<div>Alle Pakete werden mit DHL verschickt und sind \u00fcber folgenden Link verfolgbar:\u00a0<a href=\"https:\/\/www.dhl.de\/de\/privatkunden.html\">https:\/\/www.dhl.de\/de\/privatkunden.html<\/a><\/div>\n<div><\/div>\n<div><\/div>\n<div><strong>Deutschland:<\/strong><\/div>\n<ul>\n<li>Alle Bestellungen sind f\u00fcr den Kostenlosen DHL Standard Versand berechtigt. Lieferzeit: 1-3 Werktage<\/li>\n<li>DHL Express &#8211; Garantierte Lieferung am folgenden Tag (Bestellung muss vor 11:00 Uhr get\u00e4tigt werden) &#8211; Kosten 9,99 \u20ac<\/li>\n<\/ul>\n<div><strong>\u00d6sterreich:<\/strong><\/div>\n<div><\/div>\n<div>Kostenloser Versand auf alle Bestellungen, Lieferung mit DHL Standard. Lieferzeit 2-4 Werktage<\/div>\n<div><\/div>\n<div><strong>Schweiz<\/strong>:<\/div>\n<div><\/div>\n<div>Kostenloser Versand auf alle Bestellungen, Lieferung mit Swiss Post. Lieferzeit 2-4 Werktage<\/div>\n<div><\/div>\n<div><\/div>\n<div><strong>Wie lange dauert es, bis meine Bestellung versandt wird?<\/strong><\/div>\n<div><\/div>\n<div>Wenn Sie Ihre Bestellung vor 11 Uhr (Montag-Freitag) t\u00e4tigen, sollte sie noch am selben Tag versandt werden.<\/div>\n<div><\/div>\n<div>Bestellungen, die am Freitag nach 11 Uhr get\u00e4tigt werden, werden am Montag gleich als erstes versandt.<\/div>\n<div><\/div>\n<div><\/div>\n<div><strong>FAQ<\/strong><\/div>\n<div><\/div>\n<div>Ist die Verpackung diskret?<\/div>\n<div><\/div>\n<div>Unsere Pakete kommen in einer komplett kompostierbaren Versandtasche mit einem kleinen Sticker mit unserem Logo, damit Sie wissen, wo das Paket herkommt. Es befindet sich <strong>keine Erw\u00e4hnung von CBD<\/strong> auf der Versandtasche oder dem Paket.<\/div>\n<div><\/div>\n<div>Was passiert, wenn ich mein Paket nicht erhalte, oder ein Artikel besch\u00e4digt ankommt?<\/div>\n<div><\/div>\n<div>Zuallererst, es tut uns Leid! Unser Team tut alles daf\u00fcr, dass so etwas nicht passiert. Sollte Ihre Bestellung versp\u00e4tet oder besch\u00e4digt ankommen, kontaktieren Sie einfach unseren Kundenservice via E-Mail\/Livechat oder telefonisch und wir versenden die Bestellung erneut ohne zus\u00e4tzlich anfallende Kosten f\u00fcr Sie, oder erstatten den vollen Betrag.<\/div>\n<div><\/div>\n<div>Was, wenn mir das CBD nicht hilft?<\/div>\n<div>Wir bieten eine garantierte 60-Tage-Geld-zur\u00fcck Option an, gesichert durch etrusted-shops. Sollten Sie also nicht zufrieden sein, informieren Sie einfach unser Kundenservice Team via E-Mail\/Lifechat oder telefonisch und wir erstatten Ihre Bestellung.<\/div>\n<div><\/div>\n<div>Von wo versenden Sie?<\/div>\n<div>Nachdem unsere Produkte in unserer Schweizer Fabrik hergestellt worden sind, werden Sie zu einem unserer 3 Versandzentren (Appenzell, Berlin, und London) geschickt. Alle Bestellungen, die nach Deutschland, \u00d6sterreich, oder ein anderes Land in der EU geschickt werden, werden aus unserem Lagerhaus in Berlin versandt. Alle Bestellungen, die in die Schweiz verschickt werden, werden aus unserem Lagerhaus in Appenzell versandt. Alle Lieferungen nach Gro\u00dfbritannien und in die USA werden von unserem Lagerhaus in London versandt.<\/div>\n<div><\/div>\n<div>Wo werden die Produkte hergestellt?<\/div>\n<div>Unsere Zentrale befindet sich im Appenzellerland, Schweiz, wo wir alles selbst herstellen (keine Herstellung durch Dritte) und wir sind eine der einzigen Marken in der DACH Region und Europa, die alles gem\u00e4\u00df GMP Standards durchf\u00fchrt.<\/div>\n<div><\/div>\n<div><\/div>\n","protected":false},"excerpt":{"rendered":"<p>Versandoptionen\u00a0und Lieferzeiten Alle Pakete werden mit DHL verschickt und sind \u00fcber folgenden Link verfolgbar:\u00a0https:\/\/www.dhl.de\/de\/privatkunden.html Deutschland: Alle Bestellungen sind f\u00fcr den Kostenlosen DHL Standard Versand berechtigt. Lieferzeit: 1-3 Werktage DHL Express &#8211; Garantierte Lieferung am folgenden Tag (Bestellung muss vor 11:00 Uhr get\u00e4tigt werden) &#8211; Kosten 9,99 \u20ac \u00d6sterreich: Kostenloser Versand auf alle Bestellungen, Lieferung mit [&hellip;]<\/p>\n","protected":false},"author":4,"featured_media":0,"parent":0,"menu_order":0,"comment_status":"closed","ping_status":"closed","template":"terms.php","meta":{"spay_email":"","footnotes":""},"class_list":["post-750","page","type-page","status-publish","hentry"],"acf":[],"yoast_head":"<!-- This site is optimized with the Yoast SEO plugin v19.1 - https:\/\/yoast.com\/wordpress\/plugins\/seo\/ -->\n<title>Versandinformationen - Kiara Naturals<\/title>\n<meta name=\"robots\" content=\"index, follow, max-snippet:-1, max-image-preview:large, max-video-preview:-1\" \/>\n<link rel=\"canonical\" href=\"http:\/\/kiaranaturals.com\/de\/pages\/shipping\/\" \/>\n<meta property=\"og:locale\" content=\"de_DE\" \/>\n<meta property=\"og:type\" content=\"article\" \/>\n<meta property=\"og:title\" content=\"Versandinformationen - Kiara Naturals\" \/>\n<meta property=\"og:description\" content=\"Versandoptionen\u00a0und Lieferzeiten Alle Pakete werden mit DHL verschickt und sind \u00fcber folgenden Link verfolgbar:\u00a0https:\/\/www.dhl.de\/de\/privatkunden.html Deutschland: Alle Bestellungen sind f\u00fcr den Kostenlosen DHL Standard Versand berechtigt. Lieferzeit: 1-3 Werktage DHL Express &#8211; Garantierte Lieferung am folgenden Tag (Bestellung muss vor 11:00 Uhr get\u00e4tigt werden) &#8211; Kosten 9,99 \u20ac \u00d6sterreich: Kostenloser Versand auf alle Bestellungen, Lieferung mit [&hellip;]\" \/>\n<meta property=\"og:url\" content=\"http:\/\/kiaranaturals.com\/de\/pages\/shipping\/\" \/>\n<meta property=\"og:site_name\" content=\"Kiara Naturals\" \/>\n<meta property=\"article:modified_time\" content=\"2022-07-18T20:01:37+00:00\" \/>\n<meta name=\"twitter:card\" content=\"summary_large_image\" \/>\n<meta name=\"twitter:label1\" content=\"Gesch\u00e4tzte Lesezeit\" \/>\n\t<meta name=\"twitter:data1\" content=\"2 Minuten\" \/>\n<script type=\"application\/ld+json\" class=\"yoast-schema-graph\">{\"@context\":\"https:\/\/schema.org\",\"@graph\":[{\"@type\":\"WebSite\",\"@id\":\"https:\/\/kiaranaturals.com\/de\/#website\",\"url\":\"https:\/\/kiaranaturals.com\/de\/\",\"name\":\"Kiara Naturals\",\"description\":\"CBD-Rezepturen in pharmazeutischer Qualit\u00e4t verbunden mit nat\u00fcrlichen Heilmitteln, die im Herzen der Schweizer Alpen angebaut, extrahiert und hergestellt werden\",\"potentialAction\":[{\"@type\":\"SearchAction\",\"target\":{\"@type\":\"EntryPoint\",\"urlTemplate\":\"https:\/\/kiaranaturals.com\/de\/?s={search_term_string}\"},\"query-input\":\"required name=search_term_string\"}],\"inLanguage\":\"de-DE\"},{\"@type\":\"WebPage\",\"@id\":\"http:\/\/kiaranaturals.com\/de\/pages\/shipping\/#webpage\",\"url\":\"http:\/\/kiaranaturals.com\/de\/pages\/shipping\/\",\"name\":\"Versandinformationen - Kiara Naturals\",\"isPartOf\":{\"@id\":\"https:\/\/kiaranaturals.com\/de\/#website\"},\"datePublished\":\"2021-02-15T17:17:17+00:00\",\"dateModified\":\"2022-07-18T20:01:37+00:00\",\"breadcrumb\":{\"@id\":\"http:\/\/kiaranaturals.com\/de\/pages\/shipping\/#breadcrumb\"},\"inLanguage\":\"de-DE\",\"potentialAction\":[{\"@type\":\"ReadAction\",\"target\":[\"http:\/\/kiaranaturals.com\/de\/pages\/shipping\/\"]}]},{\"@type\":\"BreadcrumbList\",\"@id\":\"http:\/\/kiaranaturals.com\/de\/pages\/shipping\/#breadcrumb\",\"itemListElement\":[{\"@type\":\"ListItem\",\"position\":1,\"name\":\"Home\",\"item\":\"https:\/\/kiaranaturals.com\/de\/\"},{\"@type\":\"ListItem\",\"position\":2,\"name\":\"Versandinformationen\"}]}]}<\/script>\n<!-- \/ Yoast SEO plugin. -->","yoast_head_json":{"title":"Versandinformationen - Kiara Naturals","robots":{"index":"index","follow":"follow","max-snippet":"max-snippet:-1","max-image-preview":"max-image-preview:large","max-video-preview":"max-video-preview:-1"},"canonical":"http:\/\/kiaranaturals.com\/de\/pages\/shipping\/","og_locale":"de_DE","og_type":"article","og_title":"Versandinformationen - Kiara Naturals","og_description":"Versandoptionen\u00a0und Lieferzeiten Alle Pakete werden mit DHL verschickt und sind \u00fcber folgenden Link verfolgbar:\u00a0https:\/\/www.dhl.de\/de\/privatkunden.html Deutschland: Alle Bestellungen sind f\u00fcr den Kostenlosen DHL Standard Versand berechtigt. Lieferzeit: 1-3 Werktage DHL Express &#8211; Garantierte Lieferung am folgenden Tag (Bestellung muss vor 11:00 Uhr get\u00e4tigt werden) &#8211; Kosten 9,99 \u20ac \u00d6sterreich: Kostenloser Versand auf alle Bestellungen, Lieferung mit [&hellip;]","og_url":"http:\/\/kiaranaturals.com\/de\/pages\/shipping\/","og_site_name":"Kiara Naturals","article_modified_time":"2022-07-18T20:01:37+00:00","twitter_card":"summary_large_image","twitter_misc":{"Gesch\u00e4tzte Lesezeit":"2 Minuten"},"schema":{"@context":"https:\/\/schema.org","@graph":[{"@type":"WebSite","@id":"https:\/\/kiaranaturals.com\/de\/#website","url":"https:\/\/kiaranaturals.com\/de\/","name":"Kiara Naturals","description":"CBD-Rezepturen in pharmazeutischer Qualit\u00e4t verbunden mit nat\u00fcrlichen Heilmitteln, die im Herzen der Schweizer Alpen angebaut, extrahiert und hergestellt werden","potentialAction":[{"@type":"SearchAction","target":{"@type":"EntryPoint","urlTemplate":"https:\/\/kiaranaturals.com\/de\/?s={search_term_string}"},"query-input":"required name=search_term_string"}],"inLanguage":"de-DE"},{"@type":"WebPage","@id":"http:\/\/kiaranaturals.com\/de\/pages\/shipping\/#webpage","url":"http:\/\/kiaranaturals.com\/de\/pages\/shipping\/","name":"Versandinformationen - Kiara Naturals","isPartOf":{"@id":"https:\/\/kiaranaturals.com\/de\/#website"},"datePublished":"2021-02-15T17:17:17+00:00","dateModified":"2022-07-18T20:01:37+00:00","breadcrumb":{"@id":"http:\/\/kiaranaturals.com\/de\/pages\/shipping\/#breadcrumb"},"inLanguage":"de-DE","potentialAction":[{"@type":"ReadAction","target":["http:\/\/kiaranaturals.com\/de\/pages\/shipping\/"]}]},{"@type":"BreadcrumbList","@id":"http:\/\/kiaranaturals.com\/de\/pages\/shipping\/#breadcrumb","itemListElement":[{"@type":"ListItem","position":1,"name":"Home","item":"https:\/\/kiaranaturals.com\/de\/"},{"@type":"ListItem","position":2,"name":"Versandinformationen"}]}]}},"_links":{"self":[{"href":"https:\/\/kiaranaturals.com\/de\/wp-json\/wp\/v2\/pages\/750","targetHints":{"allow":["GET"]}}],"collection":[{"href":"https:\/\/kiaranaturals.com\/de\/wp-json\/wp\/v2\/pages"}],"about":[{"href":"https:\/\/kiaranaturals.com\/de\/wp-json\/wp\/v2\/types\/page"}],"author":[{"embeddable":true,"href":"https:\/\/kiaranaturals.com\/de\/wp-json\/wp\/v2\/users\/4"}],"replies":[{"embeddable":true,"href":"https:\/\/kiaranaturals.com\/de\/wp-json\/wp\/v2\/comments?post=750"}],"version-history":[{"count":0,"href":"https:\/\/kiaranaturals.com\/de\/wp-json\/wp\/v2\/pages\/750\/revisions"}],"wp:attachment":[{"href":"https:\/\/kiaranaturals.com\/de\/wp-json\/wp\/v2\/media?parent=750"}],"curies":[{"name":"wp","href":"https:\/\/api.w.org\/{rel}","templated":true}]}}