{"id":15301,"date":"2022-12-21T14:43:03","date_gmt":"2022-12-21T13:43:03","guid":{"rendered":"https:\/\/kiaranaturals.com\/es\/?page_id=15301"},"modified":"2022-12-23T08:41:56","modified_gmt":"2022-12-23T07:41:56","slug":"new-years-sale","status":"publish","type":"page","link":"http:\/\/kiaranaturals.com\/es\/pages\/new-years-sale\/","title":{"rendered":"venta de a\u00f1o nuevo"},"content":{"rendered":"","protected":false},"excerpt":{"rendered":"","protected":false},"author":8863,"featured_media":0,"parent":0,"menu_order":0,"comment_status":"closed","ping_status":"closed","template":"black-friday-kits.php","meta":{"spay_email":"","footnotes":""},"class_list":["post-15301","page","type-page","status-publish","hentry"],"acf":[],"yoast_head":"<!-- This site is optimized with the Yoast SEO plugin v19.1 - https:\/\/yoast.com\/wordpress\/plugins\/seo\/ -->\n<title>venta de a\u00f1o nuevo - Kiara Naturals - ES<\/title>\n<meta name=\"robots\" content=\"index, follow, max-snippet:-1, max-image-preview:large, max-video-preview:-1\" \/>\n<link rel=\"canonical\" href=\"http:\/\/kiaranaturals.com\/es\/pages\/new-years-sale\/\" \/>\n<meta property=\"og:locale\" content=\"es_ES\" \/>\n<meta property=\"og:type\" content=\"article\" \/>\n<meta property=\"og:title\" content=\"venta de a\u00f1o nuevo - Kiara Naturals - ES\" \/>\n<meta property=\"og:url\" content=\"http:\/\/kiaranaturals.com\/es\/pages\/new-years-sale\/\" \/>\n<meta property=\"og:site_name\" content=\"Kiara Naturals - ES\" \/>\n<meta property=\"article:modified_time\" content=\"2022-12-23T07:41:56+00:00\" \/>\n<meta name=\"twitter:card\" content=\"summary_large_image\" \/>\n<script type=\"application\/ld+json\" class=\"yoast-schema-graph\">{\"@context\":\"https:\/\/schema.org\",\"@graph\":[{\"@type\":\"WebSite\",\"@id\":\"https:\/\/kiaranaturals.com\/es\/#website\",\"url\":\"https:\/\/kiaranaturals.com\/es\/\",\"name\":\"Kiara Naturals - ES\",\"description\":\"Formulaciones de CBD de grado farmac\u00e9utico combinadas con remedios naturales que ayudan terap\u00e9uticamente. Nuestros productos son cultivados, extra\u00eddos y fabricados en el coraz\u00f3n de los Alpes suizos.\",\"potentialAction\":[{\"@type\":\"SearchAction\",\"target\":{\"@type\":\"EntryPoint\",\"urlTemplate\":\"https:\/\/kiaranaturals.com\/es\/?s={search_term_string}\"},\"query-input\":\"required name=search_term_string\"}],\"inLanguage\":\"es\"},{\"@type\":\"WebPage\",\"@id\":\"http:\/\/kiaranaturals.com\/es\/pages\/new-years-sale\/#webpage\",\"url\":\"http:\/\/kiaranaturals.com\/es\/pages\/new-years-sale\/\",\"name\":\"venta de a\u00f1o nuevo - Kiara Naturals - ES\",\"isPartOf\":{\"@id\":\"https:\/\/kiaranaturals.com\/es\/#website\"},\"datePublished\":\"2022-12-21T13:43:03+00:00\",\"dateModified\":\"2022-12-23T07:41:56+00:00\",\"breadcrumb\":{\"@id\":\"http:\/\/kiaranaturals.com\/es\/pages\/new-years-sale\/#breadcrumb\"},\"inLanguage\":\"es\",\"potentialAction\":[{\"@type\":\"ReadAction\",\"target\":[\"http:\/\/kiaranaturals.com\/es\/pages\/new-years-sale\/\"]}]},{\"@type\":\"BreadcrumbList\",\"@id\":\"http:\/\/kiaranaturals.com\/es\/pages\/new-years-sale\/#breadcrumb\",\"itemListElement\":[{\"@type\":\"ListItem\",\"position\":1,\"name\":\"Home\",\"item\":\"https:\/\/kiaranaturals.com\/es\/\"},{\"@type\":\"ListItem\",\"position\":2,\"name\":\"venta de a\u00f1o nuevo\"}]}]}<\/script>\n<!-- \/ Yoast SEO plugin. -->","yoast_head_json":{"title":"venta de a\u00f1o nuevo - Kiara Naturals - ES","robots":{"index":"index","follow":"follow","max-snippet":"max-snippet:-1","max-image-preview":"max-image-preview:large","max-video-preview":"max-video-preview:-1"},"canonical":"http:\/\/kiaranaturals.com\/es\/pages\/new-years-sale\/","og_locale":"es_ES","og_type":"article","og_title":"venta de a\u00f1o nuevo - Kiara Naturals - ES","og_url":"http:\/\/kiaranaturals.com\/es\/pages\/new-years-sale\/","og_site_name":"Kiara Naturals - ES","article_modified_time":"2022-12-23T07:41:56+00:00","twitter_card":"summary_large_image","schema":{"@context":"https:\/\/schema.org","@graph":[{"@type":"WebSite","@id":"https:\/\/kiaranaturals.com\/es\/#website","url":"https:\/\/kiaranaturals.com\/es\/","name":"Kiara Naturals - ES","description":"Formulaciones de CBD de grado farmac\u00e9utico combinadas con remedios naturales que ayudan terap\u00e9uticamente. Nuestros productos son cultivados, extra\u00eddos y fabricados en el coraz\u00f3n de los Alpes suizos.","potentialAction":[{"@type":"SearchAction","target":{"@type":"EntryPoint","urlTemplate":"https:\/\/kiaranaturals.com\/es\/?s={search_term_string}"},"query-input":"required name=search_term_string"}],"inLanguage":"es"},{"@type":"WebPage","@id":"http:\/\/kiaranaturals.com\/es\/pages\/new-years-sale\/#webpage","url":"http:\/\/kiaranaturals.com\/es\/pages\/new-years-sale\/","name":"venta de a\u00f1o nuevo - Kiara Naturals - ES","isPartOf":{"@id":"https:\/\/kiaranaturals.com\/es\/#website"},"datePublished":"2022-12-21T13:43:03+00:00","dateModified":"2022-12-23T07:41:56+00:00","breadcrumb":{"@id":"http:\/\/kiaranaturals.com\/es\/pages\/new-years-sale\/#breadcrumb"},"inLanguage":"es","potentialAction":[{"@type":"ReadAction","target":["http:\/\/kiaranaturals.com\/es\/pages\/new-years-sale\/"]}]},{"@type":"BreadcrumbList","@id":"http:\/\/kiaranaturals.com\/es\/pages\/new-years-sale\/#breadcrumb","itemListElement":[{"@type":"ListItem","position":1,"name":"Home","item":"https:\/\/kiaranaturals.com\/es\/"},{"@type":"ListItem","position":2,"name":"venta de a\u00f1o nuevo"}]}]}},"_links":{"self":[{"href":"https:\/\/kiaranaturals.com\/es\/wp-json\/wp\/v2\/pages\/15301","targetHints":{"allow":["GET"]}}],"collection":[{"href":"https:\/\/kiaranaturals.com\/es\/wp-json\/wp\/v2\/pages"}],"about":[{"href":"https:\/\/kiaranaturals.com\/es\/wp-json\/wp\/v2\/types\/page"}],"author":[{"embeddable":true,"href":"https:\/\/kiaranaturals.com\/es\/wp-json\/wp\/v2\/users\/8863"}],"replies":[{"embeddable":true,"href":"https:\/\/kiaranaturals.com\/es\/wp-json\/wp\/v2\/comments?post=15301"}],"version-history":[{"count":0,"href":"https:\/\/kiaranaturals.com\/es\/wp-json\/wp\/v2\/pages\/15301\/revisions"}],"wp:attachment":[{"href":"https:\/\/kiaranaturals.com\/es\/wp-json\/wp\/v2\/media?parent=15301"}],"curies":[{"name":"wp","href":"https:\/\/api.w.org\/{rel}","templated":true}]}}