{"id":6221,"date":"2022-05-04T09:11:29","date_gmt":"2022-05-04T09:11:29","guid":{"rendered":"https:\/\/kiaranaturals.com\/es\/?page_id=6221"},"modified":"2022-05-04T09:11:38","modified_gmt":"2022-05-04T09:11:38","slug":"explore","status":"publish","type":"page","link":"http:\/\/kiaranaturals.com\/es\/explore\/","title":{"rendered":"Explore"},"content":{"rendered":"","protected":false},"excerpt":{"rendered":"","protected":false},"author":2365,"featured_media":0,"parent":0,"menu_order":0,"comment_status":"closed","ping_status":"closed","template":"","meta":{"spay_email":"","footnotes":""},"class_list":["post-6221","page","type-page","status-publish","hentry"],"acf":[],"yoast_head":"<!-- This site is optimized with the Yoast SEO plugin v19.1 - https:\/\/yoast.com\/wordpress\/plugins\/seo\/ -->\n<title>Explore - Kiara Naturals - ES<\/title>\n<meta name=\"robots\" content=\"index, follow, max-snippet:-1, max-image-preview:large, max-video-preview:-1\" \/>\n<link rel=\"canonical\" href=\"http:\/\/kiaranaturals.com\/es\/explore\/\" \/>\n<meta property=\"og:locale\" content=\"es_ES\" \/>\n<meta property=\"og:type\" content=\"article\" \/>\n<meta property=\"og:title\" content=\"Explore - Kiara Naturals - ES\" \/>\n<meta property=\"og:url\" content=\"http:\/\/kiaranaturals.com\/es\/explore\/\" \/>\n<meta property=\"og:site_name\" content=\"Kiara Naturals - ES\" \/>\n<meta property=\"article:modified_time\" content=\"2022-05-04T09:11:38+00:00\" \/>\n<meta name=\"twitter:card\" content=\"summary_large_image\" \/>\n<script type=\"application\/ld+json\" class=\"yoast-schema-graph\">{\"@context\":\"https:\/\/schema.org\",\"@graph\":[{\"@type\":\"WebSite\",\"@id\":\"https:\/\/kiaranaturals.com\/es\/#website\",\"url\":\"https:\/\/kiaranaturals.com\/es\/\",\"name\":\"Kiara Naturals - ES\",\"description\":\"Formulaciones de CBD de grado farmac\u00e9utico combinadas con remedios naturales que ayudan terap\u00e9uticamente. Nuestros productos son cultivados, extra\u00eddos y fabricados en el coraz\u00f3n de los Alpes suizos.\",\"potentialAction\":[{\"@type\":\"SearchAction\",\"target\":{\"@type\":\"EntryPoint\",\"urlTemplate\":\"https:\/\/kiaranaturals.com\/es\/?s={search_term_string}\"},\"query-input\":\"required name=search_term_string\"}],\"inLanguage\":\"es\"},{\"@type\":\"WebPage\",\"@id\":\"http:\/\/kiaranaturals.com\/es\/explore\/#webpage\",\"url\":\"http:\/\/kiaranaturals.com\/es\/explore\/\",\"name\":\"Explore - Kiara Naturals - ES\",\"isPartOf\":{\"@id\":\"https:\/\/kiaranaturals.com\/es\/#website\"},\"datePublished\":\"2022-05-04T09:11:29+00:00\",\"dateModified\":\"2022-05-04T09:11:38+00:00\",\"breadcrumb\":{\"@id\":\"http:\/\/kiaranaturals.com\/es\/explore\/#breadcrumb\"},\"inLanguage\":\"es\",\"potentialAction\":[{\"@type\":\"ReadAction\",\"target\":[\"http:\/\/kiaranaturals.com\/es\/explore\/\"]}]},{\"@type\":\"BreadcrumbList\",\"@id\":\"http:\/\/kiaranaturals.com\/es\/explore\/#breadcrumb\",\"itemListElement\":[{\"@type\":\"ListItem\",\"position\":1,\"name\":\"Home\",\"item\":\"https:\/\/kiaranaturals.com\/es\/\"},{\"@type\":\"ListItem\",\"position\":2,\"name\":\"Explore\"}]}]}<\/script>\n<!-- \/ Yoast SEO plugin. -->","yoast_head_json":{"title":"Explore - Kiara Naturals - ES","robots":{"index":"index","follow":"follow","max-snippet":"max-snippet:-1","max-image-preview":"max-image-preview:large","max-video-preview":"max-video-preview:-1"},"canonical":"http:\/\/kiaranaturals.com\/es\/explore\/","og_locale":"es_ES","og_type":"article","og_title":"Explore - Kiara Naturals - ES","og_url":"http:\/\/kiaranaturals.com\/es\/explore\/","og_site_name":"Kiara Naturals - ES","article_modified_time":"2022-05-04T09:11:38+00:00","twitter_card":"summary_large_image","schema":{"@context":"https:\/\/schema.org","@graph":[{"@type":"WebSite","@id":"https:\/\/kiaranaturals.com\/es\/#website","url":"https:\/\/kiaranaturals.com\/es\/","name":"Kiara Naturals - ES","description":"Formulaciones de CBD de grado farmac\u00e9utico combinadas con remedios naturales que ayudan terap\u00e9uticamente. Nuestros productos son cultivados, extra\u00eddos y fabricados en el coraz\u00f3n de los Alpes suizos.","potentialAction":[{"@type":"SearchAction","target":{"@type":"EntryPoint","urlTemplate":"https:\/\/kiaranaturals.com\/es\/?s={search_term_string}"},"query-input":"required name=search_term_string"}],"inLanguage":"es"},{"@type":"WebPage","@id":"http:\/\/kiaranaturals.com\/es\/explore\/#webpage","url":"http:\/\/kiaranaturals.com\/es\/explore\/","name":"Explore - Kiara Naturals - ES","isPartOf":{"@id":"https:\/\/kiaranaturals.com\/es\/#website"},"datePublished":"2022-05-04T09:11:29+00:00","dateModified":"2022-05-04T09:11:38+00:00","breadcrumb":{"@id":"http:\/\/kiaranaturals.com\/es\/explore\/#breadcrumb"},"inLanguage":"es","potentialAction":[{"@type":"ReadAction","target":["http:\/\/kiaranaturals.com\/es\/explore\/"]}]},{"@type":"BreadcrumbList","@id":"http:\/\/kiaranaturals.com\/es\/explore\/#breadcrumb","itemListElement":[{"@type":"ListItem","position":1,"name":"Home","item":"https:\/\/kiaranaturals.com\/es\/"},{"@type":"ListItem","position":2,"name":"Explore"}]}]}},"_links":{"self":[{"href":"https:\/\/kiaranaturals.com\/es\/wp-json\/wp\/v2\/pages\/6221","targetHints":{"allow":["GET"]}}],"collection":[{"href":"https:\/\/kiaranaturals.com\/es\/wp-json\/wp\/v2\/pages"}],"about":[{"href":"https:\/\/kiaranaturals.com\/es\/wp-json\/wp\/v2\/types\/page"}],"author":[{"embeddable":true,"href":"https:\/\/kiaranaturals.com\/es\/wp-json\/wp\/v2\/users\/2365"}],"replies":[{"embeddable":true,"href":"https:\/\/kiaranaturals.com\/es\/wp-json\/wp\/v2\/comments?post=6221"}],"version-history":[{"count":0,"href":"https:\/\/kiaranaturals.com\/es\/wp-json\/wp\/v2\/pages\/6221\/revisions"}],"wp:attachment":[{"href":"https:\/\/kiaranaturals.com\/es\/wp-json\/wp\/v2\/media?parent=6221"}],"curies":[{"name":"wp","href":"https:\/\/api.w.org\/{rel}","templated":true}]}}