{"id":14408,"date":"2020-10-10T09:22:59","date_gmt":"2020-10-10T07:22:59","guid":{"rendered":"https:\/\/kiaranaturals.com\/es\/shop\/uncategorized\/skin-aid-creme\/"},"modified":"2024-07-15T11:15:19","modified_gmt":"2024-07-15T09:15:19","slug":"skin-aid-creme","status":"publish","type":"product","link":"http:\/\/kiaranaturals.com\/es\/buy\/cbd-creams-and-salves\/skin-aid-creme\/","title":{"rendered":"Hauthilfe Creme"},"excerpt":{"rendered":"<p>Unsere Hauthilfe Creme eignet sich perfekt zur Beruhigung, Hydrierung und Verj\u00fcngung von einem unserer wichtigsten Organe: Die Haut.<\/p>\n","protected":false},"featured_media":14405,"template":"","meta":{"spay_email":""},"product_cat":[38,20,22],"product_tag":[],"class_list":["post-14408","product","type-product","status-publish","has-post-thumbnail","hentry","product_cat-cbd-creams-and-salves","product_cat-cbd-for-skin-care","product_cat-cbd-for-everyday-wellness"],"acf":[],"yoast_head":"<!-- This site is optimized with the Yoast SEO plugin v19.1 - https:\/\/yoast.com\/wordpress\/plugins\/seo\/ -->\n<title>Buy CBD SkinAid Creme - Kiara Naturals<\/title>\n<meta name=\"robots\" content=\"index, follow, max-snippet:-1, max-image-preview:large, max-video-preview:-1\" \/>\n<link rel=\"canonical\" href=\"https:\/\/kiaranaturals.com\/es\/?post_type=product&#038;p=14408\" \/>\n<meta property=\"og:locale\" content=\"es_ES\" \/>\n<meta property=\"og:type\" content=\"article\" \/>\n<meta property=\"og:title\" content=\"Buy CBD SkinAid Creme - Kiara Naturals\" \/>\n<meta property=\"og:description\" content=\"Unsere Hauthilfe Creme eignet sich perfekt zur Beruhigung, Hydrierung und Verj\u00fcngung von einem unserer wichtigsten Organe: Die Haut.\" \/>\n<meta property=\"og:url\" content=\"https:\/\/kiaranaturals.com\/es\/?post_type=product&amp;p=14408\" \/>\n<meta property=\"og:site_name\" content=\"Kiara Naturals - ES\" \/>\n<meta property=\"article:modified_time\" content=\"2024-07-15T09:15:19+00:00\" \/>\n<meta property=\"og:image\" content=\"http:\/\/kiaranaturals.com\/wp-content\/uploads\/sites\/4\/2022\/11\/CBD-Repair-_-Rebuild-Cream-main.png\" \/>\n\t<meta property=\"og:image:width\" content=\"1400\" \/>\n\t<meta property=\"og:image:height\" content=\"1400\" \/>\n\t<meta property=\"og:image:type\" content=\"image\/png\" \/>\n<meta name=\"twitter:card\" content=\"summary_large_image\" \/>\n<script type=\"application\/ld+json\" class=\"yoast-schema-graph\">{\"@context\":\"https:\/\/schema.org\",\"@graph\":[{\"@type\":\"WebSite\",\"@id\":\"https:\/\/kiaranaturals.com\/es\/#website\",\"url\":\"https:\/\/kiaranaturals.com\/es\/\",\"name\":\"Kiara Naturals - ES\",\"description\":\"Formulaciones de CBD de grado farmac\u00e9utico combinadas con remedios naturales que ayudan terap\u00e9uticamente. Nuestros productos son cultivados, extra\u00eddos y fabricados en el coraz\u00f3n de los Alpes suizos.\",\"potentialAction\":[{\"@type\":\"SearchAction\",\"target\":{\"@type\":\"EntryPoint\",\"urlTemplate\":\"https:\/\/kiaranaturals.com\/es\/?s={search_term_string}\"},\"query-input\":\"required name=search_term_string\"}],\"inLanguage\":\"es\"},{\"@type\":\"ImageObject\",\"inLanguage\":\"es\",\"@id\":\"https:\/\/kiaranaturals.com\/es\/?post_type=product&p=14408#primaryimage\",\"url\":\"https:\/\/kiaranaturals.com\/wp-content\/uploads\/sites\/4\/2022\/11\/CBD-Repair-_-Rebuild-Cream-main.png\",\"contentUrl\":\"https:\/\/kiaranaturals.com\/wp-content\/uploads\/sites\/4\/2022\/11\/CBD-Repair-_-Rebuild-Cream-main.png\",\"width\":1400,\"height\":1400},{\"@type\":\"WebPage\",\"@id\":\"https:\/\/kiaranaturals.com\/es\/?post_type=product&p=14408#webpage\",\"url\":\"https:\/\/kiaranaturals.com\/es\/?post_type=product&p=14408\",\"name\":\"Buy CBD SkinAid Creme - Kiara Naturals\",\"isPartOf\":{\"@id\":\"https:\/\/kiaranaturals.com\/es\/#website\"},\"primaryImageOfPage\":{\"@id\":\"https:\/\/kiaranaturals.com\/es\/?post_type=product&p=14408#primaryimage\"},\"datePublished\":\"2020-10-10T07:22:59+00:00\",\"dateModified\":\"2024-07-15T09:15:19+00:00\",\"breadcrumb\":{\"@id\":\"https:\/\/kiaranaturals.com\/es\/?post_type=product&p=14408#breadcrumb\"},\"inLanguage\":\"es\",\"potentialAction\":[{\"@type\":\"ReadAction\",\"target\":[\"https:\/\/kiaranaturals.com\/es\/?post_type=product&p=14408\"]}]},{\"@type\":\"BreadcrumbList\",\"@id\":\"https:\/\/kiaranaturals.com\/es\/?post_type=product&p=14408#breadcrumb\",\"itemListElement\":[{\"@type\":\"ListItem\",\"position\":1,\"name\":\"Home\",\"item\":\"https:\/\/kiaranaturals.com\/es\/\"},{\"@type\":\"ListItem\",\"position\":2,\"name\":\"Comprar\",\"item\":\"http:\/\/kiaranaturals.com\/es\/buy\/\"},{\"@type\":\"ListItem\",\"position\":3,\"name\":\"CBD creams and salves\",\"item\":\"http:\/\/kiaranaturals.com\/es\/buy\/cbd-creams-and-salves\/\"},{\"@type\":\"ListItem\",\"position\":4,\"name\":\"Hauthilfe Creme\"}]}]}<\/script>\n<!-- \/ Yoast SEO plugin. -->","yoast_head_json":{"title":"Buy CBD SkinAid Creme - Kiara Naturals","robots":{"index":"index","follow":"follow","max-snippet":"max-snippet:-1","max-image-preview":"max-image-preview:large","max-video-preview":"max-video-preview:-1"},"canonical":"https:\/\/kiaranaturals.com\/es\/?post_type=product&p=14408","og_locale":"es_ES","og_type":"article","og_title":"Buy CBD SkinAid Creme - Kiara Naturals","og_description":"Unsere Hauthilfe Creme eignet sich perfekt zur Beruhigung, Hydrierung und Verj\u00fcngung von einem unserer wichtigsten Organe: Die Haut.","og_url":"https:\/\/kiaranaturals.com\/es\/?post_type=product&p=14408","og_site_name":"Kiara Naturals - ES","article_modified_time":"2024-07-15T09:15:19+00:00","og_image":[{"width":1400,"height":1400,"url":"http:\/\/kiaranaturals.com\/wp-content\/uploads\/sites\/4\/2022\/11\/CBD-Repair-_-Rebuild-Cream-main.png","type":"image\/png"}],"twitter_card":"summary_large_image","schema":{"@context":"https:\/\/schema.org","@graph":[{"@type":"WebSite","@id":"https:\/\/kiaranaturals.com\/es\/#website","url":"https:\/\/kiaranaturals.com\/es\/","name":"Kiara Naturals - ES","description":"Formulaciones de CBD de grado farmac\u00e9utico combinadas con remedios naturales que ayudan terap\u00e9uticamente. Nuestros productos son cultivados, extra\u00eddos y fabricados en el coraz\u00f3n de los Alpes suizos.","potentialAction":[{"@type":"SearchAction","target":{"@type":"EntryPoint","urlTemplate":"https:\/\/kiaranaturals.com\/es\/?s={search_term_string}"},"query-input":"required name=search_term_string"}],"inLanguage":"es"},{"@type":"ImageObject","inLanguage":"es","@id":"https:\/\/kiaranaturals.com\/es\/?post_type=product&p=14408#primaryimage","url":"https:\/\/kiaranaturals.com\/wp-content\/uploads\/sites\/4\/2022\/11\/CBD-Repair-_-Rebuild-Cream-main.png","contentUrl":"https:\/\/kiaranaturals.com\/wp-content\/uploads\/sites\/4\/2022\/11\/CBD-Repair-_-Rebuild-Cream-main.png","width":1400,"height":1400},{"@type":"WebPage","@id":"https:\/\/kiaranaturals.com\/es\/?post_type=product&p=14408#webpage","url":"https:\/\/kiaranaturals.com\/es\/?post_type=product&p=14408","name":"Buy CBD SkinAid Creme - Kiara Naturals","isPartOf":{"@id":"https:\/\/kiaranaturals.com\/es\/#website"},"primaryImageOfPage":{"@id":"https:\/\/kiaranaturals.com\/es\/?post_type=product&p=14408#primaryimage"},"datePublished":"2020-10-10T07:22:59+00:00","dateModified":"2024-07-15T09:15:19+00:00","breadcrumb":{"@id":"https:\/\/kiaranaturals.com\/es\/?post_type=product&p=14408#breadcrumb"},"inLanguage":"es","potentialAction":[{"@type":"ReadAction","target":["https:\/\/kiaranaturals.com\/es\/?post_type=product&p=14408"]}]},{"@type":"BreadcrumbList","@id":"https:\/\/kiaranaturals.com\/es\/?post_type=product&p=14408#breadcrumb","itemListElement":[{"@type":"ListItem","position":1,"name":"Home","item":"https:\/\/kiaranaturals.com\/es\/"},{"@type":"ListItem","position":2,"name":"Comprar","item":"http:\/\/kiaranaturals.com\/es\/buy\/"},{"@type":"ListItem","position":3,"name":"CBD creams and salves","item":"http:\/\/kiaranaturals.com\/es\/buy\/cbd-creams-and-salves\/"},{"@type":"ListItem","position":4,"name":"Hauthilfe Creme"}]}]}},"_links":{"self":[{"href":"https:\/\/kiaranaturals.com\/es\/wp-json\/wp\/v2\/product\/14408","targetHints":{"allow":["GET"]}}],"collection":[{"href":"https:\/\/kiaranaturals.com\/es\/wp-json\/wp\/v2\/product"}],"about":[{"href":"https:\/\/kiaranaturals.com\/es\/wp-json\/wp\/v2\/types\/product"}],"wp:featuredmedia":[{"embeddable":true,"href":"https:\/\/kiaranaturals.com\/es\/wp-json\/wp\/v2\/media\/14405"}],"wp:attachment":[{"href":"https:\/\/kiaranaturals.com\/es\/wp-json\/wp\/v2\/media?parent=14408"}],"wp:term":[{"taxonomy":"product_cat","embeddable":true,"href":"https:\/\/kiaranaturals.com\/es\/wp-json\/wp\/v2\/product_cat?post=14408"},{"taxonomy":"product_tag","embeddable":true,"href":"https:\/\/kiaranaturals.com\/es\/wp-json\/wp\/v2\/product_tag?post=14408"}],"curies":[{"name":"wp","href":"https:\/\/api.w.org\/{rel}","templated":true}]}}