{"id":14482,"date":"2022-11-21T14:55:01","date_gmt":"2022-11-21T13:55:01","guid":{"rendered":"https:\/\/kiaranaturals.com\/es\/?post_type=product&#038;p=14482"},"modified":"2026-04-09T10:17:55","modified_gmt":"2026-04-09T08:17:55","slug":"aceite-cbd-ecologico-de-espectro-completo-20-paquete","status":"publish","type":"product","link":"http:\/\/kiaranaturals.com\/es\/buy\/cbd-oils\/aceite-cbd-ecologico-de-espectro-completo-20paquete\/","title":{"rendered":"Aceite CBD ecol\u00f3gico de espectro completo 20% Paquete"},"excerpt":{"rendered":"<p><span style=\"vertical-align: inherit;\"><span style=\"vertical-align: inherit;\">Limited-time offer on our best-selling full-spectrum organic CBD oil \u2022 Certified Swiss Organic Hemp \u2022 Used by alternative practitioners in clinics \u2022 Made in Appenzellerland, Switzerland \u2022 Rich in natural terpenes \u2022 Tested by an accredited third-party lab \u2022 Full Entourage effect \u2022 Vegan , Non-GMO, Gluten Free, Sugar Free \u2022 Fast shipping from Germany \u2022 60 day money back guarantee \u2022 Made in a Swissmedic and GMP registered facility \u2022 Less than 0.2% THC \u2022 Approximately 250 drops in a bottle<\/span><\/span><\/p>\n","protected":false},"featured_media":6306,"template":"","meta":{"spay_email":""},"product_cat":[43],"product_tag":[],"class_list":["post-14482","product","type-product","status-publish","has-post-thumbnail","hentry","type-oils","type-kit","type-sale","product_cat-cbd-oils"],"acf":[],"yoast_head":"<!-- This site is optimized with the Yoast SEO plugin v19.1 - https:\/\/yoast.com\/wordpress\/plugins\/seo\/ -->\n<title>Aceite CBD ecol\u00f3gico de espectro completo 20% Paquete - Kiara Naturals - ES<\/title>\n<meta name=\"robots\" content=\"index, follow, max-snippet:-1, max-image-preview:large, max-video-preview:-1\" \/>\n<link rel=\"canonical\" href=\"http:\/\/kiaranaturals.com\/es\/buy\/cbd-oils\/aceite-cbd-ecologico-de-espectro-completo-20paquete\/\" \/>\n<meta property=\"og:locale\" content=\"es_ES\" \/>\n<meta property=\"og:type\" content=\"article\" \/>\n<meta property=\"og:title\" content=\"Aceite CBD ecol\u00f3gico de espectro completo 20% Paquete - Kiara Naturals - ES\" \/>\n<meta property=\"og:description\" content=\"Limited-time offer on our best-selling full-spectrum organic CBD oil \u2022 Certified Swiss Organic Hemp \u2022 Used by alternative practitioners in clinics \u2022 Made in Appenzellerland, Switzerland \u2022 Rich in natural terpenes \u2022 Tested by an accredited third-party lab \u2022 Full Entourage effect \u2022 Vegan , Non-GMO, Gluten Free, Sugar Free \u2022 Fast shipping from Germany \u2022 60 day money back guarantee \u2022 Made in a Swissmedic and GMP registered facility \u2022 Less than 0.2% THC \u2022 Approximately 250 drops in a bottle\" \/>\n<meta property=\"og:url\" content=\"http:\/\/kiaranaturals.com\/es\/buy\/cbd-oils\/aceite-cbd-ecologico-de-espectro-completo-20paquete\/\" \/>\n<meta property=\"og:site_name\" content=\"Kiara Naturals - ES\" \/>\n<meta property=\"article:modified_time\" content=\"2026-04-09T08:17:55+00:00\" \/>\n<meta property=\"og:image\" content=\"http:\/\/kiaranaturals.com\/wp-content\/uploads\/sites\/4\/2022\/02\/Full-Spectrum-CBD-Oil-10_-21-Free.png\" \/>\n\t<meta property=\"og:image:width\" content=\"1400\" \/>\n\t<meta property=\"og:image:height\" content=\"1400\" \/>\n\t<meta property=\"og:image:type\" content=\"image\/png\" \/>\n<meta name=\"twitter:card\" content=\"summary_large_image\" \/>\n<script type=\"application\/ld+json\" class=\"yoast-schema-graph\">{\"@context\":\"https:\/\/schema.org\",\"@graph\":[{\"@type\":\"WebSite\",\"@id\":\"https:\/\/kiaranaturals.com\/es\/#website\",\"url\":\"https:\/\/kiaranaturals.com\/es\/\",\"name\":\"Kiara Naturals - ES\",\"description\":\"Formulaciones de CBD de grado farmac\u00e9utico combinadas con remedios naturales que ayudan terap\u00e9uticamente. Nuestros productos son cultivados, extra\u00eddos y fabricados en el coraz\u00f3n de los Alpes suizos.\",\"potentialAction\":[{\"@type\":\"SearchAction\",\"target\":{\"@type\":\"EntryPoint\",\"urlTemplate\":\"https:\/\/kiaranaturals.com\/es\/?s={search_term_string}\"},\"query-input\":\"required name=search_term_string\"}],\"inLanguage\":\"es\"},{\"@type\":\"ImageObject\",\"inLanguage\":\"es\",\"@id\":\"http:\/\/kiaranaturals.com\/es\/buy\/cbd-oils\/aceite-cbd-ecologico-de-espectro-completo-20paquete\/#primaryimage\",\"url\":\"https:\/\/kiaranaturals.com\/wp-content\/uploads\/sites\/4\/2022\/02\/Full-Spectrum-CBD-Oil-10_-21-Free.png\",\"contentUrl\":\"https:\/\/kiaranaturals.com\/wp-content\/uploads\/sites\/4\/2022\/02\/Full-Spectrum-CBD-Oil-10_-21-Free.png\",\"width\":1400,\"height\":1400},{\"@type\":\"WebPage\",\"@id\":\"http:\/\/kiaranaturals.com\/es\/buy\/cbd-oils\/aceite-cbd-ecologico-de-espectro-completo-20paquete\/#webpage\",\"url\":\"http:\/\/kiaranaturals.com\/es\/buy\/cbd-oils\/aceite-cbd-ecologico-de-espectro-completo-20paquete\/\",\"name\":\"Aceite CBD ecol\u00f3gico de espectro completo 20% Paquete - Kiara Naturals - ES\",\"isPartOf\":{\"@id\":\"https:\/\/kiaranaturals.com\/es\/#website\"},\"primaryImageOfPage\":{\"@id\":\"http:\/\/kiaranaturals.com\/es\/buy\/cbd-oils\/aceite-cbd-ecologico-de-espectro-completo-20paquete\/#primaryimage\"},\"datePublished\":\"2022-11-21T13:55:01+00:00\",\"dateModified\":\"2026-04-09T08:17:55+00:00\",\"breadcrumb\":{\"@id\":\"http:\/\/kiaranaturals.com\/es\/buy\/cbd-oils\/aceite-cbd-ecologico-de-espectro-completo-20paquete\/#breadcrumb\"},\"inLanguage\":\"es\",\"potentialAction\":[{\"@type\":\"ReadAction\",\"target\":[\"http:\/\/kiaranaturals.com\/es\/buy\/cbd-oils\/aceite-cbd-ecologico-de-espectro-completo-20paquete\/\"]}]},{\"@type\":\"BreadcrumbList\",\"@id\":\"http:\/\/kiaranaturals.com\/es\/buy\/cbd-oils\/aceite-cbd-ecologico-de-espectro-completo-20paquete\/#breadcrumb\",\"itemListElement\":[{\"@type\":\"ListItem\",\"position\":1,\"name\":\"Home\",\"item\":\"https:\/\/kiaranaturals.com\/es\/\"},{\"@type\":\"ListItem\",\"position\":2,\"name\":\"Comprar\",\"item\":\"http:\/\/kiaranaturals.com\/es\/buy\/\"},{\"@type\":\"ListItem\",\"position\":3,\"name\":\"CBD oils\",\"item\":\"http:\/\/kiaranaturals.com\/es\/buy\/cbd-oils\/\"},{\"@type\":\"ListItem\",\"position\":4,\"name\":\"Aceite CBD ecol\u00f3gico de espectro completo 20% Paquete\"}]}]}<\/script>\n<!-- \/ Yoast SEO plugin. -->","yoast_head_json":{"title":"Aceite CBD ecol\u00f3gico de espectro completo 20% Paquete - Kiara Naturals - ES","robots":{"index":"index","follow":"follow","max-snippet":"max-snippet:-1","max-image-preview":"max-image-preview:large","max-video-preview":"max-video-preview:-1"},"canonical":"http:\/\/kiaranaturals.com\/es\/buy\/cbd-oils\/aceite-cbd-ecologico-de-espectro-completo-20paquete\/","og_locale":"es_ES","og_type":"article","og_title":"Aceite CBD ecol\u00f3gico de espectro completo 20% Paquete - Kiara Naturals - ES","og_description":"Limited-time offer on our best-selling full-spectrum organic CBD oil \u2022 Certified Swiss Organic Hemp \u2022 Used by alternative practitioners in clinics \u2022 Made in Appenzellerland, Switzerland \u2022 Rich in natural terpenes \u2022 Tested by an accredited third-party lab \u2022 Full Entourage effect \u2022 Vegan , Non-GMO, Gluten Free, Sugar Free \u2022 Fast shipping from Germany \u2022 60 day money back guarantee \u2022 Made in a Swissmedic and GMP registered facility \u2022 Less than 0.2% THC \u2022 Approximately 250 drops in a bottle","og_url":"http:\/\/kiaranaturals.com\/es\/buy\/cbd-oils\/aceite-cbd-ecologico-de-espectro-completo-20paquete\/","og_site_name":"Kiara Naturals - ES","article_modified_time":"2026-04-09T08:17:55+00:00","og_image":[{"width":1400,"height":1400,"url":"http:\/\/kiaranaturals.com\/wp-content\/uploads\/sites\/4\/2022\/02\/Full-Spectrum-CBD-Oil-10_-21-Free.png","type":"image\/png"}],"twitter_card":"summary_large_image","schema":{"@context":"https:\/\/schema.org","@graph":[{"@type":"WebSite","@id":"https:\/\/kiaranaturals.com\/es\/#website","url":"https:\/\/kiaranaturals.com\/es\/","name":"Kiara Naturals - ES","description":"Formulaciones de CBD de grado farmac\u00e9utico combinadas con remedios naturales que ayudan terap\u00e9uticamente. Nuestros productos son cultivados, extra\u00eddos y fabricados en el coraz\u00f3n de los Alpes suizos.","potentialAction":[{"@type":"SearchAction","target":{"@type":"EntryPoint","urlTemplate":"https:\/\/kiaranaturals.com\/es\/?s={search_term_string}"},"query-input":"required name=search_term_string"}],"inLanguage":"es"},{"@type":"ImageObject","inLanguage":"es","@id":"http:\/\/kiaranaturals.com\/es\/buy\/cbd-oils\/aceite-cbd-ecologico-de-espectro-completo-20paquete\/#primaryimage","url":"https:\/\/kiaranaturals.com\/wp-content\/uploads\/sites\/4\/2022\/02\/Full-Spectrum-CBD-Oil-10_-21-Free.png","contentUrl":"https:\/\/kiaranaturals.com\/wp-content\/uploads\/sites\/4\/2022\/02\/Full-Spectrum-CBD-Oil-10_-21-Free.png","width":1400,"height":1400},{"@type":"WebPage","@id":"http:\/\/kiaranaturals.com\/es\/buy\/cbd-oils\/aceite-cbd-ecologico-de-espectro-completo-20paquete\/#webpage","url":"http:\/\/kiaranaturals.com\/es\/buy\/cbd-oils\/aceite-cbd-ecologico-de-espectro-completo-20paquete\/","name":"Aceite CBD ecol\u00f3gico de espectro completo 20% Paquete - Kiara Naturals - ES","isPartOf":{"@id":"https:\/\/kiaranaturals.com\/es\/#website"},"primaryImageOfPage":{"@id":"http:\/\/kiaranaturals.com\/es\/buy\/cbd-oils\/aceite-cbd-ecologico-de-espectro-completo-20paquete\/#primaryimage"},"datePublished":"2022-11-21T13:55:01+00:00","dateModified":"2026-04-09T08:17:55+00:00","breadcrumb":{"@id":"http:\/\/kiaranaturals.com\/es\/buy\/cbd-oils\/aceite-cbd-ecologico-de-espectro-completo-20paquete\/#breadcrumb"},"inLanguage":"es","potentialAction":[{"@type":"ReadAction","target":["http:\/\/kiaranaturals.com\/es\/buy\/cbd-oils\/aceite-cbd-ecologico-de-espectro-completo-20paquete\/"]}]},{"@type":"BreadcrumbList","@id":"http:\/\/kiaranaturals.com\/es\/buy\/cbd-oils\/aceite-cbd-ecologico-de-espectro-completo-20paquete\/#breadcrumb","itemListElement":[{"@type":"ListItem","position":1,"name":"Home","item":"https:\/\/kiaranaturals.com\/es\/"},{"@type":"ListItem","position":2,"name":"Comprar","item":"http:\/\/kiaranaturals.com\/es\/buy\/"},{"@type":"ListItem","position":3,"name":"CBD oils","item":"http:\/\/kiaranaturals.com\/es\/buy\/cbd-oils\/"},{"@type":"ListItem","position":4,"name":"Aceite CBD ecol\u00f3gico de espectro completo 20% Paquete"}]}]}},"_links":{"self":[{"href":"https:\/\/kiaranaturals.com\/es\/wp-json\/wp\/v2\/product\/14482","targetHints":{"allow":["GET"]}}],"collection":[{"href":"https:\/\/kiaranaturals.com\/es\/wp-json\/wp\/v2\/product"}],"about":[{"href":"https:\/\/kiaranaturals.com\/es\/wp-json\/wp\/v2\/types\/product"}],"wp:featuredmedia":[{"embeddable":true,"href":"https:\/\/kiaranaturals.com\/es\/wp-json\/wp\/v2\/media\/6306"}],"wp:attachment":[{"href":"https:\/\/kiaranaturals.com\/es\/wp-json\/wp\/v2\/media?parent=14482"}],"wp:term":[{"taxonomy":"product_cat","embeddable":true,"href":"https:\/\/kiaranaturals.com\/es\/wp-json\/wp\/v2\/product_cat?post=14482"},{"taxonomy":"product_tag","embeddable":true,"href":"https:\/\/kiaranaturals.com\/es\/wp-json\/wp\/v2\/product_tag?post=14482"}],"curies":[{"name":"wp","href":"https:\/\/api.w.org\/{rel}","templated":true}]}}