{"id":14505,"date":"2022-11-21T15:46:27","date_gmt":"2022-11-21T14:46:27","guid":{"rendered":"https:\/\/kiaranaturals.com\/es\/?post_type=product&#038;p=14505"},"modified":"2026-02-24T11:23:26","modified_gmt":"2026-02-24T10:23:26","slug":"aceite-puro-de-cbd-10paquete","status":"publish","type":"product","link":"http:\/\/kiaranaturals.com\/es\/buy\/cbd-oils\/aceite-puro-de-cbd-10paquete\/","title":{"rendered":"Aceite puro de CBD 10% Paquete"},"excerpt":{"rendered":"<p>CBD puro, libre de THC. Nuestro aceite de CBD puro de grado farmac\u00e9utico contiene la concentraci\u00f3n m\u00e1s alta de CBD aislado, ins\u00edpido e inodoro y la cantidad m\u00ednima de aceite de relleno<\/p>\n","protected":false},"featured_media":14514,"template":"","meta":{"spay_email":""},"product_cat":[18,43,20,21,22],"product_tag":[],"class_list":["post-14505","product","type-product","status-publish","has-post-thumbnail","hentry","type-oils","type-kit","type-sale","product_cat-cbd-for-anxiety","product_cat-cbd-oils","product_cat-cbd-for-skin-care","product_cat-cbd-for-recovery","product_cat-cbd-for-everyday-wellness"],"acf":[],"yoast_head":"<!-- This site is optimized with the Yoast SEO plugin v19.1 - https:\/\/yoast.com\/wordpress\/plugins\/seo\/ -->\n<title>Buy Pure CBD Oil - Kiara Naturals<\/title>\n<meta name=\"robots\" content=\"index, follow, max-snippet:-1, max-image-preview:large, max-video-preview:-1\" \/>\n<link rel=\"canonical\" href=\"http:\/\/kiaranaturals.com\/es\/buy\/cbd-oils\/aceite-puro-de-cbd-10paquete\/\" \/>\n<meta property=\"og:locale\" content=\"es_ES\" \/>\n<meta property=\"og:type\" content=\"article\" \/>\n<meta property=\"og:title\" content=\"Buy Pure CBD Oil - Kiara Naturals\" \/>\n<meta property=\"og:description\" content=\"CBD puro, libre de THC. Nuestro aceite de CBD puro de grado farmac\u00e9utico contiene la concentraci\u00f3n m\u00e1s alta de CBD aislado, ins\u00edpido e inodoro y la cantidad m\u00ednima de aceite de relleno\" \/>\n<meta property=\"og:url\" content=\"http:\/\/kiaranaturals.com\/es\/buy\/cbd-oils\/aceite-puro-de-cbd-10paquete\/\" \/>\n<meta property=\"og:site_name\" content=\"Kiara Naturals - ES\" \/>\n<meta property=\"article:modified_time\" content=\"2026-02-24T10:23:26+00:00\" \/>\n<meta property=\"og:image\" content=\"http:\/\/kiaranaturals.com\/wp-content\/uploads\/sites\/4\/2022\/11\/Website_Kitpics_3xpacks_1400x140018.png\" \/>\n\t<meta property=\"og:image:width\" content=\"1400\" \/>\n\t<meta property=\"og:image:height\" content=\"1400\" \/>\n\t<meta property=\"og:image:type\" content=\"image\/png\" \/>\n<meta name=\"twitter:card\" content=\"summary_large_image\" \/>\n<script type=\"application\/ld+json\" class=\"yoast-schema-graph\">{\"@context\":\"https:\/\/schema.org\",\"@graph\":[{\"@type\":\"WebSite\",\"@id\":\"https:\/\/kiaranaturals.com\/es\/#website\",\"url\":\"https:\/\/kiaranaturals.com\/es\/\",\"name\":\"Kiara Naturals - ES\",\"description\":\"Formulaciones de CBD de grado farmac\u00e9utico combinadas con remedios naturales que ayudan terap\u00e9uticamente. Nuestros productos son cultivados, extra\u00eddos y fabricados en el coraz\u00f3n de los Alpes suizos.\",\"potentialAction\":[{\"@type\":\"SearchAction\",\"target\":{\"@type\":\"EntryPoint\",\"urlTemplate\":\"https:\/\/kiaranaturals.com\/es\/?s={search_term_string}\"},\"query-input\":\"required name=search_term_string\"}],\"inLanguage\":\"es\"},{\"@type\":\"ImageObject\",\"inLanguage\":\"es\",\"@id\":\"http:\/\/kiaranaturals.com\/es\/buy\/cbd-oils\/aceite-puro-de-cbd-10paquete\/#primaryimage\",\"url\":\"https:\/\/kiaranaturals.com\/wp-content\/uploads\/sites\/4\/2022\/11\/Website_Kitpics_3xpacks_1400x140018.png\",\"contentUrl\":\"https:\/\/kiaranaturals.com\/wp-content\/uploads\/sites\/4\/2022\/11\/Website_Kitpics_3xpacks_1400x140018.png\",\"width\":1400,\"height\":1400},{\"@type\":\"WebPage\",\"@id\":\"http:\/\/kiaranaturals.com\/es\/buy\/cbd-oils\/aceite-puro-de-cbd-10paquete\/#webpage\",\"url\":\"http:\/\/kiaranaturals.com\/es\/buy\/cbd-oils\/aceite-puro-de-cbd-10paquete\/\",\"name\":\"Buy Pure CBD Oil - Kiara Naturals\",\"isPartOf\":{\"@id\":\"https:\/\/kiaranaturals.com\/es\/#website\"},\"primaryImageOfPage\":{\"@id\":\"http:\/\/kiaranaturals.com\/es\/buy\/cbd-oils\/aceite-puro-de-cbd-10paquete\/#primaryimage\"},\"datePublished\":\"2022-11-21T14:46:27+00:00\",\"dateModified\":\"2026-02-24T10:23:26+00:00\",\"breadcrumb\":{\"@id\":\"http:\/\/kiaranaturals.com\/es\/buy\/cbd-oils\/aceite-puro-de-cbd-10paquete\/#breadcrumb\"},\"inLanguage\":\"es\",\"potentialAction\":[{\"@type\":\"ReadAction\",\"target\":[\"http:\/\/kiaranaturals.com\/es\/buy\/cbd-oils\/aceite-puro-de-cbd-10paquete\/\"]}]},{\"@type\":\"BreadcrumbList\",\"@id\":\"http:\/\/kiaranaturals.com\/es\/buy\/cbd-oils\/aceite-puro-de-cbd-10paquete\/#breadcrumb\",\"itemListElement\":[{\"@type\":\"ListItem\",\"position\":1,\"name\":\"Home\",\"item\":\"https:\/\/kiaranaturals.com\/es\/\"},{\"@type\":\"ListItem\",\"position\":2,\"name\":\"Comprar\",\"item\":\"http:\/\/kiaranaturals.com\/es\/buy\/\"},{\"@type\":\"ListItem\",\"position\":3,\"name\":\"CBD oils\",\"item\":\"http:\/\/kiaranaturals.com\/es\/buy\/cbd-oils\/\"},{\"@type\":\"ListItem\",\"position\":4,\"name\":\"Aceite puro de CBD 10% Paquete\"}]}]}<\/script>\n<!-- \/ Yoast SEO plugin. -->","yoast_head_json":{"title":"Buy Pure CBD Oil - Kiara Naturals","robots":{"index":"index","follow":"follow","max-snippet":"max-snippet:-1","max-image-preview":"max-image-preview:large","max-video-preview":"max-video-preview:-1"},"canonical":"http:\/\/kiaranaturals.com\/es\/buy\/cbd-oils\/aceite-puro-de-cbd-10paquete\/","og_locale":"es_ES","og_type":"article","og_title":"Buy Pure CBD Oil - Kiara Naturals","og_description":"CBD puro, libre de THC. Nuestro aceite de CBD puro de grado farmac\u00e9utico contiene la concentraci\u00f3n m\u00e1s alta de CBD aislado, ins\u00edpido e inodoro y la cantidad m\u00ednima de aceite de relleno","og_url":"http:\/\/kiaranaturals.com\/es\/buy\/cbd-oils\/aceite-puro-de-cbd-10paquete\/","og_site_name":"Kiara Naturals - ES","article_modified_time":"2026-02-24T10:23:26+00:00","og_image":[{"width":1400,"height":1400,"url":"http:\/\/kiaranaturals.com\/wp-content\/uploads\/sites\/4\/2022\/11\/Website_Kitpics_3xpacks_1400x140018.png","type":"image\/png"}],"twitter_card":"summary_large_image","schema":{"@context":"https:\/\/schema.org","@graph":[{"@type":"WebSite","@id":"https:\/\/kiaranaturals.com\/es\/#website","url":"https:\/\/kiaranaturals.com\/es\/","name":"Kiara Naturals - ES","description":"Formulaciones de CBD de grado farmac\u00e9utico combinadas con remedios naturales que ayudan terap\u00e9uticamente. Nuestros productos son cultivados, extra\u00eddos y fabricados en el coraz\u00f3n de los Alpes suizos.","potentialAction":[{"@type":"SearchAction","target":{"@type":"EntryPoint","urlTemplate":"https:\/\/kiaranaturals.com\/es\/?s={search_term_string}"},"query-input":"required name=search_term_string"}],"inLanguage":"es"},{"@type":"ImageObject","inLanguage":"es","@id":"http:\/\/kiaranaturals.com\/es\/buy\/cbd-oils\/aceite-puro-de-cbd-10paquete\/#primaryimage","url":"https:\/\/kiaranaturals.com\/wp-content\/uploads\/sites\/4\/2022\/11\/Website_Kitpics_3xpacks_1400x140018.png","contentUrl":"https:\/\/kiaranaturals.com\/wp-content\/uploads\/sites\/4\/2022\/11\/Website_Kitpics_3xpacks_1400x140018.png","width":1400,"height":1400},{"@type":"WebPage","@id":"http:\/\/kiaranaturals.com\/es\/buy\/cbd-oils\/aceite-puro-de-cbd-10paquete\/#webpage","url":"http:\/\/kiaranaturals.com\/es\/buy\/cbd-oils\/aceite-puro-de-cbd-10paquete\/","name":"Buy Pure CBD Oil - Kiara Naturals","isPartOf":{"@id":"https:\/\/kiaranaturals.com\/es\/#website"},"primaryImageOfPage":{"@id":"http:\/\/kiaranaturals.com\/es\/buy\/cbd-oils\/aceite-puro-de-cbd-10paquete\/#primaryimage"},"datePublished":"2022-11-21T14:46:27+00:00","dateModified":"2026-02-24T10:23:26+00:00","breadcrumb":{"@id":"http:\/\/kiaranaturals.com\/es\/buy\/cbd-oils\/aceite-puro-de-cbd-10paquete\/#breadcrumb"},"inLanguage":"es","potentialAction":[{"@type":"ReadAction","target":["http:\/\/kiaranaturals.com\/es\/buy\/cbd-oils\/aceite-puro-de-cbd-10paquete\/"]}]},{"@type":"BreadcrumbList","@id":"http:\/\/kiaranaturals.com\/es\/buy\/cbd-oils\/aceite-puro-de-cbd-10paquete\/#breadcrumb","itemListElement":[{"@type":"ListItem","position":1,"name":"Home","item":"https:\/\/kiaranaturals.com\/es\/"},{"@type":"ListItem","position":2,"name":"Comprar","item":"http:\/\/kiaranaturals.com\/es\/buy\/"},{"@type":"ListItem","position":3,"name":"CBD oils","item":"http:\/\/kiaranaturals.com\/es\/buy\/cbd-oils\/"},{"@type":"ListItem","position":4,"name":"Aceite puro de CBD 10% Paquete"}]}]}},"_links":{"self":[{"href":"https:\/\/kiaranaturals.com\/es\/wp-json\/wp\/v2\/product\/14505","targetHints":{"allow":["GET"]}}],"collection":[{"href":"https:\/\/kiaranaturals.com\/es\/wp-json\/wp\/v2\/product"}],"about":[{"href":"https:\/\/kiaranaturals.com\/es\/wp-json\/wp\/v2\/types\/product"}],"wp:featuredmedia":[{"embeddable":true,"href":"https:\/\/kiaranaturals.com\/es\/wp-json\/wp\/v2\/media\/14514"}],"wp:attachment":[{"href":"https:\/\/kiaranaturals.com\/es\/wp-json\/wp\/v2\/media?parent=14505"}],"wp:term":[{"taxonomy":"product_cat","embeddable":true,"href":"https:\/\/kiaranaturals.com\/es\/wp-json\/wp\/v2\/product_cat?post=14505"},{"taxonomy":"product_tag","embeddable":true,"href":"https:\/\/kiaranaturals.com\/es\/wp-json\/wp\/v2\/product_tag?post=14505"}],"curies":[{"name":"wp","href":"https:\/\/api.w.org\/{rel}","templated":true}]}}