{"id":14663,"date":"2022-11-25T10:47:34","date_gmt":"2022-11-25T09:47:34","guid":{"rendered":"https:\/\/kiaranaturals.com\/es\/?post_type=product&#038;p=14663"},"modified":"2025-02-06T12:37:18","modified_gmt":"2025-02-06T11:37:18","slug":"tintura-relajante-y-para-sueno-profundo3x","status":"publish","type":"product","link":"http:\/\/kiaranaturals.com\/es\/buy\/cbd-for-anxiety\/tintura-relajante-y-para-sueno-profundo3x\/","title":{"rendered":"3 x Tintura relajante y para sue\u00f1o profundo"},"excerpt":{"rendered":"<p>Nuestra tintura relajante y para sue\u00f1o profundo\u00a0combina el aceite de CBD de espectro completo con una extracci\u00f3n altamente potente de las cuatro plantas principales utilizadas en medicamentos para aliviar la ansiedad y mejorar el sue\u00f1o<\/p>\n","protected":false},"featured_media":14485,"template":"","meta":{"spay_email":""},"product_cat":[18,39,19,22],"product_tag":[],"class_list":["post-14663","product","type-product","status-publish","has-post-thumbnail","hentry","type-kit","type-sale","type-tinctures","product_cat-cbd-for-anxiety","product_cat-cbd-tinctures","product_cat-cbd-for-sleep","product_cat-cbd-for-everyday-wellness"],"acf":[],"yoast_head":"<!-- This site is optimized with the Yoast SEO plugin v19.1 - https:\/\/yoast.com\/wordpress\/plugins\/seo\/ -->\n<title>Buy CBD Deep Sleep and Relax Tincture - Kiara Naturals<\/title>\n<meta name=\"robots\" content=\"index, follow, max-snippet:-1, max-image-preview:large, max-video-preview:-1\" \/>\n<link rel=\"canonical\" href=\"http:\/\/kiaranaturals.com\/es\/buy\/cbd-for-anxiety\/tintura-relajante-y-para-sueno-profundo3x\/\" \/>\n<meta property=\"og:locale\" content=\"es_ES\" \/>\n<meta property=\"og:type\" content=\"article\" \/>\n<meta property=\"og:title\" content=\"Buy CBD Deep Sleep and Relax Tincture - Kiara Naturals\" \/>\n<meta property=\"og:description\" content=\"Nuestra tintura relajante y para sue\u00f1o profundo\u00a0combina el aceite de CBD de espectro completo con una extracci\u00f3n altamente potente de las cuatro plantas principales utilizadas en medicamentos para aliviar la ansiedad y mejorar el sue\u00f1o\" \/>\n<meta property=\"og:url\" content=\"http:\/\/kiaranaturals.com\/es\/buy\/cbd-for-anxiety\/tintura-relajante-y-para-sueno-profundo3x\/\" \/>\n<meta property=\"og:site_name\" content=\"Kiara Naturals - ES\" \/>\n<meta property=\"article:modified_time\" content=\"2025-02-06T11:37:18+00:00\" \/>\n<meta property=\"og:image\" content=\"http:\/\/kiaranaturals.com\/wp-content\/uploads\/sites\/4\/2022\/11\/Website_Kitpics_3xpacks_1400x14003.png\" \/>\n\t<meta property=\"og:image:width\" content=\"1400\" \/>\n\t<meta property=\"og:image:height\" content=\"1400\" \/>\n\t<meta property=\"og:image:type\" content=\"image\/png\" \/>\n<meta name=\"twitter:card\" content=\"summary_large_image\" \/>\n<script type=\"application\/ld+json\" class=\"yoast-schema-graph\">{\"@context\":\"https:\/\/schema.org\",\"@graph\":[{\"@type\":\"WebSite\",\"@id\":\"https:\/\/kiaranaturals.com\/es\/#website\",\"url\":\"https:\/\/kiaranaturals.com\/es\/\",\"name\":\"Kiara Naturals - ES\",\"description\":\"Formulaciones de CBD de grado farmac\u00e9utico combinadas con remedios naturales que ayudan terap\u00e9uticamente. Nuestros productos son cultivados, extra\u00eddos y fabricados en el coraz\u00f3n de los Alpes suizos.\",\"potentialAction\":[{\"@type\":\"SearchAction\",\"target\":{\"@type\":\"EntryPoint\",\"urlTemplate\":\"https:\/\/kiaranaturals.com\/es\/?s={search_term_string}\"},\"query-input\":\"required name=search_term_string\"}],\"inLanguage\":\"es\"},{\"@type\":\"ImageObject\",\"inLanguage\":\"es\",\"@id\":\"http:\/\/kiaranaturals.com\/es\/buy\/cbd-for-anxiety\/tintura-relajante-y-para-sueno-profundo3x\/#primaryimage\",\"url\":\"https:\/\/kiaranaturals.com\/wp-content\/uploads\/sites\/4\/2022\/11\/Website_Kitpics_3xpacks_1400x14003.png\",\"contentUrl\":\"https:\/\/kiaranaturals.com\/wp-content\/uploads\/sites\/4\/2022\/11\/Website_Kitpics_3xpacks_1400x14003.png\",\"width\":1400,\"height\":1400},{\"@type\":\"WebPage\",\"@id\":\"http:\/\/kiaranaturals.com\/es\/buy\/cbd-for-anxiety\/tintura-relajante-y-para-sueno-profundo3x\/#webpage\",\"url\":\"http:\/\/kiaranaturals.com\/es\/buy\/cbd-for-anxiety\/tintura-relajante-y-para-sueno-profundo3x\/\",\"name\":\"Buy CBD Deep Sleep and Relax Tincture - Kiara Naturals\",\"isPartOf\":{\"@id\":\"https:\/\/kiaranaturals.com\/es\/#website\"},\"primaryImageOfPage\":{\"@id\":\"http:\/\/kiaranaturals.com\/es\/buy\/cbd-for-anxiety\/tintura-relajante-y-para-sueno-profundo3x\/#primaryimage\"},\"datePublished\":\"2022-11-25T09:47:34+00:00\",\"dateModified\":\"2025-02-06T11:37:18+00:00\",\"breadcrumb\":{\"@id\":\"http:\/\/kiaranaturals.com\/es\/buy\/cbd-for-anxiety\/tintura-relajante-y-para-sueno-profundo3x\/#breadcrumb\"},\"inLanguage\":\"es\",\"potentialAction\":[{\"@type\":\"ReadAction\",\"target\":[\"http:\/\/kiaranaturals.com\/es\/buy\/cbd-for-anxiety\/tintura-relajante-y-para-sueno-profundo3x\/\"]}]},{\"@type\":\"BreadcrumbList\",\"@id\":\"http:\/\/kiaranaturals.com\/es\/buy\/cbd-for-anxiety\/tintura-relajante-y-para-sueno-profundo3x\/#breadcrumb\",\"itemListElement\":[{\"@type\":\"ListItem\",\"position\":1,\"name\":\"Home\",\"item\":\"https:\/\/kiaranaturals.com\/es\/\"},{\"@type\":\"ListItem\",\"position\":2,\"name\":\"Comprar\",\"item\":\"http:\/\/kiaranaturals.com\/es\/buy\/\"},{\"@type\":\"ListItem\",\"position\":3,\"name\":\"Ansiedad\",\"item\":\"http:\/\/kiaranaturals.com\/es\/buy\/cbd-for-anxiety\/\"},{\"@type\":\"ListItem\",\"position\":4,\"name\":\"3 x Tintura relajante y para sue\u00f1o profundo\"}]}]}<\/script>\n<!-- \/ Yoast SEO plugin. -->","yoast_head_json":{"title":"Buy CBD Deep Sleep and Relax Tincture - Kiara Naturals","robots":{"index":"index","follow":"follow","max-snippet":"max-snippet:-1","max-image-preview":"max-image-preview:large","max-video-preview":"max-video-preview:-1"},"canonical":"http:\/\/kiaranaturals.com\/es\/buy\/cbd-for-anxiety\/tintura-relajante-y-para-sueno-profundo3x\/","og_locale":"es_ES","og_type":"article","og_title":"Buy CBD Deep Sleep and Relax Tincture - Kiara Naturals","og_description":"Nuestra tintura relajante y para sue\u00f1o profundo\u00a0combina el aceite de CBD de espectro completo con una extracci\u00f3n altamente potente de las cuatro plantas principales utilizadas en medicamentos para aliviar la ansiedad y mejorar el sue\u00f1o","og_url":"http:\/\/kiaranaturals.com\/es\/buy\/cbd-for-anxiety\/tintura-relajante-y-para-sueno-profundo3x\/","og_site_name":"Kiara Naturals - ES","article_modified_time":"2025-02-06T11:37:18+00:00","og_image":[{"width":1400,"height":1400,"url":"http:\/\/kiaranaturals.com\/wp-content\/uploads\/sites\/4\/2022\/11\/Website_Kitpics_3xpacks_1400x14003.png","type":"image\/png"}],"twitter_card":"summary_large_image","schema":{"@context":"https:\/\/schema.org","@graph":[{"@type":"WebSite","@id":"https:\/\/kiaranaturals.com\/es\/#website","url":"https:\/\/kiaranaturals.com\/es\/","name":"Kiara Naturals - ES","description":"Formulaciones de CBD de grado farmac\u00e9utico combinadas con remedios naturales que ayudan terap\u00e9uticamente. Nuestros productos son cultivados, extra\u00eddos y fabricados en el coraz\u00f3n de los Alpes suizos.","potentialAction":[{"@type":"SearchAction","target":{"@type":"EntryPoint","urlTemplate":"https:\/\/kiaranaturals.com\/es\/?s={search_term_string}"},"query-input":"required name=search_term_string"}],"inLanguage":"es"},{"@type":"ImageObject","inLanguage":"es","@id":"http:\/\/kiaranaturals.com\/es\/buy\/cbd-for-anxiety\/tintura-relajante-y-para-sueno-profundo3x\/#primaryimage","url":"https:\/\/kiaranaturals.com\/wp-content\/uploads\/sites\/4\/2022\/11\/Website_Kitpics_3xpacks_1400x14003.png","contentUrl":"https:\/\/kiaranaturals.com\/wp-content\/uploads\/sites\/4\/2022\/11\/Website_Kitpics_3xpacks_1400x14003.png","width":1400,"height":1400},{"@type":"WebPage","@id":"http:\/\/kiaranaturals.com\/es\/buy\/cbd-for-anxiety\/tintura-relajante-y-para-sueno-profundo3x\/#webpage","url":"http:\/\/kiaranaturals.com\/es\/buy\/cbd-for-anxiety\/tintura-relajante-y-para-sueno-profundo3x\/","name":"Buy CBD Deep Sleep and Relax Tincture - Kiara Naturals","isPartOf":{"@id":"https:\/\/kiaranaturals.com\/es\/#website"},"primaryImageOfPage":{"@id":"http:\/\/kiaranaturals.com\/es\/buy\/cbd-for-anxiety\/tintura-relajante-y-para-sueno-profundo3x\/#primaryimage"},"datePublished":"2022-11-25T09:47:34+00:00","dateModified":"2025-02-06T11:37:18+00:00","breadcrumb":{"@id":"http:\/\/kiaranaturals.com\/es\/buy\/cbd-for-anxiety\/tintura-relajante-y-para-sueno-profundo3x\/#breadcrumb"},"inLanguage":"es","potentialAction":[{"@type":"ReadAction","target":["http:\/\/kiaranaturals.com\/es\/buy\/cbd-for-anxiety\/tintura-relajante-y-para-sueno-profundo3x\/"]}]},{"@type":"BreadcrumbList","@id":"http:\/\/kiaranaturals.com\/es\/buy\/cbd-for-anxiety\/tintura-relajante-y-para-sueno-profundo3x\/#breadcrumb","itemListElement":[{"@type":"ListItem","position":1,"name":"Home","item":"https:\/\/kiaranaturals.com\/es\/"},{"@type":"ListItem","position":2,"name":"Comprar","item":"http:\/\/kiaranaturals.com\/es\/buy\/"},{"@type":"ListItem","position":3,"name":"Ansiedad","item":"http:\/\/kiaranaturals.com\/es\/buy\/cbd-for-anxiety\/"},{"@type":"ListItem","position":4,"name":"3 x Tintura relajante y para sue\u00f1o profundo"}]}]}},"_links":{"self":[{"href":"https:\/\/kiaranaturals.com\/es\/wp-json\/wp\/v2\/product\/14663","targetHints":{"allow":["GET"]}}],"collection":[{"href":"https:\/\/kiaranaturals.com\/es\/wp-json\/wp\/v2\/product"}],"about":[{"href":"https:\/\/kiaranaturals.com\/es\/wp-json\/wp\/v2\/types\/product"}],"wp:featuredmedia":[{"embeddable":true,"href":"https:\/\/kiaranaturals.com\/es\/wp-json\/wp\/v2\/media\/14485"}],"wp:attachment":[{"href":"https:\/\/kiaranaturals.com\/es\/wp-json\/wp\/v2\/media?parent=14663"}],"wp:term":[{"taxonomy":"product_cat","embeddable":true,"href":"https:\/\/kiaranaturals.com\/es\/wp-json\/wp\/v2\/product_cat?post=14663"},{"taxonomy":"product_tag","embeddable":true,"href":"https:\/\/kiaranaturals.com\/es\/wp-json\/wp\/v2\/product_tag?post=14663"}],"curies":[{"name":"wp","href":"https:\/\/api.w.org\/{rel}","templated":true}]}}