{"id":4545,"date":"2022-02-15T16:04:48","date_gmt":"2022-02-15T15:04:48","guid":{"rendered":"https:\/\/kiaranaturals.com\/es\/?post_type=product&#038;p=4545"},"modified":"2026-03-27T23:03:48","modified_gmt":"2026-03-27T22:03:48","slug":"aceite-de-cbd-espectro-completo-miister","status":"publish","type":"product","link":"http:\/\/kiaranaturals.com\/es\/buy\/cbd-oils\/aceite-de-cbd-espectro-completo-10-paquete\/","title":{"rendered":"Aceite CBD ecol\u00f3gico de espectro completo 10% paquete"},"excerpt":{"rendered":"<p>Oferta por tiempo limitado de nuestro aceite CBD ecol\u00f3gico de espectro completo m\u00e1s vendido \u2022 C\u00e1\u00f1amo org\u00e1nico suizo certificado \u2022 Utilizado por m\u00e9dicos alternativos en cl\u00ednicas \u2022 Elaborado en Appenzellerland, Suiza \u2022 Rico en terpenos naturales \u2022 Analizado en un laboratorio externo acreditado \u2022 Efecto Entourage completo \u2022 Vegano, sin OGM, sin gluten, sin az\u00facar \u2022 Env\u00edo r\u00e1pido desde Alemania \u2022 60 d\u00edas de garant\u00eda de devoluci\u00f3n del dinero \u2022 Fabricado en una instalaci\u00f3n registrada por Swissmedic y GMP \u2022 Menos de 0,2% de THC \u2022 Aproximadamente 250 gotas en una botella<\/p>\n","protected":false},"featured_media":2020,"template":"","meta":{"spay_email":""},"product_cat":[43],"product_tag":[],"class_list":["post-4545","product","type-product","status-publish","has-post-thumbnail","hentry","type-oils","type-kit","type-sale","product_cat-cbd-oils"],"acf":[],"yoast_head":"<!-- This site is optimized with the Yoast SEO plugin v19.1 - https:\/\/yoast.com\/wordpress\/plugins\/seo\/ -->\n<title>Aceite CBD ecol\u00f3gico de espectro completo 10% paquete - Kiara Naturals - ES<\/title>\n<meta name=\"robots\" content=\"index, follow, max-snippet:-1, max-image-preview:large, max-video-preview:-1\" \/>\n<link rel=\"canonical\" href=\"http:\/\/kiaranaturals.com\/es\/buy\/cbd-oils\/aceite-de-cbd-espectro-completo-10-paquete\/\" \/>\n<meta property=\"og:locale\" content=\"es_ES\" \/>\n<meta property=\"og:type\" content=\"article\" \/>\n<meta property=\"og:title\" content=\"Aceite CBD ecol\u00f3gico de espectro completo 10% paquete - Kiara Naturals - ES\" \/>\n<meta property=\"og:description\" content=\"Oferta por tiempo limitado de nuestro aceite CBD ecol\u00f3gico de espectro completo m\u00e1s vendido \u2022 C\u00e1\u00f1amo org\u00e1nico suizo certificado \u2022 Utilizado por m\u00e9dicos alternativos en cl\u00ednicas \u2022 Elaborado en Appenzellerland, Suiza \u2022 Rico en terpenos naturales \u2022 Analizado en un laboratorio externo acreditado \u2022 Efecto Entourage completo \u2022 Vegano, sin OGM, sin gluten, sin az\u00facar \u2022 Env\u00edo r\u00e1pido desde Alemania \u2022 60 d\u00edas de garant\u00eda de devoluci\u00f3n del dinero \u2022 Fabricado en una instalaci\u00f3n registrada por Swissmedic y GMP \u2022 Menos de 0,2% de THC \u2022 Aproximadamente 250 gotas en una botella\" \/>\n<meta property=\"og:url\" content=\"http:\/\/kiaranaturals.com\/es\/buy\/cbd-oils\/aceite-de-cbd-espectro-completo-10-paquete\/\" \/>\n<meta property=\"og:site_name\" content=\"Kiara Naturals - ES\" \/>\n<meta property=\"article:modified_time\" content=\"2026-03-27T22:03:48+00:00\" \/>\n<meta property=\"og:image\" content=\"http:\/\/kiaranaturals.com\/wp-content\/uploads\/sites\/4\/2021\/08\/Full-Spectrum-CBD-Oil-10-21-Free.png\" \/>\n\t<meta property=\"og:image:width\" content=\"1400\" \/>\n\t<meta property=\"og:image:height\" content=\"1400\" \/>\n\t<meta property=\"og:image:type\" content=\"image\/png\" \/>\n<meta name=\"twitter:card\" content=\"summary_large_image\" \/>\n<script type=\"application\/ld+json\" class=\"yoast-schema-graph\">{\"@context\":\"https:\/\/schema.org\",\"@graph\":[{\"@type\":\"WebSite\",\"@id\":\"https:\/\/kiaranaturals.com\/es\/#website\",\"url\":\"https:\/\/kiaranaturals.com\/es\/\",\"name\":\"Kiara Naturals - ES\",\"description\":\"Formulaciones de CBD de grado farmac\u00e9utico combinadas con remedios naturales que ayudan terap\u00e9uticamente. Nuestros productos son cultivados, extra\u00eddos y fabricados en el coraz\u00f3n de los Alpes suizos.\",\"potentialAction\":[{\"@type\":\"SearchAction\",\"target\":{\"@type\":\"EntryPoint\",\"urlTemplate\":\"https:\/\/kiaranaturals.com\/es\/?s={search_term_string}\"},\"query-input\":\"required name=search_term_string\"}],\"inLanguage\":\"es\"},{\"@type\":\"ImageObject\",\"inLanguage\":\"es\",\"@id\":\"http:\/\/kiaranaturals.com\/es\/buy\/cbd-oils\/aceite-de-cbd-espectro-completo-10-paquete\/#primaryimage\",\"url\":\"https:\/\/kiaranaturals.com\/wp-content\/uploads\/sites\/4\/2021\/08\/Full-Spectrum-CBD-Oil-10-21-Free.png\",\"contentUrl\":\"https:\/\/kiaranaturals.com\/wp-content\/uploads\/sites\/4\/2021\/08\/Full-Spectrum-CBD-Oil-10-21-Free.png\",\"width\":1400,\"height\":1400},{\"@type\":\"WebPage\",\"@id\":\"http:\/\/kiaranaturals.com\/es\/buy\/cbd-oils\/aceite-de-cbd-espectro-completo-10-paquete\/#webpage\",\"url\":\"http:\/\/kiaranaturals.com\/es\/buy\/cbd-oils\/aceite-de-cbd-espectro-completo-10-paquete\/\",\"name\":\"Aceite CBD ecol\u00f3gico de espectro completo 10% paquete - Kiara Naturals - ES\",\"isPartOf\":{\"@id\":\"https:\/\/kiaranaturals.com\/es\/#website\"},\"primaryImageOfPage\":{\"@id\":\"http:\/\/kiaranaturals.com\/es\/buy\/cbd-oils\/aceite-de-cbd-espectro-completo-10-paquete\/#primaryimage\"},\"datePublished\":\"2022-02-15T15:04:48+00:00\",\"dateModified\":\"2026-03-27T22:03:48+00:00\",\"breadcrumb\":{\"@id\":\"http:\/\/kiaranaturals.com\/es\/buy\/cbd-oils\/aceite-de-cbd-espectro-completo-10-paquete\/#breadcrumb\"},\"inLanguage\":\"es\",\"potentialAction\":[{\"@type\":\"ReadAction\",\"target\":[\"http:\/\/kiaranaturals.com\/es\/buy\/cbd-oils\/aceite-de-cbd-espectro-completo-10-paquete\/\"]}]},{\"@type\":\"BreadcrumbList\",\"@id\":\"http:\/\/kiaranaturals.com\/es\/buy\/cbd-oils\/aceite-de-cbd-espectro-completo-10-paquete\/#breadcrumb\",\"itemListElement\":[{\"@type\":\"ListItem\",\"position\":1,\"name\":\"Home\",\"item\":\"https:\/\/kiaranaturals.com\/es\/\"},{\"@type\":\"ListItem\",\"position\":2,\"name\":\"Comprar\",\"item\":\"http:\/\/kiaranaturals.com\/es\/buy\/\"},{\"@type\":\"ListItem\",\"position\":3,\"name\":\"CBD oils\",\"item\":\"http:\/\/kiaranaturals.com\/es\/buy\/cbd-oils\/\"},{\"@type\":\"ListItem\",\"position\":4,\"name\":\"Aceite CBD ecol\u00f3gico de espectro completo 10% paquete\"}]}]}<\/script>\n<!-- \/ Yoast SEO plugin. -->","yoast_head_json":{"title":"Aceite CBD ecol\u00f3gico de espectro completo 10% paquete - Kiara Naturals - ES","robots":{"index":"index","follow":"follow","max-snippet":"max-snippet:-1","max-image-preview":"max-image-preview:large","max-video-preview":"max-video-preview:-1"},"canonical":"http:\/\/kiaranaturals.com\/es\/buy\/cbd-oils\/aceite-de-cbd-espectro-completo-10-paquete\/","og_locale":"es_ES","og_type":"article","og_title":"Aceite CBD ecol\u00f3gico de espectro completo 10% paquete - Kiara Naturals - ES","og_description":"Oferta por tiempo limitado de nuestro aceite CBD ecol\u00f3gico de espectro completo m\u00e1s vendido \u2022 C\u00e1\u00f1amo org\u00e1nico suizo certificado \u2022 Utilizado por m\u00e9dicos alternativos en cl\u00ednicas \u2022 Elaborado en Appenzellerland, Suiza \u2022 Rico en terpenos naturales \u2022 Analizado en un laboratorio externo acreditado \u2022 Efecto Entourage completo \u2022 Vegano, sin OGM, sin gluten, sin az\u00facar \u2022 Env\u00edo r\u00e1pido desde Alemania \u2022 60 d\u00edas de garant\u00eda de devoluci\u00f3n del dinero \u2022 Fabricado en una instalaci\u00f3n registrada por Swissmedic y GMP \u2022 Menos de 0,2% de THC \u2022 Aproximadamente 250 gotas en una botella","og_url":"http:\/\/kiaranaturals.com\/es\/buy\/cbd-oils\/aceite-de-cbd-espectro-completo-10-paquete\/","og_site_name":"Kiara Naturals - ES","article_modified_time":"2026-03-27T22:03:48+00:00","og_image":[{"width":1400,"height":1400,"url":"http:\/\/kiaranaturals.com\/wp-content\/uploads\/sites\/4\/2021\/08\/Full-Spectrum-CBD-Oil-10-21-Free.png","type":"image\/png"}],"twitter_card":"summary_large_image","schema":{"@context":"https:\/\/schema.org","@graph":[{"@type":"WebSite","@id":"https:\/\/kiaranaturals.com\/es\/#website","url":"https:\/\/kiaranaturals.com\/es\/","name":"Kiara Naturals - ES","description":"Formulaciones de CBD de grado farmac\u00e9utico combinadas con remedios naturales que ayudan terap\u00e9uticamente. Nuestros productos son cultivados, extra\u00eddos y fabricados en el coraz\u00f3n de los Alpes suizos.","potentialAction":[{"@type":"SearchAction","target":{"@type":"EntryPoint","urlTemplate":"https:\/\/kiaranaturals.com\/es\/?s={search_term_string}"},"query-input":"required name=search_term_string"}],"inLanguage":"es"},{"@type":"ImageObject","inLanguage":"es","@id":"http:\/\/kiaranaturals.com\/es\/buy\/cbd-oils\/aceite-de-cbd-espectro-completo-10-paquete\/#primaryimage","url":"https:\/\/kiaranaturals.com\/wp-content\/uploads\/sites\/4\/2021\/08\/Full-Spectrum-CBD-Oil-10-21-Free.png","contentUrl":"https:\/\/kiaranaturals.com\/wp-content\/uploads\/sites\/4\/2021\/08\/Full-Spectrum-CBD-Oil-10-21-Free.png","width":1400,"height":1400},{"@type":"WebPage","@id":"http:\/\/kiaranaturals.com\/es\/buy\/cbd-oils\/aceite-de-cbd-espectro-completo-10-paquete\/#webpage","url":"http:\/\/kiaranaturals.com\/es\/buy\/cbd-oils\/aceite-de-cbd-espectro-completo-10-paquete\/","name":"Aceite CBD ecol\u00f3gico de espectro completo 10% paquete - Kiara Naturals - ES","isPartOf":{"@id":"https:\/\/kiaranaturals.com\/es\/#website"},"primaryImageOfPage":{"@id":"http:\/\/kiaranaturals.com\/es\/buy\/cbd-oils\/aceite-de-cbd-espectro-completo-10-paquete\/#primaryimage"},"datePublished":"2022-02-15T15:04:48+00:00","dateModified":"2026-03-27T22:03:48+00:00","breadcrumb":{"@id":"http:\/\/kiaranaturals.com\/es\/buy\/cbd-oils\/aceite-de-cbd-espectro-completo-10-paquete\/#breadcrumb"},"inLanguage":"es","potentialAction":[{"@type":"ReadAction","target":["http:\/\/kiaranaturals.com\/es\/buy\/cbd-oils\/aceite-de-cbd-espectro-completo-10-paquete\/"]}]},{"@type":"BreadcrumbList","@id":"http:\/\/kiaranaturals.com\/es\/buy\/cbd-oils\/aceite-de-cbd-espectro-completo-10-paquete\/#breadcrumb","itemListElement":[{"@type":"ListItem","position":1,"name":"Home","item":"https:\/\/kiaranaturals.com\/es\/"},{"@type":"ListItem","position":2,"name":"Comprar","item":"http:\/\/kiaranaturals.com\/es\/buy\/"},{"@type":"ListItem","position":3,"name":"CBD oils","item":"http:\/\/kiaranaturals.com\/es\/buy\/cbd-oils\/"},{"@type":"ListItem","position":4,"name":"Aceite CBD ecol\u00f3gico de espectro completo 10% paquete"}]}]}},"_links":{"self":[{"href":"https:\/\/kiaranaturals.com\/es\/wp-json\/wp\/v2\/product\/4545","targetHints":{"allow":["GET"]}}],"collection":[{"href":"https:\/\/kiaranaturals.com\/es\/wp-json\/wp\/v2\/product"}],"about":[{"href":"https:\/\/kiaranaturals.com\/es\/wp-json\/wp\/v2\/types\/product"}],"wp:featuredmedia":[{"embeddable":true,"href":"https:\/\/kiaranaturals.com\/es\/wp-json\/wp\/v2\/media\/2020"}],"wp:attachment":[{"href":"https:\/\/kiaranaturals.com\/es\/wp-json\/wp\/v2\/media?parent=4545"}],"wp:term":[{"taxonomy":"product_cat","embeddable":true,"href":"https:\/\/kiaranaturals.com\/es\/wp-json\/wp\/v2\/product_cat?post=4545"},{"taxonomy":"product_tag","embeddable":true,"href":"https:\/\/kiaranaturals.com\/es\/wp-json\/wp\/v2\/product_tag?post=4545"}],"curies":[{"name":"wp","href":"https:\/\/api.w.org\/{rel}","templated":true}]}}