{"id":649,"date":"2020-10-10T07:58:52","date_gmt":"2020-10-10T05:58:52","guid":{"rendered":"https:\/\/kiaramain.wpengine.com\/es\/shop\/uncategorized\/cbd-immune-strength-capsules\/"},"modified":"2024-10-14T07:17:41","modified_gmt":"2024-10-14T05:17:41","slug":"immune-strength-capsules","status":"publish","type":"product","link":"http:\/\/kiaranaturals.com\/es\/buy\/cbd-capsules\/immune-strength-capsules\/","title":{"rendered":"C\u00e1psulas de fortalecimiento inmunol\u00f3gico"},"excerpt":{"rendered":"<p>La prevenci\u00f3n es la mejor medicina. Nuestras c\u00e1psulas para el fortalecimiento inmunitario mantienen su cuerpo sano y fuerte, mejorando su capacidad de adaptarse a los desaf\u00edos inmunitarios que puedan surgir cotidianamente<\/p>\n","protected":false},"featured_media":1979,"template":"","meta":{"spay_email":""},"product_cat":[41,21,22],"product_tag":[],"class_list":["post-649","product","type-product","status-publish","has-post-thumbnail","hentry","type-capsules","product_cat-cbd-capsules","product_cat-cbd-for-recovery","product_cat-cbd-for-everyday-wellness"],"acf":[],"yoast_head":"<!-- This site is optimized with the Yoast SEO plugin v19.1 - https:\/\/yoast.com\/wordpress\/plugins\/seo\/ -->\n<title>Buy CBD Immune Strength Capsules - Kiara Naturals<\/title>\n<meta name=\"robots\" content=\"index, follow, max-snippet:-1, max-image-preview:large, max-video-preview:-1\" \/>\n<link rel=\"canonical\" href=\"http:\/\/kiaranaturals.com\/es\/buy\/cbd-capsules\/immune-strength-capsules\/\" \/>\n<meta property=\"og:locale\" content=\"es_ES\" \/>\n<meta property=\"og:type\" content=\"article\" \/>\n<meta property=\"og:title\" content=\"Buy CBD Immune Strength Capsules - Kiara Naturals\" \/>\n<meta property=\"og:description\" content=\"La prevenci\u00f3n es la mejor medicina. Nuestras c\u00e1psulas para el fortalecimiento inmunitario mantienen su cuerpo sano y fuerte, mejorando su capacidad de adaptarse a los desaf\u00edos inmunitarios que puedan surgir cotidianamente\" \/>\n<meta property=\"og:url\" content=\"http:\/\/kiaranaturals.com\/es\/buy\/cbd-capsules\/immune-strength-capsules\/\" \/>\n<meta property=\"og:site_name\" content=\"Kiara Naturals - ES\" \/>\n<meta property=\"article:modified_time\" content=\"2024-10-14T05:17:41+00:00\" \/>\n<meta property=\"og:image\" content=\"http:\/\/kiaranaturals.com\/wp-content\/uploads\/sites\/4\/2021\/08\/Body-Boost-Capsules-main.png\" \/>\n\t<meta property=\"og:image:width\" content=\"1400\" \/>\n\t<meta property=\"og:image:height\" content=\"1400\" \/>\n\t<meta property=\"og:image:type\" content=\"image\/png\" \/>\n<meta name=\"twitter:card\" content=\"summary_large_image\" \/>\n<script type=\"application\/ld+json\" class=\"yoast-schema-graph\">{\"@context\":\"https:\/\/schema.org\",\"@graph\":[{\"@type\":\"WebSite\",\"@id\":\"https:\/\/kiaranaturals.com\/es\/#website\",\"url\":\"https:\/\/kiaranaturals.com\/es\/\",\"name\":\"Kiara Naturals - ES\",\"description\":\"Formulaciones de CBD de grado farmac\u00e9utico combinadas con remedios naturales que ayudan terap\u00e9uticamente. Nuestros productos son cultivados, extra\u00eddos y fabricados en el coraz\u00f3n de los Alpes suizos.\",\"potentialAction\":[{\"@type\":\"SearchAction\",\"target\":{\"@type\":\"EntryPoint\",\"urlTemplate\":\"https:\/\/kiaranaturals.com\/es\/?s={search_term_string}\"},\"query-input\":\"required name=search_term_string\"}],\"inLanguage\":\"es\"},{\"@type\":\"ImageObject\",\"inLanguage\":\"es\",\"@id\":\"http:\/\/kiaranaturals.com\/es\/buy\/cbd-capsules\/immune-strength-capsules\/#primaryimage\",\"url\":\"https:\/\/kiaranaturals.com\/wp-content\/uploads\/sites\/4\/2021\/08\/Body-Boost-Capsules-main.png\",\"contentUrl\":\"https:\/\/kiaranaturals.com\/wp-content\/uploads\/sites\/4\/2021\/08\/Body-Boost-Capsules-main.png\",\"width\":1400,\"height\":1400},{\"@type\":\"WebPage\",\"@id\":\"http:\/\/kiaranaturals.com\/es\/buy\/cbd-capsules\/immune-strength-capsules\/#webpage\",\"url\":\"http:\/\/kiaranaturals.com\/es\/buy\/cbd-capsules\/immune-strength-capsules\/\",\"name\":\"Buy CBD Immune Strength Capsules - Kiara Naturals\",\"isPartOf\":{\"@id\":\"https:\/\/kiaranaturals.com\/es\/#website\"},\"primaryImageOfPage\":{\"@id\":\"http:\/\/kiaranaturals.com\/es\/buy\/cbd-capsules\/immune-strength-capsules\/#primaryimage\"},\"datePublished\":\"2020-10-10T05:58:52+00:00\",\"dateModified\":\"2024-10-14T05:17:41+00:00\",\"breadcrumb\":{\"@id\":\"http:\/\/kiaranaturals.com\/es\/buy\/cbd-capsules\/immune-strength-capsules\/#breadcrumb\"},\"inLanguage\":\"es\",\"potentialAction\":[{\"@type\":\"ReadAction\",\"target\":[\"http:\/\/kiaranaturals.com\/es\/buy\/cbd-capsules\/immune-strength-capsules\/\"]}]},{\"@type\":\"BreadcrumbList\",\"@id\":\"http:\/\/kiaranaturals.com\/es\/buy\/cbd-capsules\/immune-strength-capsules\/#breadcrumb\",\"itemListElement\":[{\"@type\":\"ListItem\",\"position\":1,\"name\":\"Home\",\"item\":\"https:\/\/kiaranaturals.com\/es\/\"},{\"@type\":\"ListItem\",\"position\":2,\"name\":\"Comprar\",\"item\":\"http:\/\/kiaranaturals.com\/es\/buy\/\"},{\"@type\":\"ListItem\",\"position\":3,\"name\":\"CBD capsules\",\"item\":\"http:\/\/kiaranaturals.com\/es\/buy\/cbd-capsules\/\"},{\"@type\":\"ListItem\",\"position\":4,\"name\":\"C\u00e1psulas de fortalecimiento inmunol\u00f3gico\"}]}]}<\/script>\n<!-- \/ Yoast SEO plugin. -->","yoast_head_json":{"title":"Buy CBD Immune Strength Capsules - Kiara Naturals","robots":{"index":"index","follow":"follow","max-snippet":"max-snippet:-1","max-image-preview":"max-image-preview:large","max-video-preview":"max-video-preview:-1"},"canonical":"http:\/\/kiaranaturals.com\/es\/buy\/cbd-capsules\/immune-strength-capsules\/","og_locale":"es_ES","og_type":"article","og_title":"Buy CBD Immune Strength Capsules - Kiara Naturals","og_description":"La prevenci\u00f3n es la mejor medicina. Nuestras c\u00e1psulas para el fortalecimiento inmunitario mantienen su cuerpo sano y fuerte, mejorando su capacidad de adaptarse a los desaf\u00edos inmunitarios que puedan surgir cotidianamente","og_url":"http:\/\/kiaranaturals.com\/es\/buy\/cbd-capsules\/immune-strength-capsules\/","og_site_name":"Kiara Naturals - ES","article_modified_time":"2024-10-14T05:17:41+00:00","og_image":[{"width":1400,"height":1400,"url":"http:\/\/kiaranaturals.com\/wp-content\/uploads\/sites\/4\/2021\/08\/Body-Boost-Capsules-main.png","type":"image\/png"}],"twitter_card":"summary_large_image","schema":{"@context":"https:\/\/schema.org","@graph":[{"@type":"WebSite","@id":"https:\/\/kiaranaturals.com\/es\/#website","url":"https:\/\/kiaranaturals.com\/es\/","name":"Kiara Naturals - ES","description":"Formulaciones de CBD de grado farmac\u00e9utico combinadas con remedios naturales que ayudan terap\u00e9uticamente. Nuestros productos son cultivados, extra\u00eddos y fabricados en el coraz\u00f3n de los Alpes suizos.","potentialAction":[{"@type":"SearchAction","target":{"@type":"EntryPoint","urlTemplate":"https:\/\/kiaranaturals.com\/es\/?s={search_term_string}"},"query-input":"required name=search_term_string"}],"inLanguage":"es"},{"@type":"ImageObject","inLanguage":"es","@id":"http:\/\/kiaranaturals.com\/es\/buy\/cbd-capsules\/immune-strength-capsules\/#primaryimage","url":"https:\/\/kiaranaturals.com\/wp-content\/uploads\/sites\/4\/2021\/08\/Body-Boost-Capsules-main.png","contentUrl":"https:\/\/kiaranaturals.com\/wp-content\/uploads\/sites\/4\/2021\/08\/Body-Boost-Capsules-main.png","width":1400,"height":1400},{"@type":"WebPage","@id":"http:\/\/kiaranaturals.com\/es\/buy\/cbd-capsules\/immune-strength-capsules\/#webpage","url":"http:\/\/kiaranaturals.com\/es\/buy\/cbd-capsules\/immune-strength-capsules\/","name":"Buy CBD Immune Strength Capsules - Kiara Naturals","isPartOf":{"@id":"https:\/\/kiaranaturals.com\/es\/#website"},"primaryImageOfPage":{"@id":"http:\/\/kiaranaturals.com\/es\/buy\/cbd-capsules\/immune-strength-capsules\/#primaryimage"},"datePublished":"2020-10-10T05:58:52+00:00","dateModified":"2024-10-14T05:17:41+00:00","breadcrumb":{"@id":"http:\/\/kiaranaturals.com\/es\/buy\/cbd-capsules\/immune-strength-capsules\/#breadcrumb"},"inLanguage":"es","potentialAction":[{"@type":"ReadAction","target":["http:\/\/kiaranaturals.com\/es\/buy\/cbd-capsules\/immune-strength-capsules\/"]}]},{"@type":"BreadcrumbList","@id":"http:\/\/kiaranaturals.com\/es\/buy\/cbd-capsules\/immune-strength-capsules\/#breadcrumb","itemListElement":[{"@type":"ListItem","position":1,"name":"Home","item":"https:\/\/kiaranaturals.com\/es\/"},{"@type":"ListItem","position":2,"name":"Comprar","item":"http:\/\/kiaranaturals.com\/es\/buy\/"},{"@type":"ListItem","position":3,"name":"CBD capsules","item":"http:\/\/kiaranaturals.com\/es\/buy\/cbd-capsules\/"},{"@type":"ListItem","position":4,"name":"C\u00e1psulas de fortalecimiento inmunol\u00f3gico"}]}]}},"_links":{"self":[{"href":"https:\/\/kiaranaturals.com\/es\/wp-json\/wp\/v2\/product\/649","targetHints":{"allow":["GET"]}}],"collection":[{"href":"https:\/\/kiaranaturals.com\/es\/wp-json\/wp\/v2\/product"}],"about":[{"href":"https:\/\/kiaranaturals.com\/es\/wp-json\/wp\/v2\/types\/product"}],"wp:featuredmedia":[{"embeddable":true,"href":"https:\/\/kiaranaturals.com\/es\/wp-json\/wp\/v2\/media\/1979"}],"wp:attachment":[{"href":"https:\/\/kiaranaturals.com\/es\/wp-json\/wp\/v2\/media?parent=649"}],"wp:term":[{"taxonomy":"product_cat","embeddable":true,"href":"https:\/\/kiaranaturals.com\/es\/wp-json\/wp\/v2\/product_cat?post=649"},{"taxonomy":"product_tag","embeddable":true,"href":"https:\/\/kiaranaturals.com\/es\/wp-json\/wp\/v2\/product_tag?post=649"}],"curies":[{"name":"wp","href":"https:\/\/api.w.org\/{rel}","templated":true}]}}