{"id":652,"date":"2020-10-10T07:55:47","date_gmt":"2020-10-10T05:55:47","guid":{"rendered":"https:\/\/kiaramain.wpengine.com\/es\/shop\/uncategorized\/cbd-anti-pathogen-tincture\/"},"modified":"2024-11-07T11:52:25","modified_gmt":"2024-11-07T10:52:25","slug":"anti-pathogen-tincture","status":"publish","type":"product","link":"http:\/\/kiaranaturals.com\/es\/buy\/cbd-tinctures\/anti-pathogen-tincture\/","title":{"rendered":"Tintura antipat\u00f3gena"},"excerpt":{"rendered":"<p>Nuestra tintura antipat\u00f3gena est\u00e1 compuesta por siete plantas potentes, cada una de las cuales est\u00e1 cl\u00ednicamente probada para combatir pat\u00f3genos y aumentar las defensas de su cuerpo. \u00a1S\u00f3lo usarla cuando se encuentre enfermo!<\/p>\n","protected":false},"featured_media":2064,"template":"","meta":{"spay_email":""},"product_cat":[39,21],"product_tag":[],"class_list":["post-652","product","type-product","status-publish","has-post-thumbnail","hentry","type-tinctures","product_cat-cbd-tinctures","product_cat-cbd-for-recovery"],"acf":[],"yoast_head":"<!-- This site is optimized with the Yoast SEO plugin v19.1 - https:\/\/yoast.com\/wordpress\/plugins\/seo\/ -->\n<title>Buy CBD Anti-Pathogen Tincture - Kiara Naturals<\/title>\n<meta name=\"robots\" content=\"index, follow, max-snippet:-1, max-image-preview:large, max-video-preview:-1\" \/>\n<link rel=\"canonical\" href=\"http:\/\/kiaranaturals.com\/es\/buy\/cbd-tinctures\/anti-pathogen-tincture\/\" \/>\n<meta property=\"og:locale\" content=\"es_ES\" \/>\n<meta property=\"og:type\" content=\"article\" \/>\n<meta property=\"og:title\" content=\"Buy CBD Anti-Pathogen Tincture - Kiara Naturals\" \/>\n<meta property=\"og:description\" content=\"Nuestra tintura antipat\u00f3gena est\u00e1 compuesta por siete plantas potentes, cada una de las cuales est\u00e1 cl\u00ednicamente probada para combatir pat\u00f3genos y aumentar las defensas de su cuerpo. \u00a1S\u00f3lo usarla cuando se encuentre enfermo!\" \/>\n<meta property=\"og:url\" content=\"http:\/\/kiaranaturals.com\/es\/buy\/cbd-tinctures\/anti-pathogen-tincture\/\" \/>\n<meta property=\"og:site_name\" content=\"Kiara Naturals - ES\" \/>\n<meta property=\"article:modified_time\" content=\"2024-11-07T10:52:25+00:00\" \/>\n<meta property=\"og:image\" content=\"http:\/\/kiaranaturals.com\/wp-content\/uploads\/sites\/4\/2021\/08\/WINTER-CARE-TINCTURE-main.png\" \/>\n\t<meta property=\"og:image:width\" content=\"1400\" \/>\n\t<meta property=\"og:image:height\" content=\"1400\" \/>\n\t<meta property=\"og:image:type\" content=\"image\/png\" \/>\n<meta name=\"twitter:card\" content=\"summary_large_image\" \/>\n<script type=\"application\/ld+json\" class=\"yoast-schema-graph\">{\"@context\":\"https:\/\/schema.org\",\"@graph\":[{\"@type\":\"WebSite\",\"@id\":\"https:\/\/kiaranaturals.com\/es\/#website\",\"url\":\"https:\/\/kiaranaturals.com\/es\/\",\"name\":\"Kiara Naturals - ES\",\"description\":\"Formulaciones de CBD de grado farmac\u00e9utico combinadas con remedios naturales que ayudan terap\u00e9uticamente. Nuestros productos son cultivados, extra\u00eddos y fabricados en el coraz\u00f3n de los Alpes suizos.\",\"potentialAction\":[{\"@type\":\"SearchAction\",\"target\":{\"@type\":\"EntryPoint\",\"urlTemplate\":\"https:\/\/kiaranaturals.com\/es\/?s={search_term_string}\"},\"query-input\":\"required name=search_term_string\"}],\"inLanguage\":\"es\"},{\"@type\":\"ImageObject\",\"inLanguage\":\"es\",\"@id\":\"http:\/\/kiaranaturals.com\/es\/buy\/cbd-tinctures\/anti-pathogen-tincture\/#primaryimage\",\"url\":\"https:\/\/kiaranaturals.com\/wp-content\/uploads\/sites\/4\/2021\/08\/WINTER-CARE-TINCTURE-main.png\",\"contentUrl\":\"https:\/\/kiaranaturals.com\/wp-content\/uploads\/sites\/4\/2021\/08\/WINTER-CARE-TINCTURE-main.png\",\"width\":1400,\"height\":1400},{\"@type\":\"WebPage\",\"@id\":\"http:\/\/kiaranaturals.com\/es\/buy\/cbd-tinctures\/anti-pathogen-tincture\/#webpage\",\"url\":\"http:\/\/kiaranaturals.com\/es\/buy\/cbd-tinctures\/anti-pathogen-tincture\/\",\"name\":\"Buy CBD Anti-Pathogen Tincture - Kiara Naturals\",\"isPartOf\":{\"@id\":\"https:\/\/kiaranaturals.com\/es\/#website\"},\"primaryImageOfPage\":{\"@id\":\"http:\/\/kiaranaturals.com\/es\/buy\/cbd-tinctures\/anti-pathogen-tincture\/#primaryimage\"},\"datePublished\":\"2020-10-10T05:55:47+00:00\",\"dateModified\":\"2024-11-07T10:52:25+00:00\",\"breadcrumb\":{\"@id\":\"http:\/\/kiaranaturals.com\/es\/buy\/cbd-tinctures\/anti-pathogen-tincture\/#breadcrumb\"},\"inLanguage\":\"es\",\"potentialAction\":[{\"@type\":\"ReadAction\",\"target\":[\"http:\/\/kiaranaturals.com\/es\/buy\/cbd-tinctures\/anti-pathogen-tincture\/\"]}]},{\"@type\":\"BreadcrumbList\",\"@id\":\"http:\/\/kiaranaturals.com\/es\/buy\/cbd-tinctures\/anti-pathogen-tincture\/#breadcrumb\",\"itemListElement\":[{\"@type\":\"ListItem\",\"position\":1,\"name\":\"Home\",\"item\":\"https:\/\/kiaranaturals.com\/es\/\"},{\"@type\":\"ListItem\",\"position\":2,\"name\":\"Comprar\",\"item\":\"http:\/\/kiaranaturals.com\/es\/buy\/\"},{\"@type\":\"ListItem\",\"position\":3,\"name\":\"CBD tinctures\",\"item\":\"http:\/\/kiaranaturals.com\/es\/buy\/cbd-tinctures\/\"},{\"@type\":\"ListItem\",\"position\":4,\"name\":\"Tintura antipat\u00f3gena\"}]}]}<\/script>\n<!-- \/ Yoast SEO plugin. -->","yoast_head_json":{"title":"Buy CBD Anti-Pathogen Tincture - Kiara Naturals","robots":{"index":"index","follow":"follow","max-snippet":"max-snippet:-1","max-image-preview":"max-image-preview:large","max-video-preview":"max-video-preview:-1"},"canonical":"http:\/\/kiaranaturals.com\/es\/buy\/cbd-tinctures\/anti-pathogen-tincture\/","og_locale":"es_ES","og_type":"article","og_title":"Buy CBD Anti-Pathogen Tincture - Kiara Naturals","og_description":"Nuestra tintura antipat\u00f3gena est\u00e1 compuesta por siete plantas potentes, cada una de las cuales est\u00e1 cl\u00ednicamente probada para combatir pat\u00f3genos y aumentar las defensas de su cuerpo. \u00a1S\u00f3lo usarla cuando se encuentre enfermo!","og_url":"http:\/\/kiaranaturals.com\/es\/buy\/cbd-tinctures\/anti-pathogen-tincture\/","og_site_name":"Kiara Naturals - ES","article_modified_time":"2024-11-07T10:52:25+00:00","og_image":[{"width":1400,"height":1400,"url":"http:\/\/kiaranaturals.com\/wp-content\/uploads\/sites\/4\/2021\/08\/WINTER-CARE-TINCTURE-main.png","type":"image\/png"}],"twitter_card":"summary_large_image","schema":{"@context":"https:\/\/schema.org","@graph":[{"@type":"WebSite","@id":"https:\/\/kiaranaturals.com\/es\/#website","url":"https:\/\/kiaranaturals.com\/es\/","name":"Kiara Naturals - ES","description":"Formulaciones de CBD de grado farmac\u00e9utico combinadas con remedios naturales que ayudan terap\u00e9uticamente. Nuestros productos son cultivados, extra\u00eddos y fabricados en el coraz\u00f3n de los Alpes suizos.","potentialAction":[{"@type":"SearchAction","target":{"@type":"EntryPoint","urlTemplate":"https:\/\/kiaranaturals.com\/es\/?s={search_term_string}"},"query-input":"required name=search_term_string"}],"inLanguage":"es"},{"@type":"ImageObject","inLanguage":"es","@id":"http:\/\/kiaranaturals.com\/es\/buy\/cbd-tinctures\/anti-pathogen-tincture\/#primaryimage","url":"https:\/\/kiaranaturals.com\/wp-content\/uploads\/sites\/4\/2021\/08\/WINTER-CARE-TINCTURE-main.png","contentUrl":"https:\/\/kiaranaturals.com\/wp-content\/uploads\/sites\/4\/2021\/08\/WINTER-CARE-TINCTURE-main.png","width":1400,"height":1400},{"@type":"WebPage","@id":"http:\/\/kiaranaturals.com\/es\/buy\/cbd-tinctures\/anti-pathogen-tincture\/#webpage","url":"http:\/\/kiaranaturals.com\/es\/buy\/cbd-tinctures\/anti-pathogen-tincture\/","name":"Buy CBD Anti-Pathogen Tincture - Kiara Naturals","isPartOf":{"@id":"https:\/\/kiaranaturals.com\/es\/#website"},"primaryImageOfPage":{"@id":"http:\/\/kiaranaturals.com\/es\/buy\/cbd-tinctures\/anti-pathogen-tincture\/#primaryimage"},"datePublished":"2020-10-10T05:55:47+00:00","dateModified":"2024-11-07T10:52:25+00:00","breadcrumb":{"@id":"http:\/\/kiaranaturals.com\/es\/buy\/cbd-tinctures\/anti-pathogen-tincture\/#breadcrumb"},"inLanguage":"es","potentialAction":[{"@type":"ReadAction","target":["http:\/\/kiaranaturals.com\/es\/buy\/cbd-tinctures\/anti-pathogen-tincture\/"]}]},{"@type":"BreadcrumbList","@id":"http:\/\/kiaranaturals.com\/es\/buy\/cbd-tinctures\/anti-pathogen-tincture\/#breadcrumb","itemListElement":[{"@type":"ListItem","position":1,"name":"Home","item":"https:\/\/kiaranaturals.com\/es\/"},{"@type":"ListItem","position":2,"name":"Comprar","item":"http:\/\/kiaranaturals.com\/es\/buy\/"},{"@type":"ListItem","position":3,"name":"CBD tinctures","item":"http:\/\/kiaranaturals.com\/es\/buy\/cbd-tinctures\/"},{"@type":"ListItem","position":4,"name":"Tintura antipat\u00f3gena"}]}]}},"_links":{"self":[{"href":"https:\/\/kiaranaturals.com\/es\/wp-json\/wp\/v2\/product\/652","targetHints":{"allow":["GET"]}}],"collection":[{"href":"https:\/\/kiaranaturals.com\/es\/wp-json\/wp\/v2\/product"}],"about":[{"href":"https:\/\/kiaranaturals.com\/es\/wp-json\/wp\/v2\/types\/product"}],"wp:featuredmedia":[{"embeddable":true,"href":"https:\/\/kiaranaturals.com\/es\/wp-json\/wp\/v2\/media\/2064"}],"wp:attachment":[{"href":"https:\/\/kiaranaturals.com\/es\/wp-json\/wp\/v2\/media?parent=652"}],"wp:term":[{"taxonomy":"product_cat","embeddable":true,"href":"https:\/\/kiaranaturals.com\/es\/wp-json\/wp\/v2\/product_cat?post=652"},{"taxonomy":"product_tag","embeddable":true,"href":"https:\/\/kiaranaturals.com\/es\/wp-json\/wp\/v2\/product_tag?post=652"}],"curies":[{"name":"wp","href":"https:\/\/api.w.org\/{rel}","templated":true}]}}