{"id":661,"date":"2020-10-10T07:31:47","date_gmt":"2020-10-10T07:31:47","guid":{"rendered":"https:\/\/kiaramain.wpengine.com\/es\/shop\/uncategorized\/cbd-oil-vape-refill-pods\/"},"modified":"2026-03-05T18:41:52","modified_gmt":"2026-03-05T17:41:52","slug":"vape-refill-two-pods","status":"publish","type":"product","link":"http:\/\/kiaranaturals.com\/es\/buy\/cbd-vaping-pens\/cbd-oil-vape-pods\/","title":{"rendered":"Recarga de dos c\u00e1psulas para vapear"},"excerpt":{"rendered":"<p>Nuestra recarga para vapear contiene dos c\u00e1psulas de nuestro destilado de espectro completo extra\u00eddo con CO2 de alta potencia con 55% de CBD y menos de 0.2% de THC. Nuestro destilado est\u00e1 completamente libre de aditivos<\/p>\n","protected":false},"featured_media":2003,"template":"","meta":{"spay_email":""},"product_cat":[40,17,19,21,22],"product_tag":[],"class_list":["post-661","product","type-product","status-publish","has-post-thumbnail","hentry","type-vapes","product_cat-cbd-vaping-pens","product_cat-cbd-for-pain-relief","product_cat-cbd-for-sleep","product_cat-cbd-for-recovery","product_cat-cbd-for-everyday-wellness"],"acf":[],"yoast_head":"<!-- This site is optimized with the Yoast SEO plugin v19.1 - https:\/\/yoast.com\/wordpress\/plugins\/seo\/ -->\n<title>Buy CBD Oil Vape Refill Pods - Kiara Naturals<\/title>\n<meta name=\"robots\" content=\"index, follow, max-snippet:-1, max-image-preview:large, max-video-preview:-1\" \/>\n<link rel=\"canonical\" href=\"http:\/\/kiaranaturals.com\/es\/buy\/cbd-vaping-pens\/cbd-oil-vape-pods\/\" \/>\n<meta property=\"og:locale\" content=\"es_ES\" \/>\n<meta property=\"og:type\" content=\"article\" \/>\n<meta property=\"og:title\" content=\"Buy CBD Oil Vape Refill Pods - Kiara Naturals\" \/>\n<meta property=\"og:description\" content=\"Nuestra recarga para vapear contiene dos c\u00e1psulas de nuestro destilado de espectro completo extra\u00eddo con CO2 de alta potencia con 55% de CBD y menos de 0.2% de THC. Nuestro destilado est\u00e1 completamente libre de aditivos\" \/>\n<meta property=\"og:url\" content=\"http:\/\/kiaranaturals.com\/es\/buy\/cbd-vaping-pens\/cbd-oil-vape-pods\/\" \/>\n<meta property=\"og:site_name\" content=\"Kiara Naturals - ES\" \/>\n<meta property=\"article:modified_time\" content=\"2026-03-05T17:41:52+00:00\" \/>\n<meta property=\"og:image\" content=\"http:\/\/kiaranaturals.com\/wp-content\/uploads\/sites\/4\/2021\/08\/CBD-Oil-Vape-Refill-Pods-main-Refill-2.png\" \/>\n\t<meta property=\"og:image:width\" content=\"1400\" \/>\n\t<meta property=\"og:image:height\" content=\"1400\" \/>\n\t<meta property=\"og:image:type\" content=\"image\/png\" \/>\n<meta name=\"twitter:card\" content=\"summary_large_image\" \/>\n<script type=\"application\/ld+json\" class=\"yoast-schema-graph\">{\"@context\":\"https:\/\/schema.org\",\"@graph\":[{\"@type\":\"WebSite\",\"@id\":\"https:\/\/kiaranaturals.com\/es\/#website\",\"url\":\"https:\/\/kiaranaturals.com\/es\/\",\"name\":\"Kiara Naturals - ES\",\"description\":\"Formulaciones de CBD de grado farmac\u00e9utico combinadas con remedios naturales que ayudan terap\u00e9uticamente. Nuestros productos son cultivados, extra\u00eddos y fabricados en el coraz\u00f3n de los Alpes suizos.\",\"potentialAction\":[{\"@type\":\"SearchAction\",\"target\":{\"@type\":\"EntryPoint\",\"urlTemplate\":\"https:\/\/kiaranaturals.com\/es\/?s={search_term_string}\"},\"query-input\":\"required name=search_term_string\"}],\"inLanguage\":\"es\"},{\"@type\":\"ImageObject\",\"inLanguage\":\"es\",\"@id\":\"http:\/\/kiaranaturals.com\/es\/buy\/cbd-vaping-pens\/cbd-oil-vape-pods\/#primaryimage\",\"url\":\"https:\/\/kiaranaturals.com\/wp-content\/uploads\/sites\/4\/2021\/08\/CBD-Oil-Vape-Refill-Pods-main-Refill-2.png\",\"contentUrl\":\"https:\/\/kiaranaturals.com\/wp-content\/uploads\/sites\/4\/2021\/08\/CBD-Oil-Vape-Refill-Pods-main-Refill-2.png\",\"width\":1400,\"height\":1400},{\"@type\":\"WebPage\",\"@id\":\"http:\/\/kiaranaturals.com\/es\/buy\/cbd-vaping-pens\/cbd-oil-vape-pods\/#webpage\",\"url\":\"http:\/\/kiaranaturals.com\/es\/buy\/cbd-vaping-pens\/cbd-oil-vape-pods\/\",\"name\":\"Buy CBD Oil Vape Refill Pods - Kiara Naturals\",\"isPartOf\":{\"@id\":\"https:\/\/kiaranaturals.com\/es\/#website\"},\"primaryImageOfPage\":{\"@id\":\"http:\/\/kiaranaturals.com\/es\/buy\/cbd-vaping-pens\/cbd-oil-vape-pods\/#primaryimage\"},\"datePublished\":\"2020-10-10T07:31:47+00:00\",\"dateModified\":\"2026-03-05T17:41:52+00:00\",\"breadcrumb\":{\"@id\":\"http:\/\/kiaranaturals.com\/es\/buy\/cbd-vaping-pens\/cbd-oil-vape-pods\/#breadcrumb\"},\"inLanguage\":\"es\",\"potentialAction\":[{\"@type\":\"ReadAction\",\"target\":[\"http:\/\/kiaranaturals.com\/es\/buy\/cbd-vaping-pens\/cbd-oil-vape-pods\/\"]}]},{\"@type\":\"BreadcrumbList\",\"@id\":\"http:\/\/kiaranaturals.com\/es\/buy\/cbd-vaping-pens\/cbd-oil-vape-pods\/#breadcrumb\",\"itemListElement\":[{\"@type\":\"ListItem\",\"position\":1,\"name\":\"Home\",\"item\":\"https:\/\/kiaranaturals.com\/es\/\"},{\"@type\":\"ListItem\",\"position\":2,\"name\":\"Comprar\",\"item\":\"http:\/\/kiaranaturals.com\/es\/buy\/\"},{\"@type\":\"ListItem\",\"position\":3,\"name\":\"CBD vaping pens\",\"item\":\"http:\/\/kiaranaturals.com\/es\/buy\/cbd-vaping-pens\/\"},{\"@type\":\"ListItem\",\"position\":4,\"name\":\"Recarga de dos c\u00e1psulas para vapear\"}]}]}<\/script>\n<!-- \/ Yoast SEO plugin. -->","yoast_head_json":{"title":"Buy CBD Oil Vape Refill Pods - Kiara Naturals","robots":{"index":"index","follow":"follow","max-snippet":"max-snippet:-1","max-image-preview":"max-image-preview:large","max-video-preview":"max-video-preview:-1"},"canonical":"http:\/\/kiaranaturals.com\/es\/buy\/cbd-vaping-pens\/cbd-oil-vape-pods\/","og_locale":"es_ES","og_type":"article","og_title":"Buy CBD Oil Vape Refill Pods - Kiara Naturals","og_description":"Nuestra recarga para vapear contiene dos c\u00e1psulas de nuestro destilado de espectro completo extra\u00eddo con CO2 de alta potencia con 55% de CBD y menos de 0.2% de THC. Nuestro destilado est\u00e1 completamente libre de aditivos","og_url":"http:\/\/kiaranaturals.com\/es\/buy\/cbd-vaping-pens\/cbd-oil-vape-pods\/","og_site_name":"Kiara Naturals - ES","article_modified_time":"2026-03-05T17:41:52+00:00","og_image":[{"width":1400,"height":1400,"url":"http:\/\/kiaranaturals.com\/wp-content\/uploads\/sites\/4\/2021\/08\/CBD-Oil-Vape-Refill-Pods-main-Refill-2.png","type":"image\/png"}],"twitter_card":"summary_large_image","schema":{"@context":"https:\/\/schema.org","@graph":[{"@type":"WebSite","@id":"https:\/\/kiaranaturals.com\/es\/#website","url":"https:\/\/kiaranaturals.com\/es\/","name":"Kiara Naturals - ES","description":"Formulaciones de CBD de grado farmac\u00e9utico combinadas con remedios naturales que ayudan terap\u00e9uticamente. Nuestros productos son cultivados, extra\u00eddos y fabricados en el coraz\u00f3n de los Alpes suizos.","potentialAction":[{"@type":"SearchAction","target":{"@type":"EntryPoint","urlTemplate":"https:\/\/kiaranaturals.com\/es\/?s={search_term_string}"},"query-input":"required name=search_term_string"}],"inLanguage":"es"},{"@type":"ImageObject","inLanguage":"es","@id":"http:\/\/kiaranaturals.com\/es\/buy\/cbd-vaping-pens\/cbd-oil-vape-pods\/#primaryimage","url":"https:\/\/kiaranaturals.com\/wp-content\/uploads\/sites\/4\/2021\/08\/CBD-Oil-Vape-Refill-Pods-main-Refill-2.png","contentUrl":"https:\/\/kiaranaturals.com\/wp-content\/uploads\/sites\/4\/2021\/08\/CBD-Oil-Vape-Refill-Pods-main-Refill-2.png","width":1400,"height":1400},{"@type":"WebPage","@id":"http:\/\/kiaranaturals.com\/es\/buy\/cbd-vaping-pens\/cbd-oil-vape-pods\/#webpage","url":"http:\/\/kiaranaturals.com\/es\/buy\/cbd-vaping-pens\/cbd-oil-vape-pods\/","name":"Buy CBD Oil Vape Refill Pods - Kiara Naturals","isPartOf":{"@id":"https:\/\/kiaranaturals.com\/es\/#website"},"primaryImageOfPage":{"@id":"http:\/\/kiaranaturals.com\/es\/buy\/cbd-vaping-pens\/cbd-oil-vape-pods\/#primaryimage"},"datePublished":"2020-10-10T07:31:47+00:00","dateModified":"2026-03-05T17:41:52+00:00","breadcrumb":{"@id":"http:\/\/kiaranaturals.com\/es\/buy\/cbd-vaping-pens\/cbd-oil-vape-pods\/#breadcrumb"},"inLanguage":"es","potentialAction":[{"@type":"ReadAction","target":["http:\/\/kiaranaturals.com\/es\/buy\/cbd-vaping-pens\/cbd-oil-vape-pods\/"]}]},{"@type":"BreadcrumbList","@id":"http:\/\/kiaranaturals.com\/es\/buy\/cbd-vaping-pens\/cbd-oil-vape-pods\/#breadcrumb","itemListElement":[{"@type":"ListItem","position":1,"name":"Home","item":"https:\/\/kiaranaturals.com\/es\/"},{"@type":"ListItem","position":2,"name":"Comprar","item":"http:\/\/kiaranaturals.com\/es\/buy\/"},{"@type":"ListItem","position":3,"name":"CBD vaping pens","item":"http:\/\/kiaranaturals.com\/es\/buy\/cbd-vaping-pens\/"},{"@type":"ListItem","position":4,"name":"Recarga de dos c\u00e1psulas para vapear"}]}]}},"_links":{"self":[{"href":"https:\/\/kiaranaturals.com\/es\/wp-json\/wp\/v2\/product\/661","targetHints":{"allow":["GET"]}}],"collection":[{"href":"https:\/\/kiaranaturals.com\/es\/wp-json\/wp\/v2\/product"}],"about":[{"href":"https:\/\/kiaranaturals.com\/es\/wp-json\/wp\/v2\/types\/product"}],"wp:featuredmedia":[{"embeddable":true,"href":"https:\/\/kiaranaturals.com\/es\/wp-json\/wp\/v2\/media\/2003"}],"wp:attachment":[{"href":"https:\/\/kiaranaturals.com\/es\/wp-json\/wp\/v2\/media?parent=661"}],"wp:term":[{"taxonomy":"product_cat","embeddable":true,"href":"https:\/\/kiaranaturals.com\/es\/wp-json\/wp\/v2\/product_cat?post=661"},{"taxonomy":"product_tag","embeddable":true,"href":"https:\/\/kiaranaturals.com\/es\/wp-json\/wp\/v2\/product_tag?post=661"}],"curies":[{"name":"wp","href":"https:\/\/api.w.org\/{rel}","templated":true}]}}