{"id":667,"date":"2020-10-10T06:48:30","date_gmt":"2020-10-10T06:48:30","guid":{"rendered":"https:\/\/kiaramain.wpengine.com\/es\/shop\/uncategorized\/cbd-psoriasis-and-eczema-cream\/"},"modified":"2025-10-12T11:19:17","modified_gmt":"2025-10-12T09:19:17","slug":"psoriasis-and-eczema-cream","status":"publish","type":"product","link":"http:\/\/kiaranaturals.com\/es\/buy\/cbd-creams-and-salves\/psoriasis-and-eczema\/","title":{"rendered":"Crema para Psoriasis y Eczema"},"excerpt":{"rendered":"<p>Nuestra crema para Psoriasis y Eczema es una formulaci\u00f3n \u00fanica de extracto de CBD y plantas medicinales cl\u00ednicamente probadas para calmar la piel, desinfectar heridas, reducir el dolor y promover la reparaci\u00f3n de la piel<\/p>\n","protected":false},"featured_media":14410,"template":"","meta":{"spay_email":""},"product_cat":[38,20,22],"product_tag":[],"class_list":["post-667","product","type-product","status-publish","has-post-thumbnail","hentry","type-topicales","product_cat-cbd-creams-and-salves","product_cat-cbd-for-skin-care","product_cat-cbd-for-everyday-wellness"],"acf":[],"yoast_head":"<!-- This site is optimized with the Yoast SEO plugin v19.1 - https:\/\/yoast.com\/wordpress\/plugins\/seo\/ -->\n<title>Buy CBD Creams and Salves for psoriasis and eczema - Kiara Naturals<\/title>\n<meta name=\"robots\" content=\"index, follow, max-snippet:-1, max-image-preview:large, max-video-preview:-1\" \/>\n<link rel=\"canonical\" href=\"http:\/\/kiaranaturals.com\/es\/buy\/cbd-creams-and-salves\/psoriasis-and-eczema\/\" \/>\n<meta property=\"og:locale\" content=\"es_ES\" \/>\n<meta property=\"og:type\" content=\"article\" \/>\n<meta property=\"og:title\" content=\"Buy CBD Creams and Salves for psoriasis and eczema - Kiara Naturals\" \/>\n<meta property=\"og:description\" content=\"Nuestra crema para Psoriasis y Eczema es una formulaci\u00f3n \u00fanica de extracto de CBD y plantas medicinales cl\u00ednicamente probadas para calmar la piel, desinfectar heridas, reducir el dolor y promover la reparaci\u00f3n de la piel\" \/>\n<meta property=\"og:url\" content=\"http:\/\/kiaranaturals.com\/es\/buy\/cbd-creams-and-salves\/psoriasis-and-eczema\/\" \/>\n<meta property=\"og:site_name\" content=\"Kiara Naturals - ES\" \/>\n<meta property=\"article:modified_time\" content=\"2025-10-12T09:19:17+00:00\" \/>\n<meta property=\"og:image\" content=\"http:\/\/kiaranaturals.com\/wp-content\/uploads\/sites\/4\/2022\/11\/CBD-Muscle-and-Joint-Salve.png\" \/>\n\t<meta property=\"og:image:width\" content=\"1400\" \/>\n\t<meta property=\"og:image:height\" content=\"1400\" \/>\n\t<meta property=\"og:image:type\" content=\"image\/png\" \/>\n<meta name=\"twitter:card\" content=\"summary_large_image\" \/>\n<script type=\"application\/ld+json\" class=\"yoast-schema-graph\">{\"@context\":\"https:\/\/schema.org\",\"@graph\":[{\"@type\":\"WebSite\",\"@id\":\"https:\/\/kiaranaturals.com\/es\/#website\",\"url\":\"https:\/\/kiaranaturals.com\/es\/\",\"name\":\"Kiara Naturals - ES\",\"description\":\"Formulaciones de CBD de grado farmac\u00e9utico combinadas con remedios naturales que ayudan terap\u00e9uticamente. Nuestros productos son cultivados, extra\u00eddos y fabricados en el coraz\u00f3n de los Alpes suizos.\",\"potentialAction\":[{\"@type\":\"SearchAction\",\"target\":{\"@type\":\"EntryPoint\",\"urlTemplate\":\"https:\/\/kiaranaturals.com\/es\/?s={search_term_string}\"},\"query-input\":\"required name=search_term_string\"}],\"inLanguage\":\"es\"},{\"@type\":\"ImageObject\",\"inLanguage\":\"es\",\"@id\":\"http:\/\/kiaranaturals.com\/es\/buy\/cbd-creams-and-salves\/psoriasis-and-eczema\/#primaryimage\",\"url\":\"https:\/\/kiaranaturals.com\/wp-content\/uploads\/sites\/4\/2022\/11\/CBD-Muscle-and-Joint-Salve.png\",\"contentUrl\":\"https:\/\/kiaranaturals.com\/wp-content\/uploads\/sites\/4\/2022\/11\/CBD-Muscle-and-Joint-Salve.png\",\"width\":1400,\"height\":1400},{\"@type\":\"WebPage\",\"@id\":\"http:\/\/kiaranaturals.com\/es\/buy\/cbd-creams-and-salves\/psoriasis-and-eczema\/#webpage\",\"url\":\"http:\/\/kiaranaturals.com\/es\/buy\/cbd-creams-and-salves\/psoriasis-and-eczema\/\",\"name\":\"Buy CBD Creams and Salves for psoriasis and eczema - Kiara Naturals\",\"isPartOf\":{\"@id\":\"https:\/\/kiaranaturals.com\/es\/#website\"},\"primaryImageOfPage\":{\"@id\":\"http:\/\/kiaranaturals.com\/es\/buy\/cbd-creams-and-salves\/psoriasis-and-eczema\/#primaryimage\"},\"datePublished\":\"2020-10-10T06:48:30+00:00\",\"dateModified\":\"2025-10-12T09:19:17+00:00\",\"breadcrumb\":{\"@id\":\"http:\/\/kiaranaturals.com\/es\/buy\/cbd-creams-and-salves\/psoriasis-and-eczema\/#breadcrumb\"},\"inLanguage\":\"es\",\"potentialAction\":[{\"@type\":\"ReadAction\",\"target\":[\"http:\/\/kiaranaturals.com\/es\/buy\/cbd-creams-and-salves\/psoriasis-and-eczema\/\"]}]},{\"@type\":\"BreadcrumbList\",\"@id\":\"http:\/\/kiaranaturals.com\/es\/buy\/cbd-creams-and-salves\/psoriasis-and-eczema\/#breadcrumb\",\"itemListElement\":[{\"@type\":\"ListItem\",\"position\":1,\"name\":\"Home\",\"item\":\"https:\/\/kiaranaturals.com\/es\/\"},{\"@type\":\"ListItem\",\"position\":2,\"name\":\"Comprar\",\"item\":\"http:\/\/kiaranaturals.com\/es\/buy\/\"},{\"@type\":\"ListItem\",\"position\":3,\"name\":\"CBD creams and salves\",\"item\":\"http:\/\/kiaranaturals.com\/es\/buy\/cbd-creams-and-salves\/\"},{\"@type\":\"ListItem\",\"position\":4,\"name\":\"Crema para Psoriasis y Eczema\"}]}]}<\/script>\n<!-- \/ Yoast SEO plugin. -->","yoast_head_json":{"title":"Buy CBD Creams and Salves for psoriasis and eczema - Kiara Naturals","robots":{"index":"index","follow":"follow","max-snippet":"max-snippet:-1","max-image-preview":"max-image-preview:large","max-video-preview":"max-video-preview:-1"},"canonical":"http:\/\/kiaranaturals.com\/es\/buy\/cbd-creams-and-salves\/psoriasis-and-eczema\/","og_locale":"es_ES","og_type":"article","og_title":"Buy CBD Creams and Salves for psoriasis and eczema - Kiara Naturals","og_description":"Nuestra crema para Psoriasis y Eczema es una formulaci\u00f3n \u00fanica de extracto de CBD y plantas medicinales cl\u00ednicamente probadas para calmar la piel, desinfectar heridas, reducir el dolor y promover la reparaci\u00f3n de la piel","og_url":"http:\/\/kiaranaturals.com\/es\/buy\/cbd-creams-and-salves\/psoriasis-and-eczema\/","og_site_name":"Kiara Naturals - ES","article_modified_time":"2025-10-12T09:19:17+00:00","og_image":[{"width":1400,"height":1400,"url":"http:\/\/kiaranaturals.com\/wp-content\/uploads\/sites\/4\/2022\/11\/CBD-Muscle-and-Joint-Salve.png","type":"image\/png"}],"twitter_card":"summary_large_image","schema":{"@context":"https:\/\/schema.org","@graph":[{"@type":"WebSite","@id":"https:\/\/kiaranaturals.com\/es\/#website","url":"https:\/\/kiaranaturals.com\/es\/","name":"Kiara Naturals - ES","description":"Formulaciones de CBD de grado farmac\u00e9utico combinadas con remedios naturales que ayudan terap\u00e9uticamente. Nuestros productos son cultivados, extra\u00eddos y fabricados en el coraz\u00f3n de los Alpes suizos.","potentialAction":[{"@type":"SearchAction","target":{"@type":"EntryPoint","urlTemplate":"https:\/\/kiaranaturals.com\/es\/?s={search_term_string}"},"query-input":"required name=search_term_string"}],"inLanguage":"es"},{"@type":"ImageObject","inLanguage":"es","@id":"http:\/\/kiaranaturals.com\/es\/buy\/cbd-creams-and-salves\/psoriasis-and-eczema\/#primaryimage","url":"https:\/\/kiaranaturals.com\/wp-content\/uploads\/sites\/4\/2022\/11\/CBD-Muscle-and-Joint-Salve.png","contentUrl":"https:\/\/kiaranaturals.com\/wp-content\/uploads\/sites\/4\/2022\/11\/CBD-Muscle-and-Joint-Salve.png","width":1400,"height":1400},{"@type":"WebPage","@id":"http:\/\/kiaranaturals.com\/es\/buy\/cbd-creams-and-salves\/psoriasis-and-eczema\/#webpage","url":"http:\/\/kiaranaturals.com\/es\/buy\/cbd-creams-and-salves\/psoriasis-and-eczema\/","name":"Buy CBD Creams and Salves for psoriasis and eczema - Kiara Naturals","isPartOf":{"@id":"https:\/\/kiaranaturals.com\/es\/#website"},"primaryImageOfPage":{"@id":"http:\/\/kiaranaturals.com\/es\/buy\/cbd-creams-and-salves\/psoriasis-and-eczema\/#primaryimage"},"datePublished":"2020-10-10T06:48:30+00:00","dateModified":"2025-10-12T09:19:17+00:00","breadcrumb":{"@id":"http:\/\/kiaranaturals.com\/es\/buy\/cbd-creams-and-salves\/psoriasis-and-eczema\/#breadcrumb"},"inLanguage":"es","potentialAction":[{"@type":"ReadAction","target":["http:\/\/kiaranaturals.com\/es\/buy\/cbd-creams-and-salves\/psoriasis-and-eczema\/"]}]},{"@type":"BreadcrumbList","@id":"http:\/\/kiaranaturals.com\/es\/buy\/cbd-creams-and-salves\/psoriasis-and-eczema\/#breadcrumb","itemListElement":[{"@type":"ListItem","position":1,"name":"Home","item":"https:\/\/kiaranaturals.com\/es\/"},{"@type":"ListItem","position":2,"name":"Comprar","item":"http:\/\/kiaranaturals.com\/es\/buy\/"},{"@type":"ListItem","position":3,"name":"CBD creams and salves","item":"http:\/\/kiaranaturals.com\/es\/buy\/cbd-creams-and-salves\/"},{"@type":"ListItem","position":4,"name":"Crema para Psoriasis y Eczema"}]}]}},"_links":{"self":[{"href":"https:\/\/kiaranaturals.com\/es\/wp-json\/wp\/v2\/product\/667","targetHints":{"allow":["GET"]}}],"collection":[{"href":"https:\/\/kiaranaturals.com\/es\/wp-json\/wp\/v2\/product"}],"about":[{"href":"https:\/\/kiaranaturals.com\/es\/wp-json\/wp\/v2\/types\/product"}],"wp:featuredmedia":[{"embeddable":true,"href":"https:\/\/kiaranaturals.com\/es\/wp-json\/wp\/v2\/media\/14410"}],"wp:attachment":[{"href":"https:\/\/kiaranaturals.com\/es\/wp-json\/wp\/v2\/media?parent=667"}],"wp:term":[{"taxonomy":"product_cat","embeddable":true,"href":"https:\/\/kiaranaturals.com\/es\/wp-json\/wp\/v2\/product_cat?post=667"},{"taxonomy":"product_tag","embeddable":true,"href":"https:\/\/kiaranaturals.com\/es\/wp-json\/wp\/v2\/product_tag?post=667"}],"curies":[{"name":"wp","href":"https:\/\/api.w.org\/{rel}","templated":true}]}}