{"id":675,"date":"2020-10-10T06:11:36","date_gmt":"2020-10-10T06:11:36","guid":{"rendered":"https:\/\/kiaramain.wpengine.com\/es\/shop\/uncategorized\/cbd-muscle-and-joint-salve\/"},"modified":"2026-01-31T19:07:17","modified_gmt":"2026-01-31T18:07:17","slug":"muscle-and-joint-salve","status":"publish","type":"product","link":"http:\/\/kiaranaturals.com\/es\/buy\/cbd-ointments\/muscle-and-joint-ointment\/","title":{"rendered":"Ung\u00fcento para m\u00fasculos y articulaciones"},"excerpt":{"rendered":"<p>Nuestro ung\u00fcento combina el aceite de CBD de espectro completo con una potente extracci\u00f3n de plantas cl\u00ednicamente probadas para reducir el dolor. Con un 30% de \u00e1rnica, es uno de los ung\u00fcentos m\u00e1s potentes que puede encontrar<\/p>\n","protected":false},"featured_media":14670,"template":"","meta":{"spay_email":""},"product_cat":[44,17,20,21,22],"product_tag":[],"class_list":["post-675","product","type-product","status-publish","has-post-thumbnail","hentry","type-topicales","product_cat-cbd-ointments","product_cat-cbd-for-pain-relief","product_cat-cbd-for-skin-care","product_cat-cbd-for-recovery","product_cat-cbd-for-everyday-wellness"],"acf":[],"yoast_head":"<!-- This site is optimized with the Yoast SEO plugin v19.1 - https:\/\/yoast.com\/wordpress\/plugins\/seo\/ -->\n<title>Buy CBD Muscle and Joint Salve - Kiara Naturals<\/title>\n<meta name=\"robots\" content=\"index, follow, max-snippet:-1, max-image-preview:large, max-video-preview:-1\" \/>\n<link rel=\"canonical\" href=\"http:\/\/kiaranaturals.com\/es\/buy\/cbd-ointments\/muscle-and-joint-ointment\/\" \/>\n<meta property=\"og:locale\" content=\"es_ES\" \/>\n<meta property=\"og:type\" content=\"article\" \/>\n<meta property=\"og:title\" content=\"Buy CBD Muscle and Joint Salve - Kiara Naturals\" \/>\n<meta property=\"og:description\" content=\"Nuestro ung\u00fcento combina el aceite de CBD de espectro completo con una potente extracci\u00f3n de plantas cl\u00ednicamente probadas para reducir el dolor. Con un 30% de \u00e1rnica, es uno de los ung\u00fcentos m\u00e1s potentes que puede encontrar\" \/>\n<meta property=\"og:url\" content=\"http:\/\/kiaranaturals.com\/es\/buy\/cbd-ointments\/muscle-and-joint-ointment\/\" \/>\n<meta property=\"og:site_name\" content=\"Kiara Naturals - ES\" \/>\n<meta property=\"article:modified_time\" content=\"2026-01-31T18:07:17+00:00\" \/>\n<meta property=\"og:image\" content=\"http:\/\/kiaranaturals.com\/wp-content\/uploads\/sites\/4\/2020\/10\/CBD-Muscle-and-Joint-Salve-main-2.png\" \/>\n\t<meta property=\"og:image:width\" content=\"1400\" \/>\n\t<meta property=\"og:image:height\" content=\"1400\" \/>\n\t<meta property=\"og:image:type\" content=\"image\/png\" \/>\n<meta name=\"twitter:card\" content=\"summary_large_image\" \/>\n<script type=\"application\/ld+json\" class=\"yoast-schema-graph\">{\"@context\":\"https:\/\/schema.org\",\"@graph\":[{\"@type\":\"WebSite\",\"@id\":\"https:\/\/kiaranaturals.com\/es\/#website\",\"url\":\"https:\/\/kiaranaturals.com\/es\/\",\"name\":\"Kiara Naturals - ES\",\"description\":\"Formulaciones de CBD de grado farmac\u00e9utico combinadas con remedios naturales que ayudan terap\u00e9uticamente. Nuestros productos son cultivados, extra\u00eddos y fabricados en el coraz\u00f3n de los Alpes suizos.\",\"potentialAction\":[{\"@type\":\"SearchAction\",\"target\":{\"@type\":\"EntryPoint\",\"urlTemplate\":\"https:\/\/kiaranaturals.com\/es\/?s={search_term_string}\"},\"query-input\":\"required name=search_term_string\"}],\"inLanguage\":\"es\"},{\"@type\":\"ImageObject\",\"inLanguage\":\"es\",\"@id\":\"http:\/\/kiaranaturals.com\/es\/buy\/cbd-ointments\/muscle-and-joint-ointment\/#primaryimage\",\"url\":\"https:\/\/kiaranaturals.com\/wp-content\/uploads\/sites\/4\/2020\/10\/CBD-Muscle-and-Joint-Salve-main-2.png\",\"contentUrl\":\"https:\/\/kiaranaturals.com\/wp-content\/uploads\/sites\/4\/2020\/10\/CBD-Muscle-and-Joint-Salve-main-2.png\",\"width\":1400,\"height\":1400},{\"@type\":\"WebPage\",\"@id\":\"http:\/\/kiaranaturals.com\/es\/buy\/cbd-ointments\/muscle-and-joint-ointment\/#webpage\",\"url\":\"http:\/\/kiaranaturals.com\/es\/buy\/cbd-ointments\/muscle-and-joint-ointment\/\",\"name\":\"Buy CBD Muscle and Joint Salve - Kiara Naturals\",\"isPartOf\":{\"@id\":\"https:\/\/kiaranaturals.com\/es\/#website\"},\"primaryImageOfPage\":{\"@id\":\"http:\/\/kiaranaturals.com\/es\/buy\/cbd-ointments\/muscle-and-joint-ointment\/#primaryimage\"},\"datePublished\":\"2020-10-10T06:11:36+00:00\",\"dateModified\":\"2026-01-31T18:07:17+00:00\",\"breadcrumb\":{\"@id\":\"http:\/\/kiaranaturals.com\/es\/buy\/cbd-ointments\/muscle-and-joint-ointment\/#breadcrumb\"},\"inLanguage\":\"es\",\"potentialAction\":[{\"@type\":\"ReadAction\",\"target\":[\"http:\/\/kiaranaturals.com\/es\/buy\/cbd-ointments\/muscle-and-joint-ointment\/\"]}]},{\"@type\":\"BreadcrumbList\",\"@id\":\"http:\/\/kiaranaturals.com\/es\/buy\/cbd-ointments\/muscle-and-joint-ointment\/#breadcrumb\",\"itemListElement\":[{\"@type\":\"ListItem\",\"position\":1,\"name\":\"Home\",\"item\":\"https:\/\/kiaranaturals.com\/es\/\"},{\"@type\":\"ListItem\",\"position\":2,\"name\":\"Comprar\",\"item\":\"http:\/\/kiaranaturals.com\/es\/buy\/\"},{\"@type\":\"ListItem\",\"position\":3,\"name\":\"CBD ointments\",\"item\":\"http:\/\/kiaranaturals.com\/es\/buy\/cbd-ointments\/\"},{\"@type\":\"ListItem\",\"position\":4,\"name\":\"Ung\u00fcento para m\u00fasculos y articulaciones\"}]}]}<\/script>\n<!-- \/ Yoast SEO plugin. -->","yoast_head_json":{"title":"Buy CBD Muscle and Joint Salve - Kiara Naturals","robots":{"index":"index","follow":"follow","max-snippet":"max-snippet:-1","max-image-preview":"max-image-preview:large","max-video-preview":"max-video-preview:-1"},"canonical":"http:\/\/kiaranaturals.com\/es\/buy\/cbd-ointments\/muscle-and-joint-ointment\/","og_locale":"es_ES","og_type":"article","og_title":"Buy CBD Muscle and Joint Salve - Kiara Naturals","og_description":"Nuestro ung\u00fcento combina el aceite de CBD de espectro completo con una potente extracci\u00f3n de plantas cl\u00ednicamente probadas para reducir el dolor. Con un 30% de \u00e1rnica, es uno de los ung\u00fcentos m\u00e1s potentes que puede encontrar","og_url":"http:\/\/kiaranaturals.com\/es\/buy\/cbd-ointments\/muscle-and-joint-ointment\/","og_site_name":"Kiara Naturals - ES","article_modified_time":"2026-01-31T18:07:17+00:00","og_image":[{"width":1400,"height":1400,"url":"http:\/\/kiaranaturals.com\/wp-content\/uploads\/sites\/4\/2020\/10\/CBD-Muscle-and-Joint-Salve-main-2.png","type":"image\/png"}],"twitter_card":"summary_large_image","schema":{"@context":"https:\/\/schema.org","@graph":[{"@type":"WebSite","@id":"https:\/\/kiaranaturals.com\/es\/#website","url":"https:\/\/kiaranaturals.com\/es\/","name":"Kiara Naturals - ES","description":"Formulaciones de CBD de grado farmac\u00e9utico combinadas con remedios naturales que ayudan terap\u00e9uticamente. Nuestros productos son cultivados, extra\u00eddos y fabricados en el coraz\u00f3n de los Alpes suizos.","potentialAction":[{"@type":"SearchAction","target":{"@type":"EntryPoint","urlTemplate":"https:\/\/kiaranaturals.com\/es\/?s={search_term_string}"},"query-input":"required name=search_term_string"}],"inLanguage":"es"},{"@type":"ImageObject","inLanguage":"es","@id":"http:\/\/kiaranaturals.com\/es\/buy\/cbd-ointments\/muscle-and-joint-ointment\/#primaryimage","url":"https:\/\/kiaranaturals.com\/wp-content\/uploads\/sites\/4\/2020\/10\/CBD-Muscle-and-Joint-Salve-main-2.png","contentUrl":"https:\/\/kiaranaturals.com\/wp-content\/uploads\/sites\/4\/2020\/10\/CBD-Muscle-and-Joint-Salve-main-2.png","width":1400,"height":1400},{"@type":"WebPage","@id":"http:\/\/kiaranaturals.com\/es\/buy\/cbd-ointments\/muscle-and-joint-ointment\/#webpage","url":"http:\/\/kiaranaturals.com\/es\/buy\/cbd-ointments\/muscle-and-joint-ointment\/","name":"Buy CBD Muscle and Joint Salve - Kiara Naturals","isPartOf":{"@id":"https:\/\/kiaranaturals.com\/es\/#website"},"primaryImageOfPage":{"@id":"http:\/\/kiaranaturals.com\/es\/buy\/cbd-ointments\/muscle-and-joint-ointment\/#primaryimage"},"datePublished":"2020-10-10T06:11:36+00:00","dateModified":"2026-01-31T18:07:17+00:00","breadcrumb":{"@id":"http:\/\/kiaranaturals.com\/es\/buy\/cbd-ointments\/muscle-and-joint-ointment\/#breadcrumb"},"inLanguage":"es","potentialAction":[{"@type":"ReadAction","target":["http:\/\/kiaranaturals.com\/es\/buy\/cbd-ointments\/muscle-and-joint-ointment\/"]}]},{"@type":"BreadcrumbList","@id":"http:\/\/kiaranaturals.com\/es\/buy\/cbd-ointments\/muscle-and-joint-ointment\/#breadcrumb","itemListElement":[{"@type":"ListItem","position":1,"name":"Home","item":"https:\/\/kiaranaturals.com\/es\/"},{"@type":"ListItem","position":2,"name":"Comprar","item":"http:\/\/kiaranaturals.com\/es\/buy\/"},{"@type":"ListItem","position":3,"name":"CBD ointments","item":"http:\/\/kiaranaturals.com\/es\/buy\/cbd-ointments\/"},{"@type":"ListItem","position":4,"name":"Ung\u00fcento para m\u00fasculos y articulaciones"}]}]}},"_links":{"self":[{"href":"https:\/\/kiaranaturals.com\/es\/wp-json\/wp\/v2\/product\/675","targetHints":{"allow":["GET"]}}],"collection":[{"href":"https:\/\/kiaranaturals.com\/es\/wp-json\/wp\/v2\/product"}],"about":[{"href":"https:\/\/kiaranaturals.com\/es\/wp-json\/wp\/v2\/types\/product"}],"wp:featuredmedia":[{"embeddable":true,"href":"https:\/\/kiaranaturals.com\/es\/wp-json\/wp\/v2\/media\/14670"}],"wp:attachment":[{"href":"https:\/\/kiaranaturals.com\/es\/wp-json\/wp\/v2\/media?parent=675"}],"wp:term":[{"taxonomy":"product_cat","embeddable":true,"href":"https:\/\/kiaranaturals.com\/es\/wp-json\/wp\/v2\/product_cat?post=675"},{"taxonomy":"product_tag","embeddable":true,"href":"https:\/\/kiaranaturals.com\/es\/wp-json\/wp\/v2\/product_tag?post=675"}],"curies":[{"name":"wp","href":"https:\/\/api.w.org\/{rel}","templated":true}]}}