{"id":692,"date":"2021-02-06T12:21:38","date_gmt":"2021-02-06T11:21:38","guid":{"rendered":"https:\/\/kiaramain.wpengine.com\/es\/shop\/uncategorized\/the-immunity-kit\/"},"modified":"2025-02-06T12:37:25","modified_gmt":"2025-02-06T11:37:25","slug":"the-immunity-kit","status":"publish","type":"product","link":"http:\/\/kiaranaturals.com\/es\/buy\/cbd-accessories-and-kits\/the-immunity-kit\/","title":{"rendered":"Kit para mejorar el sistema inmunol\u00f3gico"},"excerpt":{"rendered":"<p>Este producto naci\u00f3 como una formulaci\u00f3n privada para nuestra familia en medio de la \u00faltima pandemia. Las c\u00e1psulas para mejorar el sistema inmunol\u00f3gico se toman diariamente, mientras que la tintura antipat\u00f3gena es un elemento b\u00e1sico para cada botiqu\u00edn m\u00e9dico.<\/p>\n","protected":false},"featured_media":2060,"template":"","meta":{"spay_email":""},"product_cat":[21,22],"product_tag":[],"class_list":["post-692","product","type-product","status-publish","has-post-thumbnail","hentry","type-kit","product_cat-cbd-for-recovery","product_cat-cbd-for-everyday-wellness"],"acf":[],"yoast_head":"<!-- This site is optimized with the Yoast SEO plugin v19.1 - https:\/\/yoast.com\/wordpress\/plugins\/seo\/ -->\n<title>Kit para mejorar el sistema inmunol\u00f3gico - Kiara Naturals - ES<\/title>\n<meta name=\"robots\" content=\"index, follow, max-snippet:-1, max-image-preview:large, max-video-preview:-1\" \/>\n<link rel=\"canonical\" href=\"http:\/\/kiaranaturals.com\/es\/buy\/cbd-accessories-and-kits\/the-immunity-kit\/\" \/>\n<meta property=\"og:locale\" content=\"es_ES\" \/>\n<meta property=\"og:type\" content=\"article\" \/>\n<meta property=\"og:title\" content=\"Kit para mejorar el sistema inmunol\u00f3gico - Kiara Naturals - ES\" \/>\n<meta property=\"og:description\" content=\"Este producto naci\u00f3 como una formulaci\u00f3n privada para nuestra familia en medio de la \u00faltima pandemia. Las c\u00e1psulas para mejorar el sistema inmunol\u00f3gico se toman diariamente, mientras que la tintura antipat\u00f3gena es un elemento b\u00e1sico para cada botiqu\u00edn m\u00e9dico.\" \/>\n<meta property=\"og:url\" content=\"http:\/\/kiaranaturals.com\/es\/buy\/cbd-accessories-and-kits\/the-immunity-kit\/\" \/>\n<meta property=\"og:site_name\" content=\"Kiara Naturals - ES\" \/>\n<meta property=\"article:modified_time\" content=\"2025-02-06T11:37:25+00:00\" \/>\n<meta property=\"og:image\" content=\"http:\/\/kiaranaturals.com\/wp-content\/uploads\/sites\/4\/2021\/08\/The-Immunity-Kit.png\" \/>\n\t<meta property=\"og:image:width\" content=\"1400\" \/>\n\t<meta property=\"og:image:height\" content=\"1400\" \/>\n\t<meta property=\"og:image:type\" content=\"image\/png\" \/>\n<meta name=\"twitter:card\" content=\"summary_large_image\" \/>\n<script type=\"application\/ld+json\" class=\"yoast-schema-graph\">{\"@context\":\"https:\/\/schema.org\",\"@graph\":[{\"@type\":\"WebSite\",\"@id\":\"https:\/\/kiaranaturals.com\/es\/#website\",\"url\":\"https:\/\/kiaranaturals.com\/es\/\",\"name\":\"Kiara Naturals - ES\",\"description\":\"Formulaciones de CBD de grado farmac\u00e9utico combinadas con remedios naturales que ayudan terap\u00e9uticamente. Nuestros productos son cultivados, extra\u00eddos y fabricados en el coraz\u00f3n de los Alpes suizos.\",\"potentialAction\":[{\"@type\":\"SearchAction\",\"target\":{\"@type\":\"EntryPoint\",\"urlTemplate\":\"https:\/\/kiaranaturals.com\/es\/?s={search_term_string}\"},\"query-input\":\"required name=search_term_string\"}],\"inLanguage\":\"es\"},{\"@type\":\"ImageObject\",\"inLanguage\":\"es\",\"@id\":\"http:\/\/kiaranaturals.com\/es\/buy\/cbd-accessories-and-kits\/the-immunity-kit\/#primaryimage\",\"url\":\"https:\/\/kiaranaturals.com\/wp-content\/uploads\/sites\/4\/2021\/08\/The-Immunity-Kit.png\",\"contentUrl\":\"https:\/\/kiaranaturals.com\/wp-content\/uploads\/sites\/4\/2021\/08\/The-Immunity-Kit.png\",\"width\":1400,\"height\":1400},{\"@type\":\"WebPage\",\"@id\":\"http:\/\/kiaranaturals.com\/es\/buy\/cbd-accessories-and-kits\/the-immunity-kit\/#webpage\",\"url\":\"http:\/\/kiaranaturals.com\/es\/buy\/cbd-accessories-and-kits\/the-immunity-kit\/\",\"name\":\"Kit para mejorar el sistema inmunol\u00f3gico - Kiara Naturals - ES\",\"isPartOf\":{\"@id\":\"https:\/\/kiaranaturals.com\/es\/#website\"},\"primaryImageOfPage\":{\"@id\":\"http:\/\/kiaranaturals.com\/es\/buy\/cbd-accessories-and-kits\/the-immunity-kit\/#primaryimage\"},\"datePublished\":\"2021-02-06T11:21:38+00:00\",\"dateModified\":\"2025-02-06T11:37:25+00:00\",\"breadcrumb\":{\"@id\":\"http:\/\/kiaranaturals.com\/es\/buy\/cbd-accessories-and-kits\/the-immunity-kit\/#breadcrumb\"},\"inLanguage\":\"es\",\"potentialAction\":[{\"@type\":\"ReadAction\",\"target\":[\"http:\/\/kiaranaturals.com\/es\/buy\/cbd-accessories-and-kits\/the-immunity-kit\/\"]}]},{\"@type\":\"BreadcrumbList\",\"@id\":\"http:\/\/kiaranaturals.com\/es\/buy\/cbd-accessories-and-kits\/the-immunity-kit\/#breadcrumb\",\"itemListElement\":[{\"@type\":\"ListItem\",\"position\":1,\"name\":\"Home\",\"item\":\"https:\/\/kiaranaturals.com\/es\/\"},{\"@type\":\"ListItem\",\"position\":2,\"name\":\"Comprar\",\"item\":\"http:\/\/kiaranaturals.com\/es\/buy\/\"},{\"@type\":\"ListItem\",\"position\":3,\"name\":\"CBD accessories and kits\",\"item\":\"http:\/\/kiaranaturals.com\/es\/buy\/cbd-accessories-and-kits\/\"},{\"@type\":\"ListItem\",\"position\":4,\"name\":\"Kit para mejorar el sistema inmunol\u00f3gico\"}]}]}<\/script>\n<!-- \/ Yoast SEO plugin. -->","yoast_head_json":{"title":"Kit para mejorar el sistema inmunol\u00f3gico - Kiara Naturals - ES","robots":{"index":"index","follow":"follow","max-snippet":"max-snippet:-1","max-image-preview":"max-image-preview:large","max-video-preview":"max-video-preview:-1"},"canonical":"http:\/\/kiaranaturals.com\/es\/buy\/cbd-accessories-and-kits\/the-immunity-kit\/","og_locale":"es_ES","og_type":"article","og_title":"Kit para mejorar el sistema inmunol\u00f3gico - Kiara Naturals - ES","og_description":"Este producto naci\u00f3 como una formulaci\u00f3n privada para nuestra familia en medio de la \u00faltima pandemia. Las c\u00e1psulas para mejorar el sistema inmunol\u00f3gico se toman diariamente, mientras que la tintura antipat\u00f3gena es un elemento b\u00e1sico para cada botiqu\u00edn m\u00e9dico.","og_url":"http:\/\/kiaranaturals.com\/es\/buy\/cbd-accessories-and-kits\/the-immunity-kit\/","og_site_name":"Kiara Naturals - ES","article_modified_time":"2025-02-06T11:37:25+00:00","og_image":[{"width":1400,"height":1400,"url":"http:\/\/kiaranaturals.com\/wp-content\/uploads\/sites\/4\/2021\/08\/The-Immunity-Kit.png","type":"image\/png"}],"twitter_card":"summary_large_image","schema":{"@context":"https:\/\/schema.org","@graph":[{"@type":"WebSite","@id":"https:\/\/kiaranaturals.com\/es\/#website","url":"https:\/\/kiaranaturals.com\/es\/","name":"Kiara Naturals - ES","description":"Formulaciones de CBD de grado farmac\u00e9utico combinadas con remedios naturales que ayudan terap\u00e9uticamente. Nuestros productos son cultivados, extra\u00eddos y fabricados en el coraz\u00f3n de los Alpes suizos.","potentialAction":[{"@type":"SearchAction","target":{"@type":"EntryPoint","urlTemplate":"https:\/\/kiaranaturals.com\/es\/?s={search_term_string}"},"query-input":"required name=search_term_string"}],"inLanguage":"es"},{"@type":"ImageObject","inLanguage":"es","@id":"http:\/\/kiaranaturals.com\/es\/buy\/cbd-accessories-and-kits\/the-immunity-kit\/#primaryimage","url":"https:\/\/kiaranaturals.com\/wp-content\/uploads\/sites\/4\/2021\/08\/The-Immunity-Kit.png","contentUrl":"https:\/\/kiaranaturals.com\/wp-content\/uploads\/sites\/4\/2021\/08\/The-Immunity-Kit.png","width":1400,"height":1400},{"@type":"WebPage","@id":"http:\/\/kiaranaturals.com\/es\/buy\/cbd-accessories-and-kits\/the-immunity-kit\/#webpage","url":"http:\/\/kiaranaturals.com\/es\/buy\/cbd-accessories-and-kits\/the-immunity-kit\/","name":"Kit para mejorar el sistema inmunol\u00f3gico - Kiara Naturals - ES","isPartOf":{"@id":"https:\/\/kiaranaturals.com\/es\/#website"},"primaryImageOfPage":{"@id":"http:\/\/kiaranaturals.com\/es\/buy\/cbd-accessories-and-kits\/the-immunity-kit\/#primaryimage"},"datePublished":"2021-02-06T11:21:38+00:00","dateModified":"2025-02-06T11:37:25+00:00","breadcrumb":{"@id":"http:\/\/kiaranaturals.com\/es\/buy\/cbd-accessories-and-kits\/the-immunity-kit\/#breadcrumb"},"inLanguage":"es","potentialAction":[{"@type":"ReadAction","target":["http:\/\/kiaranaturals.com\/es\/buy\/cbd-accessories-and-kits\/the-immunity-kit\/"]}]},{"@type":"BreadcrumbList","@id":"http:\/\/kiaranaturals.com\/es\/buy\/cbd-accessories-and-kits\/the-immunity-kit\/#breadcrumb","itemListElement":[{"@type":"ListItem","position":1,"name":"Home","item":"https:\/\/kiaranaturals.com\/es\/"},{"@type":"ListItem","position":2,"name":"Comprar","item":"http:\/\/kiaranaturals.com\/es\/buy\/"},{"@type":"ListItem","position":3,"name":"CBD accessories and kits","item":"http:\/\/kiaranaturals.com\/es\/buy\/cbd-accessories-and-kits\/"},{"@type":"ListItem","position":4,"name":"Kit para mejorar el sistema inmunol\u00f3gico"}]}]}},"_links":{"self":[{"href":"https:\/\/kiaranaturals.com\/es\/wp-json\/wp\/v2\/product\/692","targetHints":{"allow":["GET"]}}],"collection":[{"href":"https:\/\/kiaranaturals.com\/es\/wp-json\/wp\/v2\/product"}],"about":[{"href":"https:\/\/kiaranaturals.com\/es\/wp-json\/wp\/v2\/types\/product"}],"wp:featuredmedia":[{"embeddable":true,"href":"https:\/\/kiaranaturals.com\/es\/wp-json\/wp\/v2\/media\/2060"}],"wp:attachment":[{"href":"https:\/\/kiaranaturals.com\/es\/wp-json\/wp\/v2\/media?parent=692"}],"wp:term":[{"taxonomy":"product_cat","embeddable":true,"href":"https:\/\/kiaranaturals.com\/es\/wp-json\/wp\/v2\/product_cat?post=692"},{"taxonomy":"product_tag","embeddable":true,"href":"https:\/\/kiaranaturals.com\/es\/wp-json\/wp\/v2\/product_tag?post=692"}],"curies":[{"name":"wp","href":"https:\/\/api.w.org\/{rel}","templated":true}]}}