{"id":23325,"date":"2022-03-03T12:23:27","date_gmt":"2022-03-03T11:23:27","guid":{"rendered":"https:\/\/kiaranaturals.com\/fr\/securetrading\/"},"modified":"2022-06-29T21:22:43","modified_gmt":"2022-06-29T19:22:43","slug":"securetrading","status":"publish","type":"page","link":"https:\/\/kiaranaturals.com\/fr\/pages\/securetrading\/","title":{"rendered":"Paiements TRU\/\/ST"},"content":{"rendered":"<style>\n    #st-card-number-iframe, #st-expiration-date-iframe, #st-security-code-iframe {height: 90px;}\n    #st-expiration-date-iframe, #st-security-code-iframe {width: 100%;}\n    #security_expiry_container{width:300px; height:90px;}\n    .float-left{float:left;}\n    .half-width{width:135px;}\n    .padding-right{padding:0 30px 0 0;}\n    .clear-both{clear:both;}\n<\/style>\n\n","protected":false},"excerpt":{"rendered":"","protected":false},"author":1,"featured_media":0,"parent":0,"menu_order":0,"comment_status":"closed","ping_status":"closed","template":"loading-secure.php","meta":{"footnotes":""},"class_list":["post-23325","page","type-page","status-publish","hentry"],"acf":[],"yoast_head":"<!-- This site is optimized with the Yoast SEO plugin v19.1 - https:\/\/yoast.com\/wordpress\/plugins\/seo\/ -->\n<title>Paiements TRU\/\/ST - Kiara Naturals - FR<\/title>\n<meta name=\"robots\" content=\"index, follow, max-snippet:-1, max-image-preview:large, max-video-preview:-1\" \/>\n<link rel=\"canonical\" href=\"https:\/\/kiaranaturals.com\/fr\/pages\/securetrading\/\" \/>\n<meta property=\"og:locale\" content=\"fr_FR\" \/>\n<meta property=\"og:type\" content=\"article\" \/>\n<meta property=\"og:title\" content=\"Paiements TRU\/\/ST - Kiara Naturals - FR\" \/>\n<meta property=\"og:url\" content=\"https:\/\/kiaranaturals.com\/fr\/pages\/securetrading\/\" \/>\n<meta property=\"og:site_name\" content=\"Kiara Naturals - FR\" \/>\n<meta property=\"article:modified_time\" content=\"2022-06-29T19:22:43+00:00\" \/>\n<meta name=\"twitter:card\" content=\"summary_large_image\" \/>\n<script type=\"application\/ld+json\" class=\"yoast-schema-graph\">{\"@context\":\"https:\/\/schema.org\",\"@graph\":[{\"@type\":\"Organization\",\"@id\":\"https:\/\/kiaranaturals.com\/fr\/#organization\",\"name\":\"Kiara Naturals\",\"url\":\"https:\/\/kiaranaturals.com\/fr\/\",\"sameAs\":[],\"logo\":{\"@type\":\"ImageObject\",\"inLanguage\":\"fr-FR\",\"@id\":\"https:\/\/kiaranaturals.com\/fr\/#\/schema\/logo\/image\/\",\"url\":\"https:\/\/kiaranaturals.com\/fr\/wp-content\/uploads\/sites\/14\/2022\/05\/kiara-logo.png\",\"contentUrl\":\"https:\/\/kiaranaturals.com\/fr\/wp-content\/uploads\/sites\/14\/2022\/05\/kiara-logo.png\",\"width\":1511,\"height\":418,\"caption\":\"Kiara Naturals\"},\"image\":{\"@id\":\"https:\/\/kiaranaturals.com\/fr\/#\/schema\/logo\/image\/\"}},{\"@type\":\"WebSite\",\"@id\":\"https:\/\/kiaranaturals.com\/fr\/#website\",\"url\":\"https:\/\/kiaranaturals.com\/fr\/\",\"name\":\"Kiara Naturals - FR\",\"description\":\"Pr\u00e9parations de CBD de qualit\u00e9 pharmaceutique et traitements naturels cultiv\u00e9s, extraits et fabriqu\u00e9s au c\u0153ur des Alpes suisses\",\"publisher\":{\"@id\":\"https:\/\/kiaranaturals.com\/fr\/#organization\"},\"potentialAction\":[{\"@type\":\"SearchAction\",\"target\":{\"@type\":\"EntryPoint\",\"urlTemplate\":\"https:\/\/kiaranaturals.com\/fr\/?s={search_term_string}\"},\"query-input\":\"required name=search_term_string\"}],\"inLanguage\":\"fr-FR\"},{\"@type\":\"WebPage\",\"@id\":\"https:\/\/kiaranaturals.com\/fr\/pages\/securetrading\/#webpage\",\"url\":\"https:\/\/kiaranaturals.com\/fr\/pages\/securetrading\/\",\"name\":\"Paiements TRU\/\/ST - Kiara Naturals - FR\",\"isPartOf\":{\"@id\":\"https:\/\/kiaranaturals.com\/fr\/#website\"},\"datePublished\":\"2022-03-03T11:23:27+00:00\",\"dateModified\":\"2022-06-29T19:22:43+00:00\",\"breadcrumb\":{\"@id\":\"https:\/\/kiaranaturals.com\/fr\/pages\/securetrading\/#breadcrumb\"},\"inLanguage\":\"fr-FR\",\"potentialAction\":[{\"@type\":\"ReadAction\",\"target\":[\"https:\/\/kiaranaturals.com\/fr\/pages\/securetrading\/\"]}]},{\"@type\":\"BreadcrumbList\",\"@id\":\"https:\/\/kiaranaturals.com\/fr\/pages\/securetrading\/#breadcrumb\",\"itemListElement\":[{\"@type\":\"ListItem\",\"position\":1,\"name\":\"Home\",\"item\":\"https:\/\/kiaranaturals.com\/fr\/\"},{\"@type\":\"ListItem\",\"position\":2,\"name\":\"Paiements TRU\/\/ST\"}]}]}<\/script>\n<!-- \/ Yoast SEO plugin. -->","yoast_head_json":{"title":"Paiements TRU\/\/ST - Kiara Naturals - FR","robots":{"index":"index","follow":"follow","max-snippet":"max-snippet:-1","max-image-preview":"max-image-preview:large","max-video-preview":"max-video-preview:-1"},"canonical":"https:\/\/kiaranaturals.com\/fr\/pages\/securetrading\/","og_locale":"fr_FR","og_type":"article","og_title":"Paiements TRU\/\/ST - Kiara Naturals - FR","og_url":"https:\/\/kiaranaturals.com\/fr\/pages\/securetrading\/","og_site_name":"Kiara Naturals - FR","article_modified_time":"2022-06-29T19:22:43+00:00","twitter_card":"summary_large_image","schema":{"@context":"https:\/\/schema.org","@graph":[{"@type":"Organization","@id":"https:\/\/kiaranaturals.com\/fr\/#organization","name":"Kiara Naturals","url":"https:\/\/kiaranaturals.com\/fr\/","sameAs":[],"logo":{"@type":"ImageObject","inLanguage":"fr-FR","@id":"https:\/\/kiaranaturals.com\/fr\/#\/schema\/logo\/image\/","url":"https:\/\/kiaranaturals.com\/fr\/wp-content\/uploads\/sites\/14\/2022\/05\/kiara-logo.png","contentUrl":"https:\/\/kiaranaturals.com\/fr\/wp-content\/uploads\/sites\/14\/2022\/05\/kiara-logo.png","width":1511,"height":418,"caption":"Kiara Naturals"},"image":{"@id":"https:\/\/kiaranaturals.com\/fr\/#\/schema\/logo\/image\/"}},{"@type":"WebSite","@id":"https:\/\/kiaranaturals.com\/fr\/#website","url":"https:\/\/kiaranaturals.com\/fr\/","name":"Kiara Naturals - FR","description":"Pr\u00e9parations de CBD de qualit\u00e9 pharmaceutique et traitements naturels cultiv\u00e9s, extraits et fabriqu\u00e9s au c\u0153ur des Alpes suisses","publisher":{"@id":"https:\/\/kiaranaturals.com\/fr\/#organization"},"potentialAction":[{"@type":"SearchAction","target":{"@type":"EntryPoint","urlTemplate":"https:\/\/kiaranaturals.com\/fr\/?s={search_term_string}"},"query-input":"required name=search_term_string"}],"inLanguage":"fr-FR"},{"@type":"WebPage","@id":"https:\/\/kiaranaturals.com\/fr\/pages\/securetrading\/#webpage","url":"https:\/\/kiaranaturals.com\/fr\/pages\/securetrading\/","name":"Paiements TRU\/\/ST - Kiara Naturals - FR","isPartOf":{"@id":"https:\/\/kiaranaturals.com\/fr\/#website"},"datePublished":"2022-03-03T11:23:27+00:00","dateModified":"2022-06-29T19:22:43+00:00","breadcrumb":{"@id":"https:\/\/kiaranaturals.com\/fr\/pages\/securetrading\/#breadcrumb"},"inLanguage":"fr-FR","potentialAction":[{"@type":"ReadAction","target":["https:\/\/kiaranaturals.com\/fr\/pages\/securetrading\/"]}]},{"@type":"BreadcrumbList","@id":"https:\/\/kiaranaturals.com\/fr\/pages\/securetrading\/#breadcrumb","itemListElement":[{"@type":"ListItem","position":1,"name":"Home","item":"https:\/\/kiaranaturals.com\/fr\/"},{"@type":"ListItem","position":2,"name":"Paiements TRU\/\/ST"}]}]}},"_links":{"self":[{"href":"https:\/\/kiaranaturals.com\/fr\/wp-json\/wp\/v2\/pages\/23325","targetHints":{"allow":["GET"]}}],"collection":[{"href":"https:\/\/kiaranaturals.com\/fr\/wp-json\/wp\/v2\/pages"}],"about":[{"href":"https:\/\/kiaranaturals.com\/fr\/wp-json\/wp\/v2\/types\/page"}],"author":[{"embeddable":true,"href":"https:\/\/kiaranaturals.com\/fr\/wp-json\/wp\/v2\/users\/1"}],"replies":[{"embeddable":true,"href":"https:\/\/kiaranaturals.com\/fr\/wp-json\/wp\/v2\/comments?post=23325"}],"version-history":[{"count":0,"href":"https:\/\/kiaranaturals.com\/fr\/wp-json\/wp\/v2\/pages\/23325\/revisions"}],"wp:attachment":[{"href":"https:\/\/kiaranaturals.com\/fr\/wp-json\/wp\/v2\/media?parent=23325"}],"curies":[{"name":"wp","href":"https:\/\/api.w.org\/{rel}","templated":true}]}}