{"id":799,"date":"2021-04-02T09:00:23","date_gmt":"2021-04-02T07:00:23","guid":{"rendered":"https:\/\/kiaranaturals.com\/fr\/?page_id=799"},"modified":"2022-07-14T19:34:10","modified_gmt":"2022-07-14T17:34:10","slug":"shipping-info","status":"publish","type":"page","link":"https:\/\/kiaranaturals.com\/fr\/pages\/shipping\/","title":{"rendered":"Livraisons"},"content":{"rendered":"<div><strong>Shipping times and costs:<\/strong><\/div>\n<div><\/div>\n<div>\n<div><strong>United States and Canada<\/strong><\/div>\n<ul>\n<li>Free shipping on all orders! Delivery time is currently 5-10 business days but may be subject to slight delays due to Covid<\/li>\n<\/ul>\n<div><strong>UK<\/strong><\/div>\n<ul>\n<li>Free shipping on all orders! Delivered within 2-4 business days with DPD but may be subject to slight delays due to Covid<\/li>\n<\/ul>\n<div><strong>Rest of the world<\/strong><\/div>\n<ul>\n<li>Standard International shipping. Delivery time 7-15 business days but may be subject to slight delays due to Covid &#8211; $15<\/li>\n<li>Free shipping on any orders over $160<\/li>\n<\/ul>\n<p><strong>Germany<\/strong><\/p>\n<\/div>\n<ul>\n<li>All orders qualify for Free DHL standard shipping<strong>. <\/strong>Delivery time: 1-3 business days<\/li>\n<li>DHL Express &#8211; Guaranteed Next day delivery(order must be placed before 11:00 am) &#8211; $9.99<\/li>\n<\/ul>\n<div><strong>Austria<\/strong><\/div>\n<div>Free shipping on all orders, delivered with DHL standard. Delivery time 2-4 business days<\/div>\n<div><\/div>\n<div><strong>Switzerland<\/strong><\/div>\n<div>Free Shipping on all orders, delivered with Swiss Post. Delivery time 2-4 business days<\/div>\n<div><\/div>\n<div>\n<div>\n<div><strong>Rest of Europe<\/strong><\/div>\n<div>Shipped with DHL standard from Germany, delivered in the destination country with the local post within 3-7 business days.<\/div>\n<\/div>\n<div><\/div>\n<\/div>\n<div><\/div>\n<div><strong>How long after I place my order does it get shipped?<\/strong><\/div>\n<div><\/div>\n<div>If you place your order before 11:00 am (Monday-Friday) it should ship out the same day.<\/div>\n<div><\/div>\n<div>Orders placed after 11:00 am on Friday are shipped out first thing on Monday.<\/div>\n<div><\/div>\n<div><\/div>\n<div><strong>Faq<\/strong><\/div>\n<div><\/div>\n<div><strong>Is the packaging discreet?<\/strong><\/div>\n<div><\/div>\n<div>Our packages come in a compostable mailer bag with a small sticker of our logo so you know who the package is from. There is NO MENTION OF CBD on the mailer bag or package.<\/div>\n<div><\/div>\n<div><strong>What happens if I don\u2019t get my package or an item arrives damaged in delivery?<\/strong><\/div>\n<div><\/div>\n<div>First of all, Sorry! Our team goes to great lengths to make sure this doesn\u2019t happen. If your order has arrived late or damaged, simply contact our customer support via email\/live chat or phone and we\u2019ll resend it free of charge or refund you.<\/div>\n<div><\/div>\n<div><strong>What happens if the CBD doesn&#8217;t help me?<\/strong><\/div>\n<div>We are one of the only brands to offer a guaranteed <strong>60-day<\/strong> money-back policy so if you&#8217;re not satisfied, just let our customer support team know via email\/live chat or phone and we&#8217;ll refund you.<\/div>\n<div><\/div>\n<div><strong>Where do you ship from?<\/strong><\/div>\n<div>After our products are manufactured in our Swiss factory, our goods are sent to one of our 3 shipping centers (Appenzell, Berlin, and London). All shipments to the UK, US, and Canada are shipped from our London warehouse. All orders being sent to Germany, Austria, or any other country in the EU, are shipped from our Berlin warehouse. All orders shipped to Swizterland are shipped from our Appenzell warehouse. Countries not mentioned here will either be shipped from our London or Berlin facility, depending on the destination.<\/div>\n<div><\/div>\n<div><strong>Where are the products manufactured?<\/strong><\/div>\n<div>We are headquartered in Appenzerland, Switzerland, where we manufacture everything ourselves in small batches and are one of the only brands in Europe to do it all under GMP standards.<\/div>\n<div><\/div>\n<div><\/div>\n","protected":false},"excerpt":{"rendered":"<p>Shipping times and costs: United States and Canada Free shipping on all orders! Delivery time is currently 5-10 business days but may be subject to slight delays due to Covid UK Free shipping on all orders! Delivered within 2-4 business days with DPD but may be subject to slight delays due to Covid Rest of [&hellip;]<\/p>\n","protected":false},"author":4,"featured_media":0,"parent":0,"menu_order":0,"comment_status":"closed","ping_status":"closed","template":"terms.php","meta":{"footnotes":""},"class_list":["post-799","page","type-page","status-publish","hentry"],"acf":[],"yoast_head":"<!-- This site is optimized with the Yoast SEO plugin v19.1 - https:\/\/yoast.com\/wordpress\/plugins\/seo\/ -->\n<title>Livraisons - Kiara Naturals - FR<\/title>\n<meta name=\"robots\" content=\"index, follow, max-snippet:-1, max-image-preview:large, max-video-preview:-1\" \/>\n<link rel=\"canonical\" href=\"https:\/\/kiaranaturals.com\/fr\/pages\/shipping\/\" \/>\n<meta property=\"og:locale\" content=\"fr_FR\" \/>\n<meta property=\"og:type\" content=\"article\" \/>\n<meta property=\"og:title\" content=\"Livraisons - Kiara Naturals - FR\" \/>\n<meta property=\"og:description\" content=\"Shipping times and costs: United States and Canada Free shipping on all orders! Delivery time is currently 5-10 business days but may be subject to slight delays due to Covid UK Free shipping on all orders! Delivered within 2-4 business days with DPD but may be subject to slight delays due to Covid Rest of [&hellip;]\" \/>\n<meta property=\"og:url\" content=\"https:\/\/kiaranaturals.com\/fr\/pages\/shipping\/\" \/>\n<meta property=\"og:site_name\" content=\"Kiara Naturals - FR\" \/>\n<meta property=\"article:modified_time\" content=\"2022-07-14T17:34:10+00:00\" \/>\n<meta name=\"twitter:card\" content=\"summary_large_image\" \/>\n<meta name=\"twitter:label1\" content=\"Dur\u00e9e de lecture estim\u00e9e\" \/>\n\t<meta name=\"twitter:data1\" content=\"3 minutes\" \/>\n<script type=\"application\/ld+json\" class=\"yoast-schema-graph\">{\"@context\":\"https:\/\/schema.org\",\"@graph\":[{\"@type\":\"Organization\",\"@id\":\"https:\/\/kiaranaturals.com\/fr\/#organization\",\"name\":\"Kiara Naturals\",\"url\":\"https:\/\/kiaranaturals.com\/fr\/\",\"sameAs\":[],\"logo\":{\"@type\":\"ImageObject\",\"inLanguage\":\"fr-FR\",\"@id\":\"https:\/\/kiaranaturals.com\/fr\/#\/schema\/logo\/image\/\",\"url\":\"https:\/\/kiaranaturals.com\/fr\/wp-content\/uploads\/sites\/14\/2022\/05\/kiara-logo.png\",\"contentUrl\":\"https:\/\/kiaranaturals.com\/fr\/wp-content\/uploads\/sites\/14\/2022\/05\/kiara-logo.png\",\"width\":1511,\"height\":418,\"caption\":\"Kiara Naturals\"},\"image\":{\"@id\":\"https:\/\/kiaranaturals.com\/fr\/#\/schema\/logo\/image\/\"}},{\"@type\":\"WebSite\",\"@id\":\"https:\/\/kiaranaturals.com\/fr\/#website\",\"url\":\"https:\/\/kiaranaturals.com\/fr\/\",\"name\":\"Kiara Naturals - FR\",\"description\":\"Pr\u00e9parations de CBD de qualit\u00e9 pharmaceutique et traitements naturels cultiv\u00e9s, extraits et fabriqu\u00e9s au c\u0153ur des Alpes suisses\",\"publisher\":{\"@id\":\"https:\/\/kiaranaturals.com\/fr\/#organization\"},\"potentialAction\":[{\"@type\":\"SearchAction\",\"target\":{\"@type\":\"EntryPoint\",\"urlTemplate\":\"https:\/\/kiaranaturals.com\/fr\/?s={search_term_string}\"},\"query-input\":\"required name=search_term_string\"}],\"inLanguage\":\"fr-FR\"},{\"@type\":\"WebPage\",\"@id\":\"https:\/\/kiaranaturals.com\/fr\/pages\/shipping\/#webpage\",\"url\":\"https:\/\/kiaranaturals.com\/fr\/pages\/shipping\/\",\"name\":\"Livraisons - Kiara Naturals - FR\",\"isPartOf\":{\"@id\":\"https:\/\/kiaranaturals.com\/fr\/#website\"},\"datePublished\":\"2021-04-02T07:00:23+00:00\",\"dateModified\":\"2022-07-14T17:34:10+00:00\",\"breadcrumb\":{\"@id\":\"https:\/\/kiaranaturals.com\/fr\/pages\/shipping\/#breadcrumb\"},\"inLanguage\":\"fr-FR\",\"potentialAction\":[{\"@type\":\"ReadAction\",\"target\":[\"https:\/\/kiaranaturals.com\/fr\/pages\/shipping\/\"]}]},{\"@type\":\"BreadcrumbList\",\"@id\":\"https:\/\/kiaranaturals.com\/fr\/pages\/shipping\/#breadcrumb\",\"itemListElement\":[{\"@type\":\"ListItem\",\"position\":1,\"name\":\"Home\",\"item\":\"https:\/\/kiaranaturals.com\/fr\/\"},{\"@type\":\"ListItem\",\"position\":2,\"name\":\"Livraisons\"}]}]}<\/script>\n<!-- \/ Yoast SEO plugin. -->","yoast_head_json":{"title":"Livraisons - Kiara Naturals - FR","robots":{"index":"index","follow":"follow","max-snippet":"max-snippet:-1","max-image-preview":"max-image-preview:large","max-video-preview":"max-video-preview:-1"},"canonical":"https:\/\/kiaranaturals.com\/fr\/pages\/shipping\/","og_locale":"fr_FR","og_type":"article","og_title":"Livraisons - Kiara Naturals - FR","og_description":"Shipping times and costs: United States and Canada Free shipping on all orders! Delivery time is currently 5-10 business days but may be subject to slight delays due to Covid UK Free shipping on all orders! Delivered within 2-4 business days with DPD but may be subject to slight delays due to Covid Rest of [&hellip;]","og_url":"https:\/\/kiaranaturals.com\/fr\/pages\/shipping\/","og_site_name":"Kiara Naturals - FR","article_modified_time":"2022-07-14T17:34:10+00:00","twitter_card":"summary_large_image","twitter_misc":{"Dur\u00e9e de lecture estim\u00e9e":"3 minutes"},"schema":{"@context":"https:\/\/schema.org","@graph":[{"@type":"Organization","@id":"https:\/\/kiaranaturals.com\/fr\/#organization","name":"Kiara Naturals","url":"https:\/\/kiaranaturals.com\/fr\/","sameAs":[],"logo":{"@type":"ImageObject","inLanguage":"fr-FR","@id":"https:\/\/kiaranaturals.com\/fr\/#\/schema\/logo\/image\/","url":"https:\/\/kiaranaturals.com\/fr\/wp-content\/uploads\/sites\/14\/2022\/05\/kiara-logo.png","contentUrl":"https:\/\/kiaranaturals.com\/fr\/wp-content\/uploads\/sites\/14\/2022\/05\/kiara-logo.png","width":1511,"height":418,"caption":"Kiara Naturals"},"image":{"@id":"https:\/\/kiaranaturals.com\/fr\/#\/schema\/logo\/image\/"}},{"@type":"WebSite","@id":"https:\/\/kiaranaturals.com\/fr\/#website","url":"https:\/\/kiaranaturals.com\/fr\/","name":"Kiara Naturals - FR","description":"Pr\u00e9parations de CBD de qualit\u00e9 pharmaceutique et traitements naturels cultiv\u00e9s, extraits et fabriqu\u00e9s au c\u0153ur des Alpes suisses","publisher":{"@id":"https:\/\/kiaranaturals.com\/fr\/#organization"},"potentialAction":[{"@type":"SearchAction","target":{"@type":"EntryPoint","urlTemplate":"https:\/\/kiaranaturals.com\/fr\/?s={search_term_string}"},"query-input":"required name=search_term_string"}],"inLanguage":"fr-FR"},{"@type":"WebPage","@id":"https:\/\/kiaranaturals.com\/fr\/pages\/shipping\/#webpage","url":"https:\/\/kiaranaturals.com\/fr\/pages\/shipping\/","name":"Livraisons - Kiara Naturals - FR","isPartOf":{"@id":"https:\/\/kiaranaturals.com\/fr\/#website"},"datePublished":"2021-04-02T07:00:23+00:00","dateModified":"2022-07-14T17:34:10+00:00","breadcrumb":{"@id":"https:\/\/kiaranaturals.com\/fr\/pages\/shipping\/#breadcrumb"},"inLanguage":"fr-FR","potentialAction":[{"@type":"ReadAction","target":["https:\/\/kiaranaturals.com\/fr\/pages\/shipping\/"]}]},{"@type":"BreadcrumbList","@id":"https:\/\/kiaranaturals.com\/fr\/pages\/shipping\/#breadcrumb","itemListElement":[{"@type":"ListItem","position":1,"name":"Home","item":"https:\/\/kiaranaturals.com\/fr\/"},{"@type":"ListItem","position":2,"name":"Livraisons"}]}]}},"_links":{"self":[{"href":"https:\/\/kiaranaturals.com\/fr\/wp-json\/wp\/v2\/pages\/799","targetHints":{"allow":["GET"]}}],"collection":[{"href":"https:\/\/kiaranaturals.com\/fr\/wp-json\/wp\/v2\/pages"}],"about":[{"href":"https:\/\/kiaranaturals.com\/fr\/wp-json\/wp\/v2\/types\/page"}],"author":[{"embeddable":true,"href":"https:\/\/kiaranaturals.com\/fr\/wp-json\/wp\/v2\/users\/4"}],"replies":[{"embeddable":true,"href":"https:\/\/kiaranaturals.com\/fr\/wp-json\/wp\/v2\/comments?post=799"}],"version-history":[{"count":0,"href":"https:\/\/kiaranaturals.com\/fr\/wp-json\/wp\/v2\/pages\/799\/revisions"}],"wp:attachment":[{"href":"https:\/\/kiaranaturals.com\/fr\/wp-json\/wp\/v2\/media?parent=799"}],"curies":[{"name":"wp","href":"https:\/\/api.w.org\/{rel}","templated":true}]}}