{"id":201,"date":"2020-10-10T06:48:30","date_gmt":"2020-10-10T04:48:30","guid":{"rendered":"http:\/\/localhost\/kiara\/?post_type=product&#038;p=201"},"modified":"2025-12-11T13:58:55","modified_gmt":"2025-12-11T12:58:55","slug":"psoriasis-and-eczema-cream","status":"publish","type":"product","link":"https:\/\/kiaranaturals.com\/fr\/buy\/cbd-creams-and-salves\/psoriasis-and-eczema\/","title":{"rendered":"Cr\u00e8me Dermacure au CBD"},"excerpt":{"rendered":"<p>Notre cr\u00e8me Dermacure pour le psoriasis et l\u2019ecz\u00e9ma est une formulation unique qui contient de l\u2019extrait de CBD et des plantes m\u00e9dicinales \u00e0 l\u2019efficacit\u00e9 cliniquement d\u00e9montr\u00e9e pour apaiser la peau, d\u00e9sinfecter les plaies, r\u00e9duire la douleur et favoriser la r\u00e9paration de la peau.<\/p>\n","protected":false},"featured_media":25353,"template":"","meta":[],"product_cat":[22,38,20],"product_tag":[],"class_list":["post-201","product","type-product","status-publish","has-post-thumbnail","hentry","type-topicales","product_cat-cbd-for-everyday-wellness","product_cat-cbd-creams-and-salves","product_cat-cbd-for-skin-care"],"acf":[],"yoast_head":"<!-- This site is optimized with the Yoast SEO plugin v19.1 - https:\/\/yoast.com\/wordpress\/plugins\/seo\/ -->\n<title>Acheter cr\u00e8mes et baumes au CBD pour le psoriasis et l\u2019ecz\u00e9ma - Kiara Naturals<\/title>\n<meta name=\"robots\" content=\"index, follow, max-snippet:-1, max-image-preview:large, max-video-preview:-1\" \/>\n<link rel=\"canonical\" href=\"https:\/\/kiaranaturals.com\/fr\/buy\/cbd-creams-and-salves\/psoriasis-and-eczema\/\" \/>\n<meta property=\"og:locale\" content=\"fr_FR\" \/>\n<meta property=\"og:type\" content=\"article\" \/>\n<meta property=\"og:title\" content=\"Acheter cr\u00e8mes et baumes au CBD pour le psoriasis et l\u2019ecz\u00e9ma - Kiara Naturals\" \/>\n<meta property=\"og:description\" content=\"Notre cr\u00e8me Dermacure pour le psoriasis et l\u2019ecz\u00e9ma est une formulation unique qui contient de l\u2019extrait de CBD et des plantes m\u00e9dicinales \u00e0 l\u2019efficacit\u00e9 cliniquement d\u00e9montr\u00e9e pour apaiser la peau, d\u00e9sinfecter les plaies, r\u00e9duire la douleur et favoriser la r\u00e9paration de la peau.\" \/>\n<meta property=\"og:url\" content=\"https:\/\/kiaranaturals.com\/fr\/buy\/cbd-creams-and-salves\/psoriasis-and-eczema\/\" \/>\n<meta property=\"og:site_name\" content=\"Kiara Naturals - FR\" \/>\n<meta property=\"article:modified_time\" content=\"2025-12-11T12:58:55+00:00\" \/>\n<meta property=\"og:image\" content=\"https:\/\/kiaranaturals.com\/wp-content\/uploads\/sites\/14\/2022\/01\/CBD-Muscle-and-Joint-Salve.png\" \/>\n\t<meta property=\"og:image:width\" content=\"1400\" \/>\n\t<meta property=\"og:image:height\" content=\"1400\" \/>\n\t<meta property=\"og:image:type\" content=\"image\/png\" \/>\n<meta name=\"twitter:card\" content=\"summary_large_image\" \/>\n<script type=\"application\/ld+json\" class=\"yoast-schema-graph\">{\"@context\":\"https:\/\/schema.org\",\"@graph\":[{\"@type\":\"Organization\",\"@id\":\"https:\/\/kiaranaturals.com\/fr\/#organization\",\"name\":\"Kiara Naturals\",\"url\":\"https:\/\/kiaranaturals.com\/fr\/\",\"sameAs\":[],\"logo\":{\"@type\":\"ImageObject\",\"inLanguage\":\"fr-FR\",\"@id\":\"https:\/\/kiaranaturals.com\/fr\/#\/schema\/logo\/image\/\",\"url\":\"https:\/\/kiaranaturals.com\/fr\/wp-content\/uploads\/sites\/14\/2022\/05\/kiara-logo.png\",\"contentUrl\":\"https:\/\/kiaranaturals.com\/fr\/wp-content\/uploads\/sites\/14\/2022\/05\/kiara-logo.png\",\"width\":1511,\"height\":418,\"caption\":\"Kiara Naturals\"},\"image\":{\"@id\":\"https:\/\/kiaranaturals.com\/fr\/#\/schema\/logo\/image\/\"}},{\"@type\":\"WebSite\",\"@id\":\"https:\/\/kiaranaturals.com\/fr\/#website\",\"url\":\"https:\/\/kiaranaturals.com\/fr\/\",\"name\":\"Kiara Naturals - FR\",\"description\":\"Pr\u00e9parations de CBD de qualit\u00e9 pharmaceutique et traitements naturels cultiv\u00e9s, extraits et fabriqu\u00e9s au c\u0153ur des Alpes suisses\",\"publisher\":{\"@id\":\"https:\/\/kiaranaturals.com\/fr\/#organization\"},\"potentialAction\":[{\"@type\":\"SearchAction\",\"target\":{\"@type\":\"EntryPoint\",\"urlTemplate\":\"https:\/\/kiaranaturals.com\/fr\/?s={search_term_string}\"},\"query-input\":\"required name=search_term_string\"}],\"inLanguage\":\"fr-FR\"},{\"@type\":\"ImageObject\",\"inLanguage\":\"fr-FR\",\"@id\":\"https:\/\/kiaranaturals.com\/fr\/buy\/cbd-creams-and-salves\/psoriasis-and-eczema\/#primaryimage\",\"url\":\"https:\/\/kiaranaturals.com\/wp-content\/uploads\/sites\/14\/2022\/01\/CBD-Muscle-and-Joint-Salve.png\",\"contentUrl\":\"https:\/\/kiaranaturals.com\/wp-content\/uploads\/sites\/14\/2022\/01\/CBD-Muscle-and-Joint-Salve.png\",\"width\":1400,\"height\":1400},{\"@type\":\"WebPage\",\"@id\":\"https:\/\/kiaranaturals.com\/fr\/buy\/cbd-creams-and-salves\/psoriasis-and-eczema\/#webpage\",\"url\":\"https:\/\/kiaranaturals.com\/fr\/buy\/cbd-creams-and-salves\/psoriasis-and-eczema\/\",\"name\":\"Acheter cr\u00e8mes et baumes au CBD pour le psoriasis et l\u2019ecz\u00e9ma - Kiara Naturals\",\"isPartOf\":{\"@id\":\"https:\/\/kiaranaturals.com\/fr\/#website\"},\"primaryImageOfPage\":{\"@id\":\"https:\/\/kiaranaturals.com\/fr\/buy\/cbd-creams-and-salves\/psoriasis-and-eczema\/#primaryimage\"},\"datePublished\":\"2020-10-10T04:48:30+00:00\",\"dateModified\":\"2025-12-11T12:58:55+00:00\",\"breadcrumb\":{\"@id\":\"https:\/\/kiaranaturals.com\/fr\/buy\/cbd-creams-and-salves\/psoriasis-and-eczema\/#breadcrumb\"},\"inLanguage\":\"fr-FR\",\"potentialAction\":[{\"@type\":\"ReadAction\",\"target\":[\"https:\/\/kiaranaturals.com\/fr\/buy\/cbd-creams-and-salves\/psoriasis-and-eczema\/\"]}]},{\"@type\":\"BreadcrumbList\",\"@id\":\"https:\/\/kiaranaturals.com\/fr\/buy\/cbd-creams-and-salves\/psoriasis-and-eczema\/#breadcrumb\",\"itemListElement\":[{\"@type\":\"ListItem\",\"position\":1,\"name\":\"Home\",\"item\":\"https:\/\/kiaranaturals.com\/fr\/\"},{\"@type\":\"ListItem\",\"position\":2,\"name\":\"Achetez du CBD\",\"item\":\"https:\/\/kiaranaturals.com\/fr\/buy\/\"},{\"@type\":\"ListItem\",\"position\":3,\"name\":\"Cr\u00e8mes et baumes de CBD\",\"item\":\"https:\/\/kiaranaturals.com\/fr\/buy\/cbd-creams-and-salves\/\"},{\"@type\":\"ListItem\",\"position\":4,\"name\":\"Cr\u00e8me Dermacure au CBD\"}]}]}<\/script>\n<!-- \/ Yoast SEO plugin. -->","yoast_head_json":{"title":"Acheter cr\u00e8mes et baumes au CBD pour le psoriasis et l\u2019ecz\u00e9ma - Kiara Naturals","robots":{"index":"index","follow":"follow","max-snippet":"max-snippet:-1","max-image-preview":"max-image-preview:large","max-video-preview":"max-video-preview:-1"},"canonical":"https:\/\/kiaranaturals.com\/fr\/buy\/cbd-creams-and-salves\/psoriasis-and-eczema\/","og_locale":"fr_FR","og_type":"article","og_title":"Acheter cr\u00e8mes et baumes au CBD pour le psoriasis et l\u2019ecz\u00e9ma - Kiara Naturals","og_description":"Notre cr\u00e8me Dermacure pour le psoriasis et l\u2019ecz\u00e9ma est une formulation unique qui contient de l\u2019extrait de CBD et des plantes m\u00e9dicinales \u00e0 l\u2019efficacit\u00e9 cliniquement d\u00e9montr\u00e9e pour apaiser la peau, d\u00e9sinfecter les plaies, r\u00e9duire la douleur et favoriser la r\u00e9paration de la peau.","og_url":"https:\/\/kiaranaturals.com\/fr\/buy\/cbd-creams-and-salves\/psoriasis-and-eczema\/","og_site_name":"Kiara Naturals - FR","article_modified_time":"2025-12-11T12:58:55+00:00","og_image":[{"width":1400,"height":1400,"url":"https:\/\/kiaranaturals.com\/wp-content\/uploads\/sites\/14\/2022\/01\/CBD-Muscle-and-Joint-Salve.png","type":"image\/png"}],"twitter_card":"summary_large_image","schema":{"@context":"https:\/\/schema.org","@graph":[{"@type":"Organization","@id":"https:\/\/kiaranaturals.com\/fr\/#organization","name":"Kiara Naturals","url":"https:\/\/kiaranaturals.com\/fr\/","sameAs":[],"logo":{"@type":"ImageObject","inLanguage":"fr-FR","@id":"https:\/\/kiaranaturals.com\/fr\/#\/schema\/logo\/image\/","url":"https:\/\/kiaranaturals.com\/fr\/wp-content\/uploads\/sites\/14\/2022\/05\/kiara-logo.png","contentUrl":"https:\/\/kiaranaturals.com\/fr\/wp-content\/uploads\/sites\/14\/2022\/05\/kiara-logo.png","width":1511,"height":418,"caption":"Kiara Naturals"},"image":{"@id":"https:\/\/kiaranaturals.com\/fr\/#\/schema\/logo\/image\/"}},{"@type":"WebSite","@id":"https:\/\/kiaranaturals.com\/fr\/#website","url":"https:\/\/kiaranaturals.com\/fr\/","name":"Kiara Naturals - FR","description":"Pr\u00e9parations de CBD de qualit\u00e9 pharmaceutique et traitements naturels cultiv\u00e9s, extraits et fabriqu\u00e9s au c\u0153ur des Alpes suisses","publisher":{"@id":"https:\/\/kiaranaturals.com\/fr\/#organization"},"potentialAction":[{"@type":"SearchAction","target":{"@type":"EntryPoint","urlTemplate":"https:\/\/kiaranaturals.com\/fr\/?s={search_term_string}"},"query-input":"required name=search_term_string"}],"inLanguage":"fr-FR"},{"@type":"ImageObject","inLanguage":"fr-FR","@id":"https:\/\/kiaranaturals.com\/fr\/buy\/cbd-creams-and-salves\/psoriasis-and-eczema\/#primaryimage","url":"https:\/\/kiaranaturals.com\/wp-content\/uploads\/sites\/14\/2022\/01\/CBD-Muscle-and-Joint-Salve.png","contentUrl":"https:\/\/kiaranaturals.com\/wp-content\/uploads\/sites\/14\/2022\/01\/CBD-Muscle-and-Joint-Salve.png","width":1400,"height":1400},{"@type":"WebPage","@id":"https:\/\/kiaranaturals.com\/fr\/buy\/cbd-creams-and-salves\/psoriasis-and-eczema\/#webpage","url":"https:\/\/kiaranaturals.com\/fr\/buy\/cbd-creams-and-salves\/psoriasis-and-eczema\/","name":"Acheter cr\u00e8mes et baumes au CBD pour le psoriasis et l\u2019ecz\u00e9ma - Kiara Naturals","isPartOf":{"@id":"https:\/\/kiaranaturals.com\/fr\/#website"},"primaryImageOfPage":{"@id":"https:\/\/kiaranaturals.com\/fr\/buy\/cbd-creams-and-salves\/psoriasis-and-eczema\/#primaryimage"},"datePublished":"2020-10-10T04:48:30+00:00","dateModified":"2025-12-11T12:58:55+00:00","breadcrumb":{"@id":"https:\/\/kiaranaturals.com\/fr\/buy\/cbd-creams-and-salves\/psoriasis-and-eczema\/#breadcrumb"},"inLanguage":"fr-FR","potentialAction":[{"@type":"ReadAction","target":["https:\/\/kiaranaturals.com\/fr\/buy\/cbd-creams-and-salves\/psoriasis-and-eczema\/"]}]},{"@type":"BreadcrumbList","@id":"https:\/\/kiaranaturals.com\/fr\/buy\/cbd-creams-and-salves\/psoriasis-and-eczema\/#breadcrumb","itemListElement":[{"@type":"ListItem","position":1,"name":"Home","item":"https:\/\/kiaranaturals.com\/fr\/"},{"@type":"ListItem","position":2,"name":"Achetez du CBD","item":"https:\/\/kiaranaturals.com\/fr\/buy\/"},{"@type":"ListItem","position":3,"name":"Cr\u00e8mes et baumes de CBD","item":"https:\/\/kiaranaturals.com\/fr\/buy\/cbd-creams-and-salves\/"},{"@type":"ListItem","position":4,"name":"Cr\u00e8me Dermacure au CBD"}]}]}},"_links":{"self":[{"href":"https:\/\/kiaranaturals.com\/fr\/wp-json\/wp\/v2\/product\/201","targetHints":{"allow":["GET"]}}],"collection":[{"href":"https:\/\/kiaranaturals.com\/fr\/wp-json\/wp\/v2\/product"}],"about":[{"href":"https:\/\/kiaranaturals.com\/fr\/wp-json\/wp\/v2\/types\/product"}],"version-history":[{"count":0,"href":"https:\/\/kiaranaturals.com\/fr\/wp-json\/wp\/v2\/product\/201\/revisions"}],"wp:featuredmedia":[{"embeddable":true,"href":"https:\/\/kiaranaturals.com\/fr\/wp-json\/wp\/v2\/media\/25353"}],"wp:attachment":[{"href":"https:\/\/kiaranaturals.com\/fr\/wp-json\/wp\/v2\/media?parent=201"}],"wp:term":[{"taxonomy":"product_cat","embeddable":true,"href":"https:\/\/kiaranaturals.com\/fr\/wp-json\/wp\/v2\/product_cat?post=201"},{"taxonomy":"product_tag","embeddable":true,"href":"https:\/\/kiaranaturals.com\/fr\/wp-json\/wp\/v2\/product_tag?post=201"}],"curies":[{"name":"wp","href":"https:\/\/api.w.org\/{rel}","templated":true}]}}