{"id":214,"date":"2020-10-10T07:35:35","date_gmt":"2020-10-10T07:35:35","guid":{"rendered":"http:\/\/localhost\/kiara\/?post_type=product&#038;p=214"},"modified":"2025-10-16T13:28:37","modified_gmt":"2025-10-16T11:28:37","slug":"cbd-distillate-vape-kit","status":"publish","type":"product","link":"https:\/\/kiaranaturals.com\/fr\/buy\/cbd-vaping-pens\/cbd-oil-distillate-vape-pen-kit\/","title":{"rendered":"Kit de vape de distillat de CBD"},"excerpt":{"rendered":"<p>Incroyablement puissant, incroyablement pur. Notre distillat de spectre complet avec 55 % de CBD est obtenu par extraction au CO\u2082 et il ne contient aucun additif.<br \/>\nLe kit comprend : un stylo de vape \u2022 un support de charge par USB \u2022 une cartouche compl\u00e8te de distillat de CBD d\u00e9j\u00e0 charg\u00e9e dans le stylo.<\/p>\n","protected":false},"featured_media":39062,"template":"","meta":[],"product_cat":[22,17,21,19,40],"product_tag":[],"class_list":["post-214","product","type-product","status-publish","has-post-thumbnail","hentry","type-vapes","product_cat-cbd-for-everyday-wellness","product_cat-cbd-for-pain-relief","product_cat-cbd-for-recovery","product_cat-cbd-for-sleep","product_cat-cbd-vaping-pens"],"acf":[],"yoast_head":"<!-- This site is optimized with the Yoast SEO plugin v19.1 - https:\/\/yoast.com\/wordpress\/plugins\/seo\/ -->\n<title>Acheter Kit style de vape de distillat de CBD - Kiara Naturals<\/title>\n<meta name=\"robots\" content=\"index, follow, max-snippet:-1, max-image-preview:large, max-video-preview:-1\" \/>\n<link rel=\"canonical\" href=\"https:\/\/kiaranaturals.com\/fr\/buy\/cbd-vaping-pens\/cbd-oil-distillate-vape-pen-kit\/\" \/>\n<meta property=\"og:locale\" content=\"fr_FR\" \/>\n<meta property=\"og:type\" content=\"article\" \/>\n<meta property=\"og:title\" content=\"Acheter Kit style de vape de distillat de CBD - Kiara Naturals\" \/>\n<meta property=\"og:description\" content=\"Incroyablement puissant, incroyablement pur. Notre distillat de spectre complet avec 55 % de CBD est obtenu par extraction au CO\u2082 et il ne contient aucun additif. Le kit comprend : un stylo de vape \u2022 un support de charge par USB \u2022 une cartouche compl\u00e8te de distillat de CBD d\u00e9j\u00e0 charg\u00e9e dans le stylo.\" \/>\n<meta property=\"og:url\" content=\"https:\/\/kiaranaturals.com\/fr\/buy\/cbd-vaping-pens\/cbd-oil-distillate-vape-pen-kit\/\" \/>\n<meta property=\"og:site_name\" content=\"Kiara Naturals - FR\" \/>\n<meta property=\"article:modified_time\" content=\"2025-10-16T11:28:37+00:00\" \/>\n<meta property=\"og:image\" content=\"https:\/\/kiaranaturals.com\/wp-content\/uploads\/sites\/14\/2020\/10\/Website_Product-pics_1400x1400_vape_non-grid.png\" \/>\n\t<meta property=\"og:image:width\" content=\"1400\" \/>\n\t<meta property=\"og:image:height\" content=\"1400\" \/>\n\t<meta property=\"og:image:type\" content=\"image\/png\" \/>\n<meta name=\"twitter:card\" content=\"summary_large_image\" \/>\n<script type=\"application\/ld+json\" class=\"yoast-schema-graph\">{\"@context\":\"https:\/\/schema.org\",\"@graph\":[{\"@type\":\"Organization\",\"@id\":\"https:\/\/kiaranaturals.com\/fr\/#organization\",\"name\":\"Kiara Naturals\",\"url\":\"https:\/\/kiaranaturals.com\/fr\/\",\"sameAs\":[],\"logo\":{\"@type\":\"ImageObject\",\"inLanguage\":\"fr-FR\",\"@id\":\"https:\/\/kiaranaturals.com\/fr\/#\/schema\/logo\/image\/\",\"url\":\"https:\/\/kiaranaturals.com\/fr\/wp-content\/uploads\/sites\/14\/2022\/05\/kiara-logo.png\",\"contentUrl\":\"https:\/\/kiaranaturals.com\/fr\/wp-content\/uploads\/sites\/14\/2022\/05\/kiara-logo.png\",\"width\":1511,\"height\":418,\"caption\":\"Kiara Naturals\"},\"image\":{\"@id\":\"https:\/\/kiaranaturals.com\/fr\/#\/schema\/logo\/image\/\"}},{\"@type\":\"WebSite\",\"@id\":\"https:\/\/kiaranaturals.com\/fr\/#website\",\"url\":\"https:\/\/kiaranaturals.com\/fr\/\",\"name\":\"Kiara Naturals - FR\",\"description\":\"Pr\u00e9parations de CBD de qualit\u00e9 pharmaceutique et traitements naturels cultiv\u00e9s, extraits et fabriqu\u00e9s au c\u0153ur des Alpes suisses\",\"publisher\":{\"@id\":\"https:\/\/kiaranaturals.com\/fr\/#organization\"},\"potentialAction\":[{\"@type\":\"SearchAction\",\"target\":{\"@type\":\"EntryPoint\",\"urlTemplate\":\"https:\/\/kiaranaturals.com\/fr\/?s={search_term_string}\"},\"query-input\":\"required name=search_term_string\"}],\"inLanguage\":\"fr-FR\"},{\"@type\":\"ImageObject\",\"inLanguage\":\"fr-FR\",\"@id\":\"https:\/\/kiaranaturals.com\/fr\/buy\/cbd-vaping-pens\/cbd-oil-distillate-vape-pen-kit\/#primaryimage\",\"url\":\"https:\/\/kiaranaturals.com\/wp-content\/uploads\/sites\/14\/2020\/10\/Website_Product-pics_1400x1400_vape_non-grid.png\",\"contentUrl\":\"https:\/\/kiaranaturals.com\/wp-content\/uploads\/sites\/14\/2020\/10\/Website_Product-pics_1400x1400_vape_non-grid.png\",\"width\":1400,\"height\":1400},{\"@type\":\"WebPage\",\"@id\":\"https:\/\/kiaranaturals.com\/fr\/buy\/cbd-vaping-pens\/cbd-oil-distillate-vape-pen-kit\/#webpage\",\"url\":\"https:\/\/kiaranaturals.com\/fr\/buy\/cbd-vaping-pens\/cbd-oil-distillate-vape-pen-kit\/\",\"name\":\"Acheter Kit style de vape de distillat de CBD - Kiara Naturals\",\"isPartOf\":{\"@id\":\"https:\/\/kiaranaturals.com\/fr\/#website\"},\"primaryImageOfPage\":{\"@id\":\"https:\/\/kiaranaturals.com\/fr\/buy\/cbd-vaping-pens\/cbd-oil-distillate-vape-pen-kit\/#primaryimage\"},\"datePublished\":\"2020-10-10T07:35:35+00:00\",\"dateModified\":\"2025-10-16T11:28:37+00:00\",\"breadcrumb\":{\"@id\":\"https:\/\/kiaranaturals.com\/fr\/buy\/cbd-vaping-pens\/cbd-oil-distillate-vape-pen-kit\/#breadcrumb\"},\"inLanguage\":\"fr-FR\",\"potentialAction\":[{\"@type\":\"ReadAction\",\"target\":[\"https:\/\/kiaranaturals.com\/fr\/buy\/cbd-vaping-pens\/cbd-oil-distillate-vape-pen-kit\/\"]}]},{\"@type\":\"BreadcrumbList\",\"@id\":\"https:\/\/kiaranaturals.com\/fr\/buy\/cbd-vaping-pens\/cbd-oil-distillate-vape-pen-kit\/#breadcrumb\",\"itemListElement\":[{\"@type\":\"ListItem\",\"position\":1,\"name\":\"Home\",\"item\":\"https:\/\/kiaranaturals.com\/fr\/\"},{\"@type\":\"ListItem\",\"position\":2,\"name\":\"Achetez du CBD\",\"item\":\"https:\/\/kiaranaturals.com\/fr\/buy\/\"},{\"@type\":\"ListItem\",\"position\":3,\"name\":\"Stylos de vape de CBD\",\"item\":\"https:\/\/kiaranaturals.com\/fr\/buy\/cbd-vaping-pens\/\"},{\"@type\":\"ListItem\",\"position\":4,\"name\":\"Kit de vape de distillat de CBD\"}]}]}<\/script>\n<!-- \/ Yoast SEO plugin. -->","yoast_head_json":{"title":"Acheter Kit style de vape de distillat de CBD - Kiara Naturals","robots":{"index":"index","follow":"follow","max-snippet":"max-snippet:-1","max-image-preview":"max-image-preview:large","max-video-preview":"max-video-preview:-1"},"canonical":"https:\/\/kiaranaturals.com\/fr\/buy\/cbd-vaping-pens\/cbd-oil-distillate-vape-pen-kit\/","og_locale":"fr_FR","og_type":"article","og_title":"Acheter Kit style de vape de distillat de CBD - Kiara Naturals","og_description":"Incroyablement puissant, incroyablement pur. Notre distillat de spectre complet avec 55 % de CBD est obtenu par extraction au CO\u2082 et il ne contient aucun additif. Le kit comprend : un stylo de vape \u2022 un support de charge par USB \u2022 une cartouche compl\u00e8te de distillat de CBD d\u00e9j\u00e0 charg\u00e9e dans le stylo.","og_url":"https:\/\/kiaranaturals.com\/fr\/buy\/cbd-vaping-pens\/cbd-oil-distillate-vape-pen-kit\/","og_site_name":"Kiara Naturals - FR","article_modified_time":"2025-10-16T11:28:37+00:00","og_image":[{"width":1400,"height":1400,"url":"https:\/\/kiaranaturals.com\/wp-content\/uploads\/sites\/14\/2020\/10\/Website_Product-pics_1400x1400_vape_non-grid.png","type":"image\/png"}],"twitter_card":"summary_large_image","schema":{"@context":"https:\/\/schema.org","@graph":[{"@type":"Organization","@id":"https:\/\/kiaranaturals.com\/fr\/#organization","name":"Kiara Naturals","url":"https:\/\/kiaranaturals.com\/fr\/","sameAs":[],"logo":{"@type":"ImageObject","inLanguage":"fr-FR","@id":"https:\/\/kiaranaturals.com\/fr\/#\/schema\/logo\/image\/","url":"https:\/\/kiaranaturals.com\/fr\/wp-content\/uploads\/sites\/14\/2022\/05\/kiara-logo.png","contentUrl":"https:\/\/kiaranaturals.com\/fr\/wp-content\/uploads\/sites\/14\/2022\/05\/kiara-logo.png","width":1511,"height":418,"caption":"Kiara Naturals"},"image":{"@id":"https:\/\/kiaranaturals.com\/fr\/#\/schema\/logo\/image\/"}},{"@type":"WebSite","@id":"https:\/\/kiaranaturals.com\/fr\/#website","url":"https:\/\/kiaranaturals.com\/fr\/","name":"Kiara Naturals - FR","description":"Pr\u00e9parations de CBD de qualit\u00e9 pharmaceutique et traitements naturels cultiv\u00e9s, extraits et fabriqu\u00e9s au c\u0153ur des Alpes suisses","publisher":{"@id":"https:\/\/kiaranaturals.com\/fr\/#organization"},"potentialAction":[{"@type":"SearchAction","target":{"@type":"EntryPoint","urlTemplate":"https:\/\/kiaranaturals.com\/fr\/?s={search_term_string}"},"query-input":"required name=search_term_string"}],"inLanguage":"fr-FR"},{"@type":"ImageObject","inLanguage":"fr-FR","@id":"https:\/\/kiaranaturals.com\/fr\/buy\/cbd-vaping-pens\/cbd-oil-distillate-vape-pen-kit\/#primaryimage","url":"https:\/\/kiaranaturals.com\/wp-content\/uploads\/sites\/14\/2020\/10\/Website_Product-pics_1400x1400_vape_non-grid.png","contentUrl":"https:\/\/kiaranaturals.com\/wp-content\/uploads\/sites\/14\/2020\/10\/Website_Product-pics_1400x1400_vape_non-grid.png","width":1400,"height":1400},{"@type":"WebPage","@id":"https:\/\/kiaranaturals.com\/fr\/buy\/cbd-vaping-pens\/cbd-oil-distillate-vape-pen-kit\/#webpage","url":"https:\/\/kiaranaturals.com\/fr\/buy\/cbd-vaping-pens\/cbd-oil-distillate-vape-pen-kit\/","name":"Acheter Kit style de vape de distillat de CBD - Kiara Naturals","isPartOf":{"@id":"https:\/\/kiaranaturals.com\/fr\/#website"},"primaryImageOfPage":{"@id":"https:\/\/kiaranaturals.com\/fr\/buy\/cbd-vaping-pens\/cbd-oil-distillate-vape-pen-kit\/#primaryimage"},"datePublished":"2020-10-10T07:35:35+00:00","dateModified":"2025-10-16T11:28:37+00:00","breadcrumb":{"@id":"https:\/\/kiaranaturals.com\/fr\/buy\/cbd-vaping-pens\/cbd-oil-distillate-vape-pen-kit\/#breadcrumb"},"inLanguage":"fr-FR","potentialAction":[{"@type":"ReadAction","target":["https:\/\/kiaranaturals.com\/fr\/buy\/cbd-vaping-pens\/cbd-oil-distillate-vape-pen-kit\/"]}]},{"@type":"BreadcrumbList","@id":"https:\/\/kiaranaturals.com\/fr\/buy\/cbd-vaping-pens\/cbd-oil-distillate-vape-pen-kit\/#breadcrumb","itemListElement":[{"@type":"ListItem","position":1,"name":"Home","item":"https:\/\/kiaranaturals.com\/fr\/"},{"@type":"ListItem","position":2,"name":"Achetez du CBD","item":"https:\/\/kiaranaturals.com\/fr\/buy\/"},{"@type":"ListItem","position":3,"name":"Stylos de vape de CBD","item":"https:\/\/kiaranaturals.com\/fr\/buy\/cbd-vaping-pens\/"},{"@type":"ListItem","position":4,"name":"Kit de vape de distillat de CBD"}]}]}},"_links":{"self":[{"href":"https:\/\/kiaranaturals.com\/fr\/wp-json\/wp\/v2\/product\/214","targetHints":{"allow":["GET"]}}],"collection":[{"href":"https:\/\/kiaranaturals.com\/fr\/wp-json\/wp\/v2\/product"}],"about":[{"href":"https:\/\/kiaranaturals.com\/fr\/wp-json\/wp\/v2\/types\/product"}],"version-history":[{"count":0,"href":"https:\/\/kiaranaturals.com\/fr\/wp-json\/wp\/v2\/product\/214\/revisions"}],"wp:featuredmedia":[{"embeddable":true,"href":"https:\/\/kiaranaturals.com\/fr\/wp-json\/wp\/v2\/media\/39062"}],"wp:attachment":[{"href":"https:\/\/kiaranaturals.com\/fr\/wp-json\/wp\/v2\/media?parent=214"}],"wp:term":[{"taxonomy":"product_cat","embeddable":true,"href":"https:\/\/kiaranaturals.com\/fr\/wp-json\/wp\/v2\/product_cat?post=214"},{"taxonomy":"product_tag","embeddable":true,"href":"https:\/\/kiaranaturals.com\/fr\/wp-json\/wp\/v2\/product_tag?post=214"}],"curies":[{"name":"wp","href":"https:\/\/api.w.org\/{rel}","templated":true}]}}