{"id":219,"date":"2020-10-10T07:41:35","date_gmt":"2020-10-10T05:41:35","guid":{"rendered":"http:\/\/localhost\/kiara\/?post_type=product&#038;p=219"},"modified":"2026-01-07T18:40:56","modified_gmt":"2026-01-07T17:40:56","slug":"full-spectrum-cbgcbd-oil","status":"publish","type":"product","link":"https:\/\/kiaranaturals.com\/fr\/buy\/cbg\/full-spectrum-cbg-cbd-oil\/","title":{"rendered":"Huile de spectre complet de CBG+CBD"},"excerpt":{"rendered":"<p>Une huile puissante de spectre complet. Notre huile de CBG de spectre complet de qualit\u00e9 pharmaceutique contient les concentrations les plus \u00e9lev\u00e9es de CBG et de CBD et une quantit\u00e9 minimale d\u2019huile porteuse.<\/p>\n","protected":false},"featured_media":25423,"template":"","meta":[],"product_cat":[18,22,42,17,21,19],"product_tag":[],"class_list":["post-219","product","type-product","status-publish","has-post-thumbnail","hentry","type-oils","product_cat-cbd-for-anxiety","product_cat-cbd-for-everyday-wellness","product_cat-cbg","product_cat-cbd-for-pain-relief","product_cat-cbd-for-recovery","product_cat-cbd-for-sleep"],"acf":[],"yoast_head":"<!-- This site is optimized with the Yoast SEO plugin v19.1 - https:\/\/yoast.com\/wordpress\/plugins\/seo\/ -->\n<title>Acheter huile CBG + CBD de spectre complet - Kiara Naturals<\/title>\n<meta name=\"robots\" content=\"index, follow, max-snippet:-1, max-image-preview:large, max-video-preview:-1\" \/>\n<link rel=\"canonical\" href=\"https:\/\/kiaranaturals.com\/fr\/buy\/cbg\/full-spectrum-cbg-cbd-oil\/\" \/>\n<meta property=\"og:locale\" content=\"fr_FR\" \/>\n<meta property=\"og:type\" content=\"article\" \/>\n<meta property=\"og:title\" content=\"Acheter huile CBG + CBD de spectre complet - Kiara Naturals\" \/>\n<meta property=\"og:description\" content=\"Une huile puissante de spectre complet. Notre huile de CBG de spectre complet de qualit\u00e9 pharmaceutique contient les concentrations les plus \u00e9lev\u00e9es de CBG et de CBD et une quantit\u00e9 minimale d\u2019huile porteuse.\" \/>\n<meta property=\"og:url\" content=\"https:\/\/kiaranaturals.com\/fr\/buy\/cbg\/full-spectrum-cbg-cbd-oil\/\" \/>\n<meta property=\"og:site_name\" content=\"Kiara Naturals - FR\" \/>\n<meta property=\"article:modified_time\" content=\"2026-01-07T17:40:56+00:00\" \/>\n<meta property=\"og:image\" content=\"https:\/\/kiaranaturals.com\/wp-content\/uploads\/sites\/14\/2021\/02\/Full-Spectrum-CBGCBD-Oil-main.png\" \/>\n\t<meta property=\"og:image:width\" content=\"1400\" \/>\n\t<meta property=\"og:image:height\" content=\"1400\" \/>\n\t<meta property=\"og:image:type\" content=\"image\/png\" \/>\n<meta name=\"twitter:card\" content=\"summary_large_image\" \/>\n<script type=\"application\/ld+json\" class=\"yoast-schema-graph\">{\"@context\":\"https:\/\/schema.org\",\"@graph\":[{\"@type\":\"Organization\",\"@id\":\"https:\/\/kiaranaturals.com\/fr\/#organization\",\"name\":\"Kiara Naturals\",\"url\":\"https:\/\/kiaranaturals.com\/fr\/\",\"sameAs\":[],\"logo\":{\"@type\":\"ImageObject\",\"inLanguage\":\"fr-FR\",\"@id\":\"https:\/\/kiaranaturals.com\/fr\/#\/schema\/logo\/image\/\",\"url\":\"https:\/\/kiaranaturals.com\/fr\/wp-content\/uploads\/sites\/14\/2022\/05\/kiara-logo.png\",\"contentUrl\":\"https:\/\/kiaranaturals.com\/fr\/wp-content\/uploads\/sites\/14\/2022\/05\/kiara-logo.png\",\"width\":1511,\"height\":418,\"caption\":\"Kiara Naturals\"},\"image\":{\"@id\":\"https:\/\/kiaranaturals.com\/fr\/#\/schema\/logo\/image\/\"}},{\"@type\":\"WebSite\",\"@id\":\"https:\/\/kiaranaturals.com\/fr\/#website\",\"url\":\"https:\/\/kiaranaturals.com\/fr\/\",\"name\":\"Kiara Naturals - FR\",\"description\":\"Pr\u00e9parations de CBD de qualit\u00e9 pharmaceutique et traitements naturels cultiv\u00e9s, extraits et fabriqu\u00e9s au c\u0153ur des Alpes suisses\",\"publisher\":{\"@id\":\"https:\/\/kiaranaturals.com\/fr\/#organization\"},\"potentialAction\":[{\"@type\":\"SearchAction\",\"target\":{\"@type\":\"EntryPoint\",\"urlTemplate\":\"https:\/\/kiaranaturals.com\/fr\/?s={search_term_string}\"},\"query-input\":\"required name=search_term_string\"}],\"inLanguage\":\"fr-FR\"},{\"@type\":\"ImageObject\",\"inLanguage\":\"fr-FR\",\"@id\":\"https:\/\/kiaranaturals.com\/fr\/buy\/cbg\/full-spectrum-cbg-cbd-oil\/#primaryimage\",\"url\":\"https:\/\/kiaranaturals.com\/wp-content\/uploads\/sites\/14\/2021\/02\/Full-Spectrum-CBGCBD-Oil-main.png\",\"contentUrl\":\"https:\/\/kiaranaturals.com\/wp-content\/uploads\/sites\/14\/2021\/02\/Full-Spectrum-CBGCBD-Oil-main.png\",\"width\":1400,\"height\":1400},{\"@type\":\"WebPage\",\"@id\":\"https:\/\/kiaranaturals.com\/fr\/buy\/cbg\/full-spectrum-cbg-cbd-oil\/#webpage\",\"url\":\"https:\/\/kiaranaturals.com\/fr\/buy\/cbg\/full-spectrum-cbg-cbd-oil\/\",\"name\":\"Acheter huile CBG + CBD de spectre complet - Kiara Naturals\",\"isPartOf\":{\"@id\":\"https:\/\/kiaranaturals.com\/fr\/#website\"},\"primaryImageOfPage\":{\"@id\":\"https:\/\/kiaranaturals.com\/fr\/buy\/cbg\/full-spectrum-cbg-cbd-oil\/#primaryimage\"},\"datePublished\":\"2020-10-10T05:41:35+00:00\",\"dateModified\":\"2026-01-07T17:40:56+00:00\",\"breadcrumb\":{\"@id\":\"https:\/\/kiaranaturals.com\/fr\/buy\/cbg\/full-spectrum-cbg-cbd-oil\/#breadcrumb\"},\"inLanguage\":\"fr-FR\",\"potentialAction\":[{\"@type\":\"ReadAction\",\"target\":[\"https:\/\/kiaranaturals.com\/fr\/buy\/cbg\/full-spectrum-cbg-cbd-oil\/\"]}]},{\"@type\":\"BreadcrumbList\",\"@id\":\"https:\/\/kiaranaturals.com\/fr\/buy\/cbg\/full-spectrum-cbg-cbd-oil\/#breadcrumb\",\"itemListElement\":[{\"@type\":\"ListItem\",\"position\":1,\"name\":\"Home\",\"item\":\"https:\/\/kiaranaturals.com\/fr\/\"},{\"@type\":\"ListItem\",\"position\":2,\"name\":\"Achetez du CBD\",\"item\":\"https:\/\/kiaranaturals.com\/fr\/buy\/\"},{\"@type\":\"ListItem\",\"position\":3,\"name\":\"CBG\",\"item\":\"https:\/\/kiaranaturals.com\/fr\/buy\/cbg\/\"},{\"@type\":\"ListItem\",\"position\":4,\"name\":\"Huile de spectre complet de CBG+CBD\"}]}]}<\/script>\n<!-- \/ Yoast SEO plugin. -->","yoast_head_json":{"title":"Acheter huile CBG + CBD de spectre complet - Kiara Naturals","robots":{"index":"index","follow":"follow","max-snippet":"max-snippet:-1","max-image-preview":"max-image-preview:large","max-video-preview":"max-video-preview:-1"},"canonical":"https:\/\/kiaranaturals.com\/fr\/buy\/cbg\/full-spectrum-cbg-cbd-oil\/","og_locale":"fr_FR","og_type":"article","og_title":"Acheter huile CBG + CBD de spectre complet - Kiara Naturals","og_description":"Une huile puissante de spectre complet. Notre huile de CBG de spectre complet de qualit\u00e9 pharmaceutique contient les concentrations les plus \u00e9lev\u00e9es de CBG et de CBD et une quantit\u00e9 minimale d\u2019huile porteuse.","og_url":"https:\/\/kiaranaturals.com\/fr\/buy\/cbg\/full-spectrum-cbg-cbd-oil\/","og_site_name":"Kiara Naturals - FR","article_modified_time":"2026-01-07T17:40:56+00:00","og_image":[{"width":1400,"height":1400,"url":"https:\/\/kiaranaturals.com\/wp-content\/uploads\/sites\/14\/2021\/02\/Full-Spectrum-CBGCBD-Oil-main.png","type":"image\/png"}],"twitter_card":"summary_large_image","schema":{"@context":"https:\/\/schema.org","@graph":[{"@type":"Organization","@id":"https:\/\/kiaranaturals.com\/fr\/#organization","name":"Kiara Naturals","url":"https:\/\/kiaranaturals.com\/fr\/","sameAs":[],"logo":{"@type":"ImageObject","inLanguage":"fr-FR","@id":"https:\/\/kiaranaturals.com\/fr\/#\/schema\/logo\/image\/","url":"https:\/\/kiaranaturals.com\/fr\/wp-content\/uploads\/sites\/14\/2022\/05\/kiara-logo.png","contentUrl":"https:\/\/kiaranaturals.com\/fr\/wp-content\/uploads\/sites\/14\/2022\/05\/kiara-logo.png","width":1511,"height":418,"caption":"Kiara Naturals"},"image":{"@id":"https:\/\/kiaranaturals.com\/fr\/#\/schema\/logo\/image\/"}},{"@type":"WebSite","@id":"https:\/\/kiaranaturals.com\/fr\/#website","url":"https:\/\/kiaranaturals.com\/fr\/","name":"Kiara Naturals - FR","description":"Pr\u00e9parations de CBD de qualit\u00e9 pharmaceutique et traitements naturels cultiv\u00e9s, extraits et fabriqu\u00e9s au c\u0153ur des Alpes suisses","publisher":{"@id":"https:\/\/kiaranaturals.com\/fr\/#organization"},"potentialAction":[{"@type":"SearchAction","target":{"@type":"EntryPoint","urlTemplate":"https:\/\/kiaranaturals.com\/fr\/?s={search_term_string}"},"query-input":"required name=search_term_string"}],"inLanguage":"fr-FR"},{"@type":"ImageObject","inLanguage":"fr-FR","@id":"https:\/\/kiaranaturals.com\/fr\/buy\/cbg\/full-spectrum-cbg-cbd-oil\/#primaryimage","url":"https:\/\/kiaranaturals.com\/wp-content\/uploads\/sites\/14\/2021\/02\/Full-Spectrum-CBGCBD-Oil-main.png","contentUrl":"https:\/\/kiaranaturals.com\/wp-content\/uploads\/sites\/14\/2021\/02\/Full-Spectrum-CBGCBD-Oil-main.png","width":1400,"height":1400},{"@type":"WebPage","@id":"https:\/\/kiaranaturals.com\/fr\/buy\/cbg\/full-spectrum-cbg-cbd-oil\/#webpage","url":"https:\/\/kiaranaturals.com\/fr\/buy\/cbg\/full-spectrum-cbg-cbd-oil\/","name":"Acheter huile CBG + CBD de spectre complet - Kiara Naturals","isPartOf":{"@id":"https:\/\/kiaranaturals.com\/fr\/#website"},"primaryImageOfPage":{"@id":"https:\/\/kiaranaturals.com\/fr\/buy\/cbg\/full-spectrum-cbg-cbd-oil\/#primaryimage"},"datePublished":"2020-10-10T05:41:35+00:00","dateModified":"2026-01-07T17:40:56+00:00","breadcrumb":{"@id":"https:\/\/kiaranaturals.com\/fr\/buy\/cbg\/full-spectrum-cbg-cbd-oil\/#breadcrumb"},"inLanguage":"fr-FR","potentialAction":[{"@type":"ReadAction","target":["https:\/\/kiaranaturals.com\/fr\/buy\/cbg\/full-spectrum-cbg-cbd-oil\/"]}]},{"@type":"BreadcrumbList","@id":"https:\/\/kiaranaturals.com\/fr\/buy\/cbg\/full-spectrum-cbg-cbd-oil\/#breadcrumb","itemListElement":[{"@type":"ListItem","position":1,"name":"Home","item":"https:\/\/kiaranaturals.com\/fr\/"},{"@type":"ListItem","position":2,"name":"Achetez du CBD","item":"https:\/\/kiaranaturals.com\/fr\/buy\/"},{"@type":"ListItem","position":3,"name":"CBG","item":"https:\/\/kiaranaturals.com\/fr\/buy\/cbg\/"},{"@type":"ListItem","position":4,"name":"Huile de spectre complet de CBG+CBD"}]}]}},"_links":{"self":[{"href":"https:\/\/kiaranaturals.com\/fr\/wp-json\/wp\/v2\/product\/219","targetHints":{"allow":["GET"]}}],"collection":[{"href":"https:\/\/kiaranaturals.com\/fr\/wp-json\/wp\/v2\/product"}],"about":[{"href":"https:\/\/kiaranaturals.com\/fr\/wp-json\/wp\/v2\/types\/product"}],"version-history":[{"count":0,"href":"https:\/\/kiaranaturals.com\/fr\/wp-json\/wp\/v2\/product\/219\/revisions"}],"wp:featuredmedia":[{"embeddable":true,"href":"https:\/\/kiaranaturals.com\/fr\/wp-json\/wp\/v2\/media\/25423"}],"wp:attachment":[{"href":"https:\/\/kiaranaturals.com\/fr\/wp-json\/wp\/v2\/media?parent=219"}],"wp:term":[{"taxonomy":"product_cat","embeddable":true,"href":"https:\/\/kiaranaturals.com\/fr\/wp-json\/wp\/v2\/product_cat?post=219"},{"taxonomy":"product_tag","embeddable":true,"href":"https:\/\/kiaranaturals.com\/fr\/wp-json\/wp\/v2\/product_tag?post=219"}],"curies":[{"name":"wp","href":"https:\/\/api.w.org\/{rel}","templated":true}]}}