{"id":226,"date":"2020-10-10T07:55:47","date_gmt":"2020-10-10T05:55:47","guid":{"rendered":"http:\/\/localhost\/kiara\/?post_type=product&#038;p=226"},"modified":"2024-11-07T12:02:37","modified_gmt":"2024-11-07T11:02:37","slug":"anti-pathogen-tincture","status":"publish","type":"product","link":"https:\/\/kiaranaturals.com\/fr\/buy\/cbd-tinctures\/anti-pathogen-tincture\/","title":{"rendered":"Teinture Immunit\u00e9 Antipathog\u00e8nes"},"excerpt":{"rendered":"<p>Notre teinture Immunit\u00e9 Antipathog\u00e8nes est faite de sept plantes puissantes, qui ont toutes d\u00e9montr\u00e9 leur efficacit\u00e9 clinique pour combattre les pathog\u00e8nes et stimuler les d\u00e9fenses de l\u2019organisme. \u00c0 n\u2019utiliser que lorsque vous \u00eates malade !<\/p>\n","protected":false},"featured_media":25430,"template":"","meta":[],"product_cat":[21,39],"product_tag":[],"class_list":["post-226","product","type-product","status-publish","has-post-thumbnail","hentry","type-tinctures","product_cat-cbd-for-recovery","product_cat-cbd-tinctures"],"acf":[],"yoast_head":"<!-- This site is optimized with the Yoast SEO plugin v19.1 - https:\/\/yoast.com\/wordpress\/plugins\/seo\/ -->\n<title>Acheter la Teinture Immunit\u00e9 Antipathog\u00e8nes - Kiara Naturals<\/title>\n<meta name=\"robots\" content=\"index, follow, max-snippet:-1, max-image-preview:large, max-video-preview:-1\" \/>\n<link rel=\"canonical\" href=\"https:\/\/kiaranaturals.com\/fr\/buy\/cbd-tinctures\/anti-pathogen-tincture\/\" \/>\n<meta property=\"og:locale\" content=\"fr_FR\" \/>\n<meta property=\"og:type\" content=\"article\" \/>\n<meta property=\"og:title\" content=\"Acheter la Teinture Immunit\u00e9 Antipathog\u00e8nes - Kiara Naturals\" \/>\n<meta property=\"og:description\" content=\"Notre teinture Immunit\u00e9 Antipathog\u00e8nes est faite de sept plantes puissantes, qui ont toutes d\u00e9montr\u00e9 leur efficacit\u00e9 clinique pour combattre les pathog\u00e8nes et stimuler les d\u00e9fenses de l\u2019organisme. \u00c0 n\u2019utiliser que lorsque vous \u00eates malade !\" \/>\n<meta property=\"og:url\" content=\"https:\/\/kiaranaturals.com\/fr\/buy\/cbd-tinctures\/anti-pathogen-tincture\/\" \/>\n<meta property=\"og:site_name\" content=\"Kiara Naturals - FR\" \/>\n<meta property=\"article:modified_time\" content=\"2024-11-07T11:02:37+00:00\" \/>\n<meta property=\"og:image\" content=\"https:\/\/kiaranaturals.com\/wp-content\/uploads\/sites\/14\/2021\/02\/WINTER-CARE-TINCTURE-main.png\" \/>\n\t<meta property=\"og:image:width\" content=\"1400\" \/>\n\t<meta property=\"og:image:height\" content=\"1400\" \/>\n\t<meta property=\"og:image:type\" content=\"image\/png\" \/>\n<meta name=\"twitter:card\" content=\"summary_large_image\" \/>\n<script type=\"application\/ld+json\" class=\"yoast-schema-graph\">{\"@context\":\"https:\/\/schema.org\",\"@graph\":[{\"@type\":\"Organization\",\"@id\":\"https:\/\/kiaranaturals.com\/fr\/#organization\",\"name\":\"Kiara Naturals\",\"url\":\"https:\/\/kiaranaturals.com\/fr\/\",\"sameAs\":[],\"logo\":{\"@type\":\"ImageObject\",\"inLanguage\":\"fr-FR\",\"@id\":\"https:\/\/kiaranaturals.com\/fr\/#\/schema\/logo\/image\/\",\"url\":\"https:\/\/kiaranaturals.com\/fr\/wp-content\/uploads\/sites\/14\/2022\/05\/kiara-logo.png\",\"contentUrl\":\"https:\/\/kiaranaturals.com\/fr\/wp-content\/uploads\/sites\/14\/2022\/05\/kiara-logo.png\",\"width\":1511,\"height\":418,\"caption\":\"Kiara Naturals\"},\"image\":{\"@id\":\"https:\/\/kiaranaturals.com\/fr\/#\/schema\/logo\/image\/\"}},{\"@type\":\"WebSite\",\"@id\":\"https:\/\/kiaranaturals.com\/fr\/#website\",\"url\":\"https:\/\/kiaranaturals.com\/fr\/\",\"name\":\"Kiara Naturals - FR\",\"description\":\"Pr\u00e9parations de CBD de qualit\u00e9 pharmaceutique et traitements naturels cultiv\u00e9s, extraits et fabriqu\u00e9s au c\u0153ur des Alpes suisses\",\"publisher\":{\"@id\":\"https:\/\/kiaranaturals.com\/fr\/#organization\"},\"potentialAction\":[{\"@type\":\"SearchAction\",\"target\":{\"@type\":\"EntryPoint\",\"urlTemplate\":\"https:\/\/kiaranaturals.com\/fr\/?s={search_term_string}\"},\"query-input\":\"required name=search_term_string\"}],\"inLanguage\":\"fr-FR\"},{\"@type\":\"ImageObject\",\"inLanguage\":\"fr-FR\",\"@id\":\"https:\/\/kiaranaturals.com\/fr\/buy\/cbd-tinctures\/anti-pathogen-tincture\/#primaryimage\",\"url\":\"https:\/\/kiaranaturals.com\/wp-content\/uploads\/sites\/14\/2021\/02\/WINTER-CARE-TINCTURE-main.png\",\"contentUrl\":\"https:\/\/kiaranaturals.com\/wp-content\/uploads\/sites\/14\/2021\/02\/WINTER-CARE-TINCTURE-main.png\",\"width\":1400,\"height\":1400},{\"@type\":\"WebPage\",\"@id\":\"https:\/\/kiaranaturals.com\/fr\/buy\/cbd-tinctures\/anti-pathogen-tincture\/#webpage\",\"url\":\"https:\/\/kiaranaturals.com\/fr\/buy\/cbd-tinctures\/anti-pathogen-tincture\/\",\"name\":\"Acheter la Teinture Immunit\u00e9 Antipathog\u00e8nes - Kiara Naturals\",\"isPartOf\":{\"@id\":\"https:\/\/kiaranaturals.com\/fr\/#website\"},\"primaryImageOfPage\":{\"@id\":\"https:\/\/kiaranaturals.com\/fr\/buy\/cbd-tinctures\/anti-pathogen-tincture\/#primaryimage\"},\"datePublished\":\"2020-10-10T05:55:47+00:00\",\"dateModified\":\"2024-11-07T11:02:37+00:00\",\"breadcrumb\":{\"@id\":\"https:\/\/kiaranaturals.com\/fr\/buy\/cbd-tinctures\/anti-pathogen-tincture\/#breadcrumb\"},\"inLanguage\":\"fr-FR\",\"potentialAction\":[{\"@type\":\"ReadAction\",\"target\":[\"https:\/\/kiaranaturals.com\/fr\/buy\/cbd-tinctures\/anti-pathogen-tincture\/\"]}]},{\"@type\":\"BreadcrumbList\",\"@id\":\"https:\/\/kiaranaturals.com\/fr\/buy\/cbd-tinctures\/anti-pathogen-tincture\/#breadcrumb\",\"itemListElement\":[{\"@type\":\"ListItem\",\"position\":1,\"name\":\"Home\",\"item\":\"https:\/\/kiaranaturals.com\/fr\/\"},{\"@type\":\"ListItem\",\"position\":2,\"name\":\"Achetez du CBD\",\"item\":\"https:\/\/kiaranaturals.com\/fr\/buy\/\"},{\"@type\":\"ListItem\",\"position\":3,\"name\":\"Teintures\",\"item\":\"https:\/\/kiaranaturals.com\/fr\/buy\/cbd-tinctures\/\"},{\"@type\":\"ListItem\",\"position\":4,\"name\":\"Teinture Immunit\u00e9 Antipathog\u00e8nes\"}]}]}<\/script>\n<!-- \/ Yoast SEO plugin. -->","yoast_head_json":{"title":"Acheter la Teinture Immunit\u00e9 Antipathog\u00e8nes - Kiara Naturals","robots":{"index":"index","follow":"follow","max-snippet":"max-snippet:-1","max-image-preview":"max-image-preview:large","max-video-preview":"max-video-preview:-1"},"canonical":"https:\/\/kiaranaturals.com\/fr\/buy\/cbd-tinctures\/anti-pathogen-tincture\/","og_locale":"fr_FR","og_type":"article","og_title":"Acheter la Teinture Immunit\u00e9 Antipathog\u00e8nes - Kiara Naturals","og_description":"Notre teinture Immunit\u00e9 Antipathog\u00e8nes est faite de sept plantes puissantes, qui ont toutes d\u00e9montr\u00e9 leur efficacit\u00e9 clinique pour combattre les pathog\u00e8nes et stimuler les d\u00e9fenses de l\u2019organisme. \u00c0 n\u2019utiliser que lorsque vous \u00eates malade !","og_url":"https:\/\/kiaranaturals.com\/fr\/buy\/cbd-tinctures\/anti-pathogen-tincture\/","og_site_name":"Kiara Naturals - FR","article_modified_time":"2024-11-07T11:02:37+00:00","og_image":[{"width":1400,"height":1400,"url":"https:\/\/kiaranaturals.com\/wp-content\/uploads\/sites\/14\/2021\/02\/WINTER-CARE-TINCTURE-main.png","type":"image\/png"}],"twitter_card":"summary_large_image","schema":{"@context":"https:\/\/schema.org","@graph":[{"@type":"Organization","@id":"https:\/\/kiaranaturals.com\/fr\/#organization","name":"Kiara Naturals","url":"https:\/\/kiaranaturals.com\/fr\/","sameAs":[],"logo":{"@type":"ImageObject","inLanguage":"fr-FR","@id":"https:\/\/kiaranaturals.com\/fr\/#\/schema\/logo\/image\/","url":"https:\/\/kiaranaturals.com\/fr\/wp-content\/uploads\/sites\/14\/2022\/05\/kiara-logo.png","contentUrl":"https:\/\/kiaranaturals.com\/fr\/wp-content\/uploads\/sites\/14\/2022\/05\/kiara-logo.png","width":1511,"height":418,"caption":"Kiara Naturals"},"image":{"@id":"https:\/\/kiaranaturals.com\/fr\/#\/schema\/logo\/image\/"}},{"@type":"WebSite","@id":"https:\/\/kiaranaturals.com\/fr\/#website","url":"https:\/\/kiaranaturals.com\/fr\/","name":"Kiara Naturals - FR","description":"Pr\u00e9parations de CBD de qualit\u00e9 pharmaceutique et traitements naturels cultiv\u00e9s, extraits et fabriqu\u00e9s au c\u0153ur des Alpes suisses","publisher":{"@id":"https:\/\/kiaranaturals.com\/fr\/#organization"},"potentialAction":[{"@type":"SearchAction","target":{"@type":"EntryPoint","urlTemplate":"https:\/\/kiaranaturals.com\/fr\/?s={search_term_string}"},"query-input":"required name=search_term_string"}],"inLanguage":"fr-FR"},{"@type":"ImageObject","inLanguage":"fr-FR","@id":"https:\/\/kiaranaturals.com\/fr\/buy\/cbd-tinctures\/anti-pathogen-tincture\/#primaryimage","url":"https:\/\/kiaranaturals.com\/wp-content\/uploads\/sites\/14\/2021\/02\/WINTER-CARE-TINCTURE-main.png","contentUrl":"https:\/\/kiaranaturals.com\/wp-content\/uploads\/sites\/14\/2021\/02\/WINTER-CARE-TINCTURE-main.png","width":1400,"height":1400},{"@type":"WebPage","@id":"https:\/\/kiaranaturals.com\/fr\/buy\/cbd-tinctures\/anti-pathogen-tincture\/#webpage","url":"https:\/\/kiaranaturals.com\/fr\/buy\/cbd-tinctures\/anti-pathogen-tincture\/","name":"Acheter la Teinture Immunit\u00e9 Antipathog\u00e8nes - Kiara Naturals","isPartOf":{"@id":"https:\/\/kiaranaturals.com\/fr\/#website"},"primaryImageOfPage":{"@id":"https:\/\/kiaranaturals.com\/fr\/buy\/cbd-tinctures\/anti-pathogen-tincture\/#primaryimage"},"datePublished":"2020-10-10T05:55:47+00:00","dateModified":"2024-11-07T11:02:37+00:00","breadcrumb":{"@id":"https:\/\/kiaranaturals.com\/fr\/buy\/cbd-tinctures\/anti-pathogen-tincture\/#breadcrumb"},"inLanguage":"fr-FR","potentialAction":[{"@type":"ReadAction","target":["https:\/\/kiaranaturals.com\/fr\/buy\/cbd-tinctures\/anti-pathogen-tincture\/"]}]},{"@type":"BreadcrumbList","@id":"https:\/\/kiaranaturals.com\/fr\/buy\/cbd-tinctures\/anti-pathogen-tincture\/#breadcrumb","itemListElement":[{"@type":"ListItem","position":1,"name":"Home","item":"https:\/\/kiaranaturals.com\/fr\/"},{"@type":"ListItem","position":2,"name":"Achetez du CBD","item":"https:\/\/kiaranaturals.com\/fr\/buy\/"},{"@type":"ListItem","position":3,"name":"Teintures","item":"https:\/\/kiaranaturals.com\/fr\/buy\/cbd-tinctures\/"},{"@type":"ListItem","position":4,"name":"Teinture Immunit\u00e9 Antipathog\u00e8nes"}]}]}},"_links":{"self":[{"href":"https:\/\/kiaranaturals.com\/fr\/wp-json\/wp\/v2\/product\/226","targetHints":{"allow":["GET"]}}],"collection":[{"href":"https:\/\/kiaranaturals.com\/fr\/wp-json\/wp\/v2\/product"}],"about":[{"href":"https:\/\/kiaranaturals.com\/fr\/wp-json\/wp\/v2\/types\/product"}],"version-history":[{"count":0,"href":"https:\/\/kiaranaturals.com\/fr\/wp-json\/wp\/v2\/product\/226\/revisions"}],"wp:featuredmedia":[{"embeddable":true,"href":"https:\/\/kiaranaturals.com\/fr\/wp-json\/wp\/v2\/media\/25430"}],"wp:attachment":[{"href":"https:\/\/kiaranaturals.com\/fr\/wp-json\/wp\/v2\/media?parent=226"}],"wp:term":[{"taxonomy":"product_cat","embeddable":true,"href":"https:\/\/kiaranaturals.com\/fr\/wp-json\/wp\/v2\/product_cat?post=226"},{"taxonomy":"product_tag","embeddable":true,"href":"https:\/\/kiaranaturals.com\/fr\/wp-json\/wp\/v2\/product_tag?post=226"}],"curies":[{"name":"wp","href":"https:\/\/api.w.org\/{rel}","templated":true}]}}