{"id":38626,"date":"2022-11-23T11:39:26","date_gmt":"2022-11-23T10:39:26","guid":{"rendered":"https:\/\/kiaranaturals.com\/fr\/?post_type=product&#038;p=38626"},"modified":"2026-02-24T11:28:51","modified_gmt":"2026-02-24T10:28:51","slug":"huile-de-cbd-pur-10x3","status":"publish","type":"product","link":"https:\/\/kiaranaturals.com\/fr\/buy\/cbd-for-anxiety\/huile-de-cbd-pur-3x\/","title":{"rendered":"3x Huile de CBD pur 10%"},"excerpt":{"rendered":"<p>CBD pur, sans THC.\u00a0 Notre huile de CBD pur de qualit\u00e9 pharmaceutique contient une concentration \u00e9lev\u00e9e de CBD isol\u00e9, sans go\u00fbt ni odeur, et une quantit\u00e9 minimale d\u2019huile porteuse.<\/p>\n","protected":false},"featured_media":38616,"template":"","meta":[],"product_cat":[18,22,43,20,21],"product_tag":[],"class_list":["post-38626","product","type-product","status-publish","has-post-thumbnail","hentry","type-oils","product_cat-cbd-for-anxiety","product_cat-cbd-for-everyday-wellness","product_cat-cbd-oils","product_cat-cbd-for-skin-care","product_cat-cbd-for-recovery"],"acf":[],"yoast_head":"<!-- This site is optimized with the Yoast SEO plugin v19.1 - https:\/\/yoast.com\/wordpress\/plugins\/seo\/ -->\n<title>Acheter de l\u2019huile de CBD pur - Kiara Naturals<\/title>\n<meta name=\"robots\" content=\"index, follow, max-snippet:-1, max-image-preview:large, max-video-preview:-1\" \/>\n<link rel=\"canonical\" href=\"https:\/\/kiaranaturals.com\/fr\/buy\/cbd-for-anxiety\/huile-de-cbd-pur-3x\/\" \/>\n<meta property=\"og:locale\" content=\"fr_FR\" \/>\n<meta property=\"og:type\" content=\"article\" \/>\n<meta property=\"og:title\" content=\"Acheter de l\u2019huile de CBD pur - Kiara Naturals\" \/>\n<meta property=\"og:description\" content=\"CBD pur, sans THC.\u00a0 Notre huile de CBD pur de qualit\u00e9 pharmaceutique contient une concentration \u00e9lev\u00e9e de CBD isol\u00e9, sans go\u00fbt ni odeur, et une quantit\u00e9 minimale d\u2019huile porteuse.\" \/>\n<meta property=\"og:url\" content=\"https:\/\/kiaranaturals.com\/fr\/buy\/cbd-for-anxiety\/huile-de-cbd-pur-3x\/\" \/>\n<meta property=\"og:site_name\" content=\"Kiara Naturals - FR\" \/>\n<meta property=\"article:modified_time\" content=\"2026-02-24T10:28:51+00:00\" \/>\n<meta property=\"og:image\" content=\"https:\/\/kiaranaturals.com\/wp-content\/uploads\/sites\/14\/2022\/11\/Website_Kitpics_3xpacks_1400x140018.png\" \/>\n\t<meta property=\"og:image:width\" content=\"1400\" \/>\n\t<meta property=\"og:image:height\" content=\"1400\" \/>\n\t<meta property=\"og:image:type\" content=\"image\/png\" \/>\n<meta name=\"twitter:card\" content=\"summary_large_image\" \/>\n<script type=\"application\/ld+json\" class=\"yoast-schema-graph\">{\"@context\":\"https:\/\/schema.org\",\"@graph\":[{\"@type\":\"Organization\",\"@id\":\"https:\/\/kiaranaturals.com\/fr\/#organization\",\"name\":\"Kiara Naturals\",\"url\":\"https:\/\/kiaranaturals.com\/fr\/\",\"sameAs\":[],\"logo\":{\"@type\":\"ImageObject\",\"inLanguage\":\"fr-FR\",\"@id\":\"https:\/\/kiaranaturals.com\/fr\/#\/schema\/logo\/image\/\",\"url\":\"https:\/\/kiaranaturals.com\/fr\/wp-content\/uploads\/sites\/14\/2022\/05\/kiara-logo.png\",\"contentUrl\":\"https:\/\/kiaranaturals.com\/fr\/wp-content\/uploads\/sites\/14\/2022\/05\/kiara-logo.png\",\"width\":1511,\"height\":418,\"caption\":\"Kiara Naturals\"},\"image\":{\"@id\":\"https:\/\/kiaranaturals.com\/fr\/#\/schema\/logo\/image\/\"}},{\"@type\":\"WebSite\",\"@id\":\"https:\/\/kiaranaturals.com\/fr\/#website\",\"url\":\"https:\/\/kiaranaturals.com\/fr\/\",\"name\":\"Kiara Naturals - FR\",\"description\":\"Pr\u00e9parations de CBD de qualit\u00e9 pharmaceutique et traitements naturels cultiv\u00e9s, extraits et fabriqu\u00e9s au c\u0153ur des Alpes suisses\",\"publisher\":{\"@id\":\"https:\/\/kiaranaturals.com\/fr\/#organization\"},\"potentialAction\":[{\"@type\":\"SearchAction\",\"target\":{\"@type\":\"EntryPoint\",\"urlTemplate\":\"https:\/\/kiaranaturals.com\/fr\/?s={search_term_string}\"},\"query-input\":\"required name=search_term_string\"}],\"inLanguage\":\"fr-FR\"},{\"@type\":\"ImageObject\",\"inLanguage\":\"fr-FR\",\"@id\":\"https:\/\/kiaranaturals.com\/fr\/buy\/cbd-for-anxiety\/huile-de-cbd-pur-3x\/#primaryimage\",\"url\":\"https:\/\/kiaranaturals.com\/wp-content\/uploads\/sites\/14\/2022\/11\/Website_Kitpics_3xpacks_1400x140018.png\",\"contentUrl\":\"https:\/\/kiaranaturals.com\/wp-content\/uploads\/sites\/14\/2022\/11\/Website_Kitpics_3xpacks_1400x140018.png\",\"width\":1400,\"height\":1400},{\"@type\":\"WebPage\",\"@id\":\"https:\/\/kiaranaturals.com\/fr\/buy\/cbd-for-anxiety\/huile-de-cbd-pur-3x\/#webpage\",\"url\":\"https:\/\/kiaranaturals.com\/fr\/buy\/cbd-for-anxiety\/huile-de-cbd-pur-3x\/\",\"name\":\"Acheter de l\u2019huile de CBD pur - Kiara Naturals\",\"isPartOf\":{\"@id\":\"https:\/\/kiaranaturals.com\/fr\/#website\"},\"primaryImageOfPage\":{\"@id\":\"https:\/\/kiaranaturals.com\/fr\/buy\/cbd-for-anxiety\/huile-de-cbd-pur-3x\/#primaryimage\"},\"datePublished\":\"2022-11-23T10:39:26+00:00\",\"dateModified\":\"2026-02-24T10:28:51+00:00\",\"breadcrumb\":{\"@id\":\"https:\/\/kiaranaturals.com\/fr\/buy\/cbd-for-anxiety\/huile-de-cbd-pur-3x\/#breadcrumb\"},\"inLanguage\":\"fr-FR\",\"potentialAction\":[{\"@type\":\"ReadAction\",\"target\":[\"https:\/\/kiaranaturals.com\/fr\/buy\/cbd-for-anxiety\/huile-de-cbd-pur-3x\/\"]}]},{\"@type\":\"BreadcrumbList\",\"@id\":\"https:\/\/kiaranaturals.com\/fr\/buy\/cbd-for-anxiety\/huile-de-cbd-pur-3x\/#breadcrumb\",\"itemListElement\":[{\"@type\":\"ListItem\",\"position\":1,\"name\":\"Home\",\"item\":\"https:\/\/kiaranaturals.com\/fr\/\"},{\"@type\":\"ListItem\",\"position\":2,\"name\":\"Achetez du CBD\",\"item\":\"https:\/\/kiaranaturals.com\/fr\/buy\/\"},{\"@type\":\"ListItem\",\"position\":3,\"name\":\"Anxi\u00e9t\u00e9\",\"item\":\"https:\/\/kiaranaturals.com\/fr\/buy\/cbd-for-anxiety\/\"},{\"@type\":\"ListItem\",\"position\":4,\"name\":\"3x Huile de CBD pur 10%\"}]}]}<\/script>\n<!-- \/ Yoast SEO plugin. -->","yoast_head_json":{"title":"Acheter de l\u2019huile de CBD pur - Kiara Naturals","robots":{"index":"index","follow":"follow","max-snippet":"max-snippet:-1","max-image-preview":"max-image-preview:large","max-video-preview":"max-video-preview:-1"},"canonical":"https:\/\/kiaranaturals.com\/fr\/buy\/cbd-for-anxiety\/huile-de-cbd-pur-3x\/","og_locale":"fr_FR","og_type":"article","og_title":"Acheter de l\u2019huile de CBD pur - Kiara Naturals","og_description":"CBD pur, sans THC.\u00a0 Notre huile de CBD pur de qualit\u00e9 pharmaceutique contient une concentration \u00e9lev\u00e9e de CBD isol\u00e9, sans go\u00fbt ni odeur, et une quantit\u00e9 minimale d\u2019huile porteuse.","og_url":"https:\/\/kiaranaturals.com\/fr\/buy\/cbd-for-anxiety\/huile-de-cbd-pur-3x\/","og_site_name":"Kiara Naturals - FR","article_modified_time":"2026-02-24T10:28:51+00:00","og_image":[{"width":1400,"height":1400,"url":"https:\/\/kiaranaturals.com\/wp-content\/uploads\/sites\/14\/2022\/11\/Website_Kitpics_3xpacks_1400x140018.png","type":"image\/png"}],"twitter_card":"summary_large_image","schema":{"@context":"https:\/\/schema.org","@graph":[{"@type":"Organization","@id":"https:\/\/kiaranaturals.com\/fr\/#organization","name":"Kiara Naturals","url":"https:\/\/kiaranaturals.com\/fr\/","sameAs":[],"logo":{"@type":"ImageObject","inLanguage":"fr-FR","@id":"https:\/\/kiaranaturals.com\/fr\/#\/schema\/logo\/image\/","url":"https:\/\/kiaranaturals.com\/fr\/wp-content\/uploads\/sites\/14\/2022\/05\/kiara-logo.png","contentUrl":"https:\/\/kiaranaturals.com\/fr\/wp-content\/uploads\/sites\/14\/2022\/05\/kiara-logo.png","width":1511,"height":418,"caption":"Kiara Naturals"},"image":{"@id":"https:\/\/kiaranaturals.com\/fr\/#\/schema\/logo\/image\/"}},{"@type":"WebSite","@id":"https:\/\/kiaranaturals.com\/fr\/#website","url":"https:\/\/kiaranaturals.com\/fr\/","name":"Kiara Naturals - FR","description":"Pr\u00e9parations de CBD de qualit\u00e9 pharmaceutique et traitements naturels cultiv\u00e9s, extraits et fabriqu\u00e9s au c\u0153ur des Alpes suisses","publisher":{"@id":"https:\/\/kiaranaturals.com\/fr\/#organization"},"potentialAction":[{"@type":"SearchAction","target":{"@type":"EntryPoint","urlTemplate":"https:\/\/kiaranaturals.com\/fr\/?s={search_term_string}"},"query-input":"required name=search_term_string"}],"inLanguage":"fr-FR"},{"@type":"ImageObject","inLanguage":"fr-FR","@id":"https:\/\/kiaranaturals.com\/fr\/buy\/cbd-for-anxiety\/huile-de-cbd-pur-3x\/#primaryimage","url":"https:\/\/kiaranaturals.com\/wp-content\/uploads\/sites\/14\/2022\/11\/Website_Kitpics_3xpacks_1400x140018.png","contentUrl":"https:\/\/kiaranaturals.com\/wp-content\/uploads\/sites\/14\/2022\/11\/Website_Kitpics_3xpacks_1400x140018.png","width":1400,"height":1400},{"@type":"WebPage","@id":"https:\/\/kiaranaturals.com\/fr\/buy\/cbd-for-anxiety\/huile-de-cbd-pur-3x\/#webpage","url":"https:\/\/kiaranaturals.com\/fr\/buy\/cbd-for-anxiety\/huile-de-cbd-pur-3x\/","name":"Acheter de l\u2019huile de CBD pur - Kiara Naturals","isPartOf":{"@id":"https:\/\/kiaranaturals.com\/fr\/#website"},"primaryImageOfPage":{"@id":"https:\/\/kiaranaturals.com\/fr\/buy\/cbd-for-anxiety\/huile-de-cbd-pur-3x\/#primaryimage"},"datePublished":"2022-11-23T10:39:26+00:00","dateModified":"2026-02-24T10:28:51+00:00","breadcrumb":{"@id":"https:\/\/kiaranaturals.com\/fr\/buy\/cbd-for-anxiety\/huile-de-cbd-pur-3x\/#breadcrumb"},"inLanguage":"fr-FR","potentialAction":[{"@type":"ReadAction","target":["https:\/\/kiaranaturals.com\/fr\/buy\/cbd-for-anxiety\/huile-de-cbd-pur-3x\/"]}]},{"@type":"BreadcrumbList","@id":"https:\/\/kiaranaturals.com\/fr\/buy\/cbd-for-anxiety\/huile-de-cbd-pur-3x\/#breadcrumb","itemListElement":[{"@type":"ListItem","position":1,"name":"Home","item":"https:\/\/kiaranaturals.com\/fr\/"},{"@type":"ListItem","position":2,"name":"Achetez du CBD","item":"https:\/\/kiaranaturals.com\/fr\/buy\/"},{"@type":"ListItem","position":3,"name":"Anxi\u00e9t\u00e9","item":"https:\/\/kiaranaturals.com\/fr\/buy\/cbd-for-anxiety\/"},{"@type":"ListItem","position":4,"name":"3x Huile de CBD pur 10%"}]}]}},"_links":{"self":[{"href":"https:\/\/kiaranaturals.com\/fr\/wp-json\/wp\/v2\/product\/38626","targetHints":{"allow":["GET"]}}],"collection":[{"href":"https:\/\/kiaranaturals.com\/fr\/wp-json\/wp\/v2\/product"}],"about":[{"href":"https:\/\/kiaranaturals.com\/fr\/wp-json\/wp\/v2\/types\/product"}],"version-history":[{"count":0,"href":"https:\/\/kiaranaturals.com\/fr\/wp-json\/wp\/v2\/product\/38626\/revisions"}],"wp:featuredmedia":[{"embeddable":true,"href":"https:\/\/kiaranaturals.com\/fr\/wp-json\/wp\/v2\/media\/38616"}],"wp:attachment":[{"href":"https:\/\/kiaranaturals.com\/fr\/wp-json\/wp\/v2\/media?parent=38626"}],"wp:term":[{"taxonomy":"product_cat","embeddable":true,"href":"https:\/\/kiaranaturals.com\/fr\/wp-json\/wp\/v2\/product_cat?post=38626"},{"taxonomy":"product_tag","embeddable":true,"href":"https:\/\/kiaranaturals.com\/fr\/wp-json\/wp\/v2\/product_tag?post=38626"}],"curies":[{"name":"wp","href":"https:\/\/api.w.org\/{rel}","templated":true}]}}