{"id":38642,"date":"2022-11-23T12:35:00","date_gmt":"2022-11-23T11:35:00","guid":{"rendered":"https:\/\/kiaranaturals.com\/fr\/?post_type=product&#038;p=38642"},"modified":"2026-03-25T18:59:11","modified_gmt":"2026-03-25T17:59:11","slug":"3x-full-spectrum-cbd-oil-30x3","status":"publish","type":"product","link":"https:\/\/kiaranaturals.com\/fr\/buy\/cbd-for-pain-relief\/3x-full-spectrum-cbd-oil-30x\/","title":{"rendered":"3x Full Spectrum CBD Oil 30%"},"excerpt":{"rendered":"<p>A full spectrum of high potency. Our pharmaceutical-grade Full Spectrum CBD Oil contains the highest concentrations of CBD &#8211; and the minimal amount of filler oil.<\/p>\n","protected":false},"featured_media":38637,"template":"","meta":[],"product_cat":[18,22,42,17,21,19],"product_tag":[],"class_list":["post-38642","product","type-product","status-publish","has-post-thumbnail","hentry","type-oils","product_cat-cbd-for-anxiety","product_cat-cbd-for-everyday-wellness","product_cat-cbg","product_cat-cbd-for-pain-relief","product_cat-cbd-for-recovery","product_cat-cbd-for-sleep"],"acf":[],"yoast_head":"<!-- This site is optimized with the Yoast SEO plugin v19.1 - https:\/\/yoast.com\/wordpress\/plugins\/seo\/ -->\n<title>Buy Full Spectrum CBG and CBD Oil - Kiara Naturals<\/title>\n<meta name=\"robots\" content=\"index, follow, max-snippet:-1, max-image-preview:large, max-video-preview:-1\" \/>\n<link rel=\"canonical\" href=\"https:\/\/kiaranaturals.com\/fr\/buy\/cbd-for-pain-relief\/3x-full-spectrum-cbd-oil-30x\/\" \/>\n<meta property=\"og:locale\" content=\"fr_FR\" \/>\n<meta property=\"og:type\" content=\"article\" \/>\n<meta property=\"og:title\" content=\"Buy Full Spectrum CBG and CBD Oil - Kiara Naturals\" \/>\n<meta property=\"og:description\" content=\"A full spectrum of high potency. Our pharmaceutical-grade Full Spectrum CBD Oil contains the highest concentrations of CBD - and the minimal amount of filler oil.\" \/>\n<meta property=\"og:url\" content=\"https:\/\/kiaranaturals.com\/fr\/buy\/cbd-for-pain-relief\/3x-full-spectrum-cbd-oil-30x\/\" \/>\n<meta property=\"og:site_name\" content=\"Kiara Naturals - FR\" \/>\n<meta property=\"article:modified_time\" content=\"2026-03-25T17:59:11+00:00\" \/>\n<meta property=\"og:image\" content=\"https:\/\/kiaranaturals.com\/wp-content\/uploads\/sites\/14\/2022\/11\/3x3000-oilcbd.png\" \/>\n\t<meta property=\"og:image:width\" content=\"1400\" \/>\n\t<meta property=\"og:image:height\" content=\"1400\" \/>\n\t<meta property=\"og:image:type\" content=\"image\/png\" \/>\n<meta name=\"twitter:card\" content=\"summary_large_image\" \/>\n<script type=\"application\/ld+json\" class=\"yoast-schema-graph\">{\"@context\":\"https:\/\/schema.org\",\"@graph\":[{\"@type\":\"Organization\",\"@id\":\"https:\/\/kiaranaturals.com\/fr\/#organization\",\"name\":\"Kiara Naturals\",\"url\":\"https:\/\/kiaranaturals.com\/fr\/\",\"sameAs\":[],\"logo\":{\"@type\":\"ImageObject\",\"inLanguage\":\"fr-FR\",\"@id\":\"https:\/\/kiaranaturals.com\/fr\/#\/schema\/logo\/image\/\",\"url\":\"https:\/\/kiaranaturals.com\/fr\/wp-content\/uploads\/sites\/14\/2022\/05\/kiara-logo.png\",\"contentUrl\":\"https:\/\/kiaranaturals.com\/fr\/wp-content\/uploads\/sites\/14\/2022\/05\/kiara-logo.png\",\"width\":1511,\"height\":418,\"caption\":\"Kiara Naturals\"},\"image\":{\"@id\":\"https:\/\/kiaranaturals.com\/fr\/#\/schema\/logo\/image\/\"}},{\"@type\":\"WebSite\",\"@id\":\"https:\/\/kiaranaturals.com\/fr\/#website\",\"url\":\"https:\/\/kiaranaturals.com\/fr\/\",\"name\":\"Kiara Naturals - FR\",\"description\":\"Pr\u00e9parations de CBD de qualit\u00e9 pharmaceutique et traitements naturels cultiv\u00e9s, extraits et fabriqu\u00e9s au c\u0153ur des Alpes suisses\",\"publisher\":{\"@id\":\"https:\/\/kiaranaturals.com\/fr\/#organization\"},\"potentialAction\":[{\"@type\":\"SearchAction\",\"target\":{\"@type\":\"EntryPoint\",\"urlTemplate\":\"https:\/\/kiaranaturals.com\/fr\/?s={search_term_string}\"},\"query-input\":\"required name=search_term_string\"}],\"inLanguage\":\"fr-FR\"},{\"@type\":\"ImageObject\",\"inLanguage\":\"fr-FR\",\"@id\":\"https:\/\/kiaranaturals.com\/fr\/buy\/cbd-for-pain-relief\/3x-full-spectrum-cbd-oil-30x\/#primaryimage\",\"url\":\"https:\/\/kiaranaturals.com\/wp-content\/uploads\/sites\/14\/2022\/11\/3x3000-oilcbd.png\",\"contentUrl\":\"https:\/\/kiaranaturals.com\/wp-content\/uploads\/sites\/14\/2022\/11\/3x3000-oilcbd.png\",\"width\":1400,\"height\":1400},{\"@type\":\"WebPage\",\"@id\":\"https:\/\/kiaranaturals.com\/fr\/buy\/cbd-for-pain-relief\/3x-full-spectrum-cbd-oil-30x\/#webpage\",\"url\":\"https:\/\/kiaranaturals.com\/fr\/buy\/cbd-for-pain-relief\/3x-full-spectrum-cbd-oil-30x\/\",\"name\":\"Buy Full Spectrum CBG and CBD Oil - Kiara Naturals\",\"isPartOf\":{\"@id\":\"https:\/\/kiaranaturals.com\/fr\/#website\"},\"primaryImageOfPage\":{\"@id\":\"https:\/\/kiaranaturals.com\/fr\/buy\/cbd-for-pain-relief\/3x-full-spectrum-cbd-oil-30x\/#primaryimage\"},\"datePublished\":\"2022-11-23T11:35:00+00:00\",\"dateModified\":\"2026-03-25T17:59:11+00:00\",\"breadcrumb\":{\"@id\":\"https:\/\/kiaranaturals.com\/fr\/buy\/cbd-for-pain-relief\/3x-full-spectrum-cbd-oil-30x\/#breadcrumb\"},\"inLanguage\":\"fr-FR\",\"potentialAction\":[{\"@type\":\"ReadAction\",\"target\":[\"https:\/\/kiaranaturals.com\/fr\/buy\/cbd-for-pain-relief\/3x-full-spectrum-cbd-oil-30x\/\"]}]},{\"@type\":\"BreadcrumbList\",\"@id\":\"https:\/\/kiaranaturals.com\/fr\/buy\/cbd-for-pain-relief\/3x-full-spectrum-cbd-oil-30x\/#breadcrumb\",\"itemListElement\":[{\"@type\":\"ListItem\",\"position\":1,\"name\":\"Home\",\"item\":\"https:\/\/kiaranaturals.com\/fr\/\"},{\"@type\":\"ListItem\",\"position\":2,\"name\":\"Achetez du CBD\",\"item\":\"https:\/\/kiaranaturals.com\/fr\/buy\/\"},{\"@type\":\"ListItem\",\"position\":3,\"name\":\"Douleur\",\"item\":\"https:\/\/kiaranaturals.com\/fr\/buy\/cbd-for-pain-relief\/\"},{\"@type\":\"ListItem\",\"position\":4,\"name\":\"3x Full Spectrum CBD Oil 30%\"}]}]}<\/script>\n<!-- \/ Yoast SEO plugin. -->","yoast_head_json":{"title":"Buy Full Spectrum CBG and CBD Oil - Kiara Naturals","robots":{"index":"index","follow":"follow","max-snippet":"max-snippet:-1","max-image-preview":"max-image-preview:large","max-video-preview":"max-video-preview:-1"},"canonical":"https:\/\/kiaranaturals.com\/fr\/buy\/cbd-for-pain-relief\/3x-full-spectrum-cbd-oil-30x\/","og_locale":"fr_FR","og_type":"article","og_title":"Buy Full Spectrum CBG and CBD Oil - Kiara Naturals","og_description":"A full spectrum of high potency. Our pharmaceutical-grade Full Spectrum CBD Oil contains the highest concentrations of CBD - and the minimal amount of filler oil.","og_url":"https:\/\/kiaranaturals.com\/fr\/buy\/cbd-for-pain-relief\/3x-full-spectrum-cbd-oil-30x\/","og_site_name":"Kiara Naturals - FR","article_modified_time":"2026-03-25T17:59:11+00:00","og_image":[{"width":1400,"height":1400,"url":"https:\/\/kiaranaturals.com\/wp-content\/uploads\/sites\/14\/2022\/11\/3x3000-oilcbd.png","type":"image\/png"}],"twitter_card":"summary_large_image","schema":{"@context":"https:\/\/schema.org","@graph":[{"@type":"Organization","@id":"https:\/\/kiaranaturals.com\/fr\/#organization","name":"Kiara Naturals","url":"https:\/\/kiaranaturals.com\/fr\/","sameAs":[],"logo":{"@type":"ImageObject","inLanguage":"fr-FR","@id":"https:\/\/kiaranaturals.com\/fr\/#\/schema\/logo\/image\/","url":"https:\/\/kiaranaturals.com\/fr\/wp-content\/uploads\/sites\/14\/2022\/05\/kiara-logo.png","contentUrl":"https:\/\/kiaranaturals.com\/fr\/wp-content\/uploads\/sites\/14\/2022\/05\/kiara-logo.png","width":1511,"height":418,"caption":"Kiara Naturals"},"image":{"@id":"https:\/\/kiaranaturals.com\/fr\/#\/schema\/logo\/image\/"}},{"@type":"WebSite","@id":"https:\/\/kiaranaturals.com\/fr\/#website","url":"https:\/\/kiaranaturals.com\/fr\/","name":"Kiara Naturals - FR","description":"Pr\u00e9parations de CBD de qualit\u00e9 pharmaceutique et traitements naturels cultiv\u00e9s, extraits et fabriqu\u00e9s au c\u0153ur des Alpes suisses","publisher":{"@id":"https:\/\/kiaranaturals.com\/fr\/#organization"},"potentialAction":[{"@type":"SearchAction","target":{"@type":"EntryPoint","urlTemplate":"https:\/\/kiaranaturals.com\/fr\/?s={search_term_string}"},"query-input":"required name=search_term_string"}],"inLanguage":"fr-FR"},{"@type":"ImageObject","inLanguage":"fr-FR","@id":"https:\/\/kiaranaturals.com\/fr\/buy\/cbd-for-pain-relief\/3x-full-spectrum-cbd-oil-30x\/#primaryimage","url":"https:\/\/kiaranaturals.com\/wp-content\/uploads\/sites\/14\/2022\/11\/3x3000-oilcbd.png","contentUrl":"https:\/\/kiaranaturals.com\/wp-content\/uploads\/sites\/14\/2022\/11\/3x3000-oilcbd.png","width":1400,"height":1400},{"@type":"WebPage","@id":"https:\/\/kiaranaturals.com\/fr\/buy\/cbd-for-pain-relief\/3x-full-spectrum-cbd-oil-30x\/#webpage","url":"https:\/\/kiaranaturals.com\/fr\/buy\/cbd-for-pain-relief\/3x-full-spectrum-cbd-oil-30x\/","name":"Buy Full Spectrum CBG and CBD Oil - Kiara Naturals","isPartOf":{"@id":"https:\/\/kiaranaturals.com\/fr\/#website"},"primaryImageOfPage":{"@id":"https:\/\/kiaranaturals.com\/fr\/buy\/cbd-for-pain-relief\/3x-full-spectrum-cbd-oil-30x\/#primaryimage"},"datePublished":"2022-11-23T11:35:00+00:00","dateModified":"2026-03-25T17:59:11+00:00","breadcrumb":{"@id":"https:\/\/kiaranaturals.com\/fr\/buy\/cbd-for-pain-relief\/3x-full-spectrum-cbd-oil-30x\/#breadcrumb"},"inLanguage":"fr-FR","potentialAction":[{"@type":"ReadAction","target":["https:\/\/kiaranaturals.com\/fr\/buy\/cbd-for-pain-relief\/3x-full-spectrum-cbd-oil-30x\/"]}]},{"@type":"BreadcrumbList","@id":"https:\/\/kiaranaturals.com\/fr\/buy\/cbd-for-pain-relief\/3x-full-spectrum-cbd-oil-30x\/#breadcrumb","itemListElement":[{"@type":"ListItem","position":1,"name":"Home","item":"https:\/\/kiaranaturals.com\/fr\/"},{"@type":"ListItem","position":2,"name":"Achetez du CBD","item":"https:\/\/kiaranaturals.com\/fr\/buy\/"},{"@type":"ListItem","position":3,"name":"Douleur","item":"https:\/\/kiaranaturals.com\/fr\/buy\/cbd-for-pain-relief\/"},{"@type":"ListItem","position":4,"name":"3x Full Spectrum CBD Oil 30%"}]}]}},"_links":{"self":[{"href":"https:\/\/kiaranaturals.com\/fr\/wp-json\/wp\/v2\/product\/38642","targetHints":{"allow":["GET"]}}],"collection":[{"href":"https:\/\/kiaranaturals.com\/fr\/wp-json\/wp\/v2\/product"}],"about":[{"href":"https:\/\/kiaranaturals.com\/fr\/wp-json\/wp\/v2\/types\/product"}],"version-history":[{"count":0,"href":"https:\/\/kiaranaturals.com\/fr\/wp-json\/wp\/v2\/product\/38642\/revisions"}],"wp:featuredmedia":[{"embeddable":true,"href":"https:\/\/kiaranaturals.com\/fr\/wp-json\/wp\/v2\/media\/38637"}],"wp:attachment":[{"href":"https:\/\/kiaranaturals.com\/fr\/wp-json\/wp\/v2\/media?parent=38642"}],"wp:term":[{"taxonomy":"product_cat","embeddable":true,"href":"https:\/\/kiaranaturals.com\/fr\/wp-json\/wp\/v2\/product_cat?post=38642"},{"taxonomy":"product_tag","embeddable":true,"href":"https:\/\/kiaranaturals.com\/fr\/wp-json\/wp\/v2\/product_tag?post=38642"}],"curies":[{"name":"wp","href":"https:\/\/api.w.org\/{rel}","templated":true}]}}