{"id":38745,"date":"2022-12-15T11:40:35","date_gmt":"2022-12-15T10:40:35","guid":{"rendered":"https:\/\/kiaranaturals.com\/fr\/?post_type=product&#038;p=38745"},"modified":"2024-05-15T15:26:36","modified_gmt":"2024-05-15T13:26:36","slug":"kit-cycle-actif","status":"publish","type":"product","link":"https:\/\/kiaranaturals.com\/fr\/buy\/cbd-accessories-and-kits\/kit-cycle-actif\/","title":{"rendered":"Kit Cycle Actif"},"excerpt":{"rendered":"<p><span style=\"font-weight: 400;\">Ce kit est exactement ce dont vous avez besoin avant, pendant et apr\u00e8s votre cycle menstruel, lorsque vous vous sentez fatigu\u00e9e, mal \u00e0 l\u2019aise ou tout simplement pas tr\u00e8s en forme. Les produits de ce kit ont \u00e9t\u00e9 soigneusement s\u00e9lectionn\u00e9s pour vous aider \u00e0 soulager les sympt\u00f4mes ind\u00e9sirables qui accompagnent vos r\u00e8gles et vous permettre de maintenir vos activit\u00e9s habituelles, sans probl\u00e8me!<\/span><\/p>\n","protected":false},"featured_media":39094,"template":"","meta":[],"product_cat":[45],"product_tag":[],"class_list":["post-38745","product","type-product","status-publish","has-post-thumbnail","hentry","type-kit","product_cat-cbd-accessories-and-kits"],"acf":[],"yoast_head":"<!-- This site is optimized with the Yoast SEO plugin v19.1 - https:\/\/yoast.com\/wordpress\/plugins\/seo\/ -->\n<title>Kit Cycle Actif - Kiara Naturals - FR<\/title>\n<meta name=\"robots\" content=\"index, follow, max-snippet:-1, max-image-preview:large, max-video-preview:-1\" \/>\n<link rel=\"canonical\" href=\"https:\/\/kiaranaturals.com\/fr\/buy\/cbd-accessories-and-kits\/kit-cycle-actif\/\" \/>\n<meta property=\"og:locale\" content=\"fr_FR\" \/>\n<meta property=\"og:type\" content=\"article\" \/>\n<meta property=\"og:title\" content=\"Kit Cycle Actif - Kiara Naturals - FR\" \/>\n<meta property=\"og:description\" content=\"Ce kit est exactement ce dont vous avez besoin avant, pendant et apr\u00e8s votre cycle menstruel, lorsque vous vous sentez fatigu\u00e9e, mal \u00e0 l\u2019aise ou tout simplement pas tr\u00e8s en forme. Les produits de ce kit ont \u00e9t\u00e9 soigneusement s\u00e9lectionn\u00e9s pour vous aider \u00e0 soulager les sympt\u00f4mes ind\u00e9sirables qui accompagnent vos r\u00e8gles et vous permettre de maintenir vos activit\u00e9s habituelles, sans probl\u00e8me!\" \/>\n<meta property=\"og:url\" content=\"https:\/\/kiaranaturals.com\/fr\/buy\/cbd-accessories-and-kits\/kit-cycle-actif\/\" \/>\n<meta property=\"og:site_name\" content=\"Kiara Naturals - FR\" \/>\n<meta property=\"article:modified_time\" content=\"2024-05-15T13:26:36+00:00\" \/>\n<meta property=\"og:image\" content=\"https:\/\/kiaranaturals.com\/wp-content\/uploads\/sites\/14\/2022\/12\/Website_Kitpics_newvape_1400x1400_non.png\" \/>\n\t<meta property=\"og:image:width\" content=\"1400\" \/>\n\t<meta property=\"og:image:height\" content=\"1400\" \/>\n\t<meta property=\"og:image:type\" content=\"image\/png\" \/>\n<meta name=\"twitter:card\" content=\"summary_large_image\" \/>\n<script type=\"application\/ld+json\" class=\"yoast-schema-graph\">{\"@context\":\"https:\/\/schema.org\",\"@graph\":[{\"@type\":\"Organization\",\"@id\":\"https:\/\/kiaranaturals.com\/fr\/#organization\",\"name\":\"Kiara Naturals\",\"url\":\"https:\/\/kiaranaturals.com\/fr\/\",\"sameAs\":[],\"logo\":{\"@type\":\"ImageObject\",\"inLanguage\":\"fr-FR\",\"@id\":\"https:\/\/kiaranaturals.com\/fr\/#\/schema\/logo\/image\/\",\"url\":\"https:\/\/kiaranaturals.com\/fr\/wp-content\/uploads\/sites\/14\/2022\/05\/kiara-logo.png\",\"contentUrl\":\"https:\/\/kiaranaturals.com\/fr\/wp-content\/uploads\/sites\/14\/2022\/05\/kiara-logo.png\",\"width\":1511,\"height\":418,\"caption\":\"Kiara Naturals\"},\"image\":{\"@id\":\"https:\/\/kiaranaturals.com\/fr\/#\/schema\/logo\/image\/\"}},{\"@type\":\"WebSite\",\"@id\":\"https:\/\/kiaranaturals.com\/fr\/#website\",\"url\":\"https:\/\/kiaranaturals.com\/fr\/\",\"name\":\"Kiara Naturals - FR\",\"description\":\"Pr\u00e9parations de CBD de qualit\u00e9 pharmaceutique et traitements naturels cultiv\u00e9s, extraits et fabriqu\u00e9s au c\u0153ur des Alpes suisses\",\"publisher\":{\"@id\":\"https:\/\/kiaranaturals.com\/fr\/#organization\"},\"potentialAction\":[{\"@type\":\"SearchAction\",\"target\":{\"@type\":\"EntryPoint\",\"urlTemplate\":\"https:\/\/kiaranaturals.com\/fr\/?s={search_term_string}\"},\"query-input\":\"required name=search_term_string\"}],\"inLanguage\":\"fr-FR\"},{\"@type\":\"ImageObject\",\"inLanguage\":\"fr-FR\",\"@id\":\"https:\/\/kiaranaturals.com\/fr\/buy\/cbd-accessories-and-kits\/kit-cycle-actif\/#primaryimage\",\"url\":\"https:\/\/kiaranaturals.com\/wp-content\/uploads\/sites\/14\/2022\/12\/Website_Kitpics_newvape_1400x1400_non.png\",\"contentUrl\":\"https:\/\/kiaranaturals.com\/wp-content\/uploads\/sites\/14\/2022\/12\/Website_Kitpics_newvape_1400x1400_non.png\",\"width\":1400,\"height\":1400},{\"@type\":\"WebPage\",\"@id\":\"https:\/\/kiaranaturals.com\/fr\/buy\/cbd-accessories-and-kits\/kit-cycle-actif\/#webpage\",\"url\":\"https:\/\/kiaranaturals.com\/fr\/buy\/cbd-accessories-and-kits\/kit-cycle-actif\/\",\"name\":\"Kit Cycle Actif - Kiara Naturals - FR\",\"isPartOf\":{\"@id\":\"https:\/\/kiaranaturals.com\/fr\/#website\"},\"primaryImageOfPage\":{\"@id\":\"https:\/\/kiaranaturals.com\/fr\/buy\/cbd-accessories-and-kits\/kit-cycle-actif\/#primaryimage\"},\"datePublished\":\"2022-12-15T10:40:35+00:00\",\"dateModified\":\"2024-05-15T13:26:36+00:00\",\"breadcrumb\":{\"@id\":\"https:\/\/kiaranaturals.com\/fr\/buy\/cbd-accessories-and-kits\/kit-cycle-actif\/#breadcrumb\"},\"inLanguage\":\"fr-FR\",\"potentialAction\":[{\"@type\":\"ReadAction\",\"target\":[\"https:\/\/kiaranaturals.com\/fr\/buy\/cbd-accessories-and-kits\/kit-cycle-actif\/\"]}]},{\"@type\":\"BreadcrumbList\",\"@id\":\"https:\/\/kiaranaturals.com\/fr\/buy\/cbd-accessories-and-kits\/kit-cycle-actif\/#breadcrumb\",\"itemListElement\":[{\"@type\":\"ListItem\",\"position\":1,\"name\":\"Home\",\"item\":\"https:\/\/kiaranaturals.com\/fr\/\"},{\"@type\":\"ListItem\",\"position\":2,\"name\":\"Achetez du CBD\",\"item\":\"https:\/\/kiaranaturals.com\/fr\/buy\/\"},{\"@type\":\"ListItem\",\"position\":3,\"name\":\"Accessoires et packs CBD\",\"item\":\"https:\/\/kiaranaturals.com\/fr\/buy\/cbd-accessories-and-kits\/\"},{\"@type\":\"ListItem\",\"position\":4,\"name\":\"Kit Cycle Actif\"}]}]}<\/script>\n<!-- \/ Yoast SEO plugin. -->","yoast_head_json":{"title":"Kit Cycle Actif - Kiara Naturals - FR","robots":{"index":"index","follow":"follow","max-snippet":"max-snippet:-1","max-image-preview":"max-image-preview:large","max-video-preview":"max-video-preview:-1"},"canonical":"https:\/\/kiaranaturals.com\/fr\/buy\/cbd-accessories-and-kits\/kit-cycle-actif\/","og_locale":"fr_FR","og_type":"article","og_title":"Kit Cycle Actif - Kiara Naturals - FR","og_description":"Ce kit est exactement ce dont vous avez besoin avant, pendant et apr\u00e8s votre cycle menstruel, lorsque vous vous sentez fatigu\u00e9e, mal \u00e0 l\u2019aise ou tout simplement pas tr\u00e8s en forme. Les produits de ce kit ont \u00e9t\u00e9 soigneusement s\u00e9lectionn\u00e9s pour vous aider \u00e0 soulager les sympt\u00f4mes ind\u00e9sirables qui accompagnent vos r\u00e8gles et vous permettre de maintenir vos activit\u00e9s habituelles, sans probl\u00e8me!","og_url":"https:\/\/kiaranaturals.com\/fr\/buy\/cbd-accessories-and-kits\/kit-cycle-actif\/","og_site_name":"Kiara Naturals - FR","article_modified_time":"2024-05-15T13:26:36+00:00","og_image":[{"width":1400,"height":1400,"url":"https:\/\/kiaranaturals.com\/wp-content\/uploads\/sites\/14\/2022\/12\/Website_Kitpics_newvape_1400x1400_non.png","type":"image\/png"}],"twitter_card":"summary_large_image","schema":{"@context":"https:\/\/schema.org","@graph":[{"@type":"Organization","@id":"https:\/\/kiaranaturals.com\/fr\/#organization","name":"Kiara Naturals","url":"https:\/\/kiaranaturals.com\/fr\/","sameAs":[],"logo":{"@type":"ImageObject","inLanguage":"fr-FR","@id":"https:\/\/kiaranaturals.com\/fr\/#\/schema\/logo\/image\/","url":"https:\/\/kiaranaturals.com\/fr\/wp-content\/uploads\/sites\/14\/2022\/05\/kiara-logo.png","contentUrl":"https:\/\/kiaranaturals.com\/fr\/wp-content\/uploads\/sites\/14\/2022\/05\/kiara-logo.png","width":1511,"height":418,"caption":"Kiara Naturals"},"image":{"@id":"https:\/\/kiaranaturals.com\/fr\/#\/schema\/logo\/image\/"}},{"@type":"WebSite","@id":"https:\/\/kiaranaturals.com\/fr\/#website","url":"https:\/\/kiaranaturals.com\/fr\/","name":"Kiara Naturals - FR","description":"Pr\u00e9parations de CBD de qualit\u00e9 pharmaceutique et traitements naturels cultiv\u00e9s, extraits et fabriqu\u00e9s au c\u0153ur des Alpes suisses","publisher":{"@id":"https:\/\/kiaranaturals.com\/fr\/#organization"},"potentialAction":[{"@type":"SearchAction","target":{"@type":"EntryPoint","urlTemplate":"https:\/\/kiaranaturals.com\/fr\/?s={search_term_string}"},"query-input":"required name=search_term_string"}],"inLanguage":"fr-FR"},{"@type":"ImageObject","inLanguage":"fr-FR","@id":"https:\/\/kiaranaturals.com\/fr\/buy\/cbd-accessories-and-kits\/kit-cycle-actif\/#primaryimage","url":"https:\/\/kiaranaturals.com\/wp-content\/uploads\/sites\/14\/2022\/12\/Website_Kitpics_newvape_1400x1400_non.png","contentUrl":"https:\/\/kiaranaturals.com\/wp-content\/uploads\/sites\/14\/2022\/12\/Website_Kitpics_newvape_1400x1400_non.png","width":1400,"height":1400},{"@type":"WebPage","@id":"https:\/\/kiaranaturals.com\/fr\/buy\/cbd-accessories-and-kits\/kit-cycle-actif\/#webpage","url":"https:\/\/kiaranaturals.com\/fr\/buy\/cbd-accessories-and-kits\/kit-cycle-actif\/","name":"Kit Cycle Actif - Kiara Naturals - FR","isPartOf":{"@id":"https:\/\/kiaranaturals.com\/fr\/#website"},"primaryImageOfPage":{"@id":"https:\/\/kiaranaturals.com\/fr\/buy\/cbd-accessories-and-kits\/kit-cycle-actif\/#primaryimage"},"datePublished":"2022-12-15T10:40:35+00:00","dateModified":"2024-05-15T13:26:36+00:00","breadcrumb":{"@id":"https:\/\/kiaranaturals.com\/fr\/buy\/cbd-accessories-and-kits\/kit-cycle-actif\/#breadcrumb"},"inLanguage":"fr-FR","potentialAction":[{"@type":"ReadAction","target":["https:\/\/kiaranaturals.com\/fr\/buy\/cbd-accessories-and-kits\/kit-cycle-actif\/"]}]},{"@type":"BreadcrumbList","@id":"https:\/\/kiaranaturals.com\/fr\/buy\/cbd-accessories-and-kits\/kit-cycle-actif\/#breadcrumb","itemListElement":[{"@type":"ListItem","position":1,"name":"Home","item":"https:\/\/kiaranaturals.com\/fr\/"},{"@type":"ListItem","position":2,"name":"Achetez du CBD","item":"https:\/\/kiaranaturals.com\/fr\/buy\/"},{"@type":"ListItem","position":3,"name":"Accessoires et packs CBD","item":"https:\/\/kiaranaturals.com\/fr\/buy\/cbd-accessories-and-kits\/"},{"@type":"ListItem","position":4,"name":"Kit Cycle Actif"}]}]}},"_links":{"self":[{"href":"https:\/\/kiaranaturals.com\/fr\/wp-json\/wp\/v2\/product\/38745","targetHints":{"allow":["GET"]}}],"collection":[{"href":"https:\/\/kiaranaturals.com\/fr\/wp-json\/wp\/v2\/product"}],"about":[{"href":"https:\/\/kiaranaturals.com\/fr\/wp-json\/wp\/v2\/types\/product"}],"version-history":[{"count":0,"href":"https:\/\/kiaranaturals.com\/fr\/wp-json\/wp\/v2\/product\/38745\/revisions"}],"wp:featuredmedia":[{"embeddable":true,"href":"https:\/\/kiaranaturals.com\/fr\/wp-json\/wp\/v2\/media\/39094"}],"wp:attachment":[{"href":"https:\/\/kiaranaturals.com\/fr\/wp-json\/wp\/v2\/media?parent=38745"}],"wp:term":[{"taxonomy":"product_cat","embeddable":true,"href":"https:\/\/kiaranaturals.com\/fr\/wp-json\/wp\/v2\/product_cat?post=38745"},{"taxonomy":"product_tag","embeddable":true,"href":"https:\/\/kiaranaturals.com\/fr\/wp-json\/wp\/v2\/product_tag?post=38745"}],"curies":[{"name":"wp","href":"https:\/\/api.w.org\/{rel}","templated":true}]}}