{"id":38765,"date":"2022-12-15T11:45:17","date_gmt":"2022-12-15T10:45:17","guid":{"rendered":"https:\/\/kiaranaturals.com\/fr\/?post_type=product&#038;p=38765"},"modified":"2024-05-15T15:25:39","modified_gmt":"2024-05-15T13:25:39","slug":"beauxkit","status":"publish","type":"product","link":"https:\/\/kiaranaturals.com\/fr\/buy\/cbd-accessories-and-kits\/beauxkit\/","title":{"rendered":"Kit Beaux R\u00eaves"},"excerpt":{"rendered":"<p><span style=\"font-weight: 400;\">Ces produits ont \u00e9t\u00e9 choisis pour vous aider \u00e0 obtenir le repos de qualit\u00e9 dont vous avez vraiment besoin. Ces formulations vous aident \u00e0 d\u00e9compresser, \u00e0 vous relaxer mentalement et physiquement, \u00e0 vous endormir plus rapidement, et \u00e0 diminuer les troubles du sommeil pour vous r\u00e9veiller repos\u00e9 et en pleine forme. <\/span><\/p>\n","protected":false},"featured_media":39092,"template":"","meta":[],"product_cat":[45,19],"product_tag":[],"class_list":["post-38765","product","type-product","status-publish","has-post-thumbnail","hentry","type-kit","product_cat-cbd-accessories-and-kits","product_cat-cbd-for-sleep"],"acf":[],"yoast_head":"<!-- This site is optimized with the Yoast SEO plugin v19.1 - https:\/\/yoast.com\/wordpress\/plugins\/seo\/ -->\n<title>Kit Beaux R\u00eaves - Kiara Naturals - FR<\/title>\n<meta name=\"robots\" content=\"index, follow, max-snippet:-1, max-image-preview:large, max-video-preview:-1\" \/>\n<link rel=\"canonical\" href=\"https:\/\/kiaranaturals.com\/fr\/buy\/cbd-accessories-and-kits\/beauxkit\/\" \/>\n<meta property=\"og:locale\" content=\"fr_FR\" \/>\n<meta property=\"og:type\" content=\"article\" \/>\n<meta property=\"og:title\" content=\"Kit Beaux R\u00eaves - Kiara Naturals - FR\" \/>\n<meta property=\"og:description\" content=\"Ces produits ont \u00e9t\u00e9 choisis pour vous aider \u00e0 obtenir le repos de qualit\u00e9 dont vous avez vraiment besoin. Ces formulations vous aident \u00e0 d\u00e9compresser, \u00e0 vous relaxer mentalement et physiquement, \u00e0 vous endormir plus rapidement, et \u00e0 diminuer les troubles du sommeil pour vous r\u00e9veiller repos\u00e9 et en pleine forme.\" \/>\n<meta property=\"og:url\" content=\"https:\/\/kiaranaturals.com\/fr\/buy\/cbd-accessories-and-kits\/beauxkit\/\" \/>\n<meta property=\"og:site_name\" content=\"Kiara Naturals - FR\" \/>\n<meta property=\"article:modified_time\" content=\"2024-05-15T13:25:39+00:00\" \/>\n<meta property=\"og:image\" content=\"https:\/\/kiaranaturals.com\/wp-content\/uploads\/sites\/14\/2022\/12\/Website_Kitpics_newvape_1400x1400_grid2.png\" \/>\n\t<meta property=\"og:image:width\" content=\"1400\" \/>\n\t<meta property=\"og:image:height\" content=\"1400\" \/>\n\t<meta property=\"og:image:type\" content=\"image\/png\" \/>\n<meta name=\"twitter:card\" content=\"summary_large_image\" \/>\n<script type=\"application\/ld+json\" class=\"yoast-schema-graph\">{\"@context\":\"https:\/\/schema.org\",\"@graph\":[{\"@type\":\"Organization\",\"@id\":\"https:\/\/kiaranaturals.com\/fr\/#organization\",\"name\":\"Kiara Naturals\",\"url\":\"https:\/\/kiaranaturals.com\/fr\/\",\"sameAs\":[],\"logo\":{\"@type\":\"ImageObject\",\"inLanguage\":\"fr-FR\",\"@id\":\"https:\/\/kiaranaturals.com\/fr\/#\/schema\/logo\/image\/\",\"url\":\"https:\/\/kiaranaturals.com\/fr\/wp-content\/uploads\/sites\/14\/2022\/05\/kiara-logo.png\",\"contentUrl\":\"https:\/\/kiaranaturals.com\/fr\/wp-content\/uploads\/sites\/14\/2022\/05\/kiara-logo.png\",\"width\":1511,\"height\":418,\"caption\":\"Kiara Naturals\"},\"image\":{\"@id\":\"https:\/\/kiaranaturals.com\/fr\/#\/schema\/logo\/image\/\"}},{\"@type\":\"WebSite\",\"@id\":\"https:\/\/kiaranaturals.com\/fr\/#website\",\"url\":\"https:\/\/kiaranaturals.com\/fr\/\",\"name\":\"Kiara Naturals - FR\",\"description\":\"Pr\u00e9parations de CBD de qualit\u00e9 pharmaceutique et traitements naturels cultiv\u00e9s, extraits et fabriqu\u00e9s au c\u0153ur des Alpes suisses\",\"publisher\":{\"@id\":\"https:\/\/kiaranaturals.com\/fr\/#organization\"},\"potentialAction\":[{\"@type\":\"SearchAction\",\"target\":{\"@type\":\"EntryPoint\",\"urlTemplate\":\"https:\/\/kiaranaturals.com\/fr\/?s={search_term_string}\"},\"query-input\":\"required name=search_term_string\"}],\"inLanguage\":\"fr-FR\"},{\"@type\":\"ImageObject\",\"inLanguage\":\"fr-FR\",\"@id\":\"https:\/\/kiaranaturals.com\/fr\/buy\/cbd-accessories-and-kits\/beauxkit\/#primaryimage\",\"url\":\"https:\/\/kiaranaturals.com\/wp-content\/uploads\/sites\/14\/2022\/12\/Website_Kitpics_newvape_1400x1400_grid2.png\",\"contentUrl\":\"https:\/\/kiaranaturals.com\/wp-content\/uploads\/sites\/14\/2022\/12\/Website_Kitpics_newvape_1400x1400_grid2.png\",\"width\":1400,\"height\":1400},{\"@type\":\"WebPage\",\"@id\":\"https:\/\/kiaranaturals.com\/fr\/buy\/cbd-accessories-and-kits\/beauxkit\/#webpage\",\"url\":\"https:\/\/kiaranaturals.com\/fr\/buy\/cbd-accessories-and-kits\/beauxkit\/\",\"name\":\"Kit Beaux R\u00eaves - Kiara Naturals - FR\",\"isPartOf\":{\"@id\":\"https:\/\/kiaranaturals.com\/fr\/#website\"},\"primaryImageOfPage\":{\"@id\":\"https:\/\/kiaranaturals.com\/fr\/buy\/cbd-accessories-and-kits\/beauxkit\/#primaryimage\"},\"datePublished\":\"2022-12-15T10:45:17+00:00\",\"dateModified\":\"2024-05-15T13:25:39+00:00\",\"breadcrumb\":{\"@id\":\"https:\/\/kiaranaturals.com\/fr\/buy\/cbd-accessories-and-kits\/beauxkit\/#breadcrumb\"},\"inLanguage\":\"fr-FR\",\"potentialAction\":[{\"@type\":\"ReadAction\",\"target\":[\"https:\/\/kiaranaturals.com\/fr\/buy\/cbd-accessories-and-kits\/beauxkit\/\"]}]},{\"@type\":\"BreadcrumbList\",\"@id\":\"https:\/\/kiaranaturals.com\/fr\/buy\/cbd-accessories-and-kits\/beauxkit\/#breadcrumb\",\"itemListElement\":[{\"@type\":\"ListItem\",\"position\":1,\"name\":\"Home\",\"item\":\"https:\/\/kiaranaturals.com\/fr\/\"},{\"@type\":\"ListItem\",\"position\":2,\"name\":\"Achetez du CBD\",\"item\":\"https:\/\/kiaranaturals.com\/fr\/buy\/\"},{\"@type\":\"ListItem\",\"position\":3,\"name\":\"Accessoires et packs CBD\",\"item\":\"https:\/\/kiaranaturals.com\/fr\/buy\/cbd-accessories-and-kits\/\"},{\"@type\":\"ListItem\",\"position\":4,\"name\":\"Kit Beaux R\u00eaves\"}]}]}<\/script>\n<!-- \/ Yoast SEO plugin. -->","yoast_head_json":{"title":"Kit Beaux R\u00eaves - Kiara Naturals - FR","robots":{"index":"index","follow":"follow","max-snippet":"max-snippet:-1","max-image-preview":"max-image-preview:large","max-video-preview":"max-video-preview:-1"},"canonical":"https:\/\/kiaranaturals.com\/fr\/buy\/cbd-accessories-and-kits\/beauxkit\/","og_locale":"fr_FR","og_type":"article","og_title":"Kit Beaux R\u00eaves - Kiara Naturals - FR","og_description":"Ces produits ont \u00e9t\u00e9 choisis pour vous aider \u00e0 obtenir le repos de qualit\u00e9 dont vous avez vraiment besoin. Ces formulations vous aident \u00e0 d\u00e9compresser, \u00e0 vous relaxer mentalement et physiquement, \u00e0 vous endormir plus rapidement, et \u00e0 diminuer les troubles du sommeil pour vous r\u00e9veiller repos\u00e9 et en pleine forme.","og_url":"https:\/\/kiaranaturals.com\/fr\/buy\/cbd-accessories-and-kits\/beauxkit\/","og_site_name":"Kiara Naturals - FR","article_modified_time":"2024-05-15T13:25:39+00:00","og_image":[{"width":1400,"height":1400,"url":"https:\/\/kiaranaturals.com\/wp-content\/uploads\/sites\/14\/2022\/12\/Website_Kitpics_newvape_1400x1400_grid2.png","type":"image\/png"}],"twitter_card":"summary_large_image","schema":{"@context":"https:\/\/schema.org","@graph":[{"@type":"Organization","@id":"https:\/\/kiaranaturals.com\/fr\/#organization","name":"Kiara Naturals","url":"https:\/\/kiaranaturals.com\/fr\/","sameAs":[],"logo":{"@type":"ImageObject","inLanguage":"fr-FR","@id":"https:\/\/kiaranaturals.com\/fr\/#\/schema\/logo\/image\/","url":"https:\/\/kiaranaturals.com\/fr\/wp-content\/uploads\/sites\/14\/2022\/05\/kiara-logo.png","contentUrl":"https:\/\/kiaranaturals.com\/fr\/wp-content\/uploads\/sites\/14\/2022\/05\/kiara-logo.png","width":1511,"height":418,"caption":"Kiara Naturals"},"image":{"@id":"https:\/\/kiaranaturals.com\/fr\/#\/schema\/logo\/image\/"}},{"@type":"WebSite","@id":"https:\/\/kiaranaturals.com\/fr\/#website","url":"https:\/\/kiaranaturals.com\/fr\/","name":"Kiara Naturals - FR","description":"Pr\u00e9parations de CBD de qualit\u00e9 pharmaceutique et traitements naturels cultiv\u00e9s, extraits et fabriqu\u00e9s au c\u0153ur des Alpes suisses","publisher":{"@id":"https:\/\/kiaranaturals.com\/fr\/#organization"},"potentialAction":[{"@type":"SearchAction","target":{"@type":"EntryPoint","urlTemplate":"https:\/\/kiaranaturals.com\/fr\/?s={search_term_string}"},"query-input":"required name=search_term_string"}],"inLanguage":"fr-FR"},{"@type":"ImageObject","inLanguage":"fr-FR","@id":"https:\/\/kiaranaturals.com\/fr\/buy\/cbd-accessories-and-kits\/beauxkit\/#primaryimage","url":"https:\/\/kiaranaturals.com\/wp-content\/uploads\/sites\/14\/2022\/12\/Website_Kitpics_newvape_1400x1400_grid2.png","contentUrl":"https:\/\/kiaranaturals.com\/wp-content\/uploads\/sites\/14\/2022\/12\/Website_Kitpics_newvape_1400x1400_grid2.png","width":1400,"height":1400},{"@type":"WebPage","@id":"https:\/\/kiaranaturals.com\/fr\/buy\/cbd-accessories-and-kits\/beauxkit\/#webpage","url":"https:\/\/kiaranaturals.com\/fr\/buy\/cbd-accessories-and-kits\/beauxkit\/","name":"Kit Beaux R\u00eaves - Kiara Naturals - FR","isPartOf":{"@id":"https:\/\/kiaranaturals.com\/fr\/#website"},"primaryImageOfPage":{"@id":"https:\/\/kiaranaturals.com\/fr\/buy\/cbd-accessories-and-kits\/beauxkit\/#primaryimage"},"datePublished":"2022-12-15T10:45:17+00:00","dateModified":"2024-05-15T13:25:39+00:00","breadcrumb":{"@id":"https:\/\/kiaranaturals.com\/fr\/buy\/cbd-accessories-and-kits\/beauxkit\/#breadcrumb"},"inLanguage":"fr-FR","potentialAction":[{"@type":"ReadAction","target":["https:\/\/kiaranaturals.com\/fr\/buy\/cbd-accessories-and-kits\/beauxkit\/"]}]},{"@type":"BreadcrumbList","@id":"https:\/\/kiaranaturals.com\/fr\/buy\/cbd-accessories-and-kits\/beauxkit\/#breadcrumb","itemListElement":[{"@type":"ListItem","position":1,"name":"Home","item":"https:\/\/kiaranaturals.com\/fr\/"},{"@type":"ListItem","position":2,"name":"Achetez du CBD","item":"https:\/\/kiaranaturals.com\/fr\/buy\/"},{"@type":"ListItem","position":3,"name":"Accessoires et packs CBD","item":"https:\/\/kiaranaturals.com\/fr\/buy\/cbd-accessories-and-kits\/"},{"@type":"ListItem","position":4,"name":"Kit Beaux R\u00eaves"}]}]}},"_links":{"self":[{"href":"https:\/\/kiaranaturals.com\/fr\/wp-json\/wp\/v2\/product\/38765","targetHints":{"allow":["GET"]}}],"collection":[{"href":"https:\/\/kiaranaturals.com\/fr\/wp-json\/wp\/v2\/product"}],"about":[{"href":"https:\/\/kiaranaturals.com\/fr\/wp-json\/wp\/v2\/types\/product"}],"version-history":[{"count":0,"href":"https:\/\/kiaranaturals.com\/fr\/wp-json\/wp\/v2\/product\/38765\/revisions"}],"wp:featuredmedia":[{"embeddable":true,"href":"https:\/\/kiaranaturals.com\/fr\/wp-json\/wp\/v2\/media\/39092"}],"wp:attachment":[{"href":"https:\/\/kiaranaturals.com\/fr\/wp-json\/wp\/v2\/media?parent=38765"}],"wp:term":[{"taxonomy":"product_cat","embeddable":true,"href":"https:\/\/kiaranaturals.com\/fr\/wp-json\/wp\/v2\/product_cat?post=38765"},{"taxonomy":"product_tag","embeddable":true,"href":"https:\/\/kiaranaturals.com\/fr\/wp-json\/wp\/v2\/product_tag?post=38765"}],"curies":[{"name":"wp","href":"https:\/\/api.w.org\/{rel}","templated":true}]}}