{"id":39503,"date":"2022-11-25T10:36:20","date_gmt":"2022-11-25T09:36:20","guid":{"rendered":"https:\/\/kiaranaturals.com\/fr\/shop\/sin%20categor\u00eda\/tintura-antipatogena-3x\/"},"modified":"2024-10-14T07:19:49","modified_gmt":"2024-10-14T05:19:49","slug":"tintura-antipatogena-3x","status":"publish","type":"product","link":"https:\/\/kiaranaturals.com\/fr\/shop\/cbd-tinctures\/tintura-antipatogena-3x\/","title":{"rendered":"3 x Tintura antipat\u00f3gena"},"excerpt":{"rendered":"<p>Nuestra tintura antipat\u00f3gena est\u00e1 compuesta por siete plantas potentes, cada una de las cuales est\u00e1 cl\u00ednicamente probada para combatir pat\u00f3genos y aumentar las defensas de su cuerpo. \u00a1S\u00f3lo usarla cuando se encuentre enfermo!<\/p>\n","protected":false},"featured_media":39498,"template":"","meta":[],"product_cat":[21,39],"product_tag":[],"class_list":["post-39503","product","type-product","status-publish","has-post-thumbnail","hentry","product_cat-cbd-for-recovery","product_cat-cbd-tinctures"],"acf":[],"yoast_head":"<!-- This site is optimized with the Yoast SEO plugin v19.1 - https:\/\/yoast.com\/wordpress\/plugins\/seo\/ -->\n<title>Buy CBD Anti-Pathogen Tincture - Kiara Naturals<\/title>\n<meta name=\"robots\" content=\"index, follow, max-snippet:-1, max-image-preview:large, max-video-preview:-1\" \/>\n<link rel=\"canonical\" href=\"https:\/\/kiaranaturals.com\/fr\/shop\/cbd-tinctures\/tintura-antipatogena-3x\/\" \/>\n<meta property=\"og:locale\" content=\"fr_FR\" \/>\n<meta property=\"og:type\" content=\"article\" \/>\n<meta property=\"og:title\" content=\"Buy CBD Anti-Pathogen Tincture - Kiara Naturals\" \/>\n<meta property=\"og:description\" content=\"Nuestra tintura antipat\u00f3gena est\u00e1 compuesta por siete plantas potentes, cada una de las cuales est\u00e1 cl\u00ednicamente probada para combatir pat\u00f3genos y aumentar las defensas de su cuerpo. \u00a1S\u00f3lo usarla cuando se encuentre enfermo!\" \/>\n<meta property=\"og:url\" content=\"https:\/\/kiaranaturals.com\/fr\/shop\/cbd-tinctures\/tintura-antipatogena-3x\/\" \/>\n<meta property=\"og:site_name\" content=\"Kiara Naturals - FR\" \/>\n<meta property=\"article:modified_time\" content=\"2024-10-14T05:19:49+00:00\" \/>\n<meta property=\"og:image\" content=\"https:\/\/kiaranaturals.com\/wp-content\/uploads\/sites\/14\/2023\/12\/Website_Kitpics_3xpacks_1400x14006.png\" \/>\n\t<meta property=\"og:image:width\" content=\"1400\" \/>\n\t<meta property=\"og:image:height\" content=\"1400\" \/>\n\t<meta property=\"og:image:type\" content=\"image\/png\" \/>\n<meta name=\"twitter:card\" content=\"summary_large_image\" \/>\n<script type=\"application\/ld+json\" class=\"yoast-schema-graph\">{\"@context\":\"https:\/\/schema.org\",\"@graph\":[{\"@type\":\"Organization\",\"@id\":\"https:\/\/kiaranaturals.com\/fr\/#organization\",\"name\":\"Kiara Naturals\",\"url\":\"https:\/\/kiaranaturals.com\/fr\/\",\"sameAs\":[],\"logo\":{\"@type\":\"ImageObject\",\"inLanguage\":\"fr-FR\",\"@id\":\"https:\/\/kiaranaturals.com\/fr\/#\/schema\/logo\/image\/\",\"url\":\"https:\/\/kiaranaturals.com\/fr\/wp-content\/uploads\/sites\/14\/2022\/05\/kiara-logo.png\",\"contentUrl\":\"https:\/\/kiaranaturals.com\/fr\/wp-content\/uploads\/sites\/14\/2022\/05\/kiara-logo.png\",\"width\":1511,\"height\":418,\"caption\":\"Kiara Naturals\"},\"image\":{\"@id\":\"https:\/\/kiaranaturals.com\/fr\/#\/schema\/logo\/image\/\"}},{\"@type\":\"WebSite\",\"@id\":\"https:\/\/kiaranaturals.com\/fr\/#website\",\"url\":\"https:\/\/kiaranaturals.com\/fr\/\",\"name\":\"Kiara Naturals - FR\",\"description\":\"Pr\u00e9parations de CBD de qualit\u00e9 pharmaceutique et traitements naturels cultiv\u00e9s, extraits et fabriqu\u00e9s au c\u0153ur des Alpes suisses\",\"publisher\":{\"@id\":\"https:\/\/kiaranaturals.com\/fr\/#organization\"},\"potentialAction\":[{\"@type\":\"SearchAction\",\"target\":{\"@type\":\"EntryPoint\",\"urlTemplate\":\"https:\/\/kiaranaturals.com\/fr\/?s={search_term_string}\"},\"query-input\":\"required name=search_term_string\"}],\"inLanguage\":\"fr-FR\"},{\"@type\":\"ImageObject\",\"inLanguage\":\"fr-FR\",\"@id\":\"https:\/\/kiaranaturals.com\/fr\/shop\/cbd-tinctures\/tintura-antipatogena-3x\/#primaryimage\",\"url\":\"https:\/\/kiaranaturals.com\/wp-content\/uploads\/sites\/14\/2023\/12\/Website_Kitpics_3xpacks_1400x14006.png\",\"contentUrl\":\"https:\/\/kiaranaturals.com\/wp-content\/uploads\/sites\/14\/2023\/12\/Website_Kitpics_3xpacks_1400x14006.png\",\"width\":1400,\"height\":1400},{\"@type\":\"WebPage\",\"@id\":\"https:\/\/kiaranaturals.com\/fr\/shop\/cbd-tinctures\/tintura-antipatogena-3x\/#webpage\",\"url\":\"https:\/\/kiaranaturals.com\/fr\/shop\/cbd-tinctures\/tintura-antipatogena-3x\/\",\"name\":\"Buy CBD Anti-Pathogen Tincture - Kiara Naturals\",\"isPartOf\":{\"@id\":\"https:\/\/kiaranaturals.com\/fr\/#website\"},\"primaryImageOfPage\":{\"@id\":\"https:\/\/kiaranaturals.com\/fr\/shop\/cbd-tinctures\/tintura-antipatogena-3x\/#primaryimage\"},\"datePublished\":\"2022-11-25T09:36:20+00:00\",\"dateModified\":\"2024-10-14T05:19:49+00:00\",\"breadcrumb\":{\"@id\":\"https:\/\/kiaranaturals.com\/fr\/shop\/cbd-tinctures\/tintura-antipatogena-3x\/#breadcrumb\"},\"inLanguage\":\"fr-FR\",\"potentialAction\":[{\"@type\":\"ReadAction\",\"target\":[\"https:\/\/kiaranaturals.com\/fr\/shop\/cbd-tinctures\/tintura-antipatogena-3x\/\"]}]},{\"@type\":\"BreadcrumbList\",\"@id\":\"https:\/\/kiaranaturals.com\/fr\/shop\/cbd-tinctures\/tintura-antipatogena-3x\/#breadcrumb\",\"itemListElement\":[{\"@type\":\"ListItem\",\"position\":1,\"name\":\"Home\",\"item\":\"https:\/\/kiaranaturals.com\/fr\/\"},{\"@type\":\"ListItem\",\"position\":2,\"name\":\"Achetez du CBD\",\"item\":\"https:\/\/kiaranaturals.com\/fr\/buy\/\"},{\"@type\":\"ListItem\",\"position\":3,\"name\":\"Teintures\",\"item\":\"https:\/\/kiaranaturals.com\/fr\/buy\/cbd-tinctures\/\"},{\"@type\":\"ListItem\",\"position\":4,\"name\":\"3 x Tintura antipat\u00f3gena\"}]}]}<\/script>\n<!-- \/ Yoast SEO plugin. -->","yoast_head_json":{"title":"Buy CBD Anti-Pathogen Tincture - Kiara Naturals","robots":{"index":"index","follow":"follow","max-snippet":"max-snippet:-1","max-image-preview":"max-image-preview:large","max-video-preview":"max-video-preview:-1"},"canonical":"https:\/\/kiaranaturals.com\/fr\/shop\/cbd-tinctures\/tintura-antipatogena-3x\/","og_locale":"fr_FR","og_type":"article","og_title":"Buy CBD Anti-Pathogen Tincture - Kiara Naturals","og_description":"Nuestra tintura antipat\u00f3gena est\u00e1 compuesta por siete plantas potentes, cada una de las cuales est\u00e1 cl\u00ednicamente probada para combatir pat\u00f3genos y aumentar las defensas de su cuerpo. \u00a1S\u00f3lo usarla cuando se encuentre enfermo!","og_url":"https:\/\/kiaranaturals.com\/fr\/shop\/cbd-tinctures\/tintura-antipatogena-3x\/","og_site_name":"Kiara Naturals - FR","article_modified_time":"2024-10-14T05:19:49+00:00","og_image":[{"width":1400,"height":1400,"url":"https:\/\/kiaranaturals.com\/wp-content\/uploads\/sites\/14\/2023\/12\/Website_Kitpics_3xpacks_1400x14006.png","type":"image\/png"}],"twitter_card":"summary_large_image","schema":{"@context":"https:\/\/schema.org","@graph":[{"@type":"Organization","@id":"https:\/\/kiaranaturals.com\/fr\/#organization","name":"Kiara Naturals","url":"https:\/\/kiaranaturals.com\/fr\/","sameAs":[],"logo":{"@type":"ImageObject","inLanguage":"fr-FR","@id":"https:\/\/kiaranaturals.com\/fr\/#\/schema\/logo\/image\/","url":"https:\/\/kiaranaturals.com\/fr\/wp-content\/uploads\/sites\/14\/2022\/05\/kiara-logo.png","contentUrl":"https:\/\/kiaranaturals.com\/fr\/wp-content\/uploads\/sites\/14\/2022\/05\/kiara-logo.png","width":1511,"height":418,"caption":"Kiara Naturals"},"image":{"@id":"https:\/\/kiaranaturals.com\/fr\/#\/schema\/logo\/image\/"}},{"@type":"WebSite","@id":"https:\/\/kiaranaturals.com\/fr\/#website","url":"https:\/\/kiaranaturals.com\/fr\/","name":"Kiara Naturals - FR","description":"Pr\u00e9parations de CBD de qualit\u00e9 pharmaceutique et traitements naturels cultiv\u00e9s, extraits et fabriqu\u00e9s au c\u0153ur des Alpes suisses","publisher":{"@id":"https:\/\/kiaranaturals.com\/fr\/#organization"},"potentialAction":[{"@type":"SearchAction","target":{"@type":"EntryPoint","urlTemplate":"https:\/\/kiaranaturals.com\/fr\/?s={search_term_string}"},"query-input":"required name=search_term_string"}],"inLanguage":"fr-FR"},{"@type":"ImageObject","inLanguage":"fr-FR","@id":"https:\/\/kiaranaturals.com\/fr\/shop\/cbd-tinctures\/tintura-antipatogena-3x\/#primaryimage","url":"https:\/\/kiaranaturals.com\/wp-content\/uploads\/sites\/14\/2023\/12\/Website_Kitpics_3xpacks_1400x14006.png","contentUrl":"https:\/\/kiaranaturals.com\/wp-content\/uploads\/sites\/14\/2023\/12\/Website_Kitpics_3xpacks_1400x14006.png","width":1400,"height":1400},{"@type":"WebPage","@id":"https:\/\/kiaranaturals.com\/fr\/shop\/cbd-tinctures\/tintura-antipatogena-3x\/#webpage","url":"https:\/\/kiaranaturals.com\/fr\/shop\/cbd-tinctures\/tintura-antipatogena-3x\/","name":"Buy CBD Anti-Pathogen Tincture - Kiara Naturals","isPartOf":{"@id":"https:\/\/kiaranaturals.com\/fr\/#website"},"primaryImageOfPage":{"@id":"https:\/\/kiaranaturals.com\/fr\/shop\/cbd-tinctures\/tintura-antipatogena-3x\/#primaryimage"},"datePublished":"2022-11-25T09:36:20+00:00","dateModified":"2024-10-14T05:19:49+00:00","breadcrumb":{"@id":"https:\/\/kiaranaturals.com\/fr\/shop\/cbd-tinctures\/tintura-antipatogena-3x\/#breadcrumb"},"inLanguage":"fr-FR","potentialAction":[{"@type":"ReadAction","target":["https:\/\/kiaranaturals.com\/fr\/shop\/cbd-tinctures\/tintura-antipatogena-3x\/"]}]},{"@type":"BreadcrumbList","@id":"https:\/\/kiaranaturals.com\/fr\/shop\/cbd-tinctures\/tintura-antipatogena-3x\/#breadcrumb","itemListElement":[{"@type":"ListItem","position":1,"name":"Home","item":"https:\/\/kiaranaturals.com\/fr\/"},{"@type":"ListItem","position":2,"name":"Achetez du CBD","item":"https:\/\/kiaranaturals.com\/fr\/buy\/"},{"@type":"ListItem","position":3,"name":"Teintures","item":"https:\/\/kiaranaturals.com\/fr\/buy\/cbd-tinctures\/"},{"@type":"ListItem","position":4,"name":"3 x Tintura antipat\u00f3gena"}]}]}},"_links":{"self":[{"href":"https:\/\/kiaranaturals.com\/fr\/wp-json\/wp\/v2\/product\/39503","targetHints":{"allow":["GET"]}}],"collection":[{"href":"https:\/\/kiaranaturals.com\/fr\/wp-json\/wp\/v2\/product"}],"about":[{"href":"https:\/\/kiaranaturals.com\/fr\/wp-json\/wp\/v2\/types\/product"}],"version-history":[{"count":0,"href":"https:\/\/kiaranaturals.com\/fr\/wp-json\/wp\/v2\/product\/39503\/revisions"}],"wp:featuredmedia":[{"embeddable":true,"href":"https:\/\/kiaranaturals.com\/fr\/wp-json\/wp\/v2\/media\/39498"}],"wp:attachment":[{"href":"https:\/\/kiaranaturals.com\/fr\/wp-json\/wp\/v2\/media?parent=39503"}],"wp:term":[{"taxonomy":"product_cat","embeddable":true,"href":"https:\/\/kiaranaturals.com\/fr\/wp-json\/wp\/v2\/product_cat?post=39503"},{"taxonomy":"product_tag","embeddable":true,"href":"https:\/\/kiaranaturals.com\/fr\/wp-json\/wp\/v2\/product_tag?post=39503"}],"curies":[{"name":"wp","href":"https:\/\/api.w.org\/{rel}","templated":true}]}}