{"id":1836,"date":"2022-01-24T12:38:27","date_gmt":"2022-01-24T12:38:27","guid":{"rendered":"https:\/\/kiaranaturals.com\/pro-de\/?page_id=1836"},"modified":"2022-01-25T11:36:56","modified_gmt":"2022-01-25T11:36:56","slug":"shipping","status":"publish","type":"page","link":"https:\/\/kiaranaturals.com\/pro-de\/pages\/shipping\/","title":{"rendered":"Versandinformationen"},"content":{"rendered":"<h3><strong>USA und Kanada<\/strong><\/h3>\n<p><span style=\"font-weight: 400;\">Kostenloser Versand bei allen Bestellungen! Die Lieferzeit betr\u00e4gt derzeit circa 7-16 Werktage. Es kann aber, aufgrund der aktuellen Pandemie, zu leichten Verz\u00f6gerungen kommen.<\/span><\/p>\n<p>&nbsp;<\/p>\n<h3><strong>Vereinigtes K\u00f6nigreich<\/strong><\/h3>\n<p><span style=\"font-weight: 400;\">Kostenloser Versand bei allen Bestellungen! Die Lieferung erfolgt innerhalb von 2-4 Werktagen. Es kann aber, aufgrund der aktuellen Pandemie, zu leichten Verz\u00f6gerungen kommen.<\/span><\/p>\n<p>&nbsp;<\/p>\n<h3><strong>Deutschland<\/strong><\/h3>\n<p><span style=\"font-weight: 400;\">Alle Bestellungen unterliegen dem kostenlosen DHL-Standardversand. Lieferzeit: 1-3 Werktage.<\/span><\/p>\n<p>&nbsp;<\/p>\n<h3><strong>\u00d6sterreich<\/strong><\/h3>\n<p><span style=\"font-weight: 400;\">Kostenloser Versand bei allen Bestellungen! Zustellung mit der \u00f6rtlichen Post. Lieferzeit: 2-6 Werktage.<\/span><\/p>\n<p>&nbsp;<\/p>\n<h3><strong>Spanien<\/strong><\/h3>\n<p><span style=\"font-weight: 400;\">Kostenloser Standardversand mit DHL ab jedem Einkauf \u00fcber 99 \u20ac. Die Lieferzeit betr\u00e4gt 4-10 Werktage. F\u00fcr Bestellungen unter \u20ac 99 wird eine Versandgeb\u00fchr von 5 \u20ac erhoben. Ihre Bestellung wird mit DHL Economy verschickt und von der \u00f6rtlichen Post zugestellt (4-10 Werktage).<\/span><\/p>\n<p>&nbsp;<\/p>\n<p><span style=\"font-weight: 400;\">DHL Express 1-3 Werktage Lieferzeit (Bestellungen, die vor 11 Uhr aufgegeben werden, werden noch am selben Tag versandt) &#8211; 25 \u20ac.<\/span><\/p>\n<p>&nbsp;<\/p>\n<h3><strong>Schweiz<\/strong><\/h3>\n<p><span style=\"font-weight: 400;\">Kostenloser Versand bei allen Bestellungen! Geliefert mit der Schweizerischen Post. Lieferzeit: 2-4 Werktage.<\/span><\/p>\n<p>&nbsp;<\/p>\n<h3><strong>Restliches Europa<\/strong><\/h3>\n<p><span style=\"font-weight: 400;\">Versand aus Deutschland mit der Deutschen Post, Zustellung im Zielland durch die lokale Post innerhalb von 4-10 Werktagen. Die Lieferkosten betragen \u20ac 6 oder kostenlos ab einem Warenwert von \u20ac 120.<\/span><\/p>\n<p>&nbsp;<\/p>\n<p><span style=\"font-weight: 400;\">Bitte beachten Sie, dass die folgenden EU-L\u00e4nder 7-15 Werktage f\u00fcr die Lieferung ben\u00f6tigen: Zypern, Griechenland, Malta, Lettland und Estland (es kann aufgrund der aktuellen Pandemie zu leichten Verz\u00f6gerungen f\u00fchren) &#8211; \u20ac 9 oder kostenlos \u00fcber \u20ac 120<\/span><\/p>\n<p>&nbsp;<\/p>\n<h3><strong>Rest der Welt<\/strong><\/h3>\n<p><span style=\"font-weight: 400;\">Internationaler Standardversand. Lieferzeit 7-15 Werktage, es kann aber aufgrund der aktuellen Pandemie zu leichten Verz\u00f6gerungen kommen \u2013die Lieferkosten betragen $15. Kostenloser Versand bei allen Bestellungen mit einem Warenwert \u00fcber $160.<\/span><\/p>\n<p>&nbsp;<\/p>\n<h3><strong>FAQ<\/strong><\/h3>\n<p>&nbsp;<\/p>\n<h4><strong>Wie lange dauert es von der Bestellung bis zum Versand?<\/strong><\/h4>\n<p>&nbsp;<\/p>\n<p><span style=\"font-weight: 400;\">Wenn Sie Ihre Bestellung vor 11:00 Uhr MEZ (Montag-Freitag) aufgeben haben, sollte sie noch am gleichen Tag versendet werden.<\/span><\/p>\n<p><span style=\"font-weight: 400;\">Bestellungen, die Freitags nach 11:00 Uhr MEZ aufgegeben werden, werden am Montag als erstes versendet.<\/span><\/p>\n<p>&nbsp;<\/p>\n<h4><strong>Ist die Verpackung diskret?<\/strong><\/h4>\n<p>&nbsp;<\/p>\n<p><span style=\"font-weight: 400;\">Unsere Pakete werden in einer kompostierbaren Versandtasche mit einem kleinen Aufkleber mit unserem Logo geliefert: Somit ist die Kennzeichnung gegeben. Es gibt KEINE Deklaration \u00fcber CBD auf der Versandtasche oder dem Paket.<\/span><\/p>\n<p>&nbsp;<\/p>\n<h4><strong>Was passiert, wenn ich mein Paket nicht erhalte oder ein Artikel bei der Lieferung besch\u00e4digt wird?<\/strong><\/h4>\n<p>&nbsp;<\/p>\n<p><span style=\"font-weight: 400;\">Zun\u00e4chst einmal: Verzeihen Sie uns bitte die entstandenen Umst\u00e4nde! Unser Team tut sein Bestes, um sicherzustellen, dass so etwas nicht passiert. Wenn Ihre Bestellung versp\u00e4tet oder besch\u00e4digt ankommt, wenden Sie sich einfach per E-Mail\/Live-Chat oder Telefon an unseren Kundendienst und wir schicken Ihnen die Ware kostenlos zur\u00fcck oder erstatten Ihnen den Kaufpreis.<\/span><\/p>\n<p>&nbsp;<\/p>\n<h4><strong>Was passiert, wenn mir das CBD nicht hilft?<\/strong><\/h4>\n<p>&nbsp;<\/p>\n<p><span style=\"font-weight: 400;\">Wir sind eine der wenigen Marken, die eine garantierte, 60-t\u00e4gige Geld-zur\u00fcck-Garantie anbieten. Wenn Sie also nicht zufrieden sind, wenden Sie sich einfach per E-Mail\/Live-Chat oder Telefon an unseren Kundendienst und wir erstatten Ihnen das Geld zur\u00fcck.<\/span><\/p>\n<p>&nbsp;<\/p>\n<h4><strong>Von wo aus liefert Kiara?<\/strong><\/h4>\n<p>&nbsp;<\/p>\n<p><span style=\"font-weight: 400;\">Nachdem unsere Produkte in unserer Schweizer Fabrik hergestellt wurden, werden unsere Waren an eines unserer 3 Versandzentren (Appenzell, Berlin und London) geschickt. Alle Bestellungen, die nach Deutschland, \u00d6sterreich oder in andere EU-L\u00e4nder gehen, werden von unserem Berliner Lager aus versendet. Alle Bestellungen, die in die Schweiz geliefert werden, werden von unserem Lager in Appenzell Ausserrhoden aus verschickt. Alle Sendungen in das Vereinigte K\u00f6nigreich werden von unserem Lager in London aus verschickt. L\u00e4nder, die hier nicht erw\u00e4hnt wurden, werden von unserem Berliner Lager aus versendet<\/span><\/p>\n<p>&nbsp;<\/p>\n<h4><strong>Wo werden die Produkte hergestellt?<\/strong><\/h4>\n<p>&nbsp;<\/p>\n<p><span style=\"font-weight: 400;\">Wir haben unseren Hauptsitz im Schweizer Appenzellerland, wo wir alles in kleinen Chargen selbst herstellen. Zudem sind wir eine der wenigen Marken in Europa, die komplett den GMP-Standards unterliegen.<\/span><\/p>\n","protected":false},"excerpt":{"rendered":"<p>USA und Kanada Kostenloser Versand bei allen Bestellungen! Die Lieferzeit betr\u00e4gt derzeit circa 7-16 Werktage. Es kann aber, aufgrund der aktuellen Pandemie, zu leichten Verz\u00f6gerungen kommen. &nbsp; Vereinigtes K\u00f6nigreich Kostenloser Versand bei allen Bestellungen! Die Lieferung erfolgt innerhalb von 2-4 Werktagen. Es kann aber, aufgrund der aktuellen Pandemie, zu leichten Verz\u00f6gerungen kommen. &nbsp; Deutschland Alle [&hellip;]<\/p>\n","protected":false},"author":2365,"featured_media":0,"parent":0,"menu_order":0,"comment_status":"closed","ping_status":"closed","template":"terms.php","meta":{"inline_featured_image":false,"footnotes":""},"class_list":["post-1836","page","type-page","status-publish","hentry"],"acf":[],"yoast_head":"<!-- This site is optimized with the Yoast SEO plugin v19.1 - https:\/\/yoast.com\/wordpress\/plugins\/seo\/ -->\n<title>Versandinformationen - Kiara Pro DE<\/title>\n<meta name=\"robots\" content=\"index, follow, max-snippet:-1, max-image-preview:large, max-video-preview:-1\" \/>\n<link rel=\"canonical\" href=\"https:\/\/kiaranaturals.com\/pro-de\/pages\/shipping\/\" \/>\n<meta property=\"og:locale\" content=\"de_DE\" \/>\n<meta property=\"og:type\" content=\"article\" \/>\n<meta property=\"og:title\" content=\"Versandinformationen - Kiara Pro DE\" \/>\n<meta property=\"og:description\" content=\"USA und Kanada Kostenloser Versand bei allen Bestellungen! Die Lieferzeit betr\u00e4gt derzeit circa 7-16 Werktage. Es kann aber, aufgrund der aktuellen Pandemie, zu leichten Verz\u00f6gerungen kommen. &nbsp; Vereinigtes K\u00f6nigreich Kostenloser Versand bei allen Bestellungen! Die Lieferung erfolgt innerhalb von 2-4 Werktagen. Es kann aber, aufgrund der aktuellen Pandemie, zu leichten Verz\u00f6gerungen kommen. &nbsp; Deutschland Alle [&hellip;]\" \/>\n<meta property=\"og:url\" content=\"https:\/\/kiaranaturals.com\/pro-de\/pages\/shipping\/\" \/>\n<meta property=\"og:site_name\" content=\"Kiara Pro DE\" \/>\n<meta property=\"article:modified_time\" content=\"2022-01-25T11:36:56+00:00\" \/>\n<meta name=\"twitter:card\" content=\"summary_large_image\" \/>\n<meta name=\"twitter:label1\" content=\"Gesch\u00e4tzte Lesezeit\" \/>\n\t<meta name=\"twitter:data1\" content=\"3 Minuten\" \/>\n<script type=\"application\/ld+json\" class=\"yoast-schema-graph\">{\"@context\":\"https:\/\/schema.org\",\"@graph\":[{\"@type\":\"WebSite\",\"@id\":\"https:\/\/kiaranaturals.com\/pro-de\/#website\",\"url\":\"https:\/\/kiaranaturals.com\/pro-de\/\",\"name\":\"Kiara Pro DE\",\"description\":\"\",\"potentialAction\":[{\"@type\":\"SearchAction\",\"target\":{\"@type\":\"EntryPoint\",\"urlTemplate\":\"https:\/\/kiaranaturals.com\/pro-de\/?s={search_term_string}\"},\"query-input\":\"required name=search_term_string\"}],\"inLanguage\":\"de-DE\"},{\"@type\":\"WebPage\",\"@id\":\"https:\/\/kiaranaturals.com\/pro-de\/pages\/shipping\/#webpage\",\"url\":\"https:\/\/kiaranaturals.com\/pro-de\/pages\/shipping\/\",\"name\":\"Versandinformationen - Kiara Pro DE\",\"isPartOf\":{\"@id\":\"https:\/\/kiaranaturals.com\/pro-de\/#website\"},\"datePublished\":\"2022-01-24T12:38:27+00:00\",\"dateModified\":\"2022-01-25T11:36:56+00:00\",\"breadcrumb\":{\"@id\":\"https:\/\/kiaranaturals.com\/pro-de\/pages\/shipping\/#breadcrumb\"},\"inLanguage\":\"de-DE\",\"potentialAction\":[{\"@type\":\"ReadAction\",\"target\":[\"https:\/\/kiaranaturals.com\/pro-de\/pages\/shipping\/\"]}]},{\"@type\":\"BreadcrumbList\",\"@id\":\"https:\/\/kiaranaturals.com\/pro-de\/pages\/shipping\/#breadcrumb\",\"itemListElement\":[{\"@type\":\"ListItem\",\"position\":1,\"name\":\"Home\",\"item\":\"https:\/\/kiaranaturals.com\/pro-de\/\"},{\"@type\":\"ListItem\",\"position\":2,\"name\":\"Versandinformationen\"}]}]}<\/script>\n<!-- \/ Yoast SEO plugin. -->","yoast_head_json":{"title":"Versandinformationen - Kiara Pro DE","robots":{"index":"index","follow":"follow","max-snippet":"max-snippet:-1","max-image-preview":"max-image-preview:large","max-video-preview":"max-video-preview:-1"},"canonical":"https:\/\/kiaranaturals.com\/pro-de\/pages\/shipping\/","og_locale":"de_DE","og_type":"article","og_title":"Versandinformationen - Kiara Pro DE","og_description":"USA und Kanada Kostenloser Versand bei allen Bestellungen! Die Lieferzeit betr\u00e4gt derzeit circa 7-16 Werktage. Es kann aber, aufgrund der aktuellen Pandemie, zu leichten Verz\u00f6gerungen kommen. &nbsp; Vereinigtes K\u00f6nigreich Kostenloser Versand bei allen Bestellungen! Die Lieferung erfolgt innerhalb von 2-4 Werktagen. Es kann aber, aufgrund der aktuellen Pandemie, zu leichten Verz\u00f6gerungen kommen. &nbsp; Deutschland Alle [&hellip;]","og_url":"https:\/\/kiaranaturals.com\/pro-de\/pages\/shipping\/","og_site_name":"Kiara Pro DE","article_modified_time":"2022-01-25T11:36:56+00:00","twitter_card":"summary_large_image","twitter_misc":{"Gesch\u00e4tzte Lesezeit":"3 Minuten"},"schema":{"@context":"https:\/\/schema.org","@graph":[{"@type":"WebSite","@id":"https:\/\/kiaranaturals.com\/pro-de\/#website","url":"https:\/\/kiaranaturals.com\/pro-de\/","name":"Kiara Pro DE","description":"","potentialAction":[{"@type":"SearchAction","target":{"@type":"EntryPoint","urlTemplate":"https:\/\/kiaranaturals.com\/pro-de\/?s={search_term_string}"},"query-input":"required name=search_term_string"}],"inLanguage":"de-DE"},{"@type":"WebPage","@id":"https:\/\/kiaranaturals.com\/pro-de\/pages\/shipping\/#webpage","url":"https:\/\/kiaranaturals.com\/pro-de\/pages\/shipping\/","name":"Versandinformationen - Kiara Pro DE","isPartOf":{"@id":"https:\/\/kiaranaturals.com\/pro-de\/#website"},"datePublished":"2022-01-24T12:38:27+00:00","dateModified":"2022-01-25T11:36:56+00:00","breadcrumb":{"@id":"https:\/\/kiaranaturals.com\/pro-de\/pages\/shipping\/#breadcrumb"},"inLanguage":"de-DE","potentialAction":[{"@type":"ReadAction","target":["https:\/\/kiaranaturals.com\/pro-de\/pages\/shipping\/"]}]},{"@type":"BreadcrumbList","@id":"https:\/\/kiaranaturals.com\/pro-de\/pages\/shipping\/#breadcrumb","itemListElement":[{"@type":"ListItem","position":1,"name":"Home","item":"https:\/\/kiaranaturals.com\/pro-de\/"},{"@type":"ListItem","position":2,"name":"Versandinformationen"}]}]}},"_links":{"self":[{"href":"https:\/\/kiaranaturals.com\/pro-de\/wp-json\/wp\/v2\/pages\/1836","targetHints":{"allow":["GET"]}}],"collection":[{"href":"https:\/\/kiaranaturals.com\/pro-de\/wp-json\/wp\/v2\/pages"}],"about":[{"href":"https:\/\/kiaranaturals.com\/pro-de\/wp-json\/wp\/v2\/types\/page"}],"author":[{"embeddable":true,"href":"https:\/\/kiaranaturals.com\/pro-de\/wp-json\/wp\/v2\/users\/2365"}],"replies":[{"embeddable":true,"href":"https:\/\/kiaranaturals.com\/pro-de\/wp-json\/wp\/v2\/comments?post=1836"}],"version-history":[{"count":0,"href":"https:\/\/kiaranaturals.com\/pro-de\/wp-json\/wp\/v2\/pages\/1836\/revisions"}],"wp:attachment":[{"href":"https:\/\/kiaranaturals.com\/pro-de\/wp-json\/wp\/v2\/media?parent=1836"}],"curies":[{"name":"wp","href":"https:\/\/api.w.org\/{rel}","templated":true}]}}