{"id":214,"date":"2020-10-10T07:35:35","date_gmt":"2020-10-10T07:35:35","guid":{"rendered":"http:\/\/localhost\/kiara\/?post_type=product&#038;p=214"},"modified":"2025-10-16T11:30:15","modified_gmt":"2025-10-16T11:30:15","slug":"cbd-vape-kit","status":"publish","type":"product","link":"https:\/\/kiaranaturals.com\/pro-de\/buy\/pain\/cbd-vape-kit\/","title":{"rendered":"CBD Vape Kit"},"excerpt":{"rendered":"<p>Unglaublich stark, unglaublich rein. Unser CO2-extrahiertes Vollspektrum-Destillat enth\u00e4lt 55% CBD &#8211; und ist 100% frei von jeglichen Zusatzstoffen. Das Kit kommt mit einem wiederbef\u00fcllbaren Vape-Pen mit Ladestation und einer vollen H\u00fclse unseres Destillats, die bereits in den Pen geladen ist.<\/p>\n","protected":false},"featured_media":215,"template":"","meta":{"inline_featured_image":false},"product_cat":[44,27,22,29,26],"product_tag":[49],"class_list":["post-214","product","type-product","status-publish","has-post-thumbnail","hentry","type-vaporizers","product_cat-cbd-vape","product_cat-cbd-for-recovery","product_cat-cbd-for-everyday-wellness","product_cat-cbd-for-sleep","product_cat-cbd-for-pain-relief","product_tag-cbd-oel"],"acf":[],"yoast_head":"<!-- This site is optimized with the Yoast SEO plugin v19.1 - https:\/\/yoast.com\/wordpress\/plugins\/seo\/ -->\n<title>CBD Vape Kit - Kiara Pro DE<\/title>\n<meta name=\"robots\" content=\"index, follow, max-snippet:-1, max-image-preview:large, max-video-preview:-1\" \/>\n<link rel=\"canonical\" href=\"https:\/\/kiaranaturals.com\/pro-de\/buy\/pain\/cbd-vape-kit\/\" \/>\n<meta property=\"og:locale\" content=\"de_DE\" \/>\n<meta property=\"og:type\" content=\"article\" \/>\n<meta property=\"og:title\" content=\"CBD Vape Kit - Kiara Pro DE\" \/>\n<meta property=\"og:description\" content=\"Unglaublich stark, unglaublich rein. Unser CO2-extrahiertes Vollspektrum-Destillat enth\u00e4lt 55% CBD - und ist 100% frei von jeglichen Zusatzstoffen. Das Kit kommt mit einem wiederbef\u00fcllbaren Vape-Pen mit Ladestation und einer vollen H\u00fclse unseres Destillats, die bereits in den Pen geladen ist.\" \/>\n<meta property=\"og:url\" content=\"https:\/\/kiaranaturals.com\/pro-de\/buy\/pain\/cbd-vape-kit\/\" \/>\n<meta property=\"og:site_name\" content=\"Kiara Pro DE\" \/>\n<meta property=\"article:modified_time\" content=\"2025-10-16T11:30:15+00:00\" \/>\n<meta property=\"og:image\" content=\"https:\/\/kiaranaturals.com\/wp-content\/uploads\/sites\/12\/2020\/10\/vape-new_2000x2000.png\" \/>\n\t<meta property=\"og:image:width\" content=\"1400\" \/>\n\t<meta property=\"og:image:height\" content=\"1400\" \/>\n\t<meta property=\"og:image:type\" content=\"image\/png\" \/>\n<meta name=\"twitter:card\" content=\"summary_large_image\" \/>\n<script type=\"application\/ld+json\" class=\"yoast-schema-graph\">{\"@context\":\"https:\/\/schema.org\",\"@graph\":[{\"@type\":\"WebSite\",\"@id\":\"https:\/\/kiaranaturals.com\/pro-de\/#website\",\"url\":\"https:\/\/kiaranaturals.com\/pro-de\/\",\"name\":\"Kiara Pro DE\",\"description\":\"\",\"potentialAction\":[{\"@type\":\"SearchAction\",\"target\":{\"@type\":\"EntryPoint\",\"urlTemplate\":\"https:\/\/kiaranaturals.com\/pro-de\/?s={search_term_string}\"},\"query-input\":\"required name=search_term_string\"}],\"inLanguage\":\"de-DE\"},{\"@type\":\"ImageObject\",\"inLanguage\":\"de-DE\",\"@id\":\"https:\/\/kiaranaturals.com\/pro-de\/buy\/pain\/cbd-vape-kit\/#primaryimage\",\"url\":\"https:\/\/kiaranaturals.com\/wp-content\/uploads\/sites\/12\/2020\/10\/vape-new_2000x2000.png\",\"contentUrl\":\"https:\/\/kiaranaturals.com\/wp-content\/uploads\/sites\/12\/2020\/10\/vape-new_2000x2000.png\",\"width\":1400,\"height\":1400},{\"@type\":\"WebPage\",\"@id\":\"https:\/\/kiaranaturals.com\/pro-de\/buy\/pain\/cbd-vape-kit\/#webpage\",\"url\":\"https:\/\/kiaranaturals.com\/pro-de\/buy\/pain\/cbd-vape-kit\/\",\"name\":\"CBD Vape Kit - Kiara Pro DE\",\"isPartOf\":{\"@id\":\"https:\/\/kiaranaturals.com\/pro-de\/#website\"},\"primaryImageOfPage\":{\"@id\":\"https:\/\/kiaranaturals.com\/pro-de\/buy\/pain\/cbd-vape-kit\/#primaryimage\"},\"datePublished\":\"2020-10-10T07:35:35+00:00\",\"dateModified\":\"2025-10-16T11:30:15+00:00\",\"breadcrumb\":{\"@id\":\"https:\/\/kiaranaturals.com\/pro-de\/buy\/pain\/cbd-vape-kit\/#breadcrumb\"},\"inLanguage\":\"de-DE\",\"potentialAction\":[{\"@type\":\"ReadAction\",\"target\":[\"https:\/\/kiaranaturals.com\/pro-de\/buy\/pain\/cbd-vape-kit\/\"]}]},{\"@type\":\"BreadcrumbList\",\"@id\":\"https:\/\/kiaranaturals.com\/pro-de\/buy\/pain\/cbd-vape-kit\/#breadcrumb\",\"itemListElement\":[{\"@type\":\"ListItem\",\"position\":1,\"name\":\"Home\",\"item\":\"https:\/\/kiaranaturals.com\/pro-de\/\"},{\"@type\":\"ListItem\",\"position\":2,\"name\":\"Shop\",\"item\":\"https:\/\/kiaranaturals.com\/pro-de\/buy\/\"},{\"@type\":\"ListItem\",\"position\":3,\"name\":\"CBD Vape Kit\"}]}]}<\/script>\n<!-- \/ Yoast SEO plugin. -->","yoast_head_json":{"title":"CBD Vape Kit - Kiara Pro DE","robots":{"index":"index","follow":"follow","max-snippet":"max-snippet:-1","max-image-preview":"max-image-preview:large","max-video-preview":"max-video-preview:-1"},"canonical":"https:\/\/kiaranaturals.com\/pro-de\/buy\/pain\/cbd-vape-kit\/","og_locale":"de_DE","og_type":"article","og_title":"CBD Vape Kit - Kiara Pro DE","og_description":"Unglaublich stark, unglaublich rein. Unser CO2-extrahiertes Vollspektrum-Destillat enth\u00e4lt 55% CBD - und ist 100% frei von jeglichen Zusatzstoffen. Das Kit kommt mit einem wiederbef\u00fcllbaren Vape-Pen mit Ladestation und einer vollen H\u00fclse unseres Destillats, die bereits in den Pen geladen ist.","og_url":"https:\/\/kiaranaturals.com\/pro-de\/buy\/pain\/cbd-vape-kit\/","og_site_name":"Kiara Pro DE","article_modified_time":"2025-10-16T11:30:15+00:00","og_image":[{"width":1400,"height":1400,"url":"https:\/\/kiaranaturals.com\/wp-content\/uploads\/sites\/12\/2020\/10\/vape-new_2000x2000.png","type":"image\/png"}],"twitter_card":"summary_large_image","schema":{"@context":"https:\/\/schema.org","@graph":[{"@type":"WebSite","@id":"https:\/\/kiaranaturals.com\/pro-de\/#website","url":"https:\/\/kiaranaturals.com\/pro-de\/","name":"Kiara Pro DE","description":"","potentialAction":[{"@type":"SearchAction","target":{"@type":"EntryPoint","urlTemplate":"https:\/\/kiaranaturals.com\/pro-de\/?s={search_term_string}"},"query-input":"required name=search_term_string"}],"inLanguage":"de-DE"},{"@type":"ImageObject","inLanguage":"de-DE","@id":"https:\/\/kiaranaturals.com\/pro-de\/buy\/pain\/cbd-vape-kit\/#primaryimage","url":"https:\/\/kiaranaturals.com\/wp-content\/uploads\/sites\/12\/2020\/10\/vape-new_2000x2000.png","contentUrl":"https:\/\/kiaranaturals.com\/wp-content\/uploads\/sites\/12\/2020\/10\/vape-new_2000x2000.png","width":1400,"height":1400},{"@type":"WebPage","@id":"https:\/\/kiaranaturals.com\/pro-de\/buy\/pain\/cbd-vape-kit\/#webpage","url":"https:\/\/kiaranaturals.com\/pro-de\/buy\/pain\/cbd-vape-kit\/","name":"CBD Vape Kit - Kiara Pro DE","isPartOf":{"@id":"https:\/\/kiaranaturals.com\/pro-de\/#website"},"primaryImageOfPage":{"@id":"https:\/\/kiaranaturals.com\/pro-de\/buy\/pain\/cbd-vape-kit\/#primaryimage"},"datePublished":"2020-10-10T07:35:35+00:00","dateModified":"2025-10-16T11:30:15+00:00","breadcrumb":{"@id":"https:\/\/kiaranaturals.com\/pro-de\/buy\/pain\/cbd-vape-kit\/#breadcrumb"},"inLanguage":"de-DE","potentialAction":[{"@type":"ReadAction","target":["https:\/\/kiaranaturals.com\/pro-de\/buy\/pain\/cbd-vape-kit\/"]}]},{"@type":"BreadcrumbList","@id":"https:\/\/kiaranaturals.com\/pro-de\/buy\/pain\/cbd-vape-kit\/#breadcrumb","itemListElement":[{"@type":"ListItem","position":1,"name":"Home","item":"https:\/\/kiaranaturals.com\/pro-de\/"},{"@type":"ListItem","position":2,"name":"Shop","item":"https:\/\/kiaranaturals.com\/pro-de\/buy\/"},{"@type":"ListItem","position":3,"name":"CBD Vape Kit"}]}]}},"_links":{"self":[{"href":"https:\/\/kiaranaturals.com\/pro-de\/wp-json\/wp\/v2\/product\/214","targetHints":{"allow":["GET"]}}],"collection":[{"href":"https:\/\/kiaranaturals.com\/pro-de\/wp-json\/wp\/v2\/product"}],"about":[{"href":"https:\/\/kiaranaturals.com\/pro-de\/wp-json\/wp\/v2\/types\/product"}],"wp:featuredmedia":[{"embeddable":true,"href":"https:\/\/kiaranaturals.com\/pro-de\/wp-json\/wp\/v2\/media\/215"}],"wp:attachment":[{"href":"https:\/\/kiaranaturals.com\/pro-de\/wp-json\/wp\/v2\/media?parent=214"}],"wp:term":[{"taxonomy":"product_cat","embeddable":true,"href":"https:\/\/kiaranaturals.com\/pro-de\/wp-json\/wp\/v2\/product_cat?post=214"},{"taxonomy":"product_tag","embeddable":true,"href":"https:\/\/kiaranaturals.com\/pro-de\/wp-json\/wp\/v2\/product_tag?post=214"}],"curies":[{"name":"wp","href":"https:\/\/api.w.org\/{rel}","templated":true}]}}