{"id":226,"date":"2020-10-10T07:55:47","date_gmt":"2020-10-10T07:55:47","guid":{"rendered":"http:\/\/localhost\/kiara\/?post_type=product&#038;p=226"},"modified":"2024-11-07T10:52:23","modified_gmt":"2024-11-07T10:52:23","slug":"winter-care-tincture","status":"publish","type":"product","link":"https:\/\/kiaranaturals.com\/pro-de\/buy\/recover\/winter-care-tincture\/","title":{"rendered":"Winter Care-Tinktur"},"excerpt":{"rendered":"<p>Unsere Winter Care-Tinktur besteht aus sechs, Krankheitserreger-bek\u00e4mpfenden Pflanzen, welche nachweislich die Abwehrkr\u00e4fte Ihres K\u00f6rpers st\u00e4rken. Wichtig: Nur bei Krankheitsanzeichen verwenden.<\/p>\n","protected":false},"featured_media":1605,"template":"","meta":{"inline_featured_image":false},"product_cat":[27],"product_tag":[83,75,79,53,84,85,86],"class_list":["post-226","product","type-product","status-publish","has-post-thumbnail","hentry","type-tinkturen","product_cat-cbd-for-recovery","product_tag-baptisia-tinctoria","product_tag-echinacea-angustifolia","product_tag-glycerrhiza-glabra","product_tag-ingwer-zingiber-officinalis","product_tag-propolis-harz","product_tag-sambucus-nigra","product_tag-thymus-vulgaris"],"acf":[],"yoast_head":"<!-- This site is optimized with the Yoast SEO plugin v19.1 - https:\/\/yoast.com\/wordpress\/plugins\/seo\/ -->\n<title>Winter Care-Tinktur - Kiara Pro DE<\/title>\n<meta name=\"robots\" content=\"index, follow, max-snippet:-1, max-image-preview:large, max-video-preview:-1\" \/>\n<link rel=\"canonical\" href=\"https:\/\/kiaranaturals.com\/pro-de\/buy\/recover\/winter-care-tincture\/\" \/>\n<meta property=\"og:locale\" content=\"de_DE\" \/>\n<meta property=\"og:type\" content=\"article\" \/>\n<meta property=\"og:title\" content=\"Winter Care-Tinktur - Kiara Pro DE\" \/>\n<meta property=\"og:description\" content=\"Unsere Winter Care-Tinktur besteht aus sechs, Krankheitserreger-bek\u00e4mpfenden Pflanzen, welche nachweislich die Abwehrkr\u00e4fte Ihres K\u00f6rpers st\u00e4rken. Wichtig: Nur bei Krankheitsanzeichen verwenden.\" \/>\n<meta property=\"og:url\" content=\"https:\/\/kiaranaturals.com\/pro-de\/buy\/recover\/winter-care-tincture\/\" \/>\n<meta property=\"og:site_name\" content=\"Kiara Pro DE\" \/>\n<meta property=\"article:modified_time\" content=\"2024-11-07T10:52:23+00:00\" \/>\n<meta property=\"og:image\" content=\"https:\/\/kiaranaturals.com\/wp-content\/uploads\/sites\/12\/2020\/10\/WINTER-CARE-TINCTURE-main.png\" \/>\n\t<meta property=\"og:image:width\" content=\"1400\" \/>\n\t<meta property=\"og:image:height\" content=\"1400\" \/>\n\t<meta property=\"og:image:type\" content=\"image\/png\" \/>\n<meta name=\"twitter:card\" content=\"summary_large_image\" \/>\n<script type=\"application\/ld+json\" class=\"yoast-schema-graph\">{\"@context\":\"https:\/\/schema.org\",\"@graph\":[{\"@type\":\"WebSite\",\"@id\":\"https:\/\/kiaranaturals.com\/pro-de\/#website\",\"url\":\"https:\/\/kiaranaturals.com\/pro-de\/\",\"name\":\"Kiara Pro DE\",\"description\":\"\",\"potentialAction\":[{\"@type\":\"SearchAction\",\"target\":{\"@type\":\"EntryPoint\",\"urlTemplate\":\"https:\/\/kiaranaturals.com\/pro-de\/?s={search_term_string}\"},\"query-input\":\"required name=search_term_string\"}],\"inLanguage\":\"de-DE\"},{\"@type\":\"ImageObject\",\"inLanguage\":\"de-DE\",\"@id\":\"https:\/\/kiaranaturals.com\/pro-de\/buy\/recover\/winter-care-tincture\/#primaryimage\",\"url\":\"https:\/\/kiaranaturals.com\/wp-content\/uploads\/sites\/12\/2020\/10\/WINTER-CARE-TINCTURE-main.png\",\"contentUrl\":\"https:\/\/kiaranaturals.com\/wp-content\/uploads\/sites\/12\/2020\/10\/WINTER-CARE-TINCTURE-main.png\",\"width\":1400,\"height\":1400},{\"@type\":\"WebPage\",\"@id\":\"https:\/\/kiaranaturals.com\/pro-de\/buy\/recover\/winter-care-tincture\/#webpage\",\"url\":\"https:\/\/kiaranaturals.com\/pro-de\/buy\/recover\/winter-care-tincture\/\",\"name\":\"Winter Care-Tinktur - Kiara Pro DE\",\"isPartOf\":{\"@id\":\"https:\/\/kiaranaturals.com\/pro-de\/#website\"},\"primaryImageOfPage\":{\"@id\":\"https:\/\/kiaranaturals.com\/pro-de\/buy\/recover\/winter-care-tincture\/#primaryimage\"},\"datePublished\":\"2020-10-10T07:55:47+00:00\",\"dateModified\":\"2024-11-07T10:52:23+00:00\",\"breadcrumb\":{\"@id\":\"https:\/\/kiaranaturals.com\/pro-de\/buy\/recover\/winter-care-tincture\/#breadcrumb\"},\"inLanguage\":\"de-DE\",\"potentialAction\":[{\"@type\":\"ReadAction\",\"target\":[\"https:\/\/kiaranaturals.com\/pro-de\/buy\/recover\/winter-care-tincture\/\"]}]},{\"@type\":\"BreadcrumbList\",\"@id\":\"https:\/\/kiaranaturals.com\/pro-de\/buy\/recover\/winter-care-tincture\/#breadcrumb\",\"itemListElement\":[{\"@type\":\"ListItem\",\"position\":1,\"name\":\"Home\",\"item\":\"https:\/\/kiaranaturals.com\/pro-de\/\"},{\"@type\":\"ListItem\",\"position\":2,\"name\":\"Shop\",\"item\":\"https:\/\/kiaranaturals.com\/pro-de\/buy\/\"},{\"@type\":\"ListItem\",\"position\":3,\"name\":\"Winter Care-Tinktur\"}]}]}<\/script>\n<!-- \/ Yoast SEO plugin. -->","yoast_head_json":{"title":"Winter Care-Tinktur - Kiara Pro DE","robots":{"index":"index","follow":"follow","max-snippet":"max-snippet:-1","max-image-preview":"max-image-preview:large","max-video-preview":"max-video-preview:-1"},"canonical":"https:\/\/kiaranaturals.com\/pro-de\/buy\/recover\/winter-care-tincture\/","og_locale":"de_DE","og_type":"article","og_title":"Winter Care-Tinktur - Kiara Pro DE","og_description":"Unsere Winter Care-Tinktur besteht aus sechs, Krankheitserreger-bek\u00e4mpfenden Pflanzen, welche nachweislich die Abwehrkr\u00e4fte Ihres K\u00f6rpers st\u00e4rken. Wichtig: Nur bei Krankheitsanzeichen verwenden.","og_url":"https:\/\/kiaranaturals.com\/pro-de\/buy\/recover\/winter-care-tincture\/","og_site_name":"Kiara Pro DE","article_modified_time":"2024-11-07T10:52:23+00:00","og_image":[{"width":1400,"height":1400,"url":"https:\/\/kiaranaturals.com\/wp-content\/uploads\/sites\/12\/2020\/10\/WINTER-CARE-TINCTURE-main.png","type":"image\/png"}],"twitter_card":"summary_large_image","schema":{"@context":"https:\/\/schema.org","@graph":[{"@type":"WebSite","@id":"https:\/\/kiaranaturals.com\/pro-de\/#website","url":"https:\/\/kiaranaturals.com\/pro-de\/","name":"Kiara Pro DE","description":"","potentialAction":[{"@type":"SearchAction","target":{"@type":"EntryPoint","urlTemplate":"https:\/\/kiaranaturals.com\/pro-de\/?s={search_term_string}"},"query-input":"required name=search_term_string"}],"inLanguage":"de-DE"},{"@type":"ImageObject","inLanguage":"de-DE","@id":"https:\/\/kiaranaturals.com\/pro-de\/buy\/recover\/winter-care-tincture\/#primaryimage","url":"https:\/\/kiaranaturals.com\/wp-content\/uploads\/sites\/12\/2020\/10\/WINTER-CARE-TINCTURE-main.png","contentUrl":"https:\/\/kiaranaturals.com\/wp-content\/uploads\/sites\/12\/2020\/10\/WINTER-CARE-TINCTURE-main.png","width":1400,"height":1400},{"@type":"WebPage","@id":"https:\/\/kiaranaturals.com\/pro-de\/buy\/recover\/winter-care-tincture\/#webpage","url":"https:\/\/kiaranaturals.com\/pro-de\/buy\/recover\/winter-care-tincture\/","name":"Winter Care-Tinktur - Kiara Pro DE","isPartOf":{"@id":"https:\/\/kiaranaturals.com\/pro-de\/#website"},"primaryImageOfPage":{"@id":"https:\/\/kiaranaturals.com\/pro-de\/buy\/recover\/winter-care-tincture\/#primaryimage"},"datePublished":"2020-10-10T07:55:47+00:00","dateModified":"2024-11-07T10:52:23+00:00","breadcrumb":{"@id":"https:\/\/kiaranaturals.com\/pro-de\/buy\/recover\/winter-care-tincture\/#breadcrumb"},"inLanguage":"de-DE","potentialAction":[{"@type":"ReadAction","target":["https:\/\/kiaranaturals.com\/pro-de\/buy\/recover\/winter-care-tincture\/"]}]},{"@type":"BreadcrumbList","@id":"https:\/\/kiaranaturals.com\/pro-de\/buy\/recover\/winter-care-tincture\/#breadcrumb","itemListElement":[{"@type":"ListItem","position":1,"name":"Home","item":"https:\/\/kiaranaturals.com\/pro-de\/"},{"@type":"ListItem","position":2,"name":"Shop","item":"https:\/\/kiaranaturals.com\/pro-de\/buy\/"},{"@type":"ListItem","position":3,"name":"Winter Care-Tinktur"}]}]}},"_links":{"self":[{"href":"https:\/\/kiaranaturals.com\/pro-de\/wp-json\/wp\/v2\/product\/226","targetHints":{"allow":["GET"]}}],"collection":[{"href":"https:\/\/kiaranaturals.com\/pro-de\/wp-json\/wp\/v2\/product"}],"about":[{"href":"https:\/\/kiaranaturals.com\/pro-de\/wp-json\/wp\/v2\/types\/product"}],"wp:featuredmedia":[{"embeddable":true,"href":"https:\/\/kiaranaturals.com\/pro-de\/wp-json\/wp\/v2\/media\/1605"}],"wp:attachment":[{"href":"https:\/\/kiaranaturals.com\/pro-de\/wp-json\/wp\/v2\/media?parent=226"}],"wp:term":[{"taxonomy":"product_cat","embeddable":true,"href":"https:\/\/kiaranaturals.com\/pro-de\/wp-json\/wp\/v2\/product_cat?post=226"},{"taxonomy":"product_tag","embeddable":true,"href":"https:\/\/kiaranaturals.com\/pro-de\/wp-json\/wp\/v2\/product_tag?post=226"}],"curies":[{"name":"wp","href":"https:\/\/api.w.org\/{rel}","templated":true}]}}