{"id":823,"date":"2021-06-30T07:59:52","date_gmt":"2021-06-30T07:59:52","guid":{"rendered":"http:\/\/localhost\/kiara\/?post_type=product&#038;p=823"},"modified":"2026-02-24T10:21:12","modified_gmt":"2026-02-24T10:21:12","slug":"pure-cbd-oil-pro-de","status":"publish","type":"product","link":"https:\/\/kiaranaturals.com\/pro-de\/buy\/cbd-oils\/pure-cbd-oil-pro-de\/","title":{"rendered":"Reines CBD \u00d6l"},"excerpt":{"rendered":"<p>Reines CBD, THC frei. Unser reines CBD-\u00d6l von pharmazeutischer Qualit\u00e4t enth\u00e4lt die h\u00f6chste Konzentration an geschmacklosem, geruchlosem und isoliertem CBD \u2013 und die minimale Menge an F\u00fcll\u00f6l.<\/p>\n","protected":false},"featured_media":1588,"template":"","meta":{"inline_featured_image":false},"product_cat":[40,27,28,22,29,26,20],"product_tag":[49,48],"class_list":["post-823","product","type-product","status-publish","has-post-thumbnail","hentry","type-ole","product_cat-cbd-ole","product_cat-cbd-for-recovery","product_cat-cbd-for-skin-care","product_cat-cbd-for-everyday-wellness","product_cat-cbd-for-sleep","product_cat-cbd-for-pain-relief","product_cat-cbd-for-anxiety","product_tag-cbd-oel","product_tag-mct-oel"],"acf":[],"yoast_head":"<!-- This site is optimized with the Yoast SEO plugin v19.1 - https:\/\/yoast.com\/wordpress\/plugins\/seo\/ -->\n<title>Reines CBD \u00d6l - Kiara Pro DE<\/title>\n<meta name=\"robots\" content=\"index, follow, max-snippet:-1, max-image-preview:large, max-video-preview:-1\" \/>\n<link rel=\"canonical\" href=\"https:\/\/kiaranaturals.com\/pro-de\/buy\/cbd-oils\/pure-cbd-oil-pro-de\/\" \/>\n<meta property=\"og:locale\" content=\"de_DE\" \/>\n<meta property=\"og:type\" content=\"article\" \/>\n<meta property=\"og:title\" content=\"Reines CBD \u00d6l - Kiara Pro DE\" \/>\n<meta property=\"og:description\" content=\"Reines CBD, THC frei. Unser reines CBD-\u00d6l von pharmazeutischer Qualit\u00e4t enth\u00e4lt die h\u00f6chste Konzentration an geschmacklosem, geruchlosem und isoliertem CBD \u2013 und die minimale Menge an F\u00fcll\u00f6l.\" \/>\n<meta property=\"og:url\" content=\"https:\/\/kiaranaturals.com\/pro-de\/buy\/cbd-oils\/pure-cbd-oil-pro-de\/\" \/>\n<meta property=\"og:site_name\" content=\"Kiara Pro DE\" \/>\n<meta property=\"article:modified_time\" content=\"2026-02-24T10:21:12+00:00\" \/>\n<meta property=\"og:image\" content=\"https:\/\/kiaranaturals.com\/wp-content\/uploads\/sites\/12\/2020\/10\/Pure-CBD-Oil-1000-main.png\" \/>\n\t<meta property=\"og:image:width\" content=\"1400\" \/>\n\t<meta property=\"og:image:height\" content=\"1400\" \/>\n\t<meta property=\"og:image:type\" content=\"image\/png\" \/>\n<meta name=\"twitter:card\" content=\"summary_large_image\" \/>\n<script type=\"application\/ld+json\" class=\"yoast-schema-graph\">{\"@context\":\"https:\/\/schema.org\",\"@graph\":[{\"@type\":\"WebSite\",\"@id\":\"https:\/\/kiaranaturals.com\/pro-de\/#website\",\"url\":\"https:\/\/kiaranaturals.com\/pro-de\/\",\"name\":\"Kiara Pro DE\",\"description\":\"\",\"potentialAction\":[{\"@type\":\"SearchAction\",\"target\":{\"@type\":\"EntryPoint\",\"urlTemplate\":\"https:\/\/kiaranaturals.com\/pro-de\/?s={search_term_string}\"},\"query-input\":\"required name=search_term_string\"}],\"inLanguage\":\"de-DE\"},{\"@type\":\"ImageObject\",\"inLanguage\":\"de-DE\",\"@id\":\"https:\/\/kiaranaturals.com\/pro-de\/buy\/cbd-oils\/pure-cbd-oil-pro-de\/#primaryimage\",\"url\":\"https:\/\/kiaranaturals.com\/wp-content\/uploads\/sites\/12\/2020\/10\/Pure-CBD-Oil-1000-main.png\",\"contentUrl\":\"https:\/\/kiaranaturals.com\/wp-content\/uploads\/sites\/12\/2020\/10\/Pure-CBD-Oil-1000-main.png\",\"width\":1400,\"height\":1400},{\"@type\":\"WebPage\",\"@id\":\"https:\/\/kiaranaturals.com\/pro-de\/buy\/cbd-oils\/pure-cbd-oil-pro-de\/#webpage\",\"url\":\"https:\/\/kiaranaturals.com\/pro-de\/buy\/cbd-oils\/pure-cbd-oil-pro-de\/\",\"name\":\"Reines CBD \u00d6l - Kiara Pro DE\",\"isPartOf\":{\"@id\":\"https:\/\/kiaranaturals.com\/pro-de\/#website\"},\"primaryImageOfPage\":{\"@id\":\"https:\/\/kiaranaturals.com\/pro-de\/buy\/cbd-oils\/pure-cbd-oil-pro-de\/#primaryimage\"},\"datePublished\":\"2021-06-30T07:59:52+00:00\",\"dateModified\":\"2026-02-24T10:21:12+00:00\",\"breadcrumb\":{\"@id\":\"https:\/\/kiaranaturals.com\/pro-de\/buy\/cbd-oils\/pure-cbd-oil-pro-de\/#breadcrumb\"},\"inLanguage\":\"de-DE\",\"potentialAction\":[{\"@type\":\"ReadAction\",\"target\":[\"https:\/\/kiaranaturals.com\/pro-de\/buy\/cbd-oils\/pure-cbd-oil-pro-de\/\"]}]},{\"@type\":\"BreadcrumbList\",\"@id\":\"https:\/\/kiaranaturals.com\/pro-de\/buy\/cbd-oils\/pure-cbd-oil-pro-de\/#breadcrumb\",\"itemListElement\":[{\"@type\":\"ListItem\",\"position\":1,\"name\":\"Home\",\"item\":\"https:\/\/kiaranaturals.com\/pro-de\/\"},{\"@type\":\"ListItem\",\"position\":2,\"name\":\"Shop\",\"item\":\"https:\/\/kiaranaturals.com\/pro-de\/buy\/\"},{\"@type\":\"ListItem\",\"position\":3,\"name\":\"Reines CBD \u00d6l\"}]}]}<\/script>\n<!-- \/ Yoast SEO plugin. -->","yoast_head_json":{"title":"Reines CBD \u00d6l - Kiara Pro DE","robots":{"index":"index","follow":"follow","max-snippet":"max-snippet:-1","max-image-preview":"max-image-preview:large","max-video-preview":"max-video-preview:-1"},"canonical":"https:\/\/kiaranaturals.com\/pro-de\/buy\/cbd-oils\/pure-cbd-oil-pro-de\/","og_locale":"de_DE","og_type":"article","og_title":"Reines CBD \u00d6l - Kiara Pro DE","og_description":"Reines CBD, THC frei. Unser reines CBD-\u00d6l von pharmazeutischer Qualit\u00e4t enth\u00e4lt die h\u00f6chste Konzentration an geschmacklosem, geruchlosem und isoliertem CBD \u2013 und die minimale Menge an F\u00fcll\u00f6l.","og_url":"https:\/\/kiaranaturals.com\/pro-de\/buy\/cbd-oils\/pure-cbd-oil-pro-de\/","og_site_name":"Kiara Pro DE","article_modified_time":"2026-02-24T10:21:12+00:00","og_image":[{"width":1400,"height":1400,"url":"https:\/\/kiaranaturals.com\/wp-content\/uploads\/sites\/12\/2020\/10\/Pure-CBD-Oil-1000-main.png","type":"image\/png"}],"twitter_card":"summary_large_image","schema":{"@context":"https:\/\/schema.org","@graph":[{"@type":"WebSite","@id":"https:\/\/kiaranaturals.com\/pro-de\/#website","url":"https:\/\/kiaranaturals.com\/pro-de\/","name":"Kiara Pro DE","description":"","potentialAction":[{"@type":"SearchAction","target":{"@type":"EntryPoint","urlTemplate":"https:\/\/kiaranaturals.com\/pro-de\/?s={search_term_string}"},"query-input":"required name=search_term_string"}],"inLanguage":"de-DE"},{"@type":"ImageObject","inLanguage":"de-DE","@id":"https:\/\/kiaranaturals.com\/pro-de\/buy\/cbd-oils\/pure-cbd-oil-pro-de\/#primaryimage","url":"https:\/\/kiaranaturals.com\/wp-content\/uploads\/sites\/12\/2020\/10\/Pure-CBD-Oil-1000-main.png","contentUrl":"https:\/\/kiaranaturals.com\/wp-content\/uploads\/sites\/12\/2020\/10\/Pure-CBD-Oil-1000-main.png","width":1400,"height":1400},{"@type":"WebPage","@id":"https:\/\/kiaranaturals.com\/pro-de\/buy\/cbd-oils\/pure-cbd-oil-pro-de\/#webpage","url":"https:\/\/kiaranaturals.com\/pro-de\/buy\/cbd-oils\/pure-cbd-oil-pro-de\/","name":"Reines CBD \u00d6l - Kiara Pro DE","isPartOf":{"@id":"https:\/\/kiaranaturals.com\/pro-de\/#website"},"primaryImageOfPage":{"@id":"https:\/\/kiaranaturals.com\/pro-de\/buy\/cbd-oils\/pure-cbd-oil-pro-de\/#primaryimage"},"datePublished":"2021-06-30T07:59:52+00:00","dateModified":"2026-02-24T10:21:12+00:00","breadcrumb":{"@id":"https:\/\/kiaranaturals.com\/pro-de\/buy\/cbd-oils\/pure-cbd-oil-pro-de\/#breadcrumb"},"inLanguage":"de-DE","potentialAction":[{"@type":"ReadAction","target":["https:\/\/kiaranaturals.com\/pro-de\/buy\/cbd-oils\/pure-cbd-oil-pro-de\/"]}]},{"@type":"BreadcrumbList","@id":"https:\/\/kiaranaturals.com\/pro-de\/buy\/cbd-oils\/pure-cbd-oil-pro-de\/#breadcrumb","itemListElement":[{"@type":"ListItem","position":1,"name":"Home","item":"https:\/\/kiaranaturals.com\/pro-de\/"},{"@type":"ListItem","position":2,"name":"Shop","item":"https:\/\/kiaranaturals.com\/pro-de\/buy\/"},{"@type":"ListItem","position":3,"name":"Reines CBD \u00d6l"}]}]}},"_links":{"self":[{"href":"https:\/\/kiaranaturals.com\/pro-de\/wp-json\/wp\/v2\/product\/823","targetHints":{"allow":["GET"]}}],"collection":[{"href":"https:\/\/kiaranaturals.com\/pro-de\/wp-json\/wp\/v2\/product"}],"about":[{"href":"https:\/\/kiaranaturals.com\/pro-de\/wp-json\/wp\/v2\/types\/product"}],"wp:featuredmedia":[{"embeddable":true,"href":"https:\/\/kiaranaturals.com\/pro-de\/wp-json\/wp\/v2\/media\/1588"}],"wp:attachment":[{"href":"https:\/\/kiaranaturals.com\/pro-de\/wp-json\/wp\/v2\/media?parent=823"}],"wp:term":[{"taxonomy":"product_cat","embeddable":true,"href":"https:\/\/kiaranaturals.com\/pro-de\/wp-json\/wp\/v2\/product_cat?post=823"},{"taxonomy":"product_tag","embeddable":true,"href":"https:\/\/kiaranaturals.com\/pro-de\/wp-json\/wp\/v2\/product_tag?post=823"}],"curies":[{"name":"wp","href":"https:\/\/api.w.org\/{rel}","templated":true}]}}